{"id":20789,"date":"2020-12-26T17:58:15","date_gmt":"2020-12-26T22:58:15","guid":{"rendered":"https:\/\/hortis.co\/product\/avignon\/"},"modified":"2023-03-03T21:33:17","modified_gmt":"2023-03-04T02:33:17","slug":"avignon","status":"publish","type":"product","link":"https:\/\/hortis.co\/fr\/produit\/avignon\/","title":{"rendered":"Avignon"},"content":{"rendered":"<div class=\"col-lg-3 col-md-3 col-sm-3 col-xs-3 visible-lg visible-md visible-sm\">\n<p>&nbsp;<\/p>\n<\/div>\n<div class=\"col-lg-3 col-md-3 col-sm-3 col-xs-3 nopaddinghorizontal visible-lg visible-md visible-sm\">\n<p><span class=\"item-data\"><strong>Application<\/strong><\/span><\/p>\n<ul class=\"\">\n<li>Trottoire<\/li>\n<li>Stationnment<\/li>\n<li>Patio &amp; Terrace<\/li>\n<li>Jardin<\/li>\n<li>Contour de Piscine<\/li>\n<\/ul>\n<\/div>\n","protected":false},"excerpt":{"rendered":"<p>Vendu a l&rsquo;unit\u00e9<\/p>\n<p>La bordure Avignon multifonctionnelle est id\u00e9ale pour les pelouses, les parterres de paillis et les pav\u00e9s autobloquants. L\u2019int\u00e9grit\u00e9 structurelle de la bordure Avignon, issue de son poids, de sa largeur et de son syst\u00e8me d&rsquo;attaches int\u00e9gr\u00e9es, combin\u00e9e \u00e0 l&rsquo;attrait esth\u00e9tique de ses c\u00f4t\u00e9s en ardoise et de sa surface d&rsquo;aspect rocheux, en fait l\u2019un des syst\u00e8mes de bordures les plus complets de l&rsquo;industrie. Avignon fait partie de la collection die cast<\/p>\n<p><span class=\"item-data\"><strong>Application<\/strong><\/span><\/p>\n<ul class=\"\">\n<li>Trottoire<\/li>\n<li>Stationnment<\/li>\n<li>Patio &amp; Terrace<\/li>\n<li>Jardin<\/li>\n<li>Contour de Piscine<\/li>\n<\/ul>\n<p>Longeur: 12 inches<br \/>\nLargeur: 4.5 inches<br \/>\nEpaisseur: 7 inches<\/p>\n","protected":false},"featured_media":20136,"template":"","meta":{"site-sidebar-layout":"default","site-content-layout":"default","ast-site-content-layout":"default","site-content-style":"default","site-sidebar-style":"default","ast-global-header-display":"","ast-banner-title-visibility":"","ast-main-header-display":"","ast-hfb-above-header-display":"","ast-hfb-below-header-display":"","ast-hfb-mobile-header-display":"","site-post-title":"","ast-breadcrumbs-content":"","ast-featured-img":"","footer-sml-layout":"","ast-disable-related-posts":"","theme-transparent-header-meta":"default","adv-header-id-meta":"","stick-header-meta":"default","header-above-stick-meta":"","header-main-stick-meta":"","header-below-stick-meta":"","astra-migrate-meta-layouts":"default","ast-page-background-enabled":"default","ast-page-background-meta":{"desktop":{"background-color":"","background-image":"","background-repeat":"repeat","background-position":"center center","background-size":"auto","background-attachment":"scroll","background-type":"","background-media":"","overlay-type":"","overlay-color":"","overlay-opacity":"","overlay-gradient":""},"tablet":{"background-color":"","background-image":"","background-repeat":"repeat","background-position":"center center","background-size":"auto","background-attachment":"scroll","background-type":"","background-media":"","overlay-type":"","overlay-color":"","overlay-opacity":"","overlay-gradient":""},"mobile":{"background-color":"","background-image":"","background-repeat":"repeat","background-position":"center center","background-size":"auto","background-attachment":"scroll","background-type":"","background-media":"","overlay-type":"","overlay-color":"","overlay-opacity":"","overlay-gradient":""}},"ast-content-background-meta":{"desktop":{"background-color":"var(--ast-global-color-5)","background-image":"","background-repeat":"repeat","background-position":"center center","background-size":"auto","background-attachment":"scroll","background-type":"","background-media":"","overlay-type":"","overlay-color":"","overlay-opacity":"","overlay-gradient":""},"tablet":{"background-color":"var(--ast-global-color-5)","background-image":"","background-repeat":"repeat","background-position":"center center","background-size":"auto","background-attachment":"scroll","background-type":"","background-media":"","overlay-type":"","overlay-color":"","overlay-opacity":"","overlay-gradient":""},"mobile":{"background-color":"var(--ast-global-color-5)","background-image":"","background-repeat":"repeat","background-position":"center center","background-size":"auto","background-attachment":"scroll","background-type":"","background-media":"","overlay-type":"","overlay-color":"","overlay-opacity":"","overlay-gradient":""}}},"product_brand":[],"product_cat":[326],"product_tag":[],"class_list":{"0":"post-20789","1":"product","2":"type-product","3":"status-publish","4":"has-post-thumbnail","6":"product_cat-bordures","7":"desktop-align-left","8":"tablet-align-left","9":"mobile-align-left","10":"ast-product-gallery-layout-horizontal-slider","11":"ast-product-gallery-with-no-image","12":"ast-product-single-variable","13":"ast-product-tabs-layout-horizontal","15":"first","16":"instock","17":"taxable","18":"shipping-taxable","19":"purchasable","20":"product-type-variable"},"_links":{"self":[{"href":"https:\/\/hortis.co\/fr\/wp-json\/wp\/v2\/product\/20789","targetHints":{"allow":["GET"]}}],"collection":[{"href":"https:\/\/hortis.co\/fr\/wp-json\/wp\/v2\/product"}],"about":[{"href":"https:\/\/hortis.co\/fr\/wp-json\/wp\/v2\/types\/product"}],"wp:featuredmedia":[{"embeddable":true,"href":"https:\/\/hortis.co\/fr\/wp-json\/wp\/v2\/media\/20136"}],"wp:attachment":[{"href":"https:\/\/hortis.co\/fr\/wp-json\/wp\/v2\/media?parent=20789"}],"wp:term":[{"taxonomy":"product_brand","embeddable":true,"href":"https:\/\/hortis.co\/fr\/wp-json\/wp\/v2\/product_brand?post=20789"},{"taxonomy":"product_cat","embeddable":true,"href":"https:\/\/hortis.co\/fr\/wp-json\/wp\/v2\/product_cat?post=20789"},{"taxonomy":"product_tag","embeddable":true,"href":"https:\/\/hortis.co\/fr\/wp-json\/wp\/v2\/product_tag?post=20789"}],"curies":[{"name":"wp","href":"https:\/\/api.w.org\/{rel}","templated":true}]}}