{"id":20837,"date":"2022-11-29T21:25:51","date_gmt":"2022-11-30T02:25:51","guid":{"rendered":"https:\/\/hortis.co\/product\/easy-click-base\/"},"modified":"2022-11-29T21:25:51","modified_gmt":"2022-11-30T02:25:51","slug":"easy-click-base-en","status":"publish","type":"product","link":"https:\/\/hortis.co\/fr\/produit\/easy-click-base-en\/","title":{"rendered":"Easy Click Base"},"content":{"rendered":"","protected":false},"excerpt":{"rendered":"<h2><\/h2>\n<h2>Vendu au pi ca<\/h2>\n<h2><strong>Vue d&rsquo;ensemble<\/strong><\/h2>\n<p>EASYClickBase est un syst\u00e8me de sous-couche synth\u00e9tique r\u00e9volutionnaire.<\/p>\n<h3>Il permet d&rsquo;\u00e9conomiser :<\/h3>\n<p>Elle r\u00e9duit le temps, la main-d&rsquo;\u0153uvre et les co\u00fbts. Avec moins d&rsquo;excavation, moins d&rsquo;\u00e9limination des d\u00e9chets, moins d&rsquo;agr\u00e9gats, moins de temps et de co\u00fbts.<\/p>\n<h3>C&rsquo;est fort :<\/h3>\n<p>Le nouveau et innovant EASYClickBase offre une nouvelle fa\u00e7on de poser une sous-couche pour des patios, des chemins et des stationnement.<\/p>\n<h3>C&rsquo;est Facile:<\/h3>\n<p>Ce syst\u00e8me d&#8217;embo\u00eetement l\u00e9ger et simple est facile \u00e0 transporter et id\u00e9al pour les zones \u00e0 acc\u00e8s restreint.<\/p>\n<p>Immens\u00e9ment solide, Extr\u00eamement l\u00e9ger, Incroyablement polyvalent, Hautement portable.<\/p>\n<p><em>EASYClickBase<\/em> peut \u00eatre utilis\u00e9 avec n&rsquo;importe quelle profondeur r\u00e9glement\u00e9e de rev\u00eatement de surface, y compris le b\u00e9ton, la pierre naturelle et les produits en porcelaine.<\/p>\n<p>Gr\u00e2ce \u00e0 sa conception unique et \u00e0 sa solidit\u00e9, il convient \u00e0 pratiquement toutes les applications.<\/p>\n<h3><strong>Applications commerciales<\/strong><\/h3>\n<ul>\n<li>Stationnement Idustrielles<\/li>\n<li>Centres commerciaux<\/li>\n<li>Hall d&rsquo;entr\u00e9e pour pi\u00e9tons<\/li>\n<\/ul>\n<h3><strong>Applications r\u00e9sidentielles<\/strong><\/h3>\n<ul>\n<li>Trotoires, patios et stationnement<\/li>\n<li>Balcon<\/li>\n<li>Jardin de toitures<\/li>\n<li>Cours<\/li>\n<li>contours de piscines<\/li>\n<li>Espaces confin\u00e9s<\/li>\n<li>Acc\u00e8s restreint<\/li>\n<li>Jardins de villes<\/li>\n<\/ul>\n<h3>Emballage<\/h3>\n<ul>\n<li>200 morceaux \/ Pallette<\/li>\n<li>542 pi ca \/ Pallette<\/li>\n<\/ul>\n<p>&nbsp;<\/p>\n<h2><strong>Caract\u00e9ristiques et avantages<\/strong><\/h2>\n<ul>\n<li>Construction ABS extr\u00eamement r\u00e9sistante.<\/li>\n<li>Le syst\u00e8me unique de clics verrouille solidement chaque tuile et amplifie la r\u00e9partition du poids sur plusieurs tuiles.<\/li>\n<li>La pose se fait selon le principe du \u00ab\u00a0brick bond\u00a0\u00bb pour une stabilit\u00e9 et une r\u00e9sistance maximales.<\/li>\n<li>Se coupe facilement avec une scie manuelle ou circulaire.<\/li>\n<li>Utilisez des demi-carreaux pour former des bords droits (pas de d\u00e9chets).<\/li>\n<li>La plupart des types de pav\u00e9s peuvent \u00eatre pos\u00e9s ou coll\u00e9s directement sur <i>EASYClickBase<\/i>.<\/li>\n<li>Le pavage peut \u00eatre fix\u00e9 en place gr\u00e2ce au syst\u00e8me <i>EASYEdging<\/i>. Disponible dans une vari\u00e9t\u00e9 de tailles pour s&rsquo;adapter \u00e0 la plupart des styles de pavage, dont certains peuvent \u00eatre pli\u00e9s \u00e0 90\u00b0.<\/li>\n<\/ul>\n<h2><strong>Stationnement et applications plus lourdes<\/strong><\/h2>\n<p>Un bord li\u00e9 sera n\u00e9cessaire pour emp\u00eacher la migration de la sous-fondation.<\/p>\n<p><i>EASYClickBase <\/i>supprime la n\u00e9cessit\u00e9 de remplacer des tonnes de terre par des tonnes de granulats, ce qui permet de gagner du temps et de l&rsquo;argent.<\/p>\n<h2>Grandeur:<\/h2>\n<div class=\"\">19.75\u201d x 19.75\u201d (sans les languettes de connection)<\/div>\n<div class=\"\">20.75\u201d x 20.75\u201d (avec les languettes de connection)<\/div>\n<div class=\"\">3\/4\u201d Epaiseurs<\/div>\n<div class=\"\">200 morceaux \/ Pallette<\/div>\n<div><\/div>\n<div>\n<h2>Processus d&rsquo;installation g\u00e9n\u00e9ral :<\/h2>\n<p><strong>Excavation 4\u201d (min.):<\/strong><\/p>\n<p><strong>Compacter le sous- sol | Poser une toile non tiss\u00e9e | 1&Prime; de poussiere de pierre compact\u00e9e | 1&Prime; EASYClickBase (motif de liaison de brique) | Profondeur de la pierre<\/strong><\/p>\n<ul>\n<li>Nous sugg\u00e9rons de remplir les cavit\u00e9s sup\u00e9rieures des morceaux <em>EASYClickBase<\/em> avec du sable comme renfort pour aider \u00e0 r\u00e9partir la charge, et pour limiter le sable polym\u00e8re utilis\u00e9.<\/li>\n<li>Recouvrement \/ <strong>Extension des pi\u00e8ces 6&Prime; au-del\u00e0 des pav\u00e9s<\/strong> <\/li>\n<li>Installer les panneaux selon un motif de briques <strong>perpendiculaire au sens de la circulation.<\/strong><\/li>\n<li>Remplissez les zones sous <em>EASYClickBase <\/em>avec des agr\u00e9gats au fur et \u00e0 mesure de l&rsquo;installation jusqu&rsquo;\u00e0 ce que les pi\u00e8ces soient parfaitement de niveau et solides.<\/li>\n<li>Pour les installations plus lourdes, comme les bains tourbillons, il faut pr\u00e9voir une profondeur d&rsquo;excavation suppl\u00e9mentaire de 1 \u00e0 2 pouces.<\/li>\n<li>Le sous-sol peut \u00e9galement \u00eatre pris en compte pour les excavations plus profondes, comme l&rsquo;argile.<\/li>\n<li>Prise en compte de la pente \/ du ruissellement dans l&rsquo;excavation<\/li>\n<li>Si l&rsquo;installation se fait dans une zone mur\u00e9e, laissez d\u00e9passer <em>EASYClicBase <\/em>de 1&Prime; pour une expansion potentielle.<\/li>\n<li>Commencez au moins une section difficile de l&rsquo;installation contre la fondation<\/li>\n<li>Ne pas trop creuser<\/li>\n<li>Comprendre votre sol pour un bon compactage \/ excavation<\/li>\n<li>Nous vous conseillons d&rsquo;utiliser notre dispositif de retenue des pav\u00e9s <strong>Snap Edge<\/strong> et le sable polym\u00e8re <strong>PolySweep<\/strong> pour fixer les pav\u00e9s.<\/li>\n<\/ul>\n<\/div>\n","protected":false},"featured_media":20696,"template":"","meta":{"site-sidebar-layout":"default","site-content-layout":"default","ast-site-content-layout":"default","site-content-style":"default","site-sidebar-style":"default","ast-global-header-display":"","ast-banner-title-visibility":"","ast-main-header-display":"","ast-hfb-above-header-display":"","ast-hfb-below-header-display":"","ast-hfb-mobile-header-display":"","site-post-title":"","ast-breadcrumbs-content":"","ast-featured-img":"","footer-sml-layout":"","ast-disable-related-posts":"","theme-transparent-header-meta":"default","adv-header-id-meta":"","stick-header-meta":"default","header-above-stick-meta":"","header-main-stick-meta":"","header-below-stick-meta":"","astra-migrate-meta-layouts":"default","ast-page-background-enabled":"default","ast-page-background-meta":{"desktop":{"background-color":"","background-image":"","background-repeat":"repeat","background-position":"center center","background-size":"auto","background-attachment":"scroll","background-type":"","background-media":"","overlay-type":"","overlay-color":"","overlay-opacity":"","overlay-gradient":""},"tablet":{"background-color":"","background-image":"","background-repeat":"repeat","background-position":"center center","background-size":"auto","background-attachment":"scroll","background-type":"","background-media":"","overlay-type":"","overlay-color":"","overlay-opacity":"","overlay-gradient":""},"mobile":{"background-color":"","background-image":"","background-repeat":"repeat","background-position":"center center","background-size":"auto","background-attachment":"scroll","background-type":"","background-media":"","overlay-type":"","overlay-color":"","overlay-opacity":"","overlay-gradient":""}},"ast-content-background-meta":{"desktop":{"background-color":"var(--ast-global-color-5)","background-image":"","background-repeat":"repeat","background-position":"center center","background-size":"auto","background-attachment":"scroll","background-type":"","background-media":"","overlay-type":"","overlay-color":"","overlay-opacity":"","overlay-gradient":""},"tablet":{"background-color":"var(--ast-global-color-5)","background-image":"","background-repeat":"repeat","background-position":"center center","background-size":"auto","background-attachment":"scroll","background-type":"","background-media":"","overlay-type":"","overlay-color":"","overlay-opacity":"","overlay-gradient":""},"mobile":{"background-color":"var(--ast-global-color-5)","background-image":"","background-repeat":"repeat","background-position":"center center","background-size":"auto","background-attachment":"scroll","background-type":"","background-media":"","overlay-type":"","overlay-color":"","overlay-opacity":"","overlay-gradient":""}}},"product_brand":[],"product_cat":[403,520],"product_tag":[],"class_list":{"0":"post-20837","1":"product","2":"type-product","3":"status-publish","4":"has-post-thumbnail","6":"product_cat-accessoires","7":"product_cat-clothes","8":"desktop-align-left","9":"tablet-align-left","10":"mobile-align-left","11":"ast-product-gallery-layout-horizontal-slider","12":"ast-product-gallery-with-no-image","13":"ast-product-tabs-layout-horizontal","15":"first","16":"instock","17":"taxable","18":"shipping-taxable","19":"purchasable","20":"product-type-simple"},"_links":{"self":[{"href":"https:\/\/hortis.co\/fr\/wp-json\/wp\/v2\/product\/20837","targetHints":{"allow":["GET"]}}],"collection":[{"href":"https:\/\/hortis.co\/fr\/wp-json\/wp\/v2\/product"}],"about":[{"href":"https:\/\/hortis.co\/fr\/wp-json\/wp\/v2\/types\/product"}],"wp:featuredmedia":[{"embeddable":true,"href":"https:\/\/hortis.co\/fr\/wp-json\/wp\/v2\/media\/20696"}],"wp:attachment":[{"href":"https:\/\/hortis.co\/fr\/wp-json\/wp\/v2\/media?parent=20837"}],"wp:term":[{"taxonomy":"product_brand","embeddable":true,"href":"https:\/\/hortis.co\/fr\/wp-json\/wp\/v2\/product_brand?post=20837"},{"taxonomy":"product_cat","embeddable":true,"href":"https:\/\/hortis.co\/fr\/wp-json\/wp\/v2\/product_cat?post=20837"},{"taxonomy":"product_tag","embeddable":true,"href":"https:\/\/hortis.co\/fr\/wp-json\/wp\/v2\/product_tag?post=20837"}],"curies":[{"name":"wp","href":"https:\/\/api.w.org\/{rel}","templated":true}]}}