{"id":20848,"date":"2020-12-26T17:58:15","date_gmt":"2020-12-26T22:58:15","guid":{"rendered":"https:\/\/hortis.co\/product\/pietra\/"},"modified":"2020-12-26T17:58:15","modified_gmt":"2020-12-26T22:58:15","slug":"pietra","status":"publish","type":"product","link":"https:\/\/hortis.co\/fr\/produit\/pietra\/","title":{"rendered":"Pietra"},"content":{"rendered":"","protected":false},"excerpt":{"rendered":"<p>Vendu au pi ca<\/p>\n<p>Donnez \u00e0 votre am\u00e9nagement paysager un attrait distinctif. L\u00e9g\u00e8rement plus raffin\u00e9e que Belgik, la bordure de jardin et de pelouse Pietra ressemble \u00e0 une pierre de granite textur\u00e9e. La vari\u00e9t\u00e9 des longueurs contribue \u00e0 accentuer son apparence naturelle. Id\u00e9ale comme bordure d&rsquo;espaces de stationnement, d&rsquo;all\u00e9es et de plates-bandes et pour d&rsquo;autres types de bordures de paysagement.<\/p>\n<p><span class=\"item-data\"><strong>Application<\/strong><\/span><\/p>\n<ul class=\"\">\n<li>Trottoire<\/li>\n<li>Stationnment<\/li>\n<li>Patio &amp; Terrace<\/li>\n<li>Jardin<\/li>\n<li>Contour de Piscine<\/li>\n<\/ul>\n<p>Grandeur 1<\/p>\n<p>Longeur: 8 pouces et 7\/8<br \/>\nLargeur: 4.5 inches<br \/>\nLargeur: 3 pouces et 1\/8<\/p>\n<p>Grandeur 2<\/p>\n<p>Longeur: 11 pouces et 13\/16<br \/>\nLargeur: 4.5 inches<br \/>\nLargeur: 3 pouces et 1\/8<\/p>\n<p>Grandeur 3<\/p>\n<p>Longeur: 16 pouces et 3\/4<br \/>\nLargeur: 4.5 inches<br \/>\nLargeur: 3 pouces et 1\/8<\/p>\n","protected":false},"featured_media":20139,"template":"","meta":{"site-sidebar-layout":"default","site-content-layout":"","ast-site-content-layout":"default","site-content-style":"default","site-sidebar-style":"default","ast-global-header-display":"","ast-banner-title-visibility":"","ast-main-header-display":"","ast-hfb-above-header-display":"","ast-hfb-below-header-display":"","ast-hfb-mobile-header-display":"","site-post-title":"","ast-breadcrumbs-content":"","ast-featured-img":"","footer-sml-layout":"","ast-disable-related-posts":"","theme-transparent-header-meta":"","adv-header-id-meta":"","stick-header-meta":"","header-above-stick-meta":"","header-main-stick-meta":"","header-below-stick-meta":"","astra-migrate-meta-layouts":"default","ast-page-background-enabled":"default","ast-page-background-meta":{"desktop":{"background-color":"","background-image":"","background-repeat":"repeat","background-position":"center center","background-size":"auto","background-attachment":"scroll","background-type":"","background-media":"","overlay-type":"","overlay-color":"","overlay-opacity":"","overlay-gradient":""},"tablet":{"background-color":"","background-image":"","background-repeat":"repeat","background-position":"center center","background-size":"auto","background-attachment":"scroll","background-type":"","background-media":"","overlay-type":"","overlay-color":"","overlay-opacity":"","overlay-gradient":""},"mobile":{"background-color":"","background-image":"","background-repeat":"repeat","background-position":"center center","background-size":"auto","background-attachment":"scroll","background-type":"","background-media":"","overlay-type":"","overlay-color":"","overlay-opacity":"","overlay-gradient":""}},"ast-content-background-meta":{"desktop":{"background-color":"var(--ast-global-color-5)","background-image":"","background-repeat":"repeat","background-position":"center center","background-size":"auto","background-attachment":"scroll","background-type":"","background-media":"","overlay-type":"","overlay-color":"","overlay-opacity":"","overlay-gradient":""},"tablet":{"background-color":"var(--ast-global-color-5)","background-image":"","background-repeat":"repeat","background-position":"center center","background-size":"auto","background-attachment":"scroll","background-type":"","background-media":"","overlay-type":"","overlay-color":"","overlay-opacity":"","overlay-gradient":""},"mobile":{"background-color":"var(--ast-global-color-5)","background-image":"","background-repeat":"repeat","background-position":"center center","background-size":"auto","background-attachment":"scroll","background-type":"","background-media":"","overlay-type":"","overlay-color":"","overlay-opacity":"","overlay-gradient":""}}},"product_brand":[],"product_cat":[326],"product_tag":[],"class_list":{"0":"post-20848","1":"product","2":"type-product","3":"status-publish","4":"has-post-thumbnail","6":"product_cat-bordures","7":"desktop-align-left","8":"tablet-align-left","9":"mobile-align-left","10":"ast-product-gallery-layout-horizontal-slider","11":"ast-product-single-variable","12":"ast-product-tabs-layout-horizontal","14":"first","15":"instock","16":"taxable","17":"shipping-taxable","18":"purchasable","19":"product-type-variable"},"_links":{"self":[{"href":"https:\/\/hortis.co\/fr\/wp-json\/wp\/v2\/product\/20848","targetHints":{"allow":["GET"]}}],"collection":[{"href":"https:\/\/hortis.co\/fr\/wp-json\/wp\/v2\/product"}],"about":[{"href":"https:\/\/hortis.co\/fr\/wp-json\/wp\/v2\/types\/product"}],"wp:featuredmedia":[{"embeddable":true,"href":"https:\/\/hortis.co\/fr\/wp-json\/wp\/v2\/media\/20139"}],"wp:attachment":[{"href":"https:\/\/hortis.co\/fr\/wp-json\/wp\/v2\/media?parent=20848"}],"wp:term":[{"taxonomy":"product_brand","embeddable":true,"href":"https:\/\/hortis.co\/fr\/wp-json\/wp\/v2\/product_brand?post=20848"},{"taxonomy":"product_cat","embeddable":true,"href":"https:\/\/hortis.co\/fr\/wp-json\/wp\/v2\/product_cat?post=20848"},{"taxonomy":"product_tag","embeddable":true,"href":"https:\/\/hortis.co\/fr\/wp-json\/wp\/v2\/product_tag?post=20848"}],"curies":[{"name":"wp","href":"https:\/\/api.w.org\/{rel}","templated":true}]}}