{"id":20873,"date":"2020-12-26T22:57:57","date_gmt":"2020-12-27T03:57:57","guid":{"rendered":"https:\/\/hortis.co\/product\/aberdeen-20-x-10-20-x-20\/"},"modified":"2023-03-19T21:08:03","modified_gmt":"2023-03-20T01:08:03","slug":"aberdeen-3","status":"publish","type":"product","link":"https:\/\/hortis.co\/fr\/produit\/aberdeen-3\/","title":{"rendered":"Aberdeen"},"content":{"rendered":"","protected":false},"excerpt":{"rendered":"<h5 data-testid=\"product-page-tab-description-description-text\">Vendu au pi ca<\/h5>\n<h2 class=\"roc-pdp-sections__title\" data-testid=\"product-page-tab-description-description-text\">Description<\/h2>\n<div data-testid=\"product-page-tab-description-description-value\">\n<p>Jouez le tout pour le tout avec la dalle Aberdeen. Massives et luxueuses, les dimensions vari\u00e9es de cette dalle sont emball\u00e9es s\u00e9par\u00e9ment pour une flexibilit\u00e9 totale dans la conception de votre arri\u00e8re-cour. Polyvalente dans son style d&rsquo;am\u00e9nagement, la dalle Aberdeen peut avoir l&rsquo;air traditionnelle en l&rsquo;installant selon des motifs modulaires, int\u00e9grant toutes ses dimensions. Vous pouvez \u00e9galement obtenir un aspect moderne en l&rsquo;installant selon des motifs lin\u00e9aires, uniquement avec les dalles de 20\u00d730 ou 30\u00d710 ind\u00e9pendamment. Finalement, si les tendances fantaisistes sont ce qui vous parle, il est possible de r\u00e9aliser une pose en damier avec les unit\u00e9s 30\u00d730. Pour un aspect de pierre bleue naturelle, choisissez ce pav\u00e9 dans la couleur Azzurro. Transformer vos r\u00eaves d\u2019am\u00e9nagement paysager en r\u00e9alit\u00e9 est facile gr\u00e2ce \u00e0 l&rsquo;audacieux Aberdeen! Utilisez ce pav\u00e9 pour vos conceptions de bords de piscine, d&rsquo;all\u00e9es ou de patios. Aberdeen fait partie de la collection Wet Cast, convient \u00e0 la circulation pi\u00e9tonni\u00e8re et est dot\u00e9 de notre toute derni\u00e8re technologie Klean-Bloc pour une protection accrue contre l\u2019usure quotidienne.<\/p>\n<p><a href=\"https:\/\/youtu.be\/6IcVlYSXcto\">Klean Bloc Technology<\/a><\/p>\n<div class=\"roc-pdp-description\">\n<div class=\"roc-pdp-description__wrapper\">\n<h3 class=\"roc-pdp-description__title\">Style<\/h3>\n<ul class=\"roc-pdp-description__list\">\n<li class=\"roc-pdp-description__item\">Moderne<\/li>\n<li class=\"roc-pdp-description__item\">Traditionel<\/li>\n<\/ul>\n<\/div>\n<div class=\"roc-pdp-description__wrapper\">\n<h3 class=\"roc-pdp-description__title\">Application<\/h3>\n<ul class=\"roc-pdp-description__list\">\n<li class=\"roc-pdp-description__item\">Trotoire<\/li>\n<li class=\"roc-pdp-description__item\">Patio et terrasse<\/li>\n<li class=\"roc-pdp-description__item\">Jardin<\/li>\n<li class=\"roc-pdp-description__item\">Terrasse de la piscine<\/li>\n<\/ul>\n<\/div>\n<\/div>\n<\/div>\n","protected":false},"featured_media":20867,"template":"","meta":{"site-sidebar-layout":"default","site-content-layout":"default","ast-site-content-layout":"default","site-content-style":"default","site-sidebar-style":"default","ast-global-header-display":"","ast-banner-title-visibility":"","ast-main-header-display":"","ast-hfb-above-header-display":"","ast-hfb-below-header-display":"","ast-hfb-mobile-header-display":"","site-post-title":"","ast-breadcrumbs-content":"","ast-featured-img":"","footer-sml-layout":"","ast-disable-related-posts":"","theme-transparent-header-meta":"default","adv-header-id-meta":"","stick-header-meta":"default","header-above-stick-meta":"","header-main-stick-meta":"","header-below-stick-meta":"","astra-migrate-meta-layouts":"default","ast-page-background-enabled":"default","ast-page-background-meta":{"desktop":{"background-color":"","background-image":"","background-repeat":"repeat","background-position":"center center","background-size":"auto","background-attachment":"scroll","background-type":"","background-media":"","overlay-type":"","overlay-color":"","overlay-opacity":"","overlay-gradient":""},"tablet":{"background-color":"","background-image":"","background-repeat":"repeat","background-position":"center center","background-size":"auto","background-attachment":"scroll","background-type":"","background-media":"","overlay-type":"","overlay-color":"","overlay-opacity":"","overlay-gradient":""},"mobile":{"background-color":"","background-image":"","background-repeat":"repeat","background-position":"center center","background-size":"auto","background-attachment":"scroll","background-type":"","background-media":"","overlay-type":"","overlay-color":"","overlay-opacity":"","overlay-gradient":""}},"ast-content-background-meta":{"desktop":{"background-color":"var(--ast-global-color-5)","background-image":"","background-repeat":"repeat","background-position":"center center","background-size":"auto","background-attachment":"scroll","background-type":"","background-media":"","overlay-type":"","overlay-color":"","overlay-opacity":"","overlay-gradient":""},"tablet":{"background-color":"var(--ast-global-color-5)","background-image":"","background-repeat":"repeat","background-position":"center center","background-size":"auto","background-attachment":"scroll","background-type":"","background-media":"","overlay-type":"","overlay-color":"","overlay-opacity":"","overlay-gradient":""},"mobile":{"background-color":"var(--ast-global-color-5)","background-image":"","background-repeat":"repeat","background-position":"center center","background-size":"auto","background-attachment":"scroll","background-type":"","background-media":"","overlay-type":"","overlay-color":"","overlay-opacity":"","overlay-gradient":""}}},"product_brand":[],"product_cat":[335],"product_tag":[],"class_list":{"0":"post-20873","1":"product","2":"type-product","3":"status-publish","4":"has-post-thumbnail","6":"product_cat-dalles","7":"product_shipping_class-pave-uni","8":"desktop-align-left","9":"tablet-align-left","10":"mobile-align-left","11":"ast-product-gallery-layout-horizontal-slider","12":"ast-product-single-variable","13":"ast-product-tabs-layout-horizontal","15":"first","16":"instock","17":"taxable","18":"shipping-taxable","19":"purchasable","20":"product-type-variable"},"_links":{"self":[{"href":"https:\/\/hortis.co\/fr\/wp-json\/wp\/v2\/product\/20873","targetHints":{"allow":["GET"]}}],"collection":[{"href":"https:\/\/hortis.co\/fr\/wp-json\/wp\/v2\/product"}],"about":[{"href":"https:\/\/hortis.co\/fr\/wp-json\/wp\/v2\/types\/product"}],"wp:featuredmedia":[{"embeddable":true,"href":"https:\/\/hortis.co\/fr\/wp-json\/wp\/v2\/media\/20867"}],"wp:attachment":[{"href":"https:\/\/hortis.co\/fr\/wp-json\/wp\/v2\/media?parent=20873"}],"wp:term":[{"taxonomy":"product_brand","embeddable":true,"href":"https:\/\/hortis.co\/fr\/wp-json\/wp\/v2\/product_brand?post=20873"},{"taxonomy":"product_cat","embeddable":true,"href":"https:\/\/hortis.co\/fr\/wp-json\/wp\/v2\/product_cat?post=20873"},{"taxonomy":"product_tag","embeddable":true,"href":"https:\/\/hortis.co\/fr\/wp-json\/wp\/v2\/product_tag?post=20873"}],"curies":[{"name":"wp","href":"https:\/\/api.w.org\/{rel}","templated":true}]}}