{"id":20932,"date":"2020-12-26T22:57:59","date_gmt":"2020-12-27T03:57:59","guid":{"rendered":"https:\/\/hortis.co\/product\/borealis\/"},"modified":"2023-03-19T21:30:15","modified_gmt":"2023-03-20T01:30:15","slug":"borealis-6","status":"publish","type":"product","link":"https:\/\/hortis.co\/fr\/produit\/borealis-6\/","title":{"rendered":"Borealis"},"content":{"rendered":"","protected":false},"excerpt":{"rendered":"<p>Vendu a l&rsquo;unit\u00e9<\/p>\n<p>Vous pouvez maintenant retrouver l&rsquo;apparence somptueuse des planchers de bois franc \u00e0 l&rsquo;ext\u00e9rieur avec cette dalle en b\u00e9ton qui ressemble \u00e0 une planche de bois. La dalle Borealis est offerte en deux largeurs et trois couleurs attrayantes. Des professionnels de l&rsquo;industrie qualifient ces dalles de trompe-l&rsquo;\u0153il; vous vous demanderez sans aucun doute s&rsquo;il s&rsquo;agit de bois ou de b\u00e9ton. Les dalles Borealis ont l&rsquo;apparence et l&rsquo;aspect de planches de bois et ne n\u00e9cessitant aucun entretien. Vous n&rsquo;aurez donc jamais \u00e0 teindre le patio, \u00e0 traiter le bois ou \u00e0 vous pr\u00e9occuper de la pourriture du bois. De plus, cette dalle est dot\u00e9e de notre nouvelle technologie Klean-Bloc pour une protection accrue contre l\u2019usure quotidienne tel que les taches, les rayures, et la d\u00e9coloration. Que ce soit pour votre contour de piscine, votre v\u00e9randa ou votre patio, les dalles Borealis conf\u00e8rent \u00e0 votre cour arri\u00e8re l&rsquo;attrait esth\u00e9tique du bois naturel d&rsquo;une mani\u00e8re qui r\u00e9siste aux intemp\u00e9ries et qui ne requiert aucun entretien.<\/p>\n<p><a href=\"https:\/\/youtu.be\/6IcVlYSXcto\">Klean Bloc Technology<\/a><\/p>\n<div class=\"roc-pdp-description\">\n<div class=\"roc-pdp-description__wrapper\">\n<h3 class=\"roc-pdp-description__title\">Style<\/h3>\n<ul class=\"roc-pdp-description__list\">\n<li class=\"roc-pdp-description__item\">Rustique<\/li>\n<\/ul>\n<\/div>\n<div class=\"roc-pdp-description__wrapper\">\n<h3 class=\"roc-pdp-description__title\">Application<\/h3>\n<ul class=\"roc-pdp-description__list\">\n<li class=\"roc-pdp-description__item\">Trotoire<\/li>\n<li class=\"roc-pdp-description__item\">Patio et terrasse<\/li>\n<li class=\"roc-pdp-description__item\">Jardin<\/li>\n<li class=\"roc-pdp-description__item\">Terrasse de la piscine<\/li>\n<li class=\"roc-pdp-description__item\">Marche ext\u00e9rieuree<\/li>\n<\/ul>\n<p>Grandeur<\/p>\n<p>5 pouces x 30 pouces<\/p>\n<p>10 pouces x 30 pouces<\/p>\n<\/div>\n<\/div>\n","protected":false},"featured_media":20929,"template":"","meta":{"site-sidebar-layout":"default","site-content-layout":"default","ast-site-content-layout":"default","site-content-style":"default","site-sidebar-style":"default","ast-global-header-display":"","ast-banner-title-visibility":"","ast-main-header-display":"","ast-hfb-above-header-display":"","ast-hfb-below-header-display":"","ast-hfb-mobile-header-display":"","site-post-title":"","ast-breadcrumbs-content":"","ast-featured-img":"","footer-sml-layout":"","ast-disable-related-posts":"","theme-transparent-header-meta":"default","adv-header-id-meta":"","stick-header-meta":"default","header-above-stick-meta":"","header-main-stick-meta":"","header-below-stick-meta":"","astra-migrate-meta-layouts":"default","ast-page-background-enabled":"default","ast-page-background-meta":{"desktop":{"background-color":"","background-image":"","background-repeat":"repeat","background-position":"center center","background-size":"auto","background-attachment":"scroll","background-type":"","background-media":"","overlay-type":"","overlay-color":"","overlay-opacity":"","overlay-gradient":""},"tablet":{"background-color":"","background-image":"","background-repeat":"repeat","background-position":"center center","background-size":"auto","background-attachment":"scroll","background-type":"","background-media":"","overlay-type":"","overlay-color":"","overlay-opacity":"","overlay-gradient":""},"mobile":{"background-color":"","background-image":"","background-repeat":"repeat","background-position":"center center","background-size":"auto","background-attachment":"scroll","background-type":"","background-media":"","overlay-type":"","overlay-color":"","overlay-opacity":"","overlay-gradient":""}},"ast-content-background-meta":{"desktop":{"background-color":"var(--ast-global-color-5)","background-image":"","background-repeat":"repeat","background-position":"center center","background-size":"auto","background-attachment":"scroll","background-type":"","background-media":"","overlay-type":"","overlay-color":"","overlay-opacity":"","overlay-gradient":""},"tablet":{"background-color":"var(--ast-global-color-5)","background-image":"","background-repeat":"repeat","background-position":"center center","background-size":"auto","background-attachment":"scroll","background-type":"","background-media":"","overlay-type":"","overlay-color":"","overlay-opacity":"","overlay-gradient":""},"mobile":{"background-color":"var(--ast-global-color-5)","background-image":"","background-repeat":"repeat","background-position":"center center","background-size":"auto","background-attachment":"scroll","background-type":"","background-media":"","overlay-type":"","overlay-color":"","overlay-opacity":"","overlay-gradient":""}}},"product_brand":[],"product_cat":[335],"product_tag":[],"class_list":{"0":"post-20932","1":"product","2":"type-product","3":"status-publish","4":"has-post-thumbnail","6":"product_cat-dalles","7":"product_shipping_class-pave-uni","8":"desktop-align-left","9":"tablet-align-left","10":"mobile-align-left","11":"ast-product-gallery-layout-horizontal-slider","12":"ast-product-gallery-with-no-image","13":"ast-product-single-variable","14":"ast-product-tabs-layout-horizontal","16":"first","17":"instock","18":"taxable","19":"shipping-taxable","20":"purchasable","21":"product-type-variable"},"_links":{"self":[{"href":"https:\/\/hortis.co\/fr\/wp-json\/wp\/v2\/product\/20932","targetHints":{"allow":["GET"]}}],"collection":[{"href":"https:\/\/hortis.co\/fr\/wp-json\/wp\/v2\/product"}],"about":[{"href":"https:\/\/hortis.co\/fr\/wp-json\/wp\/v2\/types\/product"}],"wp:featuredmedia":[{"embeddable":true,"href":"https:\/\/hortis.co\/fr\/wp-json\/wp\/v2\/media\/20929"}],"wp:attachment":[{"href":"https:\/\/hortis.co\/fr\/wp-json\/wp\/v2\/media?parent=20932"}],"wp:term":[{"taxonomy":"product_brand","embeddable":true,"href":"https:\/\/hortis.co\/fr\/wp-json\/wp\/v2\/product_brand?post=20932"},{"taxonomy":"product_cat","embeddable":true,"href":"https:\/\/hortis.co\/fr\/wp-json\/wp\/v2\/product_cat?post=20932"},{"taxonomy":"product_tag","embeddable":true,"href":"https:\/\/hortis.co\/fr\/wp-json\/wp\/v2\/product_tag?post=20932"}],"curies":[{"name":"wp","href":"https:\/\/api.w.org\/{rel}","templated":true}]}}