{"id":21038,"date":"2020-12-26T22:52:22","date_gmt":"2020-12-27T03:52:22","guid":{"rendered":"https:\/\/hortis.co\/product\/thuya-occidentalis-degroots-spire\/"},"modified":"2023-03-10T20:46:45","modified_gmt":"2023-03-11T01:46:45","slug":"thuya-occidentalis-degroots-spire","status":"publish","type":"product","link":"https:\/\/hortis.co\/fr\/produit\/thuya-occidentalis-degroots-spire\/","title":{"rendered":"Thuya occidentalis &lsquo;Degroot&rsquo;s Spire&rsquo;"},"content":{"rendered":"","protected":false},"excerpt":{"rendered":"<div class=\"col\">\n<div class=\"bg-grey-2 q-card q-card--flat no-shadow\">\n<div class=\"q-list q-list--dense\">\n<div class=\"q-item q-item-type row no-wrap\">\n<div>\n<div class=\"col q-mt-md\">\n<div class=\"text-h6\">Description<\/div>\n<p>Un feuillage persistant en forme de fl\u00e8che mince comme un crayon, avec une tendance \u00e0 la croissance en spirale ; un sp\u00e9cimen unique entre les mains de jardiniers inspir\u00e9s, rustique et adaptable, \u00e0 utiliser comme solitaire ; meilleur avec un peu de soleil, \u00e0 prot\u00e9ger des vents dess\u00e9chants.<\/p>\n<\/div>\n<div class=\"col\">\n<div class=\"text-h6\">Attribut Ornamental<\/div>\n<p>Cedre Degroot&rsquo;s Spire a un feuillage vert. Le feuillage reste vert tout l&rsquo;hiver. Les fleurs et les fruits n&rsquo;ont pas de valeur ornamental.<\/p>\n<\/div>\n<div class=\"col\">\n<div class=\"text-h6\">Attributes de paysagement<\/div>\n<p>Le cedre Degroots Spire est un coniferes multitiges dense avec une habiyude de croissance colonnaire. Un conifere avec un feuillage a texture fin.<\/p>\n<p>Conifere a entretient minimum. Il est recommander de trimmer strictement la nouvelle repousse. Sans aucune charateristique negative significnate.<\/p>\n<p>Le cedre Degroots Spire est recommander pour les application suivante<\/p>\n<\/div>\n<div class=\"col\">\n<div class=\"text-h6\">Plantation et Croissance<\/div>\n<p>Le cerde Degroots Spire peut attiendre 20 pieds de hauteur et 2 pieds de larges Ils sont assez bas pour planter pres des fil electriques. Il a un croissance de lent a moyen et peut vivre jusqu&rsquo;a 50 ans dans des conditions ideals.<\/p>\n<p>Pousse mieux dans un endroit ensoleiller ou mi ombre. Preferables dans un endroit dont le sol est humide. Il risiste a bien des sol et peur toler\u00e9e la pollution, et pousse mieux dans un endroit proteger. Si vous le mettez dans un endroit a aire ouvert mettez y un bonne couche de paillis pour proteger sa racine. Un selection Nord Americaine.<\/p>\n<\/div>\n<\/div>\n<div class=\"q-item__section column text-primary q-item__section--main justify-center\">Hauteur: 6m<\/div>\n<\/div>\n<div class=\"q-item q-item-type row no-wrap\">\n<div class=\"q-item__section column text-primary q-item__section--main justify-center\">Largeur: 1m<\/div>\n<\/div>\n<div class=\"q-item q-item-type row no-wrap\">\n<div class=\"q-item__section column text-primary q-item__section--main justify-center\">Ensoleilment: Soleil a Mi Ombre<\/div>\n<div class=\"q-item__section column q-item__section--side justify-center\">\n<div><span style=\"font-size: 16px;\">Humidit\u00e9:<\/span> <span style=\"font-size: 16px;\">Moyen a Humide<\/span><\/div>\n<\/div>\n<\/div>\n<div class=\"q-item q-item-type row no-wrap\">\n<div class=\"q-item__section column text-primary q-item__section--main justify-center\">Zone de Rusticit\u00e9: 3<\/div>\n<\/div>\n<div class=\"q-item q-item-type row no-wrap\">\n<div class=\"q-item__section column text-primary q-item__section--main justify-center\">Feuillage: Vert<\/div>\n<\/div>\n<\/div>\n<\/div>\n<\/div>\n<div class=\"col q-mt-md\">\n<div class=\"q-banner row items-center bg-yellow-1 rounded-borders \" role=\"alert\">\n<div class=\"q-banner__avatar col-auto row items-center self-start\"><\/div>\n<\/div>\n<\/div>\n","protected":false},"featured_media":19803,"template":"","meta":{"site-sidebar-layout":"default","site-content-layout":"default","ast-site-content-layout":"default","site-content-style":"default","site-sidebar-style":"default","ast-global-header-display":"","ast-banner-title-visibility":"","ast-main-header-display":"","ast-hfb-above-header-display":"","ast-hfb-below-header-display":"","ast-hfb-mobile-header-display":"","site-post-title":"","ast-breadcrumbs-content":"","ast-featured-img":"","footer-sml-layout":"","ast-disable-related-posts":"","theme-transparent-header-meta":"default","adv-header-id-meta":"","stick-header-meta":"default","header-above-stick-meta":"","header-main-stick-meta":"","header-below-stick-meta":"","astra-migrate-meta-layouts":"default","ast-page-background-enabled":"default","ast-page-background-meta":{"desktop":{"background-color":"","background-image":"","background-repeat":"repeat","background-position":"center center","background-size":"auto","background-attachment":"scroll","background-type":"","background-media":"","overlay-type":"","overlay-color":"","overlay-opacity":"","overlay-gradient":""},"tablet":{"background-color":"","background-image":"","background-repeat":"repeat","background-position":"center center","background-size":"auto","background-attachment":"scroll","background-type":"","background-media":"","overlay-type":"","overlay-color":"","overlay-opacity":"","overlay-gradient":""},"mobile":{"background-color":"","background-image":"","background-repeat":"repeat","background-position":"center center","background-size":"auto","background-attachment":"scroll","background-type":"","background-media":"","overlay-type":"","overlay-color":"","overlay-opacity":"","overlay-gradient":""}},"ast-content-background-meta":{"desktop":{"background-color":"var(--ast-global-color-5)","background-image":"","background-repeat":"repeat","background-position":"center center","background-size":"auto","background-attachment":"scroll","background-type":"","background-media":"","overlay-type":"","overlay-color":"","overlay-opacity":"","overlay-gradient":""},"tablet":{"background-color":"var(--ast-global-color-5)","background-image":"","background-repeat":"repeat","background-position":"center center","background-size":"auto","background-attachment":"scroll","background-type":"","background-media":"","overlay-type":"","overlay-color":"","overlay-opacity":"","overlay-gradient":""},"mobile":{"background-color":"var(--ast-global-color-5)","background-image":"","background-repeat":"repeat","background-position":"center center","background-size":"auto","background-attachment":"scroll","background-type":"","background-media":"","overlay-type":"","overlay-color":"","overlay-opacity":"","overlay-gradient":""}}},"product_brand":[],"product_cat":[338],"product_tag":[],"class_list":{"0":"post-21038","1":"product","2":"type-product","3":"status-publish","4":"has-post-thumbnail","6":"product_cat-coniferes","7":"product_shipping_class-plantes","8":"desktop-align-left","9":"tablet-align-left","10":"mobile-align-left","11":"ast-product-gallery-layout-horizontal-slider","12":"ast-product-gallery-with-no-image","13":"ast-product-single-variable","14":"ast-product-tabs-layout-horizontal","16":"first","17":"instock","18":"taxable","19":"shipping-taxable","20":"purchasable","21":"product-type-variable"},"_links":{"self":[{"href":"https:\/\/hortis.co\/fr\/wp-json\/wp\/v2\/product\/21038","targetHints":{"allow":["GET"]}}],"collection":[{"href":"https:\/\/hortis.co\/fr\/wp-json\/wp\/v2\/product"}],"about":[{"href":"https:\/\/hortis.co\/fr\/wp-json\/wp\/v2\/types\/product"}],"wp:featuredmedia":[{"embeddable":true,"href":"https:\/\/hortis.co\/fr\/wp-json\/wp\/v2\/media\/19803"}],"wp:attachment":[{"href":"https:\/\/hortis.co\/fr\/wp-json\/wp\/v2\/media?parent=21038"}],"wp:term":[{"taxonomy":"product_brand","embeddable":true,"href":"https:\/\/hortis.co\/fr\/wp-json\/wp\/v2\/product_brand?post=21038"},{"taxonomy":"product_cat","embeddable":true,"href":"https:\/\/hortis.co\/fr\/wp-json\/wp\/v2\/product_cat?post=21038"},{"taxonomy":"product_tag","embeddable":true,"href":"https:\/\/hortis.co\/fr\/wp-json\/wp\/v2\/product_tag?post=21038"}],"curies":[{"name":"wp","href":"https:\/\/api.w.org\/{rel}","templated":true}]}}