{"id":21040,"date":"2020-12-26T22:52:22","date_gmt":"2020-12-27T03:52:22","guid":{"rendered":"https:\/\/hortis.co\/product\/thuya-occidentalis-little-giant\/"},"modified":"2023-03-10T20:56:52","modified_gmt":"2023-03-11T01:56:52","slug":"thuya-occidentalis-little-giant","status":"publish","type":"product","link":"https:\/\/hortis.co\/fr\/produit\/thuya-occidentalis-little-giant\/","title":{"rendered":"Thuya occidentalis &lsquo;Little Giant&rsquo;"},"content":{"rendered":"","protected":false},"excerpt":{"rendered":"<div class=\"q-item q-item-type row no-wrap\">\n<div>\n<div class=\"col q-mt-md\">\n<div class=\"text-h6\">Description<\/div>\n<p>Arbuste compact \u00e0 feuilles persistantes en forme de globe, \u00e0 croissance lente, id\u00e9al pour l&rsquo;am\u00e9nagement paysager, populaire comme arbuste de fondation ; rustique et adaptable, id\u00e9al avec un ensoleillement suffisant, prot\u00e9ger des vents dess\u00e9chants.<\/p>\n<\/div>\n<div class=\"col\">\n<div class=\"text-h6\">Attribut Ornamental<\/div>\n<p>Le cedre Little Giant a un feuillage Vert The scale-like leaves remain forest green throughout the winter. Le feuillage reste vert tout l&rsquo;hiver Les fleurs et les fruits n&rsquo;ont pas de valeur ornamental.<\/p>\n<\/div>\n<div class=\"col\">\n<div class=\"text-h6\">Attributes de paysagement<\/div>\n<p>Little Giant est un conifere en boule a tige multiple. Un conifere avec un feuillage a texture fin.<\/p>\n<p>Conifere a entretient minimum. Il est recommander de trimmer strictement la nouvelle repousse. Sans aucune charateristique negative significnate.<\/p>\n<p>Le cedre Little Giant est recommander pour les applications suivante;<\/p>\n<\/div>\n<div class=\"col\">\n<div class=\"text-h6\">Plantation et Croissance<\/div>\n<p>Le cedre Little Gaint peut atteindre 5 pieds par 5 pieds Il a tendance \u00e0 s&rsquo;\u00e9toffer jusqu&rsquo;au sol et n&rsquo;a donc pas n\u00e9cessairement besoin de plantes de fa\u00e7ade, et il convient \u00e0 la plantation sous les lignes \u00e9lectriques. Il pousse a un croissance lente et peut vivre jusqu&rsquo;a 30 ans.<\/p>\n<p>Pousse mieux dans un endroit ensoleiller ou mi ombre. Preferables dans un endroit dont le sol est humide. Il risiste a bien des sol et peur toler\u00e9e la pollution, et pousse mieux dans un endroit proteger. Si vous le mettez dans un endroit a aire ouvert mettez y un bonne couche de paillis pour proteger sa racine. Un selection Nord Americaine.<\/p>\n<\/div>\n<\/div>\n<div class=\"q-item__section column text-primary q-item__section--main justify-center\">Hauteur: 1.5m<\/div>\n<\/div>\n<div class=\"q-item q-item-type row no-wrap\">\n<div class=\"q-item__section column text-primary q-item__section--main justify-center\">Largeur: 1.5m<\/div>\n<\/div>\n<div class=\"q-item q-item-type row no-wrap\">\n<div class=\"q-item__section column text-primary q-item__section--main justify-center\">Ensoleilment: Soleil a MI Ombre<\/div>\n<div class=\"q-item__section column q-item__section--side justify-center\">\n<div><span style=\"font-size: 16px;\">Humidit\u00e9:<\/span> <span style=\"font-size: 16px;\">Moyen a Humide<\/span><\/div>\n<\/div>\n<\/div>\n<div class=\"q-item q-item-type row no-wrap\">\n<div class=\"q-item__section column text-primary q-item__section--main justify-center\">Zone de Rusticit\u00e9: 3<\/div>\n<\/div>\n<div class=\"q-item q-item-type row no-wrap\">\n<div class=\"q-item__section column text-primary q-item__section--main justify-center\">Feuillage: Vert<\/div>\n<\/div>\n","protected":false},"featured_media":19805,"template":"","meta":{"site-sidebar-layout":"default","site-content-layout":"default","ast-site-content-layout":"default","site-content-style":"default","site-sidebar-style":"default","ast-global-header-display":"","ast-banner-title-visibility":"","ast-main-header-display":"","ast-hfb-above-header-display":"","ast-hfb-below-header-display":"","ast-hfb-mobile-header-display":"","site-post-title":"","ast-breadcrumbs-content":"","ast-featured-img":"","footer-sml-layout":"","ast-disable-related-posts":"","theme-transparent-header-meta":"default","adv-header-id-meta":"","stick-header-meta":"default","header-above-stick-meta":"","header-main-stick-meta":"","header-below-stick-meta":"","astra-migrate-meta-layouts":"default","ast-page-background-enabled":"default","ast-page-background-meta":{"desktop":{"background-color":"","background-image":"","background-repeat":"repeat","background-position":"center center","background-size":"auto","background-attachment":"scroll","background-type":"","background-media":"","overlay-type":"","overlay-color":"","overlay-opacity":"","overlay-gradient":""},"tablet":{"background-color":"","background-image":"","background-repeat":"repeat","background-position":"center center","background-size":"auto","background-attachment":"scroll","background-type":"","background-media":"","overlay-type":"","overlay-color":"","overlay-opacity":"","overlay-gradient":""},"mobile":{"background-color":"","background-image":"","background-repeat":"repeat","background-position":"center center","background-size":"auto","background-attachment":"scroll","background-type":"","background-media":"","overlay-type":"","overlay-color":"","overlay-opacity":"","overlay-gradient":""}},"ast-content-background-meta":{"desktop":{"background-color":"var(--ast-global-color-5)","background-image":"","background-repeat":"repeat","background-position":"center center","background-size":"auto","background-attachment":"scroll","background-type":"","background-media":"","overlay-type":"","overlay-color":"","overlay-opacity":"","overlay-gradient":""},"tablet":{"background-color":"var(--ast-global-color-5)","background-image":"","background-repeat":"repeat","background-position":"center center","background-size":"auto","background-attachment":"scroll","background-type":"","background-media":"","overlay-type":"","overlay-color":"","overlay-opacity":"","overlay-gradient":""},"mobile":{"background-color":"var(--ast-global-color-5)","background-image":"","background-repeat":"repeat","background-position":"center center","background-size":"auto","background-attachment":"scroll","background-type":"","background-media":"","overlay-type":"","overlay-color":"","overlay-opacity":"","overlay-gradient":""}}},"product_brand":[],"product_cat":[338],"product_tag":[],"class_list":{"0":"post-21040","1":"product","2":"type-product","3":"status-publish","4":"has-post-thumbnail","6":"product_cat-coniferes","7":"product_shipping_class-plantes","8":"desktop-align-left","9":"tablet-align-left","10":"mobile-align-left","11":"ast-product-gallery-layout-horizontal-slider","12":"ast-product-gallery-with-no-image","13":"ast-product-single-variable","14":"ast-product-tabs-layout-horizontal","16":"first","17":"instock","18":"taxable","19":"shipping-taxable","20":"purchasable","21":"product-type-variable"},"_links":{"self":[{"href":"https:\/\/hortis.co\/fr\/wp-json\/wp\/v2\/product\/21040","targetHints":{"allow":["GET"]}}],"collection":[{"href":"https:\/\/hortis.co\/fr\/wp-json\/wp\/v2\/product"}],"about":[{"href":"https:\/\/hortis.co\/fr\/wp-json\/wp\/v2\/types\/product"}],"wp:featuredmedia":[{"embeddable":true,"href":"https:\/\/hortis.co\/fr\/wp-json\/wp\/v2\/media\/19805"}],"wp:attachment":[{"href":"https:\/\/hortis.co\/fr\/wp-json\/wp\/v2\/media?parent=21040"}],"wp:term":[{"taxonomy":"product_brand","embeddable":true,"href":"https:\/\/hortis.co\/fr\/wp-json\/wp\/v2\/product_brand?post=21040"},{"taxonomy":"product_cat","embeddable":true,"href":"https:\/\/hortis.co\/fr\/wp-json\/wp\/v2\/product_cat?post=21040"},{"taxonomy":"product_tag","embeddable":true,"href":"https:\/\/hortis.co\/fr\/wp-json\/wp\/v2\/product_tag?post=21040"}],"curies":[{"name":"wp","href":"https:\/\/api.w.org\/{rel}","templated":true}]}}