{"id":21042,"date":"2020-12-26T22:52:22","date_gmt":"2020-12-27T03:52:22","guid":{"rendered":"https:\/\/hortis.co\/product\/thuya-occidentalis-smaragd\/"},"modified":"2024-07-21T00:00:03","modified_gmt":"2024-07-21T04:00:03","slug":"thuya-occidentalis-smaragd","status":"publish","type":"product","link":"https:\/\/hortis.co\/fr\/produit\/thuya-occidentalis-smaragd\/","title":{"rendered":"Thuya occidentalis &lsquo;Smaragd&rsquo;"},"content":{"rendered":"","protected":false},"excerpt":{"rendered":"<p>Le c\u00e8dre d&rsquo;\u00c9meraude est peut-\u00eatre l&rsquo;arbuste de haie le plus utilis\u00e9 en Am\u00e9rique du Nord. Appr\u00e9ci\u00e9 pour sa texture vive et son feuillage vert \u00e9meraude brillant, le c\u00e8dre \u00e9meraude conserve g\u00e9n\u00e9ralement sa couleur tout au long de l&rsquo;ann\u00e9e.<\/p>\n<p>Cette plante peut \u00eatre maintenue \u00e0 une hauteur de 1,5 m ou \u00eatre laiss\u00e9e \u00e0 pousser jusqu&rsquo;\u00e0 une hauteur d&rsquo;environ 1,5 m, s&rsquo;\u00e9talant sur une largeur de 1,5 m, et poussant d&rsquo;environ 8 \u00e0 12 pouces par an. Plant\u00e9s en rang\u00e9es, les c\u00e8dres Emerald constituent une belle haie d&rsquo;intimit\u00e9 d&rsquo;un vert \u00e9clatant. L&rsquo;espacement recommand\u00e9 est tous les 18-24 pouces.<\/p>\n<p>Zone de Rusticit\u00e9: 3<\/p>\n<p>Croissance Moyen (8 a 10 pousse par ann\u00e9e)<\/p>\n<p>Feuillage de couleur vert fonc\u00e9 tout l&rsquo;ann\u00e9e<\/p>\n<p>Utiliser aussi pour de la haies<\/p>\n<p>&nbsp;<\/p>\n","protected":false},"featured_media":19807,"template":"","meta":{"site-sidebar-layout":"default","site-content-layout":"default","ast-site-content-layout":"default","site-content-style":"default","site-sidebar-style":"default","ast-global-header-display":"","ast-banner-title-visibility":"","ast-main-header-display":"","ast-hfb-above-header-display":"","ast-hfb-below-header-display":"","ast-hfb-mobile-header-display":"","site-post-title":"","ast-breadcrumbs-content":"","ast-featured-img":"","footer-sml-layout":"","ast-disable-related-posts":"","theme-transparent-header-meta":"default","adv-header-id-meta":"","stick-header-meta":"default","header-above-stick-meta":"","header-main-stick-meta":"","header-below-stick-meta":"","astra-migrate-meta-layouts":"default","ast-page-background-enabled":"default","ast-page-background-meta":{"desktop":{"background-color":"","background-image":"","background-repeat":"repeat","background-position":"center center","background-size":"auto","background-attachment":"scroll","background-type":"","background-media":"","overlay-type":"","overlay-color":"","overlay-opacity":"","overlay-gradient":""},"tablet":{"background-color":"","background-image":"","background-repeat":"repeat","background-position":"center center","background-size":"auto","background-attachment":"scroll","background-type":"","background-media":"","overlay-type":"","overlay-color":"","overlay-opacity":"","overlay-gradient":""},"mobile":{"background-color":"","background-image":"","background-repeat":"repeat","background-position":"center center","background-size":"auto","background-attachment":"scroll","background-type":"","background-media":"","overlay-type":"","overlay-color":"","overlay-opacity":"","overlay-gradient":""}},"ast-content-background-meta":{"desktop":{"background-color":"var(--ast-global-color-5)","background-image":"","background-repeat":"repeat","background-position":"center center","background-size":"auto","background-attachment":"scroll","background-type":"","background-media":"","overlay-type":"","overlay-color":"","overlay-opacity":"","overlay-gradient":""},"tablet":{"background-color":"var(--ast-global-color-5)","background-image":"","background-repeat":"repeat","background-position":"center center","background-size":"auto","background-attachment":"scroll","background-type":"","background-media":"","overlay-type":"","overlay-color":"","overlay-opacity":"","overlay-gradient":""},"mobile":{"background-color":"var(--ast-global-color-5)","background-image":"","background-repeat":"repeat","background-position":"center center","background-size":"auto","background-attachment":"scroll","background-type":"","background-media":"","overlay-type":"","overlay-color":"","overlay-opacity":"","overlay-gradient":""}}},"product_brand":[],"product_cat":[338],"product_tag":[],"class_list":{"0":"post-21042","1":"product","2":"type-product","3":"status-publish","4":"has-post-thumbnail","6":"product_cat-coniferes","7":"product_shipping_class-plantes","8":"desktop-align-left","9":"tablet-align-left","10":"mobile-align-left","11":"ast-product-gallery-layout-horizontal-slider","12":"ast-product-gallery-with-no-image","13":"ast-product-single-variable","14":"ast-product-tabs-layout-horizontal","16":"first","17":"instock","18":"taxable","19":"shipping-taxable","20":"purchasable","21":"product-type-variable"},"_links":{"self":[{"href":"https:\/\/hortis.co\/fr\/wp-json\/wp\/v2\/product\/21042","targetHints":{"allow":["GET"]}}],"collection":[{"href":"https:\/\/hortis.co\/fr\/wp-json\/wp\/v2\/product"}],"about":[{"href":"https:\/\/hortis.co\/fr\/wp-json\/wp\/v2\/types\/product"}],"wp:featuredmedia":[{"embeddable":true,"href":"https:\/\/hortis.co\/fr\/wp-json\/wp\/v2\/media\/19807"}],"wp:attachment":[{"href":"https:\/\/hortis.co\/fr\/wp-json\/wp\/v2\/media?parent=21042"}],"wp:term":[{"taxonomy":"product_brand","embeddable":true,"href":"https:\/\/hortis.co\/fr\/wp-json\/wp\/v2\/product_brand?post=21042"},{"taxonomy":"product_cat","embeddable":true,"href":"https:\/\/hortis.co\/fr\/wp-json\/wp\/v2\/product_cat?post=21042"},{"taxonomy":"product_tag","embeddable":true,"href":"https:\/\/hortis.co\/fr\/wp-json\/wp\/v2\/product_tag?post=21042"}],"curies":[{"name":"wp","href":"https:\/\/api.w.org\/{rel}","templated":true}]}}