{"id":21049,"date":"2020-12-26T22:52:21","date_gmt":"2020-12-27T03:52:21","guid":{"rendered":"https:\/\/hortis.co\/product\/taxus-media-hicksii\/"},"modified":"2020-12-26T22:52:21","modified_gmt":"2020-12-27T03:52:21","slug":"taxus-media-hicksii","status":"publish","type":"product","link":"https:\/\/hortis.co\/fr\/produit\/taxus-media-hicksii\/","title":{"rendered":"Taxus media &lsquo;Hicksii&rsquo;"},"content":{"rendered":"","protected":false},"excerpt":{"rendered":"<p>L&rsquo;if de Hicks est une excellente plante de fondation pour les zones ombrag\u00e9es, car il est souvent plus large au sommet qu&rsquo;\u00e0 la base. L&rsquo;if de Hicks b\u00e9n\u00e9ficie d&rsquo;une taille annuelle afin d&rsquo;obtenir une plante ou une haie dense. De nouvelles pousses appara\u00eetront m\u00eame \u00e0 partir du bois mature, ce qui le rend populaire pour la cr\u00e9ation de sculptures et de topiaires. Le feuillage est constitu\u00e9 de fines aiguilles vert fonc\u00e9 de 1 pouce de long. L&rsquo;if de Hicks peut atteindre une hauteur de 20 pieds \u00e0 maturit\u00e9. Pour une haie, planter \u00e0 2 pieds de centre \u00e0 centre.<\/p>\n<p>Rusticit\u00e9 de la plante : Zone 4-7<\/p>\n<p>Croissance lente (4-6 pouces par an)<\/p>\n<p align=\"JUSTIFY\">Tol\u00e8re l&rsquo;ombre s\u00e8che<\/p>\n<p>La forme femelle produit des baies rouges<\/p>\n","protected":false},"featured_media":19799,"template":"","meta":{"site-sidebar-layout":"default","site-content-layout":"default","ast-site-content-layout":"default","site-content-style":"default","site-sidebar-style":"default","ast-global-header-display":"","ast-banner-title-visibility":"","ast-main-header-display":"","ast-hfb-above-header-display":"","ast-hfb-below-header-display":"","ast-hfb-mobile-header-display":"","site-post-title":"","ast-breadcrumbs-content":"","ast-featured-img":"","footer-sml-layout":"","ast-disable-related-posts":"","theme-transparent-header-meta":"default","adv-header-id-meta":"","stick-header-meta":"default","header-above-stick-meta":"","header-main-stick-meta":"","header-below-stick-meta":"","astra-migrate-meta-layouts":"default","ast-page-background-enabled":"default","ast-page-background-meta":{"desktop":{"background-color":"","background-image":"","background-repeat":"repeat","background-position":"center center","background-size":"auto","background-attachment":"scroll","background-type":"","background-media":"","overlay-type":"","overlay-color":"","overlay-opacity":"","overlay-gradient":""},"tablet":{"background-color":"","background-image":"","background-repeat":"repeat","background-position":"center center","background-size":"auto","background-attachment":"scroll","background-type":"","background-media":"","overlay-type":"","overlay-color":"","overlay-opacity":"","overlay-gradient":""},"mobile":{"background-color":"","background-image":"","background-repeat":"repeat","background-position":"center center","background-size":"auto","background-attachment":"scroll","background-type":"","background-media":"","overlay-type":"","overlay-color":"","overlay-opacity":"","overlay-gradient":""}},"ast-content-background-meta":{"desktop":{"background-color":"var(--ast-global-color-5)","background-image":"","background-repeat":"repeat","background-position":"center center","background-size":"auto","background-attachment":"scroll","background-type":"","background-media":"","overlay-type":"","overlay-color":"","overlay-opacity":"","overlay-gradient":""},"tablet":{"background-color":"var(--ast-global-color-5)","background-image":"","background-repeat":"repeat","background-position":"center center","background-size":"auto","background-attachment":"scroll","background-type":"","background-media":"","overlay-type":"","overlay-color":"","overlay-opacity":"","overlay-gradient":""},"mobile":{"background-color":"var(--ast-global-color-5)","background-image":"","background-repeat":"repeat","background-position":"center center","background-size":"auto","background-attachment":"scroll","background-type":"","background-media":"","overlay-type":"","overlay-color":"","overlay-opacity":"","overlay-gradient":""}}},"product_brand":[],"product_cat":[338],"product_tag":[],"class_list":{"0":"post-21049","1":"product","2":"type-product","3":"status-publish","4":"has-post-thumbnail","6":"product_cat-coniferes","7":"product_shipping_class-plantes","8":"desktop-align-left","9":"tablet-align-left","10":"mobile-align-left","11":"ast-product-gallery-layout-horizontal-slider","12":"ast-product-gallery-with-no-image","13":"ast-product-single-variable","14":"ast-product-tabs-layout-horizontal","16":"first","17":"instock","18":"taxable","19":"shipping-taxable","20":"purchasable","21":"product-type-variable"},"_links":{"self":[{"href":"https:\/\/hortis.co\/fr\/wp-json\/wp\/v2\/product\/21049","targetHints":{"allow":["GET"]}}],"collection":[{"href":"https:\/\/hortis.co\/fr\/wp-json\/wp\/v2\/product"}],"about":[{"href":"https:\/\/hortis.co\/fr\/wp-json\/wp\/v2\/types\/product"}],"wp:featuredmedia":[{"embeddable":true,"href":"https:\/\/hortis.co\/fr\/wp-json\/wp\/v2\/media\/19799"}],"wp:attachment":[{"href":"https:\/\/hortis.co\/fr\/wp-json\/wp\/v2\/media?parent=21049"}],"wp:term":[{"taxonomy":"product_brand","embeddable":true,"href":"https:\/\/hortis.co\/fr\/wp-json\/wp\/v2\/product_brand?post=21049"},{"taxonomy":"product_cat","embeddable":true,"href":"https:\/\/hortis.co\/fr\/wp-json\/wp\/v2\/product_cat?post=21049"},{"taxonomy":"product_tag","embeddable":true,"href":"https:\/\/hortis.co\/fr\/wp-json\/wp\/v2\/product_tag?post=21049"}],"curies":[{"name":"wp","href":"https:\/\/api.w.org\/{rel}","templated":true}]}}