{"id":21055,"date":"2020-12-26T22:52:19","date_gmt":"2020-12-27T03:52:19","guid":{"rendered":"https:\/\/hortis.co\/product\/juniperus-horizontalis-wiltonii\/"},"modified":"2020-12-26T22:52:19","modified_gmt":"2020-12-27T03:52:19","slug":"juniperus-horizontalis-wiltonii","status":"publish","type":"product","link":"https:\/\/hortis.co\/fr\/produit\/juniperus-horizontalis-wiltonii\/","title":{"rendered":"Juniperus horizontalis &lsquo;Wiltonii&rsquo;"},"content":{"rendered":"","protected":false},"excerpt":{"rendered":"<div class=\"q-item q-item-type row no-wrap\">\n<div>\n<div class=\"col q-mt-md\">\n<div class=\"text-h6\">Description<\/div>\n<p>Feuillage bleu acier qui prend une teinte violac\u00e9e en hiver. Largement \u00e9tal\u00e9, il s&rsquo;accroche au sol et est extr\u00eamement adaptable et rustique.<\/p>\n<\/div>\n<div class=\"col\">\n<div class=\"text-h6\">Caract\u00e9ristiques Ornementales<\/div>\n<p>Le gen\u00e9vrier Blue Rug a un feuillage bleu argent\u00e9 attrayant. Les feuilles en forme d&rsquo;\u00e9cailles sont tr\u00e8s ornementales et prennent une couleur pourpre \u00e0 l&rsquo;automne. Il produit des baies bleues de la fin du printemps \u00e0 la fin de l&rsquo;hiver. Fleurs non signifiantes<\/p>\n<\/div>\n<div class=\"col\">\n<div class=\"text-h6\">Attributs du paysage<\/div>\n<p>Le gen\u00e9vrier Blue Rug est un arbuste dense \u00e0 plusieurs tiges et \u00e0 feuillage persistant, dont le port s&rsquo;accroche au sol. Il conf\u00e8re \u00e0 la composition du paysage une texture extr\u00eamement fine et d\u00e9licate qu&rsquo;il convient d&rsquo;utiliser \u00e0 bon escient.<\/p>\n<p>Il s&rsquo;agit d&rsquo;un arbuste qui n\u00e9cessite relativement peu d&rsquo;entretien et qu&rsquo;il est pr\u00e9f\u00e9rable de tailler \u00e0 la fin de l&rsquo;hiver, une fois que les menaces de froid extr\u00eame sont pass\u00e9es. Les cerfs ne s&rsquo;int\u00e9ressent pas particuli\u00e8rement \u00e0 cette plante et la laissent g\u00e9n\u00e9ralement tranquille au profit de g\u00e2teries plus savoureuses. Il ne pr\u00e9sente pas de caract\u00e9ristiques n\u00e9gatives significatives.<\/p>\n<p>Le gen\u00e9vrier Blue Rug est recommand\u00e9 pour les applications paysag\u00e8res suivantes ;<\/p>\n<\/div>\n<div class=\"col\">\n<div class=\"text-h6\">Planter et cultiver<\/div>\n<p>Le gen\u00e9vrier Blue Rug atteindra une hauteur d&rsquo;environ 8 pouces \u00e0 maturit\u00e9, avec un \u00e9talement de 7 pieds. Il a tendance \u00e0 s&rsquo;\u00e9toffer jusqu&rsquo;au sol et n&rsquo;a donc pas n\u00e9cessairement besoin de plantes en fa\u00e7ade. Sa croissance est lente et, dans des conditions id\u00e9ales, il peut vivre environ 30 ans.<\/p>\n<p>Pousse mieux dans un endroit ensoleiller ou mi ombre. Il s&rsquo;adapte tr\u00e8s bien aux conditions de croissance s\u00e8ches et humides, mais ne tol\u00e8re pas l&rsquo;eau stagnante. Elle est consid\u00e9r\u00e9e comme tol\u00e9rante \u00e0 la s\u00e9cheresse et constitue donc un choix id\u00e9al pour un jardin \u00e0 faible consommation d&rsquo;eau ou une application x\u00e9ropaysag\u00e8re. Elle ne s&rsquo;int\u00e9resse pas au type de sol ou au pH. Elle est tr\u00e8s tol\u00e9rante \u00e0 la pollution urbaine et prosp\u00e8re m\u00eame dans les centres-villes. Un selection Nord Americaine.<\/p>\n<\/div>\n<\/div>\n<div class=\"q-item__section column text-primary q-item__section--main justify-center\">Hauteur : 15cm<\/div>\n<\/div>\n<div class=\"q-item q-item-type row no-wrap\">\n<div class=\"q-item__section column text-primary q-item__section--main justify-center\">Largeur: 1.5m<\/div>\n<\/div>\n<div class=\"q-item q-item-type row no-wrap\">\n<div class=\"q-item__section column text-primary q-item__section--main justify-center\">Ensoleilment: Soleil a MI Ombre<\/div>\n<div class=\"q-item__section column q-item__section--side justify-center\">\n<div><span style=\"font-size: 16px;\">Humidit\u00e9 du sol : <\/span><span style=\"font-size: 16px;\">Sec \u00e0 humide<\/span><\/div>\n<\/div>\n<\/div>\n<div class=\"q-item q-item-type row no-wrap\">\n<div class=\"q-item__section column text-primary q-item__section--main justify-center\">Zone de Rusticit\u00e9: 3<\/div>\n<\/div>\n<div class=\"q-item q-item-type row no-wrap\">\n<div class=\"q-item__section column text-primary q-item__section--main justify-center\">Couleur de feuillage: Blue<\/div>\n<\/div>\n<div class=\"q-item q-item-type row no-wrap\">\n<div class=\"q-item__section column text-primary q-item__section--main justify-center\">Couleur de feuillage d&rsquo;automne: mauve<\/div>\n<\/div>\n","protected":false},"featured_media":19789,"template":"","meta":{"site-sidebar-layout":"default","site-content-layout":"default","ast-site-content-layout":"default","site-content-style":"default","site-sidebar-style":"default","ast-global-header-display":"","ast-banner-title-visibility":"","ast-main-header-display":"","ast-hfb-above-header-display":"","ast-hfb-below-header-display":"","ast-hfb-mobile-header-display":"","site-post-title":"","ast-breadcrumbs-content":"","ast-featured-img":"","footer-sml-layout":"","ast-disable-related-posts":"","theme-transparent-header-meta":"default","adv-header-id-meta":"","stick-header-meta":"default","header-above-stick-meta":"","header-main-stick-meta":"","header-below-stick-meta":"","astra-migrate-meta-layouts":"default","ast-page-background-enabled":"default","ast-page-background-meta":{"desktop":{"background-color":"","background-image":"","background-repeat":"repeat","background-position":"center center","background-size":"auto","background-attachment":"scroll","background-type":"","background-media":"","overlay-type":"","overlay-color":"","overlay-opacity":"","overlay-gradient":""},"tablet":{"background-color":"","background-image":"","background-repeat":"repeat","background-position":"center center","background-size":"auto","background-attachment":"scroll","background-type":"","background-media":"","overlay-type":"","overlay-color":"","overlay-opacity":"","overlay-gradient":""},"mobile":{"background-color":"","background-image":"","background-repeat":"repeat","background-position":"center center","background-size":"auto","background-attachment":"scroll","background-type":"","background-media":"","overlay-type":"","overlay-color":"","overlay-opacity":"","overlay-gradient":""}},"ast-content-background-meta":{"desktop":{"background-color":"var(--ast-global-color-5)","background-image":"","background-repeat":"repeat","background-position":"center center","background-size":"auto","background-attachment":"scroll","background-type":"","background-media":"","overlay-type":"","overlay-color":"","overlay-opacity":"","overlay-gradient":""},"tablet":{"background-color":"var(--ast-global-color-5)","background-image":"","background-repeat":"repeat","background-position":"center center","background-size":"auto","background-attachment":"scroll","background-type":"","background-media":"","overlay-type":"","overlay-color":"","overlay-opacity":"","overlay-gradient":""},"mobile":{"background-color":"var(--ast-global-color-5)","background-image":"","background-repeat":"repeat","background-position":"center center","background-size":"auto","background-attachment":"scroll","background-type":"","background-media":"","overlay-type":"","overlay-color":"","overlay-opacity":"","overlay-gradient":""}}},"product_brand":[],"product_cat":[338],"product_tag":[],"class_list":{"0":"post-21055","1":"product","2":"type-product","3":"status-publish","4":"has-post-thumbnail","6":"product_cat-coniferes","7":"product_shipping_class-plantes","8":"desktop-align-left","9":"tablet-align-left","10":"mobile-align-left","11":"ast-product-gallery-layout-horizontal-slider","12":"ast-product-gallery-with-no-image","13":"ast-product-tabs-layout-horizontal","15":"first","16":"instock","17":"taxable","18":"shipping-taxable","19":"product-type-simple"},"_links":{"self":[{"href":"https:\/\/hortis.co\/fr\/wp-json\/wp\/v2\/product\/21055","targetHints":{"allow":["GET"]}}],"collection":[{"href":"https:\/\/hortis.co\/fr\/wp-json\/wp\/v2\/product"}],"about":[{"href":"https:\/\/hortis.co\/fr\/wp-json\/wp\/v2\/types\/product"}],"wp:featuredmedia":[{"embeddable":true,"href":"https:\/\/hortis.co\/fr\/wp-json\/wp\/v2\/media\/19789"}],"wp:attachment":[{"href":"https:\/\/hortis.co\/fr\/wp-json\/wp\/v2\/media?parent=21055"}],"wp:term":[{"taxonomy":"product_brand","embeddable":true,"href":"https:\/\/hortis.co\/fr\/wp-json\/wp\/v2\/product_brand?post=21055"},{"taxonomy":"product_cat","embeddable":true,"href":"https:\/\/hortis.co\/fr\/wp-json\/wp\/v2\/product_cat?post=21055"},{"taxonomy":"product_tag","embeddable":true,"href":"https:\/\/hortis.co\/fr\/wp-json\/wp\/v2\/product_tag?post=21055"}],"curies":[{"name":"wp","href":"https:\/\/api.w.org\/{rel}","templated":true}]}}