{"id":21096,"date":"2023-03-12T14:44:38","date_gmt":"2023-03-12T18:44:38","guid":{"rendered":"https:\/\/hortis.co\/product\/taxus-densiformis\/"},"modified":"2023-03-12T14:44:38","modified_gmt":"2023-03-12T18:44:38","slug":"taxus-densiformis","status":"publish","type":"product","link":"https:\/\/hortis.co\/fr\/produit\/taxus-densiformis\/","title":{"rendered":"Taxus Densiformis"},"content":{"rendered":"","protected":false},"excerpt":{"rendered":"<div class=\"col q-mt-md\">\n<div class=\"text-h6\">Description<\/div>\n<p>Arbuste id\u00e9al pour l&rsquo;am\u00e9nagement paysager, au port dense et \u00e9tal\u00e9, au feuillage \u00e9mergent vert vif se d\u00e9tachant sur des aiguilles persistantes fonc\u00e9es au printemps ; arbuste de jardin ou de fondation extr\u00eamement polyvalent, supporte tr\u00e8s bien la taille, se pla\u00eet \u00e0 l&rsquo;ombre.<\/p>\n<\/div>\n<div class=\"col\">\n<div class=\"text-h6\">Attribut Ornamental<\/div>\n<p>L&rsquo;if Densiformis a un feuillage vert for\u00eat qui \u00e9merge en vert clair au printemps. Les feuilles foug\u00e8res restent vertes tout au long de l&rsquo;hiver. Fleurs non signifiantes Les fruits sont des drupes rouges voyantes qui apparaissent du d\u00e9but \u00e0 la fin de l&rsquo;automne.<\/p>\n<\/div>\n<div class=\"col\">\n<div class=\"text-h6\">Attributes de paysagement<\/div>\n<p>L&rsquo;if Densiformis est un arbuste dense \u00e0 plusieurs tiges et \u00e0 feuillage persistant, au port dress\u00e9 et \u00e9tal\u00e9. Un conifere avec un feuillage a texture fin.<\/p>\n<p>Un conifere de peut d&rsquo;entretient qui peut etre tailler a n&rsquo;importe quel temps de l&rsquo;ann\u00e9e. Sans aucune charateristique negative significnate.<\/p>\n<p>L&rsquo;if Densiformis est recommand\u00e9 pour les applications paysag\u00e8res suivantes ;<\/p>\n<\/div>\n<div class=\"col\">\n<div class=\"text-h6\">Plantation et Croissance<\/div>\n<p>L&rsquo;if Densiformis atteindra une hauteur d&rsquo;environ 3 pieds \u00e0 maturit\u00e9, avec un \u00e9talement de 5 pieds. Il a tendance \u00e0 s&rsquo;\u00e9toffer jusqu&rsquo;au sol et n&rsquo;a donc pas n\u00e9cessairement besoin de plantes en fa\u00e7ade. Il a un croissance de lent a moyen et peut vivre jusqu&rsquo;a 50 ans dans des conditions ideals.<\/p>\n<p>Cet arbuste se pla\u00eet aussi bien en plein soleil qu&rsquo;\u00e0 l&rsquo;ombre. Elle se pla\u00eet dans des conditions d&rsquo;humidit\u00e9 moyenne \u00e0 r\u00e9guli\u00e8re, mais ne tol\u00e8re pas l&rsquo;eau stagnante. Elle ne s&rsquo;int\u00e9resse pas au type de sol ou au pH. Elle est tr\u00e8s tol\u00e9rante \u00e0 la pollution urbaine et prosp\u00e8re m\u00eame dans les centres-villes, et gagne \u00e0 \u00eatre plant\u00e9e dans un endroit relativement abrit\u00e9. Si vous le mettez dans un endroit a aire ouvert mettez y un bonne couche de paillis pour proteger sa racine. Cette vari\u00e9t\u00e9 particuli\u00e8re est un hybride intersp\u00e9cifique dont certaines parties sont connues pour \u00eatre toxiques pour les humains et les animaux. Il convient donc d&rsquo;\u00eatre prudent lors de sa plantation \u00e0 proximit\u00e9 des enfants et des animaux domestiques.<\/p>\n<\/div>\n","protected":false},"featured_media":21093,"template":"","meta":{"site-sidebar-layout":"default","site-content-layout":"default","ast-site-content-layout":"default","site-content-style":"default","site-sidebar-style":"default","ast-global-header-display":"","ast-banner-title-visibility":"","ast-main-header-display":"","ast-hfb-above-header-display":"","ast-hfb-below-header-display":"","ast-hfb-mobile-header-display":"","site-post-title":"","ast-breadcrumbs-content":"","ast-featured-img":"","footer-sml-layout":"","ast-disable-related-posts":"","theme-transparent-header-meta":"default","adv-header-id-meta":"","stick-header-meta":"default","header-above-stick-meta":"","header-main-stick-meta":"","header-below-stick-meta":"","astra-migrate-meta-layouts":"default","ast-page-background-enabled":"default","ast-page-background-meta":{"desktop":{"background-color":"","background-image":"","background-repeat":"repeat","background-position":"center center","background-size":"auto","background-attachment":"scroll","background-type":"","background-media":"","overlay-type":"","overlay-color":"","overlay-opacity":"","overlay-gradient":""},"tablet":{"background-color":"","background-image":"","background-repeat":"repeat","background-position":"center center","background-size":"auto","background-attachment":"scroll","background-type":"","background-media":"","overlay-type":"","overlay-color":"","overlay-opacity":"","overlay-gradient":""},"mobile":{"background-color":"","background-image":"","background-repeat":"repeat","background-position":"center center","background-size":"auto","background-attachment":"scroll","background-type":"","background-media":"","overlay-type":"","overlay-color":"","overlay-opacity":"","overlay-gradient":""}},"ast-content-background-meta":{"desktop":{"background-color":"var(--ast-global-color-5)","background-image":"","background-repeat":"repeat","background-position":"center center","background-size":"auto","background-attachment":"scroll","background-type":"","background-media":"","overlay-type":"","overlay-color":"","overlay-opacity":"","overlay-gradient":""},"tablet":{"background-color":"var(--ast-global-color-5)","background-image":"","background-repeat":"repeat","background-position":"center center","background-size":"auto","background-attachment":"scroll","background-type":"","background-media":"","overlay-type":"","overlay-color":"","overlay-opacity":"","overlay-gradient":""},"mobile":{"background-color":"var(--ast-global-color-5)","background-image":"","background-repeat":"repeat","background-position":"center center","background-size":"auto","background-attachment":"scroll","background-type":"","background-media":"","overlay-type":"","overlay-color":"","overlay-opacity":"","overlay-gradient":""}}},"product_brand":[],"product_cat":[338],"product_tag":[],"class_list":{"0":"post-21096","1":"product","2":"type-product","3":"status-publish","4":"has-post-thumbnail","6":"product_cat-coniferes","7":"product_shipping_class-plantes","8":"desktop-align-left","9":"tablet-align-left","10":"mobile-align-left","11":"ast-product-gallery-layout-horizontal-slider","12":"ast-product-gallery-with-no-image","13":"ast-product-single-variable","14":"ast-product-tabs-layout-horizontal","16":"first","17":"instock","18":"taxable","19":"shipping-taxable","20":"purchasable","21":"product-type-variable"},"_links":{"self":[{"href":"https:\/\/hortis.co\/fr\/wp-json\/wp\/v2\/product\/21096","targetHints":{"allow":["GET"]}}],"collection":[{"href":"https:\/\/hortis.co\/fr\/wp-json\/wp\/v2\/product"}],"about":[{"href":"https:\/\/hortis.co\/fr\/wp-json\/wp\/v2\/types\/product"}],"wp:featuredmedia":[{"embeddable":true,"href":"https:\/\/hortis.co\/fr\/wp-json\/wp\/v2\/media\/21093"}],"wp:attachment":[{"href":"https:\/\/hortis.co\/fr\/wp-json\/wp\/v2\/media?parent=21096"}],"wp:term":[{"taxonomy":"product_brand","embeddable":true,"href":"https:\/\/hortis.co\/fr\/wp-json\/wp\/v2\/product_brand?post=21096"},{"taxonomy":"product_cat","embeddable":true,"href":"https:\/\/hortis.co\/fr\/wp-json\/wp\/v2\/product_cat?post=21096"},{"taxonomy":"product_tag","embeddable":true,"href":"https:\/\/hortis.co\/fr\/wp-json\/wp\/v2\/product_tag?post=21096"}],"curies":[{"name":"wp","href":"https:\/\/api.w.org\/{rel}","templated":true}]}}