{"id":21107,"date":"2023-03-12T15:01:32","date_gmt":"2023-03-12T19:01:32","guid":{"rendered":"https:\/\/hortis.co\/product\/microbiota-decussata\/"},"modified":"2023-03-12T15:05:24","modified_gmt":"2023-03-12T19:05:24","slug":"microbiota-decussata","status":"publish","type":"product","link":"https:\/\/hortis.co\/fr\/produit\/microbiota-decussata\/","title":{"rendered":"Microbiota Decussata"},"content":{"rendered":"","protected":false},"excerpt":{"rendered":"<div class=\"col q-mt-md\">\n<div class=\"text-h6\">Description<\/div>\n<p>Peu connu mais rustique, ce couvre-sol \u00e0 feuilles persistantes et \u00e0 large d\u00e9ploiement ressemble beaucoup \u00e0 un gen\u00e9vrier \u00e9tal\u00e9, mais avec le feuillage de l&rsquo;arborvitae ; contrairement au gen\u00e9vrier, il se comporte tr\u00e8s bien \u00e0 l&rsquo;ombre, mais il a besoin d&rsquo;un sol bien drain\u00e9 mais humide et d&rsquo;une protection contre le vent.<\/p>\n<\/div>\n<div class=\"col\">\n<div class=\"text-h6\">Attribut Ornamental<\/div>\n<p>Le cypr\u00e8s russe a un feuillage vert. Les feuilles en forme d&rsquo;\u00e9cailles deviennent cuivr\u00e9es \u00e0 l&rsquo;automne. Les fleurs et les fruits n&rsquo;ont pas de valeur ornamental.<\/p>\n<\/div>\n<div class=\"col\">\n<div class=\"text-h6\">Attributes de paysagement<\/div>\n<p>Le cypr\u00e8s russe est un arbuste \u00e0 feuilles persistantes \u00e0 plusieurs tiges, dont le port s&rsquo;accroche au sol. Un conifere avec un feuillage a texture fin.<\/p>\n<p>Il s&rsquo;agit d&rsquo;un arbuste qui n\u00e9cessite relativement peu d&rsquo;entretien et qu&rsquo;il est pr\u00e9f\u00e9rable de tailler \u00e0 la fin de l&rsquo;hiver, une fois que les menaces de froid extr\u00eame sont pass\u00e9es. Sans aucune charateristique negative significnate.<\/p>\n<p>Le cypr\u00e8s russe est recommand\u00e9 pour les applications paysag\u00e8res suivantes ;<\/p>\n<\/div>\n<div class=\"col\">\n<div class=\"text-h6\">Plantation et Croissance<\/div>\n<p>Le cypr\u00e8s russe atteindra une hauteur d&rsquo;environ 18 pouces \u00e0 maturit\u00e9, avec un \u00e9talement de 8 pieds. Il a tendance \u00e0 s&rsquo;\u00e9toffer jusqu&rsquo;au sol et n&rsquo;a donc pas n\u00e9cessairement besoin de plantes en fa\u00e7ade. Il pousse a un croissance lente et peut vivre jusqu&rsquo;a 30 ans.<\/p>\n<p>Cet arbuste se pla\u00eet aussi bien en plein soleil qu&rsquo;\u00e0 l&rsquo;ombre. Il s&rsquo;adapte tr\u00e8s bien aux conditions de croissance s\u00e8ches et humides, mais ne tol\u00e8re pas l&rsquo;eau stagnante. Elle ne s&rsquo;int\u00e9resse pas au type de sol ou au pH. Il est assez intol\u00e9rant \u00e0 la pollution urbaine, il est donc pr\u00e9f\u00e9rable d&rsquo;\u00e9viter les plantations en centre-ville ou en bordure de rue, et il gagnera \u00e0 \u00eatre plant\u00e9 dans un endroit relativement abrit\u00e9. Si vous le mettez dans un endroit a aire ouvert mettez y un bonne couche de paillis pour proteger sa racine. Cette esp\u00e8ce n&rsquo;est pas originaire d&rsquo;Am\u00e9rique du Nord.<\/p>\n<\/div>\n","protected":false},"featured_media":21106,"template":"","meta":{"site-sidebar-layout":"default","site-content-layout":"default","ast-site-content-layout":"default","site-content-style":"default","site-sidebar-style":"default","ast-global-header-display":"","ast-banner-title-visibility":"","ast-main-header-display":"","ast-hfb-above-header-display":"","ast-hfb-below-header-display":"","ast-hfb-mobile-header-display":"","site-post-title":"","ast-breadcrumbs-content":"","ast-featured-img":"","footer-sml-layout":"","ast-disable-related-posts":"","theme-transparent-header-meta":"default","adv-header-id-meta":"","stick-header-meta":"default","header-above-stick-meta":"","header-main-stick-meta":"","header-below-stick-meta":"","astra-migrate-meta-layouts":"default","ast-page-background-enabled":"default","ast-page-background-meta":{"desktop":{"background-color":"","background-image":"","background-repeat":"repeat","background-position":"center center","background-size":"auto","background-attachment":"scroll","background-type":"","background-media":"","overlay-type":"","overlay-color":"","overlay-opacity":"","overlay-gradient":""},"tablet":{"background-color":"","background-image":"","background-repeat":"repeat","background-position":"center center","background-size":"auto","background-attachment":"scroll","background-type":"","background-media":"","overlay-type":"","overlay-color":"","overlay-opacity":"","overlay-gradient":""},"mobile":{"background-color":"","background-image":"","background-repeat":"repeat","background-position":"center center","background-size":"auto","background-attachment":"scroll","background-type":"","background-media":"","overlay-type":"","overlay-color":"","overlay-opacity":"","overlay-gradient":""}},"ast-content-background-meta":{"desktop":{"background-color":"var(--ast-global-color-5)","background-image":"","background-repeat":"repeat","background-position":"center center","background-size":"auto","background-attachment":"scroll","background-type":"","background-media":"","overlay-type":"","overlay-color":"","overlay-opacity":"","overlay-gradient":""},"tablet":{"background-color":"var(--ast-global-color-5)","background-image":"","background-repeat":"repeat","background-position":"center center","background-size":"auto","background-attachment":"scroll","background-type":"","background-media":"","overlay-type":"","overlay-color":"","overlay-opacity":"","overlay-gradient":""},"mobile":{"background-color":"var(--ast-global-color-5)","background-image":"","background-repeat":"repeat","background-position":"center center","background-size":"auto","background-attachment":"scroll","background-type":"","background-media":"","overlay-type":"","overlay-color":"","overlay-opacity":"","overlay-gradient":""}}},"product_brand":[],"product_cat":[338],"product_tag":[],"class_list":{"0":"post-21107","1":"product","2":"type-product","3":"status-publish","4":"has-post-thumbnail","6":"product_cat-coniferes","7":"desktop-align-left","8":"tablet-align-left","9":"mobile-align-left","10":"ast-product-gallery-layout-horizontal-slider","11":"ast-product-gallery-with-no-image","12":"ast-product-single-variable","13":"ast-product-tabs-layout-horizontal","15":"first","16":"instock","17":"taxable","18":"shipping-taxable","19":"purchasable","20":"product-type-variable"},"_links":{"self":[{"href":"https:\/\/hortis.co\/fr\/wp-json\/wp\/v2\/product\/21107","targetHints":{"allow":["GET"]}}],"collection":[{"href":"https:\/\/hortis.co\/fr\/wp-json\/wp\/v2\/product"}],"about":[{"href":"https:\/\/hortis.co\/fr\/wp-json\/wp\/v2\/types\/product"}],"wp:featuredmedia":[{"embeddable":true,"href":"https:\/\/hortis.co\/fr\/wp-json\/wp\/v2\/media\/21106"}],"wp:attachment":[{"href":"https:\/\/hortis.co\/fr\/wp-json\/wp\/v2\/media?parent=21107"}],"wp:term":[{"taxonomy":"product_brand","embeddable":true,"href":"https:\/\/hortis.co\/fr\/wp-json\/wp\/v2\/product_brand?post=21107"},{"taxonomy":"product_cat","embeddable":true,"href":"https:\/\/hortis.co\/fr\/wp-json\/wp\/v2\/product_cat?post=21107"},{"taxonomy":"product_tag","embeddable":true,"href":"https:\/\/hortis.co\/fr\/wp-json\/wp\/v2\/product_tag?post=21107"}],"curies":[{"name":"wp","href":"https:\/\/api.w.org\/{rel}","templated":true}]}}