{"id":21243,"date":"2020-12-26T22:52:05","date_gmt":"2020-12-27T03:52:05","guid":{"rendered":"https:\/\/hortis.co\/product\/acer-platanoides-royal-red\/"},"modified":"2023-03-17T21:13:26","modified_gmt":"2023-03-18T01:13:26","slug":"acer-platanoides-royal-red","status":"publish","type":"product","link":"https:\/\/hortis.co\/fr\/produit\/acer-platanoides-royal-red\/","title":{"rendered":"Acer platanoides &lsquo;Royal Red&rsquo;"},"content":{"rendered":"","protected":false},"excerpt":{"rendered":"<div class=\"col q-mt-md\">\n<div class=\"text-h6\">Description<\/div>\n<p>L&rsquo;\u00e9rable \u00e0 feuilles pourpres le plus rustique, cette am\u00e9lioration du populaire Crimson King conserve sa riche couleur pourpre royal tout au long de la saison. Il s&rsquo;agit d&rsquo;un bel arbre d&rsquo;accent ou d&rsquo;ombrage pour les grandes cours.<\/p>\n<\/div>\n<div class=\"col\">\n<div class=\"text-h6\">Attribut Ornamental<\/div>\n<p>L&rsquo;\u00e9rable de Norv\u00e8ge Royal Red poss\u00e8de un feuillage pourpre attrayant tout au long de la saison. Les feuilles lob\u00e9es sont tr\u00e8s ornementales et prennent une couleur pourpre fonc\u00e9 exceptionnelle \u00e0 l&rsquo;automne. Il est couvert de magnifiques corymbes de fleurs jaune citron le long des branches au d\u00e9but du printemps, avant les feuilles. Le fruit n&rsquo;a pas d&rsquo;importance ornementale.<\/p>\n<\/div>\n<div class=\"col\">\n<div class=\"text-h6\">Attributes de paysagement<\/div>\n<p>L&rsquo;\u00e9rable de Norv\u00e8ge Royal Red est un arbre \u00e0 feuilles caduques dense, de forme plus ou moins arrondie. Sa texture relativement grossi\u00e8re peut \u00eatre utilis\u00e9e pour la distinguer d&rsquo;autres plantes paysag\u00e8res au feuillage plus fin.<\/p>\n<p>C&rsquo;est un arbre qui demande relativement peu d&rsquo;entretien et qui ne doit \u00eatre taill\u00e9 qu&rsquo;en \u00e9t\u00e9, apr\u00e8s le d\u00e9veloppement complet des feuilles, car il risque de \u00ab\u00a0saigner\u00a0\u00bb de la s\u00e8ve s&rsquo;il est taill\u00e9 \u00e0 la fin de l&rsquo;hiver ou au d\u00e9but du printemps. Sans aucune charateristique negative significante.<\/p>\n<p>L&rsquo;\u00e9rable de Norv\u00e8ge Royal Red est recommand\u00e9 pour les applications paysag\u00e8res suivantes ;<\/p>\n<\/div>\n<div class=\"col\">\n<div class=\"text-h6\">Plantation et Croissance<\/div>\n<p>L&rsquo;\u00e9rable de Norv\u00e8ge Royal Red atteindra une hauteur d&rsquo;environ 50 pieds \u00e0 maturit\u00e9, avec un \u00e9talement de 40 pieds. Son houppier est haut, avec une hauteur typique de 7 pieds \u00e0 partir du sol, et il ne doit pas \u00eatre plant\u00e9 sous des lignes \u00e9lectriques. \u00c0 mesure qu&rsquo;il m\u00fbrit, les branches inf\u00e9rieures de cet arbre peuvent \u00eatre strat\u00e9giquement enlev\u00e9es pour cr\u00e9er une canop\u00e9e suffisamment haute pour permettre une circulation humaine sans entrave en dessous. Il pousse \u00e0 un rythme moyen et, dans des conditions id\u00e9ales, on peut s&rsquo;attendre \u00e0 ce qu&rsquo;il vive jusqu&rsquo;\u00e0 l&rsquo;\u00e2ge m\u00fbr de 100 ans ou plus ; pensez-y comme un arbre du patrimoine pour les g\u00e9n\u00e9rations futures !<\/p>\n<p>Cet arbre ne doit \u00eatre cultiv\u00e9 qu&rsquo;en plein soleil. Preferables dans un endroit dont le sol est humide. Elle ne s&rsquo;int\u00e9resse pas au type de sol ou au pH. Elle est tr\u00e8s tol\u00e9rante \u00e0 la pollution urbaine et prosp\u00e8re m\u00eame dans les centres-villes. Il s&rsquo;agit d&rsquo;une vari\u00e9t\u00e9 s\u00e9lectionn\u00e9e d&rsquo;une esp\u00e8ce qui n&rsquo;est pas originaire d&rsquo;Am\u00e9rique du Nord.<\/p>\n<\/div>\n<div class=\"q-item q-item-type row no-wrap\">\n<div class=\"q-item__section column text-primary q-item__section--main justify-center\">Hauteur : 12m<\/div>\n<\/div>\n<div class=\"q-item q-item-type row no-wrap\">\n<div class=\"q-item__section column text-primary q-item__section--main justify-center\">Port\u00e9e : 10m<\/div>\n<\/div>\n<div class=\"q-item q-item-type row no-wrap\">\n<div class=\"q-item__section column text-primary q-item__section--main justify-center\">Ensoleilment: Soleil<\/div>\n<div class=\"q-item__section column q-item__section--side justify-center\">\n<div><span style=\"font-size: 16px;\">Humidit\u00e9:<\/span> <span style=\"font-size: 16px;\">Moyen a Humide<\/span><\/div>\n<\/div>\n<\/div>\n<div class=\"q-item q-item-type row no-wrap\">\n<div class=\"q-item__section column text-primary q-item__section--main justify-center\">Zone de Rusticit\u00e9: 3<\/div>\n<\/div>\n<div class=\"q-item q-item-type row no-wrap\">\n<div class=\"q-item__section column text-primary q-item__section--main justify-center\">Couleur de la fleur : jaune<\/div>\n<\/div>\n<div class=\"q-item q-item-type row no-wrap\">\n<div class=\"q-item__section column text-primary q-item__section--main justify-center\">Couleur du feuillage : Pourpre<\/div>\n<\/div>\n<div class=\"q-item q-item-type row no-wrap\">\n<div class=\"q-item__section column text-primary q-item__section--main justify-center\">Couleur de feuillage d&rsquo;automne: mauve<\/div>\n<\/div>\n","protected":false},"featured_media":20146,"template":"","meta":{"site-sidebar-layout":"default","site-content-layout":"default","ast-site-content-layout":"default","site-content-style":"default","site-sidebar-style":"default","ast-global-header-display":"","ast-banner-title-visibility":"","ast-main-header-display":"","ast-hfb-above-header-display":"","ast-hfb-below-header-display":"","ast-hfb-mobile-header-display":"","site-post-title":"","ast-breadcrumbs-content":"","ast-featured-img":"","footer-sml-layout":"","ast-disable-related-posts":"","theme-transparent-header-meta":"default","adv-header-id-meta":"","stick-header-meta":"default","header-above-stick-meta":"","header-main-stick-meta":"","header-below-stick-meta":"","astra-migrate-meta-layouts":"default","ast-page-background-enabled":"default","ast-page-background-meta":{"desktop":{"background-color":"","background-image":"","background-repeat":"repeat","background-position":"center center","background-size":"auto","background-attachment":"scroll","background-type":"","background-media":"","overlay-type":"","overlay-color":"","overlay-opacity":"","overlay-gradient":""},"tablet":{"background-color":"","background-image":"","background-repeat":"repeat","background-position":"center center","background-size":"auto","background-attachment":"scroll","background-type":"","background-media":"","overlay-type":"","overlay-color":"","overlay-opacity":"","overlay-gradient":""},"mobile":{"background-color":"","background-image":"","background-repeat":"repeat","background-position":"center center","background-size":"auto","background-attachment":"scroll","background-type":"","background-media":"","overlay-type":"","overlay-color":"","overlay-opacity":"","overlay-gradient":""}},"ast-content-background-meta":{"desktop":{"background-color":"var(--ast-global-color-5)","background-image":"","background-repeat":"repeat","background-position":"center center","background-size":"auto","background-attachment":"scroll","background-type":"","background-media":"","overlay-type":"","overlay-color":"","overlay-opacity":"","overlay-gradient":""},"tablet":{"background-color":"var(--ast-global-color-5)","background-image":"","background-repeat":"repeat","background-position":"center center","background-size":"auto","background-attachment":"scroll","background-type":"","background-media":"","overlay-type":"","overlay-color":"","overlay-opacity":"","overlay-gradient":""},"mobile":{"background-color":"var(--ast-global-color-5)","background-image":"","background-repeat":"repeat","background-position":"center center","background-size":"auto","background-attachment":"scroll","background-type":"","background-media":"","overlay-type":"","overlay-color":"","overlay-opacity":"","overlay-gradient":""}}},"product_brand":[],"product_cat":[425],"product_tag":[],"class_list":{"0":"post-21243","1":"product","2":"type-product","3":"status-publish","4":"has-post-thumbnail","6":"product_cat-arbres-fr","7":"product_shipping_class-plantes","8":"desktop-align-left","9":"tablet-align-left","10":"mobile-align-left","11":"ast-product-gallery-layout-horizontal-slider","12":"ast-product-gallery-with-no-image","13":"ast-product-single-variable","14":"ast-product-tabs-layout-horizontal","16":"first","17":"instock","18":"taxable","19":"shipping-taxable","20":"purchasable","21":"product-type-variable"},"_links":{"self":[{"href":"https:\/\/hortis.co\/fr\/wp-json\/wp\/v2\/product\/21243","targetHints":{"allow":["GET"]}}],"collection":[{"href":"https:\/\/hortis.co\/fr\/wp-json\/wp\/v2\/product"}],"about":[{"href":"https:\/\/hortis.co\/fr\/wp-json\/wp\/v2\/types\/product"}],"wp:featuredmedia":[{"embeddable":true,"href":"https:\/\/hortis.co\/fr\/wp-json\/wp\/v2\/media\/20146"}],"wp:attachment":[{"href":"https:\/\/hortis.co\/fr\/wp-json\/wp\/v2\/media?parent=21243"}],"wp:term":[{"taxonomy":"product_brand","embeddable":true,"href":"https:\/\/hortis.co\/fr\/wp-json\/wp\/v2\/product_brand?post=21243"},{"taxonomy":"product_cat","embeddable":true,"href":"https:\/\/hortis.co\/fr\/wp-json\/wp\/v2\/product_cat?post=21243"},{"taxonomy":"product_tag","embeddable":true,"href":"https:\/\/hortis.co\/fr\/wp-json\/wp\/v2\/product_tag?post=21243"}],"curies":[{"name":"wp","href":"https:\/\/api.w.org\/{rel}","templated":true}]}}