{"id":21347,"date":"2021-04-18T20:15:10","date_gmt":"2021-04-19T00:15:10","guid":{"rendered":"https:\/\/hortis.co\/product\/potentille-fruticosa-mango-tango\/"},"modified":"2021-04-18T20:15:10","modified_gmt":"2021-04-19T00:15:10","slug":"potentille-fruticosa-mango-tango-3","status":"publish","type":"product","link":"https:\/\/hortis.co\/fr\/produit\/potentille-fruticosa-mango-tango-3\/","title":{"rendered":"Potentille fruticosa &lsquo;Mango Tango&rsquo;"},"content":{"rendered":"","protected":false},"excerpt":{"rendered":"<div class=\"col q-mt-md\">\n<div class=\"text-h6\">Description<\/div>\n<p>Une nouvelle vari\u00e9t\u00e9 extr\u00eamement dense et compacte avec des fleurs jaunes voyantes stri\u00e9es d&rsquo;orange de juillet jusqu&rsquo;aux gel\u00e9es et un feuillage \u00e0 la texture fine ; r\u00e9sistant, rustique et adaptable, n\u00e9cessite rarement d&rsquo;\u00eatre taill\u00e9, excellent pour les plantations en masse.<\/p>\n<\/div>\n<div class=\"col\">\n<div class=\"text-h6\">Attribut Ornamental<\/div>\n<p>La Potentille Mango Tango a des fleurs jaunes avec un centre orange \u00e0 l&rsquo;extr\u00e9mit\u00e9 des branches de la fin du printemps au d\u00e9but de l&rsquo;automne. Son feuillage est vert clair tout au long de la saison. Les petites feuilles compos\u00e9es de foug\u00e8res ne d\u00e9veloppent pas de couleur appr\u00e9ciable \u00e0 l&rsquo;automne. Le fruit n&rsquo;a pas d&rsquo;importance ornementale.<\/p>\n<\/div>\n<div class=\"col\">\n<div class=\"text-h6\">Attributes de paysagement<\/div>\n<p>La potentille Mango Tango est un arbuste \u00e0 feuilles caduques, dense et \u00e0 plusieurs tiges, de forme plus ou moins arrondie. Il conf\u00e8re \u00e0 la composition du paysage une texture extr\u00eamement fine et d\u00e9licate qu&rsquo;il convient d&rsquo;utiliser \u00e0 bon escient.<\/p>\n<p>Il s&rsquo;agit d&rsquo;un arbuste qui n\u00e9cessite relativement peu d&rsquo;entretien et qu&rsquo;il est pr\u00e9f\u00e9rable de tailler \u00e0 la fin de l&rsquo;hiver, une fois que les menaces de froid extr\u00eame sont pass\u00e9es. C&rsquo;est un bon choix pour attirer les papillons dans votre jardin, mais il n&rsquo;est pas particuli\u00e8rement attrayant pour les chevreuils qui ont tendance \u00e0 le laisser tranquille au profit de g\u00e2teries plus savoureuses. Sans aucune charateristique negative significante.<\/p>\n<p>La potentille Mango Tango est recommand\u00e9e pour les applications paysag\u00e8res suivantes ;<\/p>\n<\/div>\n<div class=\"col\">\n<div class=\"text-h6\">Plantation et Croissance<\/div>\n<p>La Potentille Mango Tango atteindra une hauteur de 24 pouces \u00e0 maturit\u00e9, avec un \u00e9talement de 24 pouces. Il a tendance \u00e0 s&rsquo;\u00e9toffer jusqu&rsquo;au sol et n&rsquo;a donc pas n\u00e9cessairement besoin de plantes en fa\u00e7ade. Il pousse a un croissance lente et peut vivre jusqu&rsquo;a 30 ans.<\/p>\n<p>Pousse mieux dans un endroit ensoleiller ou mi ombre. Il s&rsquo;adapte tr\u00e8s bien aux endroits secs et humides, et devrait s&rsquo;accommoder parfaitement des conditions typiques d&rsquo;un jardin. Elle est consid\u00e9r\u00e9e comme tol\u00e9rante \u00e0 la s\u00e9cheresse et constitue donc un choix id\u00e9al pour un jardin \u00e0 faible consommation d&rsquo;eau ou une application x\u00e9ropaysag\u00e8re. Elle ne s&rsquo;int\u00e9resse pas au type de sol ou au pH. Elle est tr\u00e8s tol\u00e9rante \u00e0 la pollution urbaine et prosp\u00e8re m\u00eame dans les centres-villes. Un selection Nord Americaine.<\/p>\n<\/div>\n<div class=\"q-item q-item-type row no-wrap\">\n<div class=\"q-item__section column text-primary q-item__section--main justify-center\">Hauteur : 60cm<\/div>\n<\/div>\n<div class=\"q-item q-item-type row no-wrap\">\n<div class=\"q-item__section column text-primary q-item__section--main justify-center\">Largeur : 60 cm<\/div>\n<\/div>\n<div class=\"q-item q-item-type row no-wrap\">\n<div class=\"q-item__section column text-primary q-item__section--main justify-center\">Ensoleilment: Soleil a MI Ombre<\/div>\n<\/div>\n<div class=\"q-item q-item-type row no-wrap\">\n<div class=\"q-item__section column text-primary q-item__section--main justify-center\">Humidit\u00e9 du sol : Sec \u00e0 humide<\/div>\n<\/div>\n<div class=\"q-item q-item-type row no-wrap\">\n<div class=\"q-item__section column text-primary q-item__section--main justify-center\">Hardiness Zone: 2<\/div>\n<\/div>\n<div class=\"q-item q-item-type row no-wrap\">\n<div class=\"q-item__section column text-primary q-item__section--main justify-center\">Couleur de la fleur : jaune<\/div>\n<\/div>\n<div class=\"q-item q-item-type row no-wrap\">\n<div class=\"q-item__section column text-primary q-item__section--main justify-center\">Feuillage: Vert<\/div>\n<\/div>\n","protected":false},"featured_media":19847,"template":"","meta":{"site-sidebar-layout":"default","site-content-layout":"default","ast-site-content-layout":"default","site-content-style":"default","site-sidebar-style":"default","ast-global-header-display":"","ast-banner-title-visibility":"","ast-main-header-display":"","ast-hfb-above-header-display":"","ast-hfb-below-header-display":"","ast-hfb-mobile-header-display":"","site-post-title":"","ast-breadcrumbs-content":"","ast-featured-img":"","footer-sml-layout":"","ast-disable-related-posts":"","theme-transparent-header-meta":"default","adv-header-id-meta":"","stick-header-meta":"default","header-above-stick-meta":"","header-main-stick-meta":"","header-below-stick-meta":"","astra-migrate-meta-layouts":"default","ast-page-background-enabled":"default","ast-page-background-meta":{"desktop":{"background-color":"","background-image":"","background-repeat":"repeat","background-position":"center center","background-size":"auto","background-attachment":"scroll","background-type":"","background-media":"","overlay-type":"","overlay-color":"","overlay-opacity":"","overlay-gradient":""},"tablet":{"background-color":"","background-image":"","background-repeat":"repeat","background-position":"center center","background-size":"auto","background-attachment":"scroll","background-type":"","background-media":"","overlay-type":"","overlay-color":"","overlay-opacity":"","overlay-gradient":""},"mobile":{"background-color":"","background-image":"","background-repeat":"repeat","background-position":"center center","background-size":"auto","background-attachment":"scroll","background-type":"","background-media":"","overlay-type":"","overlay-color":"","overlay-opacity":"","overlay-gradient":""}},"ast-content-background-meta":{"desktop":{"background-color":"var(--ast-global-color-5)","background-image":"","background-repeat":"repeat","background-position":"center center","background-size":"auto","background-attachment":"scroll","background-type":"","background-media":"","overlay-type":"","overlay-color":"","overlay-opacity":"","overlay-gradient":""},"tablet":{"background-color":"var(--ast-global-color-5)","background-image":"","background-repeat":"repeat","background-position":"center center","background-size":"auto","background-attachment":"scroll","background-type":"","background-media":"","overlay-type":"","overlay-color":"","overlay-opacity":"","overlay-gradient":""},"mobile":{"background-color":"var(--ast-global-color-5)","background-image":"","background-repeat":"repeat","background-position":"center center","background-size":"auto","background-attachment":"scroll","background-type":"","background-media":"","overlay-type":"","overlay-color":"","overlay-opacity":"","overlay-gradient":""}}},"product_brand":[],"product_cat":[341],"product_tag":[],"class_list":{"0":"post-21347","1":"product","2":"type-product","3":"status-publish","4":"has-post-thumbnail","6":"product_cat-arbustes","7":"product_shipping_class-plantes","8":"desktop-align-left","9":"tablet-align-left","10":"mobile-align-left","11":"ast-product-gallery-layout-horizontal-slider","12":"ast-product-gallery-with-no-image","13":"ast-product-single-variable","14":"ast-product-tabs-layout-horizontal","16":"first","17":"instock","18":"taxable","19":"shipping-taxable","20":"purchasable","21":"product-type-variable"},"_links":{"self":[{"href":"https:\/\/hortis.co\/fr\/wp-json\/wp\/v2\/product\/21347","targetHints":{"allow":["GET"]}}],"collection":[{"href":"https:\/\/hortis.co\/fr\/wp-json\/wp\/v2\/product"}],"about":[{"href":"https:\/\/hortis.co\/fr\/wp-json\/wp\/v2\/types\/product"}],"wp:featuredmedia":[{"embeddable":true,"href":"https:\/\/hortis.co\/fr\/wp-json\/wp\/v2\/media\/19847"}],"wp:attachment":[{"href":"https:\/\/hortis.co\/fr\/wp-json\/wp\/v2\/media?parent=21347"}],"wp:term":[{"taxonomy":"product_brand","embeddable":true,"href":"https:\/\/hortis.co\/fr\/wp-json\/wp\/v2\/product_brand?post=21347"},{"taxonomy":"product_cat","embeddable":true,"href":"https:\/\/hortis.co\/fr\/wp-json\/wp\/v2\/product_cat?post=21347"},{"taxonomy":"product_tag","embeddable":true,"href":"https:\/\/hortis.co\/fr\/wp-json\/wp\/v2\/product_tag?post=21347"}],"curies":[{"name":"wp","href":"https:\/\/api.w.org\/{rel}","templated":true}]}}