{"id":21371,"date":"2020-12-26T22:52:06","date_gmt":"2020-12-27T03:52:06","guid":{"rendered":"https:\/\/hortis.co\/product\/quercus-macrocarpa\/"},"modified":"2020-12-26T22:52:06","modified_gmt":"2020-12-27T03:52:06","slug":"quercus-macrocarpa","status":"publish","type":"product","link":"https:\/\/hortis.co\/fr\/produit\/quercus-macrocarpa\/","title":{"rendered":"Quercus &lsquo;Macrocarpa&rsquo;"},"content":{"rendered":"","protected":false},"excerpt":{"rendered":"<div class=\"col q-mt-md\">\n<div class=\"text-h6\">Description<\/div>\n<p>Le plus robuste des ch\u00eanes, cet arbre d&rsquo;ombrage est singuli\u00e8rement majestueux, avec son pittoresque port \u00e9tal\u00e9 et ses branches noueuses, id\u00e9al pour les grands paysages ; extr\u00eamement r\u00e9sistant et adaptable, mais \u00e0 croissance relativement lente, \u00e0 planter pour les g\u00e9n\u00e9rations futures.<\/p>\n<\/div>\n<div class=\"col\">\n<div class=\"text-h6\">Attribut Ornamental<\/div>\n<p>Le ch\u00eane \u00e0 gros fruits a un feuillage vert fonc\u00e9 pendant toute la saison. Les feuilles lob\u00e9es et brillantes deviennent cuivr\u00e9es \u00e0 l&rsquo;automne. Les fleurs et les fruits n&rsquo;ont pas de valeur ornamental. Cependant, les fruits peuvent \u00eatre salissants dans le paysage et n\u00e9cessiter un nettoyage occasionnel. L&rsquo;\u00e9corce noire sillonn\u00e9e ajoute une dimension int\u00e9ressante au paysage.<\/p>\n<\/div>\n<div class=\"col\">\n<div class=\"text-h6\">Attributes de paysagement<\/div>\n<p>Le ch\u00eane \u00e0 gros fruits est un arbre \u00e0 feuilles caduques dense, de forme plus ou moins arrondie. Sa texture relativement grossi\u00e8re peut \u00eatre utilis\u00e9e pour la distinguer d&rsquo;autres plantes paysag\u00e8res au feuillage plus fin.<\/p>\n<p>Cet arbre n\u00e9cessitera un entretien occasionnel, et il est pr\u00e9f\u00e9rable de le tailler \u00e0 la fin de l&rsquo;hiver, une fois que les menaces de froid extr\u00eame sont pass\u00e9es. C&rsquo;est un bon choix pour attirer les \u00e9cureuils dans votre jardin. Les jardiniers doivent \u00eatre conscients des caract\u00e9ristiques suivantes qui peuvent justifier une attention particuli\u00e8re ;<\/p>\n<p>Le ch\u00eane a gros fruitsest recommand\u00e9 pour les applications paysag\u00e8res suivantes ;<\/p>\n<\/div>\n<div class=\"col\">\n<div class=\"text-h6\">Plantation et Croissance<\/div>\n<p>Le ch\u00eane \u00e0 gros fruits atteindra une hauteur d&rsquo;environ 80 pieds \u00e0 maturit\u00e9, avec un \u00e9talement de 80 pieds. Le feuillage de l&rsquo;arbuste est tr\u00e8s haut, bien au-dessus du sol, et il ne faut pas le planter sous les lignes \u00e9lectriques. \u00c0 mesure qu&rsquo;il m\u00fbrit, les branches inf\u00e9rieures de cet arbre peuvent \u00eatre strat\u00e9giquement enlev\u00e9es pour cr\u00e9er une canop\u00e9e suffisamment haute pour permettre une circulation humaine sans entrave en dessous. Il pousse lentement et, dans des conditions id\u00e9ales, on peut s&rsquo;attendre \u00e0 ce qu&rsquo;il vive jusqu&rsquo;\u00e0 l&rsquo;\u00e2ge m\u00fbr de 300 ans ou plus ; pensez-y comme un arbre du patrimoine pour les g\u00e9n\u00e9rations futures !<\/p>\n<p>Cet arbre ne doit \u00eatre cultiv\u00e9 qu&rsquo;en plein soleil. Il s&rsquo;adapte tr\u00e8s bien aux endroits secs et humides, et devrait s&rsquo;accommoder tr\u00e8s bien des conditions moyennes d&rsquo;un am\u00e9nagement paysager. Il est consid\u00e9r\u00e9 comme tol\u00e9rant \u00e0 la s\u00e9cheresse et constitue donc un choix id\u00e9al pour le x\u00e9ropaysagisme ou le paysage de conservation de l&rsquo;humidit\u00e9. Elle n&rsquo;est pas sensible au type de sol ou au pH. Elle tol\u00e8re assez bien la pollution urbaine. Cette esp\u00e8ce est originaire de certaines parties de l&rsquo;Am\u00e9rique du Nord.<\/p>\n<\/div>\n<div class=\"q-item q-item-type row no-wrap\">\n<div class=\"q-item__section column text-primary q-item__section--main justify-center\">Hauteur : 80 pieds<\/div>\n<\/div>\n<div class=\"q-item q-item-type row no-wrap\">\n<div class=\"q-item__section column text-primary q-item__section--main justify-center\">Port\u00e9e : 80 pieds<\/div>\n<\/div>\n<div class=\"q-item q-item-type row no-wrap\">\n<div class=\"q-item__section column text-primary q-item__section--main justify-center\">Ensoleilment: Soleil<\/div>\n<div class=\"q-item__section column q-item__section--side justify-center\">\n<div><span style=\"font-size: 16px;\">Humidit\u00e9 du sol : <\/span><span style=\"font-size: 16px;\">Sec \u00e0 humide<\/span><\/div>\n<\/div>\n<\/div>\n<div class=\"q-item q-item-type row no-wrap\">\n<div class=\"q-item__section column text-primary q-item__section--main justify-center\">Hardiness Zone: 2<\/div>\n<\/div>\n<div class=\"q-item q-item-type row no-wrap\">\n<div class=\"q-item__section column text-primary q-item__section--main justify-center\">Feuillage: Vert<\/div>\n<\/div>\n<div class=\"q-item q-item-type row no-wrap\">\n<div class=\"q-item__section column text-primary q-item__section--main justify-center\">Couleur d&rsquo;automne : Orange<\/div>\n<\/div>\n","protected":false},"featured_media":20156,"template":"","meta":{"site-sidebar-layout":"default","site-content-layout":"default","ast-site-content-layout":"default","site-content-style":"default","site-sidebar-style":"default","ast-global-header-display":"","ast-banner-title-visibility":"","ast-main-header-display":"","ast-hfb-above-header-display":"","ast-hfb-below-header-display":"","ast-hfb-mobile-header-display":"","site-post-title":"","ast-breadcrumbs-content":"","ast-featured-img":"","footer-sml-layout":"","ast-disable-related-posts":"","theme-transparent-header-meta":"default","adv-header-id-meta":"","stick-header-meta":"default","header-above-stick-meta":"","header-main-stick-meta":"","header-below-stick-meta":"","astra-migrate-meta-layouts":"default","ast-page-background-enabled":"default","ast-page-background-meta":{"desktop":{"background-color":"","background-image":"","background-repeat":"repeat","background-position":"center center","background-size":"auto","background-attachment":"scroll","background-type":"","background-media":"","overlay-type":"","overlay-color":"","overlay-opacity":"","overlay-gradient":""},"tablet":{"background-color":"","background-image":"","background-repeat":"repeat","background-position":"center center","background-size":"auto","background-attachment":"scroll","background-type":"","background-media":"","overlay-type":"","overlay-color":"","overlay-opacity":"","overlay-gradient":""},"mobile":{"background-color":"","background-image":"","background-repeat":"repeat","background-position":"center center","background-size":"auto","background-attachment":"scroll","background-type":"","background-media":"","overlay-type":"","overlay-color":"","overlay-opacity":"","overlay-gradient":""}},"ast-content-background-meta":{"desktop":{"background-color":"var(--ast-global-color-5)","background-image":"","background-repeat":"repeat","background-position":"center center","background-size":"auto","background-attachment":"scroll","background-type":"","background-media":"","overlay-type":"","overlay-color":"","overlay-opacity":"","overlay-gradient":""},"tablet":{"background-color":"var(--ast-global-color-5)","background-image":"","background-repeat":"repeat","background-position":"center center","background-size":"auto","background-attachment":"scroll","background-type":"","background-media":"","overlay-type":"","overlay-color":"","overlay-opacity":"","overlay-gradient":""},"mobile":{"background-color":"var(--ast-global-color-5)","background-image":"","background-repeat":"repeat","background-position":"center center","background-size":"auto","background-attachment":"scroll","background-type":"","background-media":"","overlay-type":"","overlay-color":"","overlay-opacity":"","overlay-gradient":""}}},"product_brand":[],"product_cat":[425],"product_tag":[],"class_list":{"0":"post-21371","1":"product","2":"type-product","3":"status-publish","4":"has-post-thumbnail","6":"product_cat-arbres-fr","7":"product_shipping_class-plantes","8":"desktop-align-left","9":"tablet-align-left","10":"mobile-align-left","11":"ast-product-gallery-layout-horizontal-slider","12":"ast-product-gallery-with-no-image","13":"ast-product-single-variable","14":"ast-product-tabs-layout-horizontal","16":"first","17":"instock","18":"taxable","19":"shipping-taxable","20":"purchasable","21":"product-type-variable"},"_links":{"self":[{"href":"https:\/\/hortis.co\/fr\/wp-json\/wp\/v2\/product\/21371","targetHints":{"allow":["GET"]}}],"collection":[{"href":"https:\/\/hortis.co\/fr\/wp-json\/wp\/v2\/product"}],"about":[{"href":"https:\/\/hortis.co\/fr\/wp-json\/wp\/v2\/types\/product"}],"wp:featuredmedia":[{"embeddable":true,"href":"https:\/\/hortis.co\/fr\/wp-json\/wp\/v2\/media\/20156"}],"wp:attachment":[{"href":"https:\/\/hortis.co\/fr\/wp-json\/wp\/v2\/media?parent=21371"}],"wp:term":[{"taxonomy":"product_brand","embeddable":true,"href":"https:\/\/hortis.co\/fr\/wp-json\/wp\/v2\/product_brand?post=21371"},{"taxonomy":"product_cat","embeddable":true,"href":"https:\/\/hortis.co\/fr\/wp-json\/wp\/v2\/product_cat?post=21371"},{"taxonomy":"product_tag","embeddable":true,"href":"https:\/\/hortis.co\/fr\/wp-json\/wp\/v2\/product_tag?post=21371"}],"curies":[{"name":"wp","href":"https:\/\/api.w.org\/{rel}","templated":true}]}}