{"id":21400,"date":"2020-12-26T22:52:05","date_gmt":"2020-12-27T03:52:05","guid":{"rendered":"https:\/\/hortis.co\/product\/acer-x-rubrum-red-sunset\/"},"modified":"2020-12-26T22:52:05","modified_gmt":"2020-12-27T03:52:05","slug":"acer-x-rubrum-red-sunset-franksred","status":"publish","type":"product","link":"https:\/\/hortis.co\/fr\/produit\/acer-x-rubrum-red-sunset-franksred\/","title":{"rendered":"Acer x rubrum &lsquo;Red Sunset&rsquo;"},"content":{"rendered":"","protected":false},"excerpt":{"rendered":"<div class=\"col q-mt-md\">\n<div class=\"text-h6\">Description<\/div>\n<p>Un cultivar tr\u00e8s d\u00e9sirable de l&rsquo;\u00e9rable rouge avec une forme pyramidale prononc\u00e9e et une couleur d&rsquo;automne rouge fiable ; la forme distinctive et les couleurs riches en font un arbre d&rsquo;ombrage de choix, id\u00e9al pour les grands paysages ; intol\u00e9rant aux sols alcalins.<\/p>\n<\/div>\n<div class=\"col\">\n<div class=\"text-h6\">Attribut Ornamental<\/div>\n<p>L&rsquo;\u00e9rable rouge du cr\u00e9puscule pr\u00e9sente de belles grappes de fleurs rouges le long des branches au d\u00e9but du printemps, avant les feuilles. Le feuillage est vert et devient rouge au printemps. Les feuilles lob\u00e9es prennent une couleur rouge remarquable \u00e0 l&rsquo;automne. Le fruit n&rsquo;a pas d&rsquo;importance ornementale. L&rsquo;\u00e9corce argent\u00e9e sillonn\u00e9e et les branches rouge brique ajoutent une dimension int\u00e9ressante au paysage.<\/p>\n<\/div>\n<div class=\"col\">\n<div class=\"text-h6\">Attributes de paysagement<\/div>\n<p>L&rsquo;\u00e9rable rouge du cr\u00e9puscule est un arbre \u00e0 feuilles caduques avec une forme pyramidale distinctive et raffin\u00e9e. Sa texture moyenne se fond dans le paysage, mais peut \u00eatre \u00e9quilibr\u00e9e par un ou deux arbres ou arbustes plus fins ou plus grossiers pour une composition efficace.<\/p>\n<p>C&rsquo;est un arbre qui demande relativement peu d&rsquo;entretien et qui ne doit \u00eatre taill\u00e9 qu&rsquo;en \u00e9t\u00e9, apr\u00e8s le d\u00e9veloppement complet des feuilles, car il risque de \u00ab\u00a0saigner\u00a0\u00bb de la s\u00e8ve s&rsquo;il est taill\u00e9 \u00e0 la fin de l&rsquo;hiver ou au d\u00e9but du printemps. Sans aucune charateristique negative significante.<\/p>\n<p>Red Sunset Red Maple est recommand\u00e9 pour les applications paysag\u00e8res suivantes ;<\/p>\n<\/div>\n<div class=\"col\">\n<div class=\"text-h6\">Plantation et Croissance<\/div>\n<p>L&rsquo;\u00e9rable rouge du coucher du soleil atteindra une hauteur d&rsquo;environ 50 pieds \u00e0 maturit\u00e9, avec un \u00e9talement de 40 pieds. Son houppier est haut, avec une hauteur typique de 7 pieds \u00e0 partir du sol, et il ne doit pas \u00eatre plant\u00e9 sous des lignes \u00e9lectriques. \u00c0 mesure qu&rsquo;il m\u00fbrit, les branches inf\u00e9rieures de cet arbre peuvent \u00eatre strat\u00e9giquement enlev\u00e9es pour cr\u00e9er une canop\u00e9e suffisamment haute pour permettre une circulation humaine sans entrave en dessous. Il pousse \u00e0 un rythme moyen et, dans des conditions id\u00e9ales, il peut vivre 80 ans ou plus.<\/p>\n<p>Cet arbre ne doit \u00eatre cultiv\u00e9 qu&rsquo;en plein soleil. Elle est assez adaptable, pr\u00e9f\u00e9rant pousser dans des conditions moyennes \u00e0 humides, et tol\u00e8re m\u00eame un peu d&rsquo;eau stagnante. Il n&rsquo;est pas sensible au type de sol, mais a une nette pr\u00e9f\u00e9rence pour les sols acides et est sujet \u00e0 la chlorose (jaunissement) des feuilles dans les sols alcalins. Il tol\u00e8re assez bien la pollution urbaine. Un selection Nord Americaine.<\/p>\n<\/div>\n<div class=\"q-item q-item-type row no-wrap\">\n<div class=\"q-item__section column text-primary q-item__section--main justify-center\">Hauteur : 18m<\/div>\n<\/div>\n<div class=\"q-item q-item-type row no-wrap\">\n<div class=\"q-item__section column text-primary q-item__section--main justify-center\">Port\u00e9e : 12m<\/div>\n<\/div>\n<div class=\"q-item q-item-type row no-wrap\">\n<div class=\"q-item__section column text-primary q-item__section--main justify-center\">Lumi\u00e8re du soleil : sUN<\/div>\n<div class=\"q-item__section column q-item__section--side justify-center\">\n<div><span style=\"font-size: 16px;\">Humidit\u00e9 du sol: : <\/span><span style=\"font-size: 16px;\">Moyenne \u00e0 humide<\/span><\/div>\n<\/div>\n<\/div>\n<div class=\"q-item q-item-type row no-wrap\">\n<div class=\"q-item__section column text-primary q-item__section--main justify-center\">Zone de rusticit\u00e9 : 5<\/div>\n<\/div>\n<div class=\"q-item q-item-type row no-wrap\">\n<div class=\"q-item__section column text-primary q-item__section--main justify-center\">Couleur de la fleur : Rouge<\/div>\n<\/div>\n<div class=\"q-item q-item-type row no-wrap\">\n<div class=\"q-item__section column text-primary q-item__section--main justify-center\">Feuillage: Vert<\/div>\n<\/div>\n<div class=\"q-item q-item-type row no-wrap\">\n<div class=\"q-item__section column text-primary q-item__section--main justify-center\">Couleur d&rsquo;automne : Rouge<\/div>\n<\/div>\n","protected":false},"featured_media":20152,"template":"","meta":{"site-sidebar-layout":"default","site-content-layout":"default","ast-site-content-layout":"default","site-content-style":"default","site-sidebar-style":"default","ast-global-header-display":"","ast-banner-title-visibility":"","ast-main-header-display":"","ast-hfb-above-header-display":"","ast-hfb-below-header-display":"","ast-hfb-mobile-header-display":"","site-post-title":"","ast-breadcrumbs-content":"","ast-featured-img":"","footer-sml-layout":"","ast-disable-related-posts":"","theme-transparent-header-meta":"default","adv-header-id-meta":"","stick-header-meta":"default","header-above-stick-meta":"","header-main-stick-meta":"","header-below-stick-meta":"","astra-migrate-meta-layouts":"default","ast-page-background-enabled":"default","ast-page-background-meta":{"desktop":{"background-color":"","background-image":"","background-repeat":"repeat","background-position":"center center","background-size":"auto","background-attachment":"scroll","background-type":"","background-media":"","overlay-type":"","overlay-color":"","overlay-opacity":"","overlay-gradient":""},"tablet":{"background-color":"","background-image":"","background-repeat":"repeat","background-position":"center center","background-size":"auto","background-attachment":"scroll","background-type":"","background-media":"","overlay-type":"","overlay-color":"","overlay-opacity":"","overlay-gradient":""},"mobile":{"background-color":"","background-image":"","background-repeat":"repeat","background-position":"center center","background-size":"auto","background-attachment":"scroll","background-type":"","background-media":"","overlay-type":"","overlay-color":"","overlay-opacity":"","overlay-gradient":""}},"ast-content-background-meta":{"desktop":{"background-color":"var(--ast-global-color-5)","background-image":"","background-repeat":"repeat","background-position":"center center","background-size":"auto","background-attachment":"scroll","background-type":"","background-media":"","overlay-type":"","overlay-color":"","overlay-opacity":"","overlay-gradient":""},"tablet":{"background-color":"var(--ast-global-color-5)","background-image":"","background-repeat":"repeat","background-position":"center center","background-size":"auto","background-attachment":"scroll","background-type":"","background-media":"","overlay-type":"","overlay-color":"","overlay-opacity":"","overlay-gradient":""},"mobile":{"background-color":"var(--ast-global-color-5)","background-image":"","background-repeat":"repeat","background-position":"center center","background-size":"auto","background-attachment":"scroll","background-type":"","background-media":"","overlay-type":"","overlay-color":"","overlay-opacity":"","overlay-gradient":""}}},"product_brand":[],"product_cat":[425],"product_tag":[],"class_list":{"0":"post-21400","1":"product","2":"type-product","3":"status-publish","4":"has-post-thumbnail","6":"product_cat-arbres-fr","7":"product_shipping_class-plantes","8":"desktop-align-left","9":"tablet-align-left","10":"mobile-align-left","11":"ast-product-gallery-layout-horizontal-slider","12":"ast-product-gallery-with-no-image","13":"ast-product-single-variable","14":"ast-product-tabs-layout-horizontal","16":"first","17":"instock","18":"taxable","19":"shipping-taxable","20":"purchasable","21":"product-type-variable"},"_links":{"self":[{"href":"https:\/\/hortis.co\/fr\/wp-json\/wp\/v2\/product\/21400","targetHints":{"allow":["GET"]}}],"collection":[{"href":"https:\/\/hortis.co\/fr\/wp-json\/wp\/v2\/product"}],"about":[{"href":"https:\/\/hortis.co\/fr\/wp-json\/wp\/v2\/types\/product"}],"wp:featuredmedia":[{"embeddable":true,"href":"https:\/\/hortis.co\/fr\/wp-json\/wp\/v2\/media\/20152"}],"wp:attachment":[{"href":"https:\/\/hortis.co\/fr\/wp-json\/wp\/v2\/media?parent=21400"}],"wp:term":[{"taxonomy":"product_brand","embeddable":true,"href":"https:\/\/hortis.co\/fr\/wp-json\/wp\/v2\/product_brand?post=21400"},{"taxonomy":"product_cat","embeddable":true,"href":"https:\/\/hortis.co\/fr\/wp-json\/wp\/v2\/product_cat?post=21400"},{"taxonomy":"product_tag","embeddable":true,"href":"https:\/\/hortis.co\/fr\/wp-json\/wp\/v2\/product_tag?post=21400"}],"curies":[{"name":"wp","href":"https:\/\/api.w.org\/{rel}","templated":true}]}}