{"id":21406,"date":"2020-12-26T17:58:25","date_gmt":"2020-12-26T22:58:25","guid":{"rendered":"https:\/\/hortis.co\/product\/gazon\/"},"modified":"2020-12-26T17:58:25","modified_gmt":"2020-12-26T22:58:25","slug":"tourbe","status":"publish","type":"product","link":"https:\/\/hortis.co\/fr\/produit\/tourbe\/","title":{"rendered":"Gazon"},"content":{"rendered":"<p>&nbsp;<\/p>\n<p>Pr\u00e9paration du sol<\/p>\n<ol>\n<li>Nettoyez tous les d\u00e9bris de la zone \u00e0 soder, enlevez toutes les vieilles herbes et les mauvaises herbes.<\/li>\n<li>Veillez \u00e0 ameublir la terre afin que les racines du nouveau gazon puissent y p\u00e9n\u00e9trer facilement.<\/li>\n<li>Niveler et aplanir la zone de mani\u00e8re \u00e0 ce qu&rsquo;elle soit aussi droite que possible.<\/li>\n<li>Utilisez un sol de qualit\u00e9 sup\u00e9rieure \u00e0 haute teneur en nutriments et assurez-vous que vous disposez de 4 \u00e0 6 pouces pour une croissance optimale des racines.<\/li>\n<li>Ajoutez un engrais pour une croissance maximale des racines.<\/li>\n<li> Ratissez la zone pour la rendre lisse et plane.<\/li>\n<\/ol>\n<p>Installation<\/p>\n<ol>\n<li>Posez la premi\u00e8re rang\u00e9e contre le trottoir ou l&rsquo;all\u00e9e, ce qui vous permettra de commencer en ligne droite.<\/li>\n<li>Posez le gazon de mani\u00e8re \u00e0 ce que les joints ne tombent pas en ligne droite.<\/li>\n<li>s&rsquo;assurer que les joints sont bien serr\u00e9s.<\/li>\n<li>Utilisez des piquets sur les pentes pour \u00e9viter que le gazon ne glisse.<\/li>\n<li>Couper le gazon \u00e0 l&rsquo;aide d&rsquo;un couteau dans les zones entourant les obstacles.<\/li>\n<li>Remplissez un rouleau d&rsquo;eau et passez-le sur la zone. Cela permet de s&rsquo;assurer que les racines sont press\u00e9es contre le sol et d&rsquo;\u00e9liminer les poches d&rsquo;air sous le gazon.<\/li>\n<li>Arroser d\u00e8s que possible, de pr\u00e9f\u00e9rence vers 7 ou 8 heures du matin, 2 heures par jour pendant 2 semaines,<\/li>\n<\/ol>\n","protected":false},"excerpt":{"rendered":"<p>vendu par rouleau<\/p>\n<p>Taille<\/p>\n<p>Largeur : 2 pieds<\/p>\n<p>Longueur : 6 pieds<\/p>\n<p>Composition : P\u00e2turin des pr\u00e9s, ray-grass et f\u00e9tuque.<\/p>\n<p>&nbsp;<\/p>\n<p>Pr\u00e9paration du sol<\/p>\n<ol>\n<li>Nettoyer tous les d\u00e9bris de la zone \u00e0 coder, enlever toutes les vieilles herbes et les mauvaises herbes.<\/li>\n<li>Veillez \u00e0 ameublir la terre afin que les racines du nouveau gazon puissent y p\u00e9n\u00e9trer facilement.<\/li>\n<li>Niveler et aplanir la zone de mani\u00e8re \u00e0 ce qu&rsquo;elle soit aussi droite que possible.<\/li>\n<li>Utilisez un sol de qualit\u00e9 sup\u00e9rieure \u00e0 haute teneur en nutriments et assurez-vous que vous disposez de 4 \u00e0 6 pouces pour une croissance optimale des racines.<\/li>\n<li>Ajoutez un engrais pour une croissance maximale des racines.<\/li>\n<li> Ratissez la zone pour la rendre lisse et plane.<\/li>\n<\/ol>\n<p>Installation<\/p>\n<ol>\n<li>Posez la premi\u00e8re rang\u00e9e contre le trottoir ou l&rsquo;all\u00e9e, ce qui vous permettra de commencer en ligne droite.<\/li>\n<li>Posez le gazon de mani\u00e8re \u00e0 ce que les joints ne tombent pas en ligne droite.<\/li>\n<li>s&rsquo;assurer que les joints sont bien serr\u00e9s.<\/li>\n<li>Utilisez des piquets sur les pentes pour \u00e9viter que le gazon ne glisse.<\/li>\n<li>Couper le gazon \u00e0 l&rsquo;aide d&rsquo;un couteau dans les zones entourant les obstacles.<\/li>\n<li>Remplissez un rouleau d&rsquo;eau et passez-le sur la zone. Cela permet de s&rsquo;assurer que les racines sont press\u00e9es contre le sol et d&rsquo;\u00e9liminer les poches d&rsquo;air sous le gazon.<\/li>\n<li>Arroser d\u00e8s que possible, de pr\u00e9f\u00e9rence vers 7 ou 8 heures du matin, 2 heures par jour pendant 2 semaines,<\/li>\n<\/ol>\n<p>&nbsp;<\/p>\n<p>40% &#8211; Diva Kentucky Bluegrass<br \/>\n25 % &#8211; P\u00e2turin des pr\u00e9s Ridgeline<br \/>\n20 % &#8211; P\u00e2turin des pr\u00e9s Mallard<br \/>\n15% &#8211; Mystere H2O Kentucky Bluegrass<\/p>\n","protected":false},"featured_media":20140,"template":"","meta":{"site-sidebar-layout":"default","site-content-layout":"default","ast-site-content-layout":"default","site-content-style":"default","site-sidebar-style":"default","ast-global-header-display":"","ast-banner-title-visibility":"","ast-main-header-display":"","ast-hfb-above-header-display":"","ast-hfb-below-header-display":"","ast-hfb-mobile-header-display":"","site-post-title":"","ast-breadcrumbs-content":"","ast-featured-img":"","footer-sml-layout":"","ast-disable-related-posts":"","theme-transparent-header-meta":"default","adv-header-id-meta":"","stick-header-meta":"default","header-above-stick-meta":"","header-main-stick-meta":"","header-below-stick-meta":"","astra-migrate-meta-layouts":"default","ast-page-background-enabled":"default","ast-page-background-meta":{"desktop":{"background-color":"","background-image":"","background-repeat":"repeat","background-position":"center center","background-size":"auto","background-attachment":"scroll","background-type":"","background-media":"","overlay-type":"","overlay-color":"","overlay-opacity":"","overlay-gradient":""},"tablet":{"background-color":"","background-image":"","background-repeat":"repeat","background-position":"center center","background-size":"auto","background-attachment":"scroll","background-type":"","background-media":"","overlay-type":"","overlay-color":"","overlay-opacity":"","overlay-gradient":""},"mobile":{"background-color":"","background-image":"","background-repeat":"repeat","background-position":"center center","background-size":"auto","background-attachment":"scroll","background-type":"","background-media":"","overlay-type":"","overlay-color":"","overlay-opacity":"","overlay-gradient":""}},"ast-content-background-meta":{"desktop":{"background-color":"var(--ast-global-color-5)","background-image":"","background-repeat":"repeat","background-position":"center center","background-size":"auto","background-attachment":"scroll","background-type":"","background-media":"","overlay-type":"","overlay-color":"","overlay-opacity":"","overlay-gradient":""},"tablet":{"background-color":"var(--ast-global-color-5)","background-image":"","background-repeat":"repeat","background-position":"center center","background-size":"auto","background-attachment":"scroll","background-type":"","background-media":"","overlay-type":"","overlay-color":"","overlay-opacity":"","overlay-gradient":""},"mobile":{"background-color":"var(--ast-global-color-5)","background-image":"","background-repeat":"repeat","background-position":"center center","background-size":"auto","background-attachment":"scroll","background-type":"","background-media":"","overlay-type":"","overlay-color":"","overlay-opacity":"","overlay-gradient":""}}},"product_brand":[],"product_cat":[342],"product_tag":[],"class_list":{"0":"post-21406","1":"product","2":"type-product","3":"status-publish","4":"has-post-thumbnail","6":"product_cat-tourbe","7":"product_shipping_class-tourbe","8":"desktop-align-left","9":"tablet-align-left","10":"mobile-align-left","11":"ast-product-gallery-layout-horizontal-slider","12":"ast-product-gallery-with-no-image","13":"ast-product-tabs-layout-horizontal","15":"first","16":"instock","17":"taxable","18":"shipping-taxable","19":"purchasable","20":"product-type-simple"},"_links":{"self":[{"href":"https:\/\/hortis.co\/fr\/wp-json\/wp\/v2\/product\/21406","targetHints":{"allow":["GET"]}}],"collection":[{"href":"https:\/\/hortis.co\/fr\/wp-json\/wp\/v2\/product"}],"about":[{"href":"https:\/\/hortis.co\/fr\/wp-json\/wp\/v2\/types\/product"}],"wp:featuredmedia":[{"embeddable":true,"href":"https:\/\/hortis.co\/fr\/wp-json\/wp\/v2\/media\/20140"}],"wp:attachment":[{"href":"https:\/\/hortis.co\/fr\/wp-json\/wp\/v2\/media?parent=21406"}],"wp:term":[{"taxonomy":"product_brand","embeddable":true,"href":"https:\/\/hortis.co\/fr\/wp-json\/wp\/v2\/product_brand?post=21406"},{"taxonomy":"product_cat","embeddable":true,"href":"https:\/\/hortis.co\/fr\/wp-json\/wp\/v2\/product_cat?post=21406"},{"taxonomy":"product_tag","embeddable":true,"href":"https:\/\/hortis.co\/fr\/wp-json\/wp\/v2\/product_tag?post=21406"}],"curies":[{"name":"wp","href":"https:\/\/api.w.org\/{rel}","templated":true}]}}