{"id":21436,"date":"2020-12-26T22:57:58","date_gmt":"2020-12-27T03:57:58","guid":{"rendered":"https:\/\/hortis.co\/product\/blu-60-mm-6-x-13\/"},"modified":"2020-12-26T22:57:58","modified_gmt":"2020-12-27T03:57:58","slug":"blu-60-mm-6-x-13-slate","status":"publish","type":"product","link":"https:\/\/hortis.co\/fr\/produit\/blu-60-mm-6-x-13-slate\/","title":{"rendered":"Blu 60 mm (6 x 13)"},"content":{"rendered":"","protected":false},"excerpt":{"rendered":"<p>Vendu au pi. ca<\/p>\n<h2 class=\"roc-pdp-sections__title\" data-testid=\"product-page-tab-description-description-text\">Description Blu Ardoise<\/h2>\n<div data-testid=\"product-page-tab-description-description-value\">Le style de la dalle \u00e0 succ\u00e8s Blu Ardoise s&rsquo;inspire de la pierre d&rsquo;ardoise naturelle. Cette dalle classique est offerte en plusieurs tailles pour vos contours de piscine, patios, et all\u00e9es. Dot\u00e9e des m\u00eames lignes et du fini irr\u00e9gulier de notre pav\u00e9 Blu plus \u00e9pais et offerte dans les m\u00eames couleurs opulentes et avec le m\u00eame aspect classique que ce dernier, la dalle Blu 60 Ardoise est le choix par excellence pour les zones pi\u00e9tonnes comme les all\u00e9es et les patios.<\/p>\n<div class=\"roc-pdp-description\">\n<div class=\"roc-pdp-description__wrapper\">\n<h3 class=\"roc-pdp-description__title\">Style<\/h3>\n<ul class=\"roc-pdp-description__list\">\n<li class=\"roc-pdp-description__item\">Rustique<\/li>\n<li class=\"roc-pdp-description__item\">Traditionel<\/li>\n<li class=\"roc-pdp-description__item\">Exotique &amp; \u00c9clectique<\/li>\n<\/ul>\n<\/div>\n<div class=\"roc-pdp-description__wrapper\">\n<h3 class=\"roc-pdp-description__title\">Application<\/h3>\n<ul class=\"roc-pdp-description__list\">\n<li class=\"roc-pdp-description__item\">Trotoire<\/li>\n<li class=\"roc-pdp-description__item\">Perm\u00e9able<\/li>\n<li class=\"roc-pdp-description__item\">Patio et terrasse<\/li>\n<li class=\"roc-pdp-description__item\">Jardin<\/li>\n<li class=\"roc-pdp-description__item\">Terrasse de la piscine<\/li>\n<\/ul>\n<h2 class=\"roc-pdp-sections__title\" data-testid=\"product-page-tab-description-description-text\">Description Blu Lisse<\/h2>\n<div data-testid=\"product-page-tab-description-description-value\">Ce style de pierre contemporaine est adapter parfaitement pour les style de jardin contemporain. Les pierres de terrasse Blu Smooth sont disponibles en plusieurs pi\u00e8ces pour les terrasses de piscine, les all\u00e9es et les arri\u00e8re-cours. Disponible en diff\u00e9rentes dimensions pour permettre la cr\u00e9ativit\u00e9 dans les motifs de pavage, la collection Blu 60 est l&rsquo;une des collections les plus connues et les plus populaires de Techo-Bloc. Sa texture lisse est parfaite pour tout am\u00e9nagement paysager moderne. Choisissez parmi une large collection de couleurs pour vos zones r\u00e9serv\u00e9es aux pi\u00e9tons, telles que les all\u00e9es, les bords de piscine et les patios. La texture lisse HD2 permet d&rsquo;obtenir une surface plus serr\u00e9e et sans pores. Une version pav\u00e9 est \u00e9galement disponible.<\/p>\n<div class=\"roc-pdp-description\">\n<div class=\"roc-pdp-description__wrapper\">\n<h3 class=\"roc-pdp-description__title\">Style<\/h3>\n<ul class=\"roc-pdp-description__list\">\n<li class=\"roc-pdp-description__item\">Moderne<\/li>\n<li class=\"roc-pdp-description__item\">Traditionel<\/li>\n<\/ul>\n<\/div>\n<div class=\"roc-pdp-description__wrapper\">\n<h3 class=\"roc-pdp-description__title\">Application<\/h3>\n<ul class=\"roc-pdp-description__list\">\n<li class=\"roc-pdp-description__item\">Trotoire<\/li>\n<li class=\"roc-pdp-description__item\">Perm\u00e9able<\/li>\n<li class=\"roc-pdp-description__item\">Patio et terrasse<\/li>\n<li class=\"roc-pdp-description__item\">Jardin<\/li>\n<li class=\"roc-pdp-description__item\">Terrasse de la piscine<\/li>\n<\/ul>\n<\/div>\n<\/div>\n<\/div>\n<\/div>\n<\/div>\n<\/div>\n<p>&nbsp;<\/p>\n","protected":false},"featured_media":20424,"template":"","meta":{"site-sidebar-layout":"default","site-content-layout":"default","ast-site-content-layout":"default","site-content-style":"default","site-sidebar-style":"default","ast-global-header-display":"","ast-banner-title-visibility":"","ast-main-header-display":"","ast-hfb-above-header-display":"","ast-hfb-below-header-display":"","ast-hfb-mobile-header-display":"","site-post-title":"","ast-breadcrumbs-content":"","ast-featured-img":"","footer-sml-layout":"","ast-disable-related-posts":"","theme-transparent-header-meta":"default","adv-header-id-meta":"","stick-header-meta":"default","header-above-stick-meta":"","header-main-stick-meta":"","header-below-stick-meta":"","astra-migrate-meta-layouts":"default","ast-page-background-enabled":"default","ast-page-background-meta":{"desktop":{"background-color":"","background-image":"","background-repeat":"repeat","background-position":"center center","background-size":"auto","background-attachment":"scroll","background-type":"","background-media":"","overlay-type":"","overlay-color":"","overlay-opacity":"","overlay-gradient":""},"tablet":{"background-color":"","background-image":"","background-repeat":"repeat","background-position":"center center","background-size":"auto","background-attachment":"scroll","background-type":"","background-media":"","overlay-type":"","overlay-color":"","overlay-opacity":"","overlay-gradient":""},"mobile":{"background-color":"","background-image":"","background-repeat":"repeat","background-position":"center center","background-size":"auto","background-attachment":"scroll","background-type":"","background-media":"","overlay-type":"","overlay-color":"","overlay-opacity":"","overlay-gradient":""}},"ast-content-background-meta":{"desktop":{"background-color":"var(--ast-global-color-5)","background-image":"","background-repeat":"repeat","background-position":"center center","background-size":"auto","background-attachment":"scroll","background-type":"","background-media":"","overlay-type":"","overlay-color":"","overlay-opacity":"","overlay-gradient":""},"tablet":{"background-color":"var(--ast-global-color-5)","background-image":"","background-repeat":"repeat","background-position":"center center","background-size":"auto","background-attachment":"scroll","background-type":"","background-media":"","overlay-type":"","overlay-color":"","overlay-opacity":"","overlay-gradient":""},"mobile":{"background-color":"var(--ast-global-color-5)","background-image":"","background-repeat":"repeat","background-position":"center center","background-size":"auto","background-attachment":"scroll","background-type":"","background-media":"","overlay-type":"","overlay-color":"","overlay-opacity":"","overlay-gradient":""}}},"product_brand":[],"product_cat":[335],"product_tag":[],"class_list":{"0":"post-21436","1":"product","2":"type-product","3":"status-publish","4":"has-post-thumbnail","6":"product_cat-dalles","7":"product_shipping_class-pave-uni","8":"desktop-align-left","9":"tablet-align-left","10":"mobile-align-left","11":"ast-product-gallery-layout-horizontal-slider","12":"ast-product-gallery-with-no-image","13":"ast-product-single-variable","14":"ast-product-tabs-layout-horizontal","16":"first","17":"instock","18":"taxable","19":"shipping-taxable","20":"product-type-variable"},"_links":{"self":[{"href":"https:\/\/hortis.co\/fr\/wp-json\/wp\/v2\/product\/21436","targetHints":{"allow":["GET"]}}],"collection":[{"href":"https:\/\/hortis.co\/fr\/wp-json\/wp\/v2\/product"}],"about":[{"href":"https:\/\/hortis.co\/fr\/wp-json\/wp\/v2\/types\/product"}],"wp:featuredmedia":[{"embeddable":true,"href":"https:\/\/hortis.co\/fr\/wp-json\/wp\/v2\/media\/20424"}],"wp:attachment":[{"href":"https:\/\/hortis.co\/fr\/wp-json\/wp\/v2\/media?parent=21436"}],"wp:term":[{"taxonomy":"product_brand","embeddable":true,"href":"https:\/\/hortis.co\/fr\/wp-json\/wp\/v2\/product_brand?post=21436"},{"taxonomy":"product_cat","embeddable":true,"href":"https:\/\/hortis.co\/fr\/wp-json\/wp\/v2\/product_cat?post=21436"},{"taxonomy":"product_tag","embeddable":true,"href":"https:\/\/hortis.co\/fr\/wp-json\/wp\/v2\/product_tag?post=21436"}],"curies":[{"name":"wp","href":"https:\/\/api.w.org\/{rel}","templated":true}]}}