{"id":21526,"date":"2022-11-06T16:49:11","date_gmt":"2022-11-06T21:49:11","guid":{"rendered":"https:\/\/hortis.co\/product\/eva\/"},"modified":"2023-03-20T22:09:32","modified_gmt":"2023-03-21T02:09:32","slug":"eva-4","status":"publish","type":"product","link":"https:\/\/hortis.co\/fr\/produit\/eva-4\/","title":{"rendered":"Eva"},"content":{"rendered":"","protected":false},"excerpt":{"rendered":"<p>Vendu au Pi Ca<\/p>\n<h2 class=\"roc-pdp-sections__title\" data-testid=\"product-page-tab-description-description-text\">Description<\/h2>\n<div data-testid=\"product-page-tab-description-description-value\">Cisel\u00e9e et sculpt\u00e9e, Eva s\u00e9duit par la texture unique de sa surface, compos\u00e9e d&rsquo;ardoise et de pierre de taille. Outre les dimensions r\u00e9duites du pav\u00e9 qui permettent une installation rapide et facile, ses proportions permettent \u00e9galement des motifs modulaires ou lin\u00e9aires \u00e0 embo\u00eetement. Non seulement l&rsquo;apparence d&rsquo;Eva apporte une nouvelle perspective aux pav\u00e9s de terrasse traditionnels \u00e0 un prix abordable, mais le rev\u00eatement est \u00e9galement r\u00e9sistant aux sels de d\u00e9gla\u00e7age, aux climats difficiles et est assorti d&rsquo;une garantie \u00e0 vie transf\u00e9rable. Le pav\u00e9 Eva permet de r\u00e9aliser un am\u00e9nagement paysager parfait. Id\u00e9al pour les all\u00e9es, les trottoirs, les terrasses de piscine et les patios. Convivialit\u00e9 pour les v\u00e9hicules et les pi\u00e9tons.<\/p>\n<div class=\"roc-pdp-description\">\n<div class=\"roc-pdp-description__wrapper\">\n<h3 class=\"roc-pdp-description__title\">Style<\/h3>\n<ul class=\"roc-pdp-description__list\">\n<li class=\"roc-pdp-description__item\">Rustique<\/li>\n<li class=\"roc-pdp-description__item\">Traditionel<\/li>\n<li class=\"roc-pdp-description__item\">Exotique &amp; \u00c9clectique<\/li>\n<\/ul>\n<\/div>\n<div class=\"roc-pdp-description__wrapper\">\n<h3 class=\"roc-pdp-description__title\">Application<\/h3>\n<ul class=\"roc-pdp-description__list\">\n<li class=\"roc-pdp-description__item\">Stationnmenet<\/li>\n<li class=\"roc-pdp-description__item\">Patio et terrasse<\/li>\n<li class=\"roc-pdp-description__item\">Jardin<\/li>\n<li class=\"roc-pdp-description__item\">Terrasse de la piscine<\/li>\n<\/ul>\n<\/div>\n<\/div>\n<\/div>\n<p>&nbsp;<\/p>\n<p>Dimensions en pouces<\/p>\n<p>A. 2 3\/8 \u00d7 8 3\/4 \u00d7 4 3\/8<br \/>\nB. 2 3\/8 \u00d7 8 3\/4 \u00d7 8 3\/4<br \/>\nC. 2 3\/8 \u00d7 8 3\/4 \u00d7 13 3\/16<\/p>\n","protected":false},"featured_media":20429,"template":"","meta":{"site-sidebar-layout":"default","site-content-layout":"default","ast-site-content-layout":"default","site-content-style":"default","site-sidebar-style":"default","ast-global-header-display":"","ast-banner-title-visibility":"","ast-main-header-display":"","ast-hfb-above-header-display":"","ast-hfb-below-header-display":"","ast-hfb-mobile-header-display":"","site-post-title":"","ast-breadcrumbs-content":"","ast-featured-img":"","footer-sml-layout":"","ast-disable-related-posts":"","theme-transparent-header-meta":"default","adv-header-id-meta":"","stick-header-meta":"default","header-above-stick-meta":"","header-main-stick-meta":"","header-below-stick-meta":"","astra-migrate-meta-layouts":"default","ast-page-background-enabled":"default","ast-page-background-meta":{"desktop":{"background-color":"","background-image":"","background-repeat":"repeat","background-position":"center center","background-size":"auto","background-attachment":"scroll","background-type":"","background-media":"","overlay-type":"","overlay-color":"","overlay-opacity":"","overlay-gradient":""},"tablet":{"background-color":"","background-image":"","background-repeat":"repeat","background-position":"center center","background-size":"auto","background-attachment":"scroll","background-type":"","background-media":"","overlay-type":"","overlay-color":"","overlay-opacity":"","overlay-gradient":""},"mobile":{"background-color":"","background-image":"","background-repeat":"repeat","background-position":"center center","background-size":"auto","background-attachment":"scroll","background-type":"","background-media":"","overlay-type":"","overlay-color":"","overlay-opacity":"","overlay-gradient":""}},"ast-content-background-meta":{"desktop":{"background-color":"var(--ast-global-color-5)","background-image":"","background-repeat":"repeat","background-position":"center center","background-size":"auto","background-attachment":"scroll","background-type":"","background-media":"","overlay-type":"","overlay-color":"","overlay-opacity":"","overlay-gradient":""},"tablet":{"background-color":"var(--ast-global-color-5)","background-image":"","background-repeat":"repeat","background-position":"center center","background-size":"auto","background-attachment":"scroll","background-type":"","background-media":"","overlay-type":"","overlay-color":"","overlay-opacity":"","overlay-gradient":""},"mobile":{"background-color":"var(--ast-global-color-5)","background-image":"","background-repeat":"repeat","background-position":"center center","background-size":"auto","background-attachment":"scroll","background-type":"","background-media":"","overlay-type":"","overlay-color":"","overlay-opacity":"","overlay-gradient":""}}},"product_brand":[],"product_cat":[334],"product_tag":[],"class_list":{"0":"post-21526","1":"product","2":"type-product","3":"status-publish","4":"has-post-thumbnail","6":"product_cat-pave-uni","7":"desktop-align-left","8":"tablet-align-left","9":"mobile-align-left","10":"ast-product-gallery-layout-horizontal-slider","11":"ast-product-gallery-with-no-image","12":"ast-product-single-variable","13":"ast-product-tabs-layout-horizontal","15":"first","16":"instock","17":"taxable","18":"shipping-taxable","19":"purchasable","20":"product-type-variable"},"_links":{"self":[{"href":"https:\/\/hortis.co\/fr\/wp-json\/wp\/v2\/product\/21526","targetHints":{"allow":["GET"]}}],"collection":[{"href":"https:\/\/hortis.co\/fr\/wp-json\/wp\/v2\/product"}],"about":[{"href":"https:\/\/hortis.co\/fr\/wp-json\/wp\/v2\/types\/product"}],"wp:featuredmedia":[{"embeddable":true,"href":"https:\/\/hortis.co\/fr\/wp-json\/wp\/v2\/media\/20429"}],"wp:attachment":[{"href":"https:\/\/hortis.co\/fr\/wp-json\/wp\/v2\/media?parent=21526"}],"wp:term":[{"taxonomy":"product_brand","embeddable":true,"href":"https:\/\/hortis.co\/fr\/wp-json\/wp\/v2\/product_brand?post=21526"},{"taxonomy":"product_cat","embeddable":true,"href":"https:\/\/hortis.co\/fr\/wp-json\/wp\/v2\/product_cat?post=21526"},{"taxonomy":"product_tag","embeddable":true,"href":"https:\/\/hortis.co\/fr\/wp-json\/wp\/v2\/product_tag?post=21526"}],"curies":[{"name":"wp","href":"https:\/\/api.w.org\/{rel}","templated":true}]}}