{"id":21554,"date":"2020-12-26T17:58:30","date_gmt":"2020-12-26T22:58:30","guid":{"rendered":"https:\/\/hortis.co\/product\/sable-flexlock\/"},"modified":"2020-12-26T17:58:30","modified_gmt":"2020-12-26T22:58:30","slug":"sable-flexlock","status":"publish","type":"product","link":"https:\/\/hortis.co\/fr\/produit\/sable-flexlock\/","title":{"rendered":"Sable Flexlock"},"content":{"rendered":"<p>&nbsp;<\/p>\n<p>&nbsp;<\/p>\n<p>&nbsp;<\/p>\n<p>&nbsp;<\/p>\n","protected":false},"excerpt":{"rendered":"<p><strong>Description<\/strong><\/p>\n<p><strong>Flexlock<\/strong> Sand est un m\u00e9lange unique de liants polym\u00e8res et de sable calibr\u00e9 disponible en beige sable et gris graphite. L&rsquo;installation du <strong>sable Flexlock<\/strong> est presque identique \u00e0 celle du sable pour joints de pav\u00e9s ordinaire, \u00e0 l&rsquo;exception de l&rsquo;application de l&rsquo;eau. Une fois que le <strong>sable Flexlock<\/strong> a pris, il devient tr\u00e8s ferme et se bloque entre les joints des pav\u00e9s tout en conservant sa flexibilit\u00e9, ce qui en fait un mat\u00e9riau de jointoiement durable. Le <strong>sable Flexlock<\/strong> est recommand\u00e9 pour une vari\u00e9t\u00e9 d&rsquo;utilisations, y compris les terrasses de piscine, les patios, les chemins pi\u00e9tonniers, les all\u00e9es, les places de parking, les trottoirs, etc.<\/p>\n<p>Id\u00e9al pour<\/p>\n<ul>\n<li>Usage r\u00e9sidentiel<\/li>\n<li>Application traditionnelle<\/li>\n<li>Pav\u00e9s en b\u00e9ton, produits moul\u00e9s par voie humide<\/li>\n<li>Zones en pente, abords de piscine, patios, all\u00e9es, voies d&rsquo;acc\u00e8s, etc.<\/li>\n<\/ul>\n<p>Caract\u00e9ristiques<\/p>\n<ul>\n<li>Technologie avanc\u00e9e de suppression du Haze<\/li>\n<li>Pour une application traditionnelle, sans danger pour la pluie 1 heure apr\u00e8s l&rsquo;activation de l&rsquo;eau.<\/li>\n<li>Peut \u00eatre utilis\u00e9 pour des joints jusqu&rsquo;\u00e0 un maximum de 1\u2033 (2,5 cm)<\/li>\n<li>La gradation ASTM C-144 du sable polym\u00e8re permet de l&rsquo;utiliser m\u00eame dans les joints les plus serr\u00e9s.<\/li>\n<li><a href=\"https:\/\/www.youtube.com\/embed\/dp13VcHorYQ\" target=\"_blank\" rel=\"noopener\">Conforme \u00e0 la norme OSHA sur la silice cristalline<\/a> (OSHA 29 CFR 1926.1153)<\/li>\n<li>Fonctionne au-dessus de 0\u00b0C (32\u00b0F)<\/li>\n<li>Sacs \u00e9tanches : Posez le sac \u00e0 plat sur le dos, de mani\u00e8re \u00e0 ce que l&rsquo;avant du sac soit face \u00e0 vous. Les palettes intactes peuvent \u00eatre stock\u00e9es \u00e0 l&rsquo;ext\u00e9rieur<\/li>\n<li>Garantie limit\u00e9e de 15 ans<\/li>\n<li>Aide \u00e0 pr\u00e9venir les mauvaises herbes et les dommages caus\u00e9s par les insectes fouisseurs<\/li>\n<li>Aide \u00e0 pr\u00e9venir l&rsquo;\u00e9rosion due au vent, \u00e0 la pluie et aux cycles de gel et de d\u00e9gel.<\/li>\n<\/ul>\n<div class=\"bold-text-alliance centering\">Entretien de la surface pav\u00e9e<\/div>\n<p>Lors de l&rsquo;entretien de la surface des pav\u00e9s, appliquer le <a href=\"https:\/\/flex-lock.com\/gator-paver-and-stone-cleaners\/gator-shampoo\/\">shampooing Gator<\/a> pour nettoyer l&rsquo;ensemble de la surface pav\u00e9e, y compris les joints des pav\u00e9s. Lavez, rincez et \u00e9liminez tout r\u00e9sidu \u00e0 l&rsquo;aide d&rsquo;un tuyau et d&rsquo;un pistolet d&rsquo;arrosage r\u00e9gl\u00e9 pour la douche \u00e0 la pression maximale normale de l&rsquo;eau d&rsquo;un b\u00e2timent r\u00e9sidentiel ou commercial (g\u00e9n\u00e9ralement 80 psi\/550 kPa).<\/p>\n<div class=\"bold-text-alliance centering\">Mousse<\/div>\n<p><span class=\"bold-text-alliance\">FLEXLOCK SAND<\/span> ne provoque ni n&#8217;emp\u00eache la formation de mousses, de moisissures ou de mildiou. Les mousses, les moisissures et le mildiou sont caus\u00e9s par certaines conditions sur place, notamment l&rsquo;exc\u00e8s d&rsquo;humidit\u00e9, l&rsquo;ombre, l&rsquo;absence de ventilation, un nettoyage ou un entretien inad\u00e9quat, la pr\u00e9sence de terre ou d&rsquo;autres d\u00e9bris organiques laiss\u00e9s sur le produit.<\/p>\n<div class=\"bold-text-alliance centering\">Pav\u00e9s d&rsquo;argile<\/div>\n<p>En cas d&rsquo;utilisation sur des pav\u00e9s en terre cuite, s&rsquo;assurer qu&rsquo;ils sont secs \u00e0 100 %. Les pav\u00e9s d&rsquo;argile ont tendance \u00e0 retenir l&rsquo;humidit\u00e9, ce qui peut activer pr\u00e9matur\u00e9ment le <span class=\"bold-text-alliance\">FLEXLOCK S<\/span> AND pendant que le sable est \u00e9tal\u00e9 sur la surface du pav\u00e9, laissant un r\u00e9sidu (toujours appliquer sur une zone d&rsquo;essai avant d&rsquo;utiliser le <span class=\"bold-text-alliance\">FLEXLOCK SAND<\/span> sur des pav\u00e9s d&rsquo;argile).<\/p>\n<ul>\n<li> Technologie avanc\u00e9e de suppression du Haze<\/li>\n<li>Peut \u00eatre utilis\u00e9 pour des joints jusqu&rsquo;\u00e0 un maximum de 1 pouce (2,5 cm)<\/li>\n<li>La granulom\u00e9trie fine ASTM C-144 permet une utilisation dans les joints les plus serr\u00e9s.<\/li>\n<li>Conforme \u00e0 la norme OSHA sur la silice cristalline (OSHA 29 CFR 1926.1153)<\/li>\n<li>Aide \u00e0 pr\u00e9venir les mauvaises herbes et les dommages caus\u00e9s par les insectes fouisseurs<\/li>\n<li>Aide \u00e0 pr\u00e9venir l&rsquo;\u00e9rosion due au vent, \u00e0 la pluie et aux cycles de gel et de d\u00e9gel.<\/li>\n<li>Pour les <strong>applications de drainage<\/strong>, sans danger pour la pluie 1 heure apr\u00e8s l&rsquo;activation de l&rsquo;eau.<\/li>\n<li>Fonctionne au-dessus de 0\u00b0C (32\u00b0F).<\/li>\n<li>Sac \u00e9tanche Peut \u00eatre pos\u00e9 \u00e0 plat et stock\u00e9 \u00e0 l&rsquo;ext\u00e9rieur. (Poser le sac \u00e0 plat sur le dos, de mani\u00e8re \u00e0 ce que l&rsquo;avant du sac soit face \u00e0 vous). Les palettes peuvent \u00eatre stock\u00e9es \u00e0 l&rsquo;ext\u00e9rieur<\/li>\n<\/ul>\n","protected":false},"featured_media":20161,"template":"","meta":{"site-sidebar-layout":"default","site-content-layout":"default","ast-site-content-layout":"default","site-content-style":"default","site-sidebar-style":"default","ast-global-header-display":"","ast-banner-title-visibility":"","ast-main-header-display":"","ast-hfb-above-header-display":"","ast-hfb-below-header-display":"","ast-hfb-mobile-header-display":"","site-post-title":"","ast-breadcrumbs-content":"","ast-featured-img":"","footer-sml-layout":"","ast-disable-related-posts":"","theme-transparent-header-meta":"default","adv-header-id-meta":"","stick-header-meta":"default","header-above-stick-meta":"","header-main-stick-meta":"","header-below-stick-meta":"","astra-migrate-meta-layouts":"default","ast-page-background-enabled":"default","ast-page-background-meta":{"desktop":{"background-color":"","background-image":"","background-repeat":"repeat","background-position":"center center","background-size":"auto","background-attachment":"scroll","background-type":"","background-media":"","overlay-type":"","overlay-color":"","overlay-opacity":"","overlay-gradient":""},"tablet":{"background-color":"","background-image":"","background-repeat":"repeat","background-position":"center center","background-size":"auto","background-attachment":"scroll","background-type":"","background-media":"","overlay-type":"","overlay-color":"","overlay-opacity":"","overlay-gradient":""},"mobile":{"background-color":"","background-image":"","background-repeat":"repeat","background-position":"center center","background-size":"auto","background-attachment":"scroll","background-type":"","background-media":"","overlay-type":"","overlay-color":"","overlay-opacity":"","overlay-gradient":""}},"ast-content-background-meta":{"desktop":{"background-color":"var(--ast-global-color-5)","background-image":"","background-repeat":"repeat","background-position":"center center","background-size":"auto","background-attachment":"scroll","background-type":"","background-media":"","overlay-type":"","overlay-color":"","overlay-opacity":"","overlay-gradient":""},"tablet":{"background-color":"var(--ast-global-color-5)","background-image":"","background-repeat":"repeat","background-position":"center center","background-size":"auto","background-attachment":"scroll","background-type":"","background-media":"","overlay-type":"","overlay-color":"","overlay-opacity":"","overlay-gradient":""},"mobile":{"background-color":"var(--ast-global-color-5)","background-image":"","background-repeat":"repeat","background-position":"center center","background-size":"auto","background-attachment":"scroll","background-type":"","background-media":"","overlay-type":"","overlay-color":"","overlay-opacity":"","overlay-gradient":""}}},"product_brand":[],"product_cat":[403],"product_tag":[],"class_list":{"0":"post-21554","1":"product","2":"type-product","3":"status-publish","4":"has-post-thumbnail","6":"product_cat-accessoires","7":"desktop-align-left","8":"tablet-align-left","9":"mobile-align-left","10":"ast-product-gallery-layout-horizontal-slider","11":"ast-product-gallery-with-no-image","12":"ast-product-single-variable","13":"ast-product-tabs-layout-horizontal","15":"first","16":"instock","17":"taxable","18":"shipping-taxable","19":"purchasable","20":"product-type-variable"},"_links":{"self":[{"href":"https:\/\/hortis.co\/fr\/wp-json\/wp\/v2\/product\/21554","targetHints":{"allow":["GET"]}}],"collection":[{"href":"https:\/\/hortis.co\/fr\/wp-json\/wp\/v2\/product"}],"about":[{"href":"https:\/\/hortis.co\/fr\/wp-json\/wp\/v2\/types\/product"}],"wp:featuredmedia":[{"embeddable":true,"href":"https:\/\/hortis.co\/fr\/wp-json\/wp\/v2\/media\/20161"}],"wp:attachment":[{"href":"https:\/\/hortis.co\/fr\/wp-json\/wp\/v2\/media?parent=21554"}],"wp:term":[{"taxonomy":"product_brand","embeddable":true,"href":"https:\/\/hortis.co\/fr\/wp-json\/wp\/v2\/product_brand?post=21554"},{"taxonomy":"product_cat","embeddable":true,"href":"https:\/\/hortis.co\/fr\/wp-json\/wp\/v2\/product_cat?post=21554"},{"taxonomy":"product_tag","embeddable":true,"href":"https:\/\/hortis.co\/fr\/wp-json\/wp\/v2\/product_tag?post=21554"}],"curies":[{"name":"wp","href":"https:\/\/api.w.org\/{rel}","templated":true}]}}