{"id":21616,"date":"2020-12-26T22:58:09","date_gmt":"2020-12-27T03:58:09","guid":{"rendered":"https:\/\/hortis.co\/product\/brandon-2\/"},"modified":"2020-12-26T22:58:09","modified_gmt":"2020-12-27T03:58:09","slug":"brandon-2","status":"publish","type":"product","link":"https:\/\/hortis.co\/fr\/produit\/brandon-2\/","title":{"rendered":"Brandon"},"content":{"rendered":"","protected":false},"excerpt":{"rendered":"<h2 data-testid=\"product-page-tab-description-description-text\">Vendu au Pi Ca<\/h2>\n<h2 class=\"roc-pdp-sections__title\" data-testid=\"product-page-tab-description-description-text\">Description<\/h2>\n<div data-testid=\"product-page-tab-description-description-value\">\n<p>Reproduisez l&rsquo;aspect de la ma\u00e7onnerie dans votre am\u00e9nagement paysager avec la collection Brandon. Cette collection classique offre l&rsquo;attrait esth\u00e9tique des murs de jardin en briques tout en offrant la fonctionnalit\u00e9 suppl\u00e9mentaire d&rsquo;un syst\u00e8me de mur de sout\u00e8nement \u00e0 embo\u00eetement double face, facile \u00e0 installer. Il s&rsquo;agit d&rsquo;un syst\u00e8me multi-longueurs disponible en deux hauteurs emball\u00e9es s\u00e9par\u00e9ment, 90 mm et 180 mm, permettant des conceptions modulaires ou lin\u00e9aires. Ces mod\u00e8les peuvent \u00eatre utilis\u00e9s pour construire un mur de sout\u00e8nement contre l&rsquo;\u00e9rosion du sol, cr\u00e9er des jardini\u00e8res sur\u00e9lev\u00e9es ou s\u00e9parer subtilement des espaces lorsqu&rsquo;ils sont utilis\u00e9s comme mur de lames d\u00e9coratif. Les clips du syst\u00e8me d&rsquo;ancrage brevet\u00e9 sont fournis gratuitement avec le produit. Les kits de piliers sont disponibles sur des palettes s\u00e9par\u00e9es et sont propos\u00e9s dans une gamme de couleurs coordonn\u00e9es pour s&rsquo;adapter \u00e0 presque toutes les maisons. Id\u00e9al pour les murs de sout\u00e8nement, les \u00eelots de grillades, les foyers et les piliers.<\/p>\n<div class=\"roc-pdp-description\">\n<div class=\"roc-pdp-description__wrapper\">\n<h3 class=\"roc-pdp-description__title\">Style<\/h3>\n<ul class=\"roc-pdp-description__list\">\n<li class=\"roc-pdp-description__item\">Rustique<\/li>\n<li class=\"roc-pdp-description__item\">Traditionel<\/li>\n<li class=\"roc-pdp-description__item\">Exotique &amp; \u00c9clectique<\/li>\n<\/ul>\n<\/div>\n<div class=\"roc-pdp-description__wrapper\">\n<h3 class=\"roc-pdp-description__title\">Application<\/h3>\n<ul class=\"roc-pdp-description__list\">\n<li class=\"roc-pdp-description__item\">Mur Decoratif<\/li>\n<li class=\"roc-pdp-description__item\">Patio et terrasse<\/li>\n<li class=\"roc-pdp-description__item\">Jardin<\/li>\n<li class=\"roc-pdp-description__item\">Terrasse de la piscine<\/li>\n<li class=\"roc-pdp-description__item\">Chutes d&rsquo;eau exterieur<\/li>\n<li class=\"roc-pdp-description__item\">Foyer Exterieur<\/li>\n<\/ul>\n<p><strong>Dimensions pour les blocs de 90 mm<\/strong><\/p>\n<p>Grandeur 1<\/p>\n<p>Hauteur : 3-9\/16<\/p>\n<p>Profondeur : 9-13\/16<\/p>\n<p>Longueur 1 : 11-1\/4<\/p>\n<p>Longueur 2 : 9-5\/8<\/p>\n<p>Grandeur 2<\/p>\n<p>Hauteur : 3-9\/16<\/p>\n<p>Profondeur : 9-13\/16<\/p>\n<p>Longueur 1 : 14-3\/8<\/p>\n<p>Longueur 2 : 12-13\/16<\/p>\n<p>Grandeur 3<\/p>\n<p>Hauteur : 3-9\/16<\/p>\n<p>Profondeur : 9-13\/16<\/p>\n<p>Longueur 1 : 15-15\/16<\/p>\n<p>Longueur 2 : 14-3\/8<\/p>\n<p><strong>Dimensions pour les blocs de 180 mm<\/strong><\/p>\n<p>Grandeur 1<\/p>\n<p>Hauteur : 7-1\/16<\/p>\n<p>Profondeur : 9-13\/16<\/p>\n<p>Longueur 1 : 11-1\/4<\/p>\n<p>Longueur 2 : 9-5\/8<\/p>\n<p>Grandeur 2<\/p>\n<p>Hauteur : 7-1\/16<\/p>\n<p>Profondeur : 9-13\/16<\/p>\n<p>Longueur 1 : 14-3\/8<\/p>\n<p>Longueur 2 : 12-13\/16<\/p>\n<p>Grandeur 3<\/p>\n<p>Hauteur : 7-1\/16<\/p>\n<p>Profondeur : 9-13\/16<\/p>\n<p>Longueur 1 : 15-15\/16<\/p>\n<p>Longueur 2 : 14-3\/8<\/p>\n<p>&nbsp;<\/p>\n<p>&nbsp;<\/p>\n<\/div>\n<\/div>\n<\/div>\n","protected":false},"featured_media":21598,"template":"","meta":{"site-sidebar-layout":"default","site-content-layout":"default","ast-site-content-layout":"default","site-content-style":"default","site-sidebar-style":"default","ast-global-header-display":"","ast-banner-title-visibility":"","ast-main-header-display":"","ast-hfb-above-header-display":"","ast-hfb-below-header-display":"","ast-hfb-mobile-header-display":"","site-post-title":"","ast-breadcrumbs-content":"","ast-featured-img":"","footer-sml-layout":"","ast-disable-related-posts":"","theme-transparent-header-meta":"default","adv-header-id-meta":"","stick-header-meta":"default","header-above-stick-meta":"","header-main-stick-meta":"","header-below-stick-meta":"","astra-migrate-meta-layouts":"default","ast-page-background-enabled":"default","ast-page-background-meta":{"desktop":{"background-color":"","background-image":"","background-repeat":"repeat","background-position":"center center","background-size":"auto","background-attachment":"scroll","background-type":"","background-media":"","overlay-type":"","overlay-color":"","overlay-opacity":"","overlay-gradient":""},"tablet":{"background-color":"","background-image":"","background-repeat":"repeat","background-position":"center center","background-size":"auto","background-attachment":"scroll","background-type":"","background-media":"","overlay-type":"","overlay-color":"","overlay-opacity":"","overlay-gradient":""},"mobile":{"background-color":"","background-image":"","background-repeat":"repeat","background-position":"center center","background-size":"auto","background-attachment":"scroll","background-type":"","background-media":"","overlay-type":"","overlay-color":"","overlay-opacity":"","overlay-gradient":""}},"ast-content-background-meta":{"desktop":{"background-color":"var(--ast-global-color-5)","background-image":"","background-repeat":"repeat","background-position":"center center","background-size":"auto","background-attachment":"scroll","background-type":"","background-media":"","overlay-type":"","overlay-color":"","overlay-opacity":"","overlay-gradient":""},"tablet":{"background-color":"var(--ast-global-color-5)","background-image":"","background-repeat":"repeat","background-position":"center center","background-size":"auto","background-attachment":"scroll","background-type":"","background-media":"","overlay-type":"","overlay-color":"","overlay-opacity":"","overlay-gradient":""},"mobile":{"background-color":"var(--ast-global-color-5)","background-image":"","background-repeat":"repeat","background-position":"center center","background-size":"auto","background-attachment":"scroll","background-type":"","background-media":"","overlay-type":"","overlay-color":"","overlay-opacity":"","overlay-gradient":""}}},"product_brand":[],"product_cat":[336],"product_tag":[],"class_list":{"0":"post-21616","1":"product","2":"type-product","3":"status-publish","4":"has-post-thumbnail","6":"product_cat-murets","7":"product_shipping_class-pave-uni","8":"desktop-align-left","9":"tablet-align-left","10":"mobile-align-left","11":"ast-product-gallery-layout-horizontal-slider","12":"ast-product-gallery-with-no-image","13":"ast-product-single-variable","14":"ast-product-tabs-layout-horizontal","16":"first","17":"instock","18":"taxable","19":"shipping-taxable","20":"purchasable","21":"product-type-variable"},"_links":{"self":[{"href":"https:\/\/hortis.co\/fr\/wp-json\/wp\/v2\/product\/21616","targetHints":{"allow":["GET"]}}],"collection":[{"href":"https:\/\/hortis.co\/fr\/wp-json\/wp\/v2\/product"}],"about":[{"href":"https:\/\/hortis.co\/fr\/wp-json\/wp\/v2\/types\/product"}],"wp:featuredmedia":[{"embeddable":true,"href":"https:\/\/hortis.co\/fr\/wp-json\/wp\/v2\/media\/21598"}],"wp:attachment":[{"href":"https:\/\/hortis.co\/fr\/wp-json\/wp\/v2\/media?parent=21616"}],"wp:term":[{"taxonomy":"product_brand","embeddable":true,"href":"https:\/\/hortis.co\/fr\/wp-json\/wp\/v2\/product_brand?post=21616"},{"taxonomy":"product_cat","embeddable":true,"href":"https:\/\/hortis.co\/fr\/wp-json\/wp\/v2\/product_cat?post=21616"},{"taxonomy":"product_tag","embeddable":true,"href":"https:\/\/hortis.co\/fr\/wp-json\/wp\/v2\/product_tag?post=21616"}],"curies":[{"name":"wp","href":"https:\/\/api.w.org\/{rel}","templated":true}]}}