{"id":21716,"date":"2022-11-06T16:49:19","date_gmt":"2022-11-06T21:49:19","guid":{"rendered":"https:\/\/hortis.co\/product\/villagio\/"},"modified":"2022-11-06T16:49:19","modified_gmt":"2022-11-06T21:49:19","slug":"villagio-4","status":"publish","type":"product","link":"https:\/\/hortis.co\/fr\/produit\/villagio-4\/","title":{"rendered":"Villagio"},"content":{"rendered":"","protected":false},"excerpt":{"rendered":"<h2 class=\"roc-pdp-sections__title\" data-testid=\"product-page-tab-description-description-text\">Description<\/h2>\n<div data-testid=\"product-page-tab-description-description-value\">\n<p>Inspir\u00e9 par les belles rues centenaires de Montr\u00e9al, raffinez votre cour arri\u00e8re avec le pav\u00e9 Villagio. Proposant des designs polyvalents pour les arri\u00e8re-cours, Villagio peut facilement \u00eatre le point de mire de votre magnifique espace de vie ext\u00e9rieur. De plus, la texture biseaut\u00e9e du pav\u00e9 et ses multiples dimensions vous permettent d&rsquo;installer facilement des bandes d\u00e9coratives incurv\u00e9es dans votre jardin avec toutes les collections de dalles Stonedge et Techo-Bloc de 57 mm et 60 mm. Profitez de votre paysage tout en admirant le magnifique pav\u00e9 Villagio. Id\u00e9al pour les patios, les all\u00e9es, les voies d&rsquo;acc\u00e8s et les bandes d\u00e9coratives. Convivialit\u00e9 pour les v\u00e9hicules et les pi\u00e9tons. Ce rev\u00eatement est \u00e9galement r\u00e9sistant aux sels de d\u00e9vergla\u00e7age, aux climats difficiles et b\u00e9n\u00e9ficie d&rsquo;une garantie \u00e0 vie transf\u00e9rable. Villagio fait partie de la collection dry cast.<\/p>\n<div class=\"roc-pdp-description\">\n<div class=\"roc-pdp-description__wrapper\">\n<h3 class=\"roc-pdp-description__title\">Style<\/h3>\n<ul class=\"roc-pdp-description__list\">\n<li class=\"roc-pdp-description__item\">Rustique<\/li>\n<li class=\"roc-pdp-description__item\">Traditionel<\/li>\n<\/ul>\n<\/div>\n<div class=\"roc-pdp-description__wrapper\">\n<h3 class=\"roc-pdp-description__title\">Application<\/h3>\n<ul class=\"roc-pdp-description__list\">\n<li class=\"roc-pdp-description__item\">Stationnmenet<\/li>\n<li class=\"roc-pdp-description__item\">Trotoire<\/li>\n<li class=\"roc-pdp-description__item\">Perm\u00e9able<\/li>\n<li class=\"roc-pdp-description__item\">Patio et terrasse<\/li>\n<li class=\"roc-pdp-description__item\">Jardin<\/li>\n<li class=\"roc-pdp-description__item\">Terrasse de la piscine<\/li>\n<\/ul>\n<p>Grandeur 1<\/p>\n<p>Hauteur: 2-3\/8 pouces<\/p>\n<p>Largeur : 5-1\/8 pouces<\/p>\n<p>Longueur : 5-1\/8 pouces<\/p>\n<p>Grandeur 2<\/p>\n<p>Hauteur: 2-3\/8 pouces<\/p>\n<p>Largeur : 5-1\/8 pouces<\/p>\n<p>Longueur : 6-5\/16 pouces<\/p>\n<p>Grandeur 3<\/p>\n<p>Hauteur: 2-3\/8 pouces<\/p>\n<p>Largeur : 5-1\/8 pouces<\/p>\n<p>Longueur : 7-5\/16 pouces<\/p>\n<p>Taille 4<\/p>\n<p>Hauteur : 2 3\/8 pouces<\/p>\n<p>Largeur : 5 1\/8 pouces<\/p>\n<p>Longueur : 8 7\/16 pouces<\/p>\n<\/div>\n<\/div>\n<\/div>\n","protected":false},"featured_media":20528,"template":"","meta":{"site-sidebar-layout":"default","site-content-layout":"default","ast-site-content-layout":"default","site-content-style":"default","site-sidebar-style":"default","ast-global-header-display":"","ast-banner-title-visibility":"","ast-main-header-display":"","ast-hfb-above-header-display":"","ast-hfb-below-header-display":"","ast-hfb-mobile-header-display":"","site-post-title":"","ast-breadcrumbs-content":"","ast-featured-img":"","footer-sml-layout":"","ast-disable-related-posts":"","theme-transparent-header-meta":"default","adv-header-id-meta":"","stick-header-meta":"default","header-above-stick-meta":"","header-main-stick-meta":"","header-below-stick-meta":"","astra-migrate-meta-layouts":"default","ast-page-background-enabled":"default","ast-page-background-meta":{"desktop":{"background-color":"","background-image":"","background-repeat":"repeat","background-position":"center center","background-size":"auto","background-attachment":"scroll","background-type":"","background-media":"","overlay-type":"","overlay-color":"","overlay-opacity":"","overlay-gradient":""},"tablet":{"background-color":"","background-image":"","background-repeat":"repeat","background-position":"center center","background-size":"auto","background-attachment":"scroll","background-type":"","background-media":"","overlay-type":"","overlay-color":"","overlay-opacity":"","overlay-gradient":""},"mobile":{"background-color":"","background-image":"","background-repeat":"repeat","background-position":"center center","background-size":"auto","background-attachment":"scroll","background-type":"","background-media":"","overlay-type":"","overlay-color":"","overlay-opacity":"","overlay-gradient":""}},"ast-content-background-meta":{"desktop":{"background-color":"var(--ast-global-color-5)","background-image":"","background-repeat":"repeat","background-position":"center center","background-size":"auto","background-attachment":"scroll","background-type":"","background-media":"","overlay-type":"","overlay-color":"","overlay-opacity":"","overlay-gradient":""},"tablet":{"background-color":"var(--ast-global-color-5)","background-image":"","background-repeat":"repeat","background-position":"center center","background-size":"auto","background-attachment":"scroll","background-type":"","background-media":"","overlay-type":"","overlay-color":"","overlay-opacity":"","overlay-gradient":""},"mobile":{"background-color":"var(--ast-global-color-5)","background-image":"","background-repeat":"repeat","background-position":"center center","background-size":"auto","background-attachment":"scroll","background-type":"","background-media":"","overlay-type":"","overlay-color":"","overlay-opacity":"","overlay-gradient":""}}},"product_brand":[],"product_cat":[334],"product_tag":[],"class_list":{"0":"post-21716","1":"product","2":"type-product","3":"status-publish","4":"has-post-thumbnail","6":"product_cat-pave-uni","7":"desktop-align-left","8":"tablet-align-left","9":"mobile-align-left","10":"ast-product-gallery-layout-horizontal-slider","11":"ast-product-gallery-with-no-image","12":"ast-product-single-variable","13":"ast-product-tabs-layout-horizontal","15":"first","16":"instock","17":"taxable","18":"shipping-taxable","19":"purchasable","20":"product-type-variable"},"_links":{"self":[{"href":"https:\/\/hortis.co\/fr\/wp-json\/wp\/v2\/product\/21716","targetHints":{"allow":["GET"]}}],"collection":[{"href":"https:\/\/hortis.co\/fr\/wp-json\/wp\/v2\/product"}],"about":[{"href":"https:\/\/hortis.co\/fr\/wp-json\/wp\/v2\/types\/product"}],"wp:featuredmedia":[{"embeddable":true,"href":"https:\/\/hortis.co\/fr\/wp-json\/wp\/v2\/media\/20528"}],"wp:attachment":[{"href":"https:\/\/hortis.co\/fr\/wp-json\/wp\/v2\/media?parent=21716"}],"wp:term":[{"taxonomy":"product_brand","embeddable":true,"href":"https:\/\/hortis.co\/fr\/wp-json\/wp\/v2\/product_brand?post=21716"},{"taxonomy":"product_cat","embeddable":true,"href":"https:\/\/hortis.co\/fr\/wp-json\/wp\/v2\/product_cat?post=21716"},{"taxonomy":"product_tag","embeddable":true,"href":"https:\/\/hortis.co\/fr\/wp-json\/wp\/v2\/product_tag?post=21716"}],"curies":[{"name":"wp","href":"https:\/\/api.w.org\/{rel}","templated":true}]}}