{"id":21747,"date":"2020-12-26T22:58:31","date_gmt":"2020-12-27T03:58:31","guid":{"rendered":"https:\/\/hortis.co\/product\/architectural\/"},"modified":"2020-12-26T22:58:31","modified_gmt":"2020-12-27T03:58:31","slug":"architectural","status":"publish","type":"product","link":"https:\/\/hortis.co\/fr\/produit\/architectural\/","title":{"rendered":"Architectural"},"content":{"rendered":"","protected":false},"excerpt":{"rendered":"<p>Vendu au pied lin\u00e9aire<\/p>\n<h2 class=\"roc-pdp-sections__title\" data-testid=\"product-page-tab-description-description-text\">Description<\/h2>\n<div data-testid=\"product-page-tab-description-description-value\">\n<p>Ce capuchon \u00e0 face divis\u00e9e est la touche finale parfaite pour les murs de sout\u00e8nement et les marches de votre am\u00e9nagement paysager. Le capuchon Architectural pr\u00e9sente une double face qui lui conf\u00e8re un aspect esth\u00e9tique sous tous les angles et permet de r\u00e9aliser des joints minces entre chaque capuchon sur les murs lin\u00e9aires. C&rsquo;est \u00e9galement une excellente option pour les murs courbes (rayon de 7&prime;) gr\u00e2ce \u00e0 ses unit\u00e9s effil\u00e9es. Architectural fait partie de la collection dry cast.<\/p>\n<div class=\"roc-pdp-description\">\n<div class=\"roc-pdp-description__wrapper\">\n<h3 class=\"roc-pdp-description__title\">Style<\/h3>\n<ul class=\"roc-pdp-description__list\">\n<li class=\"roc-pdp-description__item\">Rustique<\/li>\n<li class=\"roc-pdp-description__item\">Traditionel<\/li>\n<li class=\"roc-pdp-description__item\">Exotique &amp; \u00c9clectique<\/li>\n<\/ul>\n<\/div>\n<div class=\"roc-pdp-description__wrapper\">\n<h3 class=\"roc-pdp-description__title\">Application<\/h3>\n<ul class=\"roc-pdp-description__list\">\n<li class=\"roc-pdp-description__item\">Mur Decoratif<\/li>\n<li class=\"roc-pdp-description__item\">Patio et terrasse<\/li>\n<li class=\"roc-pdp-description__item\">Jardin<\/li>\n<li class=\"roc-pdp-description__item\">Terrasse de la piscine<\/li>\n<li class=\"roc-pdp-description__item\">Marche ext\u00e9rieuree<\/li>\n<li class=\"roc-pdp-description__item\">Chutes d&rsquo;eau exterieur<\/li>\n<li class=\"roc-pdp-description__item\">Foyer Exterieur<\/li>\n<\/ul>\n<p>&nbsp;<\/p>\n<\/div>\n<\/div>\n<\/div>\n","protected":false},"featured_media":21741,"template":"","meta":{"site-sidebar-layout":"default","site-content-layout":"default","ast-site-content-layout":"default","site-content-style":"default","site-sidebar-style":"default","ast-global-header-display":"","ast-banner-title-visibility":"","ast-main-header-display":"","ast-hfb-above-header-display":"","ast-hfb-below-header-display":"","ast-hfb-mobile-header-display":"","site-post-title":"","ast-breadcrumbs-content":"","ast-featured-img":"","footer-sml-layout":"","ast-disable-related-posts":"","theme-transparent-header-meta":"default","adv-header-id-meta":"","stick-header-meta":"default","header-above-stick-meta":"","header-main-stick-meta":"","header-below-stick-meta":"","astra-migrate-meta-layouts":"default","ast-page-background-enabled":"default","ast-page-background-meta":{"desktop":{"background-color":"","background-image":"","background-repeat":"repeat","background-position":"center center","background-size":"auto","background-attachment":"scroll","background-type":"","background-media":"","overlay-type":"","overlay-color":"","overlay-opacity":"","overlay-gradient":""},"tablet":{"background-color":"","background-image":"","background-repeat":"repeat","background-position":"center center","background-size":"auto","background-attachment":"scroll","background-type":"","background-media":"","overlay-type":"","overlay-color":"","overlay-opacity":"","overlay-gradient":""},"mobile":{"background-color":"","background-image":"","background-repeat":"repeat","background-position":"center center","background-size":"auto","background-attachment":"scroll","background-type":"","background-media":"","overlay-type":"","overlay-color":"","overlay-opacity":"","overlay-gradient":""}},"ast-content-background-meta":{"desktop":{"background-color":"var(--ast-global-color-5)","background-image":"","background-repeat":"repeat","background-position":"center center","background-size":"auto","background-attachment":"scroll","background-type":"","background-media":"","overlay-type":"","overlay-color":"","overlay-opacity":"","overlay-gradient":""},"tablet":{"background-color":"var(--ast-global-color-5)","background-image":"","background-repeat":"repeat","background-position":"center center","background-size":"auto","background-attachment":"scroll","background-type":"","background-media":"","overlay-type":"","overlay-color":"","overlay-opacity":"","overlay-gradient":""},"mobile":{"background-color":"var(--ast-global-color-5)","background-image":"","background-repeat":"repeat","background-position":"center center","background-size":"auto","background-attachment":"scroll","background-type":"","background-media":"","overlay-type":"","overlay-color":"","overlay-opacity":"","overlay-gradient":""}}},"product_brand":[],"product_cat":[333],"product_tag":[],"class_list":{"0":"post-21747","1":"product","2":"type-product","3":"status-publish","4":"has-post-thumbnail","6":"product_cat-couronnement","7":"desktop-align-left","8":"tablet-align-left","9":"mobile-align-left","10":"ast-product-gallery-layout-horizontal-slider","11":"ast-product-gallery-with-no-image","12":"ast-product-single-variable","13":"ast-product-tabs-layout-horizontal","15":"first","16":"instock","17":"taxable","18":"shipping-taxable","19":"purchasable","20":"product-type-variable"},"_links":{"self":[{"href":"https:\/\/hortis.co\/fr\/wp-json\/wp\/v2\/product\/21747","targetHints":{"allow":["GET"]}}],"collection":[{"href":"https:\/\/hortis.co\/fr\/wp-json\/wp\/v2\/product"}],"about":[{"href":"https:\/\/hortis.co\/fr\/wp-json\/wp\/v2\/types\/product"}],"wp:featuredmedia":[{"embeddable":true,"href":"https:\/\/hortis.co\/fr\/wp-json\/wp\/v2\/media\/21741"}],"wp:attachment":[{"href":"https:\/\/hortis.co\/fr\/wp-json\/wp\/v2\/media?parent=21747"}],"wp:term":[{"taxonomy":"product_brand","embeddable":true,"href":"https:\/\/hortis.co\/fr\/wp-json\/wp\/v2\/product_brand?post=21747"},{"taxonomy":"product_cat","embeddable":true,"href":"https:\/\/hortis.co\/fr\/wp-json\/wp\/v2\/product_cat?post=21747"},{"taxonomy":"product_tag","embeddable":true,"href":"https:\/\/hortis.co\/fr\/wp-json\/wp\/v2\/product_tag?post=21747"}],"curies":[{"name":"wp","href":"https:\/\/api.w.org\/{rel}","templated":true}]}}