{"id":21803,"date":"2020-12-26T22:58:30","date_gmt":"2020-12-27T03:58:30","guid":{"rendered":"https:\/\/hortis.co\/product\/raffinato\/"},"modified":"2023-03-26T22:20:44","modified_gmt":"2023-03-27T02:20:44","slug":"raffinato-2","status":"publish","type":"product","link":"https:\/\/hortis.co\/fr\/produit\/raffinato-2\/","title":{"rendered":"Raffinato"},"content":{"rendered":"","protected":false},"excerpt":{"rendered":"<p>Vendu a l&rsquo;unit\u00e9<\/p>\n<h2 class=\"roc-pdp-sections__title\" data-testid=\"product-page-tab-description-description-text\">Description<\/h2>\n<div data-testid=\"product-page-tab-description-description-value\">\n<p>L&rsquo;aspect simple et \u00e9l\u00e9gant de la collection Raffinato s&rsquo;\u00e9tend aux couronnements de murs de sout\u00e8nement et aux margelles de piscine. Les dimensions 14 \u00ab\u00a0x 28\u00a0\u00bb sont disponibles en 2 \u00e9paisseurs : 60 mm et 90 mm, ce qui vous permet de choisir l&rsquo;\u00e9paisseur appropri\u00e9e \u00e0 chaque application tout en conservant l&rsquo;aspect \u00e9l\u00e9gant du Raffinato sur l&rsquo;ensemble de votre projet. Utilisez-les comme capuchons de mur pour le mur Raffinato, comme marches sur vos escaliers ext\u00e9rieurs ou autour des piscines comme option de margelle de piscine moderne.<\/p>\n<div class=\"roc-pdp-description\">\n<div class=\"roc-pdp-description__wrapper\">\n<h3 class=\"roc-pdp-description__title\">Style<\/h3>\n<ul class=\"roc-pdp-description__list\">\n<li class=\"roc-pdp-description__item\">Moderne<\/li>\n<\/ul>\n<\/div>\n<div class=\"roc-pdp-description__wrapper\">\n<h3 class=\"roc-pdp-description__title\">Application<\/h3>\n<ul class=\"roc-pdp-description__list\">\n<li class=\"roc-pdp-description__item\">Mur Decoratif<\/li>\n<li class=\"roc-pdp-description__item\">Patio et terrasse<\/li>\n<li class=\"roc-pdp-description__item\">Jardin<\/li>\n<li class=\"roc-pdp-description__item\">Terrasse de la piscine<\/li>\n<li class=\"roc-pdp-description__item\">Marche ext\u00e9rieuree<\/li>\n<li class=\"roc-pdp-description__item\">Chutes d&rsquo;eau exterieur<\/li>\n<li class=\"roc-pdp-description__item\">Foyer Exterieur<\/li>\n<\/ul>\n<p>Taille 60 mm<\/p>\n<p>Hauteur: 2-3\/8 pouces<\/p>\n<p>Largeur : 14 pouces<\/p>\n<p>Longueur : 28 pouces<\/p>\n<p>Taille 90 mm<\/p>\n<p>Hauteur : 3-9\/16 pouces<\/p>\n<p>Largeur : 14 pouces<\/p>\n<p>Longueur : 28 pouces<\/p>\n<\/div>\n<\/div>\n<\/div>\n","protected":false},"featured_media":21798,"template":"","meta":{"site-sidebar-layout":"default","site-content-layout":"default","ast-site-content-layout":"default","site-content-style":"default","site-sidebar-style":"default","ast-global-header-display":"","ast-banner-title-visibility":"","ast-main-header-display":"","ast-hfb-above-header-display":"","ast-hfb-below-header-display":"","ast-hfb-mobile-header-display":"","site-post-title":"","ast-breadcrumbs-content":"","ast-featured-img":"","footer-sml-layout":"","ast-disable-related-posts":"","theme-transparent-header-meta":"default","adv-header-id-meta":"","stick-header-meta":"default","header-above-stick-meta":"","header-main-stick-meta":"","header-below-stick-meta":"","astra-migrate-meta-layouts":"default","ast-page-background-enabled":"default","ast-page-background-meta":{"desktop":{"background-color":"","background-image":"","background-repeat":"repeat","background-position":"center center","background-size":"auto","background-attachment":"scroll","background-type":"","background-media":"","overlay-type":"","overlay-color":"","overlay-opacity":"","overlay-gradient":""},"tablet":{"background-color":"","background-image":"","background-repeat":"repeat","background-position":"center center","background-size":"auto","background-attachment":"scroll","background-type":"","background-media":"","overlay-type":"","overlay-color":"","overlay-opacity":"","overlay-gradient":""},"mobile":{"background-color":"","background-image":"","background-repeat":"repeat","background-position":"center center","background-size":"auto","background-attachment":"scroll","background-type":"","background-media":"","overlay-type":"","overlay-color":"","overlay-opacity":"","overlay-gradient":""}},"ast-content-background-meta":{"desktop":{"background-color":"var(--ast-global-color-5)","background-image":"","background-repeat":"repeat","background-position":"center center","background-size":"auto","background-attachment":"scroll","background-type":"","background-media":"","overlay-type":"","overlay-color":"","overlay-opacity":"","overlay-gradient":""},"tablet":{"background-color":"var(--ast-global-color-5)","background-image":"","background-repeat":"repeat","background-position":"center center","background-size":"auto","background-attachment":"scroll","background-type":"","background-media":"","overlay-type":"","overlay-color":"","overlay-opacity":"","overlay-gradient":""},"mobile":{"background-color":"var(--ast-global-color-5)","background-image":"","background-repeat":"repeat","background-position":"center center","background-size":"auto","background-attachment":"scroll","background-type":"","background-media":"","overlay-type":"","overlay-color":"","overlay-opacity":"","overlay-gradient":""}}},"product_brand":[],"product_cat":[333],"product_tag":[],"class_list":{"0":"post-21803","1":"product","2":"type-product","3":"status-publish","4":"has-post-thumbnail","6":"product_cat-couronnement","7":"desktop-align-left","8":"tablet-align-left","9":"mobile-align-left","10":"ast-product-gallery-layout-horizontal-slider","11":"ast-product-gallery-with-no-image","12":"ast-product-single-variable","13":"ast-product-tabs-layout-horizontal","15":"first","16":"instock","17":"taxable","18":"shipping-taxable","19":"purchasable","20":"product-type-variable"},"_links":{"self":[{"href":"https:\/\/hortis.co\/fr\/wp-json\/wp\/v2\/product\/21803","targetHints":{"allow":["GET"]}}],"collection":[{"href":"https:\/\/hortis.co\/fr\/wp-json\/wp\/v2\/product"}],"about":[{"href":"https:\/\/hortis.co\/fr\/wp-json\/wp\/v2\/types\/product"}],"wp:featuredmedia":[{"embeddable":true,"href":"https:\/\/hortis.co\/fr\/wp-json\/wp\/v2\/media\/21798"}],"wp:attachment":[{"href":"https:\/\/hortis.co\/fr\/wp-json\/wp\/v2\/media?parent=21803"}],"wp:term":[{"taxonomy":"product_brand","embeddable":true,"href":"https:\/\/hortis.co\/fr\/wp-json\/wp\/v2\/product_brand?post=21803"},{"taxonomy":"product_cat","embeddable":true,"href":"https:\/\/hortis.co\/fr\/wp-json\/wp\/v2\/product_cat?post=21803"},{"taxonomy":"product_tag","embeddable":true,"href":"https:\/\/hortis.co\/fr\/wp-json\/wp\/v2\/product_tag?post=21803"}],"curies":[{"name":"wp","href":"https:\/\/api.w.org\/{rel}","templated":true}]}}