{"id":21879,"date":"2021-04-18T20:14:48","date_gmt":"2021-04-19T00:14:48","guid":{"rendered":"https:\/\/hortis.co\/product\/berberis-thunbergii-concorde\/"},"modified":"2021-04-18T20:14:48","modified_gmt":"2021-04-19T00:14:48","slug":"berberis-thunbergii-concorde-3","status":"publish","type":"product","link":"https:\/\/hortis.co\/fr\/produit\/berberis-thunbergii-concorde-3\/","title":{"rendered":"Berberis thunbergii &lsquo;Concorde&rsquo;"},"content":{"rendered":"","protected":false},"excerpt":{"rendered":"<div class=\"col q-mt-md\">\n<div class=\"text-h6\">Description<\/div>\n<p>L&rsquo;une des plus petites \u00e9pines-vinettes \u00e0 feuilles violettes disponibles, poussant en un petit monticule serr\u00e9 et compact, id\u00e9al pour accentuer la couleur dans le jardin ou la plantation en masse, m\u00eame comme bordure ; les nouvelles pousses sont rouges, offrant un contraste de couleur int\u00e9ressant.<\/p>\n<\/div>\n<div class=\"col\">\n<div class=\"text-h6\">Attribut Ornamental<\/div>\n<p>L&rsquo;\u00e9pine-vinette japonaise Concorde a un feuillage attrayant d&rsquo;un violet profond qui devient rouge au printemps. Les petites feuilles ovales sont tr\u00e8s ornementales et prennent une couleur \u00e9carlate remarquable \u00e0 l&rsquo;automne. Il se caract\u00e9rise par de minuscules grappes de fleurs jaunes qui pendent sous les branches au milieu du printemps. Les fruits sont des drupes \u00e9carlates qui apparaissent du d\u00e9but \u00e0 la fin de l&rsquo;automne.<\/p>\n<\/div>\n<div class=\"col\">\n<div class=\"text-h6\">Attributes de paysagement<\/div>\n<p>L&rsquo;\u00e9pine-vinette japonaise Concorde est un arbuste \u00e0 feuilles caduques, dense et \u00e0 plusieurs tiges, de forme arrondie. Il conf\u00e8re \u00e0 la composition du paysage une texture extr\u00eamement fine et d\u00e9licate qu&rsquo;il convient d&rsquo;utiliser \u00e0 bon escient.<\/p>\n<p>Un conifere de peut d&rsquo;entretient qui peut etre tailler a n&rsquo;importe quel temps de l&rsquo;ann\u00e9e. Les cerfs ne s&rsquo;int\u00e9ressent pas particuli\u00e8rement \u00e0 cette plante et la laissent g\u00e9n\u00e9ralement tranquille au profit de g\u00e2teries plus savoureuses. Les jardiniers doivent \u00eatre conscients des caract\u00e9ristiques suivantes qui peuvent justifier une attention particuli\u00e8re ;<\/p>\n<p>L&rsquo;\u00e9pine-vinette japonaise Concorde est recommand\u00e9e pour les applications paysag\u00e8res suivantes ;<\/p>\n<\/div>\n<div class=\"col\">\n<div class=\"text-h6\">Plantation et Croissance<\/div>\n<p>L&rsquo;\u00e9pine-vinette japonaise Concorde atteindra une hauteur d&rsquo;environ 18 pouces \u00e0 maturit\u00e9, avec un \u00e9talement de 24 pouces. Il a tendance \u00e0 s&rsquo;\u00e9toffer jusqu&rsquo;au sol et n&rsquo;a donc pas n\u00e9cessairement besoin de plantes en fa\u00e7ade. Il se d\u00e9veloppe lentement et, dans des conditions id\u00e9ales, il peut vivre environ 20 ans.<\/p>\n<p>Pousse mieux dans un endroit ensoleiller ou mi ombre. Il s&rsquo;adapte tr\u00e8s bien aux conditions de croissance s\u00e8ches et humides, mais ne tol\u00e8re pas l&rsquo;eau stagnante. Elle est consid\u00e9r\u00e9e comme tol\u00e9rante \u00e0 la s\u00e9cheresse et constitue donc un choix id\u00e9al pour un jardin \u00e0 faible consommation d&rsquo;eau ou une application x\u00e9ropaysag\u00e8re. Elle ne d\u00e9pend pas du type de sol ou du pH et peut supporter le sel de l&rsquo;environnement. Il est tr\u00e8s tol\u00e9rant \u00e0 la pollution urbaine et peut m\u00eame prosp\u00e9rer dans les centres-villes. Il s&rsquo;agit d&rsquo;une vari\u00e9t\u00e9 s\u00e9lectionn\u00e9e d&rsquo;une esp\u00e8ce qui n&rsquo;est pas originaire d&rsquo;Am\u00e9rique du Nord.<\/p>\n<p>L&rsquo;\u00e9pine-vinette japonaise Concorde est un excellent choix pour le paysage ext\u00e9rieur, mais elle est \u00e9galement bien adapt\u00e9e \u00e0 une utilisation en pots et conteneurs ext\u00e9rieurs. Elle est souvent utilis\u00e9e comme \u00ab\u00a0remplissage\u00a0\u00bb dans la combinaison de conteneurs \u00ab\u00a0spiller-thriller-filler\u00a0\u00bb, fournissant une masse de fleurs et de feuillage sur laquelle les plantes \u00e0 sensations se d\u00e9tachent. Notez que lorsqu&rsquo;il est cultiv\u00e9 dans un conteneur, il peut ne pas se comporter exactement comme indiqu\u00e9 sur l&rsquo;\u00e9tiquette, ce qui est normal. Notez \u00e9galement que les plantes cultiv\u00e9es dans des conteneurs et des paniers ext\u00e9rieurs peuvent n\u00e9cessiter des arrosages plus fr\u00e9quents que dans la cour ou le jardin.<\/p>\n<\/div>\n<div class=\"q-item q-item-type row no-wrap\">\n<div class=\"q-item__section column text-primary q-item__section--main justify-center\">Hauteur : 80 cm<\/div>\n<\/div>\n<div class=\"q-item q-item-type row no-wrap\">\n<div class=\"q-item__section column text-primary q-item__section--main justify-center\">Largeur: 1m<\/div>\n<\/div>\n<div class=\"q-item q-item-type row no-wrap\">\n<div class=\"q-item__section column text-primary q-item__section--main justify-center\">Ensoleilment: Soleil a MI Ombre<\/div>\n<\/div>\n<div class=\"q-item q-item-type row no-wrap\">\n<div class=\"q-item__section column text-primary q-item__section--main justify-center\">Humidit\u00e9 du sol : Sec \u00e0 humide<\/div>\n<\/div>\n<div class=\"q-item q-item-type row no-wrap\">\n<div class=\"q-item__section column text-primary q-item__section--main justify-center\">Zone de rusticite: 4<\/div>\n<\/div>\n<div class=\"q-item q-item-type row no-wrap\">\n<div class=\"q-item__section column text-primary q-item__section--main justify-center\">Couleur de la fleur : jaune<\/div>\n<\/div>\n<div class=\"q-item q-item-type row no-wrap\">\n<div class=\"q-item__section column text-primary q-item__section--main justify-center\">Couleur du feuillage : Pourpre<\/div>\n<\/div>\n<div class=\"q-item q-item-type row no-wrap\">\n<div class=\"q-item__section column text-primary q-item__section--main justify-center\">Couleur d&rsquo;automne : Orange<\/div>\n<\/div>\n","protected":false},"featured_media":19814,"template":"","meta":{"site-sidebar-layout":"default","site-content-layout":"default","ast-site-content-layout":"default","site-content-style":"default","site-sidebar-style":"default","ast-global-header-display":"","ast-banner-title-visibility":"","ast-main-header-display":"","ast-hfb-above-header-display":"","ast-hfb-below-header-display":"","ast-hfb-mobile-header-display":"","site-post-title":"","ast-breadcrumbs-content":"","ast-featured-img":"","footer-sml-layout":"","ast-disable-related-posts":"","theme-transparent-header-meta":"default","adv-header-id-meta":"","stick-header-meta":"default","header-above-stick-meta":"","header-main-stick-meta":"","header-below-stick-meta":"","astra-migrate-meta-layouts":"default","ast-page-background-enabled":"default","ast-page-background-meta":{"desktop":{"background-color":"","background-image":"","background-repeat":"repeat","background-position":"center center","background-size":"auto","background-attachment":"scroll","background-type":"","background-media":"","overlay-type":"","overlay-color":"","overlay-opacity":"","overlay-gradient":""},"tablet":{"background-color":"","background-image":"","background-repeat":"repeat","background-position":"center center","background-size":"auto","background-attachment":"scroll","background-type":"","background-media":"","overlay-type":"","overlay-color":"","overlay-opacity":"","overlay-gradient":""},"mobile":{"background-color":"","background-image":"","background-repeat":"repeat","background-position":"center center","background-size":"auto","background-attachment":"scroll","background-type":"","background-media":"","overlay-type":"","overlay-color":"","overlay-opacity":"","overlay-gradient":""}},"ast-content-background-meta":{"desktop":{"background-color":"var(--ast-global-color-5)","background-image":"","background-repeat":"repeat","background-position":"center center","background-size":"auto","background-attachment":"scroll","background-type":"","background-media":"","overlay-type":"","overlay-color":"","overlay-opacity":"","overlay-gradient":""},"tablet":{"background-color":"var(--ast-global-color-5)","background-image":"","background-repeat":"repeat","background-position":"center center","background-size":"auto","background-attachment":"scroll","background-type":"","background-media":"","overlay-type":"","overlay-color":"","overlay-opacity":"","overlay-gradient":""},"mobile":{"background-color":"var(--ast-global-color-5)","background-image":"","background-repeat":"repeat","background-position":"center center","background-size":"auto","background-attachment":"scroll","background-type":"","background-media":"","overlay-type":"","overlay-color":"","overlay-opacity":"","overlay-gradient":""}}},"product_brand":[],"product_cat":[341],"product_tag":[],"class_list":{"0":"post-21879","1":"product","2":"type-product","3":"status-publish","4":"has-post-thumbnail","6":"product_cat-arbustes","7":"desktop-align-left","8":"tablet-align-left","9":"mobile-align-left","10":"ast-product-gallery-layout-horizontal-slider","11":"ast-product-gallery-with-no-image","12":"ast-product-single-variable","13":"ast-product-tabs-layout-horizontal","15":"first","16":"instock","17":"taxable","18":"shipping-taxable","19":"purchasable","20":"product-type-variable"},"_links":{"self":[{"href":"https:\/\/hortis.co\/fr\/wp-json\/wp\/v2\/product\/21879","targetHints":{"allow":["GET"]}}],"collection":[{"href":"https:\/\/hortis.co\/fr\/wp-json\/wp\/v2\/product"}],"about":[{"href":"https:\/\/hortis.co\/fr\/wp-json\/wp\/v2\/types\/product"}],"wp:featuredmedia":[{"embeddable":true,"href":"https:\/\/hortis.co\/fr\/wp-json\/wp\/v2\/media\/19814"}],"wp:attachment":[{"href":"https:\/\/hortis.co\/fr\/wp-json\/wp\/v2\/media?parent=21879"}],"wp:term":[{"taxonomy":"product_brand","embeddable":true,"href":"https:\/\/hortis.co\/fr\/wp-json\/wp\/v2\/product_brand?post=21879"},{"taxonomy":"product_cat","embeddable":true,"href":"https:\/\/hortis.co\/fr\/wp-json\/wp\/v2\/product_cat?post=21879"},{"taxonomy":"product_tag","embeddable":true,"href":"https:\/\/hortis.co\/fr\/wp-json\/wp\/v2\/product_tag?post=21879"}],"curies":[{"name":"wp","href":"https:\/\/api.w.org\/{rel}","templated":true}]}}