{"id":22848,"date":"2020-12-26T22:52:25","date_gmt":"2020-12-27T03:52:25","guid":{"rendered":"https:\/\/hortis.co\/product\/juniperus-sabina\/"},"modified":"2020-12-26T22:52:25","modified_gmt":"2020-12-27T03:52:25","slug":"juniperus-sabina-2","status":"publish","type":"product","link":"https:\/\/hortis.co\/fr\/produit\/juniperus-sabina-2\/","title":{"rendered":"Juniperus sabina"},"content":{"rendered":"","protected":false},"excerpt":{"rendered":"<div class=\"col q-mt-md\">\n<div class=\"text-h6\">Description<\/div>\n<p>Un vieux favori pour l&rsquo;effet de masse dans le paysage, un arbuste qui s&rsquo;\u00e9tend et se r\u00e9pand avec des branches largement arqu\u00e9es et une texture douce, qui peut devenir assez grand ; mieux utilis\u00e9 en groupe pour l&rsquo;effet architectural ; de nombreux cultivars raffin\u00e9s sont disponibles.<\/p>\n<\/div>\n<div class=\"col\">\n<div class=\"text-h6\">Attribut Ornamental<\/div>\n<p>Le gen\u00e9vrier Savin a un feuillage vert. Le feuillage reste vert tout l&rsquo;hiver. Fleurs non signifiantes Il produit des baies bleues de la fin du printemps \u00e0 la fin de l&rsquo;hiver.<\/p>\n<\/div>\n<div class=\"col\">\n<div class=\"text-h6\">Attributes de paysagement<\/div>\n<p>Le gen\u00e9vrier de Savin est un arbuste \u00e0 feuilles persistantes \u00e0 plusieurs tiges, au port \u00e9rig\u00e9 et \u00e9tal\u00e9. Il conf\u00e8re une texture extr\u00eamement fine et d\u00e9licate \u00e0 la composition du paysage, ce qui peut en faire un excellent \u00e9l\u00e9ment d&rsquo;accentuation pour cette seule raison.<\/p>\n<p>Il s&rsquo;agit d&rsquo;un arbuste qui n\u00e9cessite relativement peu d&rsquo;entretien et qu&rsquo;il est pr\u00e9f\u00e9rable de tailler \u00e0 la fin de l&rsquo;hiver, une fois que les menaces de froid extr\u00eame sont pass\u00e9es. Sans aucune charateristique negative significante.<\/p>\n<p>Savin Juniper est recommand\u00e9 pour les applications paysag\u00e8res suivantes ;<\/p>\n<\/div>\n<div class=\"col\">\n<div class=\"text-h6\">Plantation et Croissance<\/div>\n<p>Le gen\u00e9vrier Savin atteindra une hauteur d&rsquo;environ 1,5 m \u00e0 maturit\u00e9, avec un \u00e9talement de 2,5 m. Il a tendance \u00e0 s&rsquo;\u00e9toffer jusqu&rsquo;au sol et n&rsquo;a donc pas n\u00e9cessairement besoin de plantes de fa\u00e7ade, et il convient \u00e0 la plantation sous les lignes \u00e9lectriques. Il pousse a un croissance lente et peut vivre jusqu&rsquo;a 30 ans.<\/p>\n<p>Cet arbuste ne doit \u00eatre cultiv\u00e9 qu&rsquo;en plein soleil. Il s&rsquo;adapte tr\u00e8s bien aux conditions de croissance s\u00e8ches et humides, mais ne tol\u00e8re pas l&rsquo;eau stagnante. Il est consid\u00e9r\u00e9 comme tol\u00e9rant \u00e0 la s\u00e9cheresse et constitue donc un choix id\u00e9al pour le x\u00e9ropaysagisme ou le paysage de conservation de l&rsquo;humidit\u00e9. Elle ne s&rsquo;int\u00e9resse pas au type de sol ou au pH. Elle est tr\u00e8s tol\u00e9rante \u00e0 la pollution urbaine et prosp\u00e8re m\u00eame dans les centres-villes. Cette esp\u00e8ce n&rsquo;est pas originaire d&rsquo;Am\u00e9rique du Nord.<\/p>\n<\/div>\n<div class=\"q-item q-item-type row no-wrap\">\n<div class=\"q-item__section column text-primary q-item__section--main justify-center\">Hauteur : 1,2 m<\/div>\n<\/div>\n<div class=\"q-item q-item-type row no-wrap\">\n<div class=\"q-item__section column text-primary q-item__section--main justify-center\">Largeur: 1.5m<\/div>\n<\/div>\n<div class=\"q-item q-item-type row no-wrap\">\n<div class=\"q-item__section column text-primary q-item__section--main justify-center\">Ensoleilment: Soleil<\/div>\n<\/div>\n<div class=\"q-item q-item-type row no-wrap\">\n<div class=\"q-item__section column text-primary q-item__section--main justify-center\">Humidit\u00e9 du sol : Sec \u00e0 humide<\/div>\n<\/div>\n<div class=\"q-item q-item-type row no-wrap\">\n<div class=\"q-item__section column text-primary q-item__section--main justify-center\">Zone de Rusticit\u00e9: 3<\/div>\n<\/div>\n<div class=\"q-item q-item-type row no-wrap\">\n<div class=\"q-item__section column text-primary q-item__section--main justify-center\">Feuillage: Vert<\/div>\n<\/div>\n","protected":false},"featured_media":19791,"template":"","meta":{"site-sidebar-layout":"default","site-content-layout":"default","ast-site-content-layout":"default","site-content-style":"default","site-sidebar-style":"default","ast-global-header-display":"","ast-banner-title-visibility":"","ast-main-header-display":"","ast-hfb-above-header-display":"","ast-hfb-below-header-display":"","ast-hfb-mobile-header-display":"","site-post-title":"","ast-breadcrumbs-content":"","ast-featured-img":"","footer-sml-layout":"","ast-disable-related-posts":"","theme-transparent-header-meta":"default","adv-header-id-meta":"","stick-header-meta":"default","header-above-stick-meta":"","header-main-stick-meta":"","header-below-stick-meta":"","astra-migrate-meta-layouts":"default","ast-page-background-enabled":"default","ast-page-background-meta":{"desktop":{"background-color":"","background-image":"","background-repeat":"repeat","background-position":"center center","background-size":"auto","background-attachment":"scroll","background-type":"","background-media":"","overlay-type":"","overlay-color":"","overlay-opacity":"","overlay-gradient":""},"tablet":{"background-color":"","background-image":"","background-repeat":"repeat","background-position":"center center","background-size":"auto","background-attachment":"scroll","background-type":"","background-media":"","overlay-type":"","overlay-color":"","overlay-opacity":"","overlay-gradient":""},"mobile":{"background-color":"","background-image":"","background-repeat":"repeat","background-position":"center center","background-size":"auto","background-attachment":"scroll","background-type":"","background-media":"","overlay-type":"","overlay-color":"","overlay-opacity":"","overlay-gradient":""}},"ast-content-background-meta":{"desktop":{"background-color":"var(--ast-global-color-5)","background-image":"","background-repeat":"repeat","background-position":"center center","background-size":"auto","background-attachment":"scroll","background-type":"","background-media":"","overlay-type":"","overlay-color":"","overlay-opacity":"","overlay-gradient":""},"tablet":{"background-color":"var(--ast-global-color-5)","background-image":"","background-repeat":"repeat","background-position":"center center","background-size":"auto","background-attachment":"scroll","background-type":"","background-media":"","overlay-type":"","overlay-color":"","overlay-opacity":"","overlay-gradient":""},"mobile":{"background-color":"var(--ast-global-color-5)","background-image":"","background-repeat":"repeat","background-position":"center center","background-size":"auto","background-attachment":"scroll","background-type":"","background-media":"","overlay-type":"","overlay-color":"","overlay-opacity":"","overlay-gradient":""}}},"product_brand":[],"product_cat":[338],"product_tag":[],"class_list":{"0":"post-22848","1":"product","2":"type-product","3":"status-publish","4":"has-post-thumbnail","6":"product_cat-coniferes","7":"desktop-align-left","8":"tablet-align-left","9":"mobile-align-left","10":"ast-product-gallery-layout-horizontal-slider","11":"ast-product-gallery-with-no-image","12":"ast-product-tabs-layout-horizontal","14":"first","15":"instock","16":"taxable","17":"shipping-taxable","18":"product-type-simple"},"_links":{"self":[{"href":"https:\/\/hortis.co\/fr\/wp-json\/wp\/v2\/product\/22848","targetHints":{"allow":["GET"]}}],"collection":[{"href":"https:\/\/hortis.co\/fr\/wp-json\/wp\/v2\/product"}],"about":[{"href":"https:\/\/hortis.co\/fr\/wp-json\/wp\/v2\/types\/product"}],"wp:featuredmedia":[{"embeddable":true,"href":"https:\/\/hortis.co\/fr\/wp-json\/wp\/v2\/media\/19791"}],"wp:attachment":[{"href":"https:\/\/hortis.co\/fr\/wp-json\/wp\/v2\/media?parent=22848"}],"wp:term":[{"taxonomy":"product_brand","embeddable":true,"href":"https:\/\/hortis.co\/fr\/wp-json\/wp\/v2\/product_brand?post=22848"},{"taxonomy":"product_cat","embeddable":true,"href":"https:\/\/hortis.co\/fr\/wp-json\/wp\/v2\/product_cat?post=22848"},{"taxonomy":"product_tag","embeddable":true,"href":"https:\/\/hortis.co\/fr\/wp-json\/wp\/v2\/product_tag?post=22848"}],"curies":[{"name":"wp","href":"https:\/\/api.w.org\/{rel}","templated":true}]}}