{"id":22874,"date":"2023-03-29T21:27:07","date_gmt":"2023-03-30T01:27:07","guid":{"rendered":"https:\/\/hortis.co\/product\/physocarpus-opulifolius\/"},"modified":"2023-03-29T21:27:07","modified_gmt":"2023-03-30T01:27:07","slug":"physocarpus-opulifolius-5","status":"publish","type":"product","link":"https:\/\/hortis.co\/fr\/produit\/physocarpus-opulifolius-5\/","title":{"rendered":"Physocarpus &lsquo;Opulifolius&rsquo;"},"content":{"rendered":"","protected":false},"excerpt":{"rendered":"<div id=\"MainContentPlaceHolder_CultureRow\" class=\"row\">\n<h4>Culture<\/h4>\n<p>Il est facile \u00e0 cultiver dans un sol moyen, l\u00e9g\u00e8rement acide, sec \u00e0 moyennement humide, bien drain\u00e9, en plein soleil ou \u00e0 l&rsquo;ombre partielle. Pr\u00e9f\u00e8re le plein soleil dans la partie nord de son aire de culture, mais appr\u00e9cie un peu d&rsquo;ombre l&rsquo;apr\u00e8s-midi dans la r\u00e9gion de Saint-Louis. Tol\u00e8re une large gamme de conditions de sol. Tailler au besoin imm\u00e9diatement apr\u00e8s la floraison et au plus tard \u00e0 la mi-ao\u00fbt. Les plantes peuvent \u00eatre coup\u00e9es pr\u00e8s du sol en hiver pour rajeunir. Les plantes ont souvent du mal \u00e0 supporter les climats estivaux chauds et humides du Sud profond, dans les zones 8-9 de l&rsquo;USDA.<\/p>\n<\/div>\n<div id=\"MainContentPlaceHolder_NoteworthyRow\" class=\"row\">\n<h4>Caract\u00e9ristiques remarquables<\/h4>\n<p><em>Physocarpus opulifolius<\/em>, commun\u00e9ment appel\u00e9 ninebark, est un arbuste \u00e0 feuilles caduques, \u00e9rig\u00e9, \u00e9tal\u00e9, quelque peu grossier, originaire du Missouri et \u00e9troitement li\u00e9 au genre <em>Spiraea<\/em>. Dans le Missouri, elle se rencontre g\u00e9n\u00e9ralement le long des cours d&rsquo;eau, des berges rocheuses, des bancs de gravier et dans les fourr\u00e9s humides, en particulier dans les comt\u00e9s situ\u00e9s au sud de la rivi\u00e8re Missouri (Steyermark). Pousse de 5 \u00e0 9 pieds de haut (plus rarement jusqu&rsquo;\u00e0 10 pieds). Remarqu\u00e9 pour son \u00e9corce exfoliante (sur les branches matures) qui se d\u00e9tache en bandes pour r\u00e9v\u00e9ler plusieurs couches d&rsquo;\u00e9corce interne rouge\u00e2tre \u00e0 brun clair (d&rsquo;o\u00f9 le nom commun d&rsquo;\u00e9corce \u00e0 neuf feuilles). L&rsquo;\u00e9corce est int\u00e9ressante en hiver, mais elle est g\u00e9n\u00e9ralement cach\u00e9e par le feuillage pendant la saison de croissance. Petites fleurs roses ou blanches \u00e0 cinq p\u00e9tales apparaissant en grappes denses, plates, arrondies, de 1 \u00e0 2 pouces de diam\u00e8tre, semblables \u00e0 des spirales (corymbes) \u00e0 la fin du printemps. Les fleurs laissent place \u00e0 des grappes tombantes de fruits rouge\u00e2tres (capsules de graines gonfl\u00e9es). Les feuilles ovales \u00e0 arrondies, g\u00e9n\u00e9ralement \u00e0 3 ou 5 lobes (jusqu&rsquo;\u00e0 4&Prime; de long) sont d&rsquo;un vert terne en \u00e9t\u00e9 et passent \u00e0 un jaune discret en automne.<\/p>\n<p>Le nom du genre vient du grec <em>physa<\/em> qui signifie vessie et <em>karpos<\/em> qui signifie fruit, en r\u00e9f\u00e9rence aux fruits secs gonfl\u00e9s de la plante.<\/p>\n<p>L&rsquo;\u00e9pith\u00e8te sp\u00e9cifique fait r\u00e9f\u00e9rence aux feuilles qui ressemblent \u00e0 celles de <em>Viburnum opulus<\/em>.<\/p>\n<p>Le nom commun de l&rsquo;alisier est une r\u00e9f\u00e9rence \u00e0 son \u00e9corce exfoliante et attrayante pour l&rsquo;ornement.<\/p>\n<\/div>\n<div id=\"MainContentPlaceHolder_ProblemsRow\" class=\"row\">\n<h4>Probl\u00e8mes<\/h4>\n<p>Le feu bact\u00e9rien, l&rsquo;o\u00efdium et les taches foliaires peuvent appara\u00eetre.<\/p>\n<\/div>\n<div id=\"MainContentPlaceHolder_GardenUsesRow\" class=\"row\">\n<h4>Utilisations<\/h4>\n<p>En masse dans les bordures d&rsquo;arbustes. Efficace comme haie, \u00e9cran ou pour le contr\u00f4le de l&rsquo;\u00e9rosion sur les berges. Jardin de plantes indig\u00e8nes. Capable de pousser dans des conditions difficiles.<\/p>\n<div id=\"MainContentPlaceHolder_CommonNameRow\" class=\"row\">Nom commun : Ninebark<\/div>\n<div id=\"MainContentPlaceHolder_TypeRow\" class=\"row\">Type : Arbuste \u00e0 feuilles caduques<\/div>\n<div id=\"MainContentPlaceHolder_FamilyRow\" class=\"row\">Famille : Rosac\u00e9es<\/div>\n<div id=\"MainContentPlaceHolder_NativeRangeRow\" class=\"row\">Aire de r\u00e9partition indig\u00e8ne : Am\u00e9rique du Nord centrale et orientale<\/div>\n<div id=\"MainContentPlaceHolder_ZoneRow\" class=\"row\">Zone : 2 \u00e0 8<\/div>\n<div id=\"MainContentPlaceHolder_HeightRow\" class=\"row\">Hauteur : 5,00 \u00e0 8,00 pieds<\/div>\n<div id=\"MainContentPlaceHolder_SpreadRow\" class=\"row\">Port\u00e9e : 4.00 \u00e0 6.00 pieds<\/div>\n<div id=\"MainContentPlaceHolder_BloomTimeRow\" class=\"row\">P\u00e9riode de floraison : mai \u00e0 juin<\/div>\n<div id=\"MainContentPlaceHolder_ColorTextRow\" class=\"row\">Description de la floraison : Blanc ou rose<\/div>\n<div id=\"MainContentPlaceHolder_SunRow\" class=\"row\">Soleil : Plein soleil \u00e0 mi-ombre<\/div>\n<div id=\"MainContentPlaceHolder_WaterRow\" class=\"row\">Eau : Sec \u00e0 moyen<\/div>\n<div id=\"MainContentPlaceHolder_MaintenanceRow\" class=\"row\">Entretien : Moyenne<\/div>\n<div class=\"row\">Suggestion d&rsquo;utilisation : Haie<\/div>\n<div class=\"row\">Fleur : voyante<\/div>\n<div class=\"row\">Tol\u00e8re : S\u00e9cheresse, \u00e9rosion, sol argileux, sol sec, sol humide, sol rocailleux peu profond, noyer noir<\/div>\n<\/div>\n","protected":false},"featured_media":22870,"template":"","meta":{"site-sidebar-layout":"default","site-content-layout":"default","ast-site-content-layout":"default","site-content-style":"default","site-sidebar-style":"default","ast-global-header-display":"","ast-banner-title-visibility":"","ast-main-header-display":"","ast-hfb-above-header-display":"","ast-hfb-below-header-display":"","ast-hfb-mobile-header-display":"","site-post-title":"","ast-breadcrumbs-content":"","ast-featured-img":"","footer-sml-layout":"","ast-disable-related-posts":"","theme-transparent-header-meta":"default","adv-header-id-meta":"","stick-header-meta":"default","header-above-stick-meta":"","header-main-stick-meta":"","header-below-stick-meta":"","astra-migrate-meta-layouts":"default","ast-page-background-enabled":"default","ast-page-background-meta":{"desktop":{"background-color":"","background-image":"","background-repeat":"repeat","background-position":"center center","background-size":"auto","background-attachment":"scroll","background-type":"","background-media":"","overlay-type":"","overlay-color":"","overlay-opacity":"","overlay-gradient":""},"tablet":{"background-color":"","background-image":"","background-repeat":"repeat","background-position":"center center","background-size":"auto","background-attachment":"scroll","background-type":"","background-media":"","overlay-type":"","overlay-color":"","overlay-opacity":"","overlay-gradient":""},"mobile":{"background-color":"","background-image":"","background-repeat":"repeat","background-position":"center center","background-size":"auto","background-attachment":"scroll","background-type":"","background-media":"","overlay-type":"","overlay-color":"","overlay-opacity":"","overlay-gradient":""}},"ast-content-background-meta":{"desktop":{"background-color":"var(--ast-global-color-5)","background-image":"","background-repeat":"repeat","background-position":"center center","background-size":"auto","background-attachment":"scroll","background-type":"","background-media":"","overlay-type":"","overlay-color":"","overlay-opacity":"","overlay-gradient":""},"tablet":{"background-color":"var(--ast-global-color-5)","background-image":"","background-repeat":"repeat","background-position":"center center","background-size":"auto","background-attachment":"scroll","background-type":"","background-media":"","overlay-type":"","overlay-color":"","overlay-opacity":"","overlay-gradient":""},"mobile":{"background-color":"var(--ast-global-color-5)","background-image":"","background-repeat":"repeat","background-position":"center center","background-size":"auto","background-attachment":"scroll","background-type":"","background-media":"","overlay-type":"","overlay-color":"","overlay-opacity":"","overlay-gradient":""}}},"product_brand":[],"product_cat":[341],"product_tag":[],"class_list":{"0":"post-22874","1":"product","2":"type-product","3":"status-publish","4":"has-post-thumbnail","6":"product_cat-arbustes","7":"desktop-align-left","8":"tablet-align-left","9":"mobile-align-left","10":"ast-product-gallery-layout-horizontal-slider","11":"ast-product-gallery-with-no-image","12":"ast-product-tabs-layout-horizontal","14":"first","15":"instock","16":"taxable","17":"shipping-taxable","18":"purchasable","19":"product-type-simple"},"_links":{"self":[{"href":"https:\/\/hortis.co\/fr\/wp-json\/wp\/v2\/product\/22874","targetHints":{"allow":["GET"]}}],"collection":[{"href":"https:\/\/hortis.co\/fr\/wp-json\/wp\/v2\/product"}],"about":[{"href":"https:\/\/hortis.co\/fr\/wp-json\/wp\/v2\/types\/product"}],"wp:featuredmedia":[{"embeddable":true,"href":"https:\/\/hortis.co\/fr\/wp-json\/wp\/v2\/media\/22870"}],"wp:attachment":[{"href":"https:\/\/hortis.co\/fr\/wp-json\/wp\/v2\/media?parent=22874"}],"wp:term":[{"taxonomy":"product_brand","embeddable":true,"href":"https:\/\/hortis.co\/fr\/wp-json\/wp\/v2\/product_brand?post=22874"},{"taxonomy":"product_cat","embeddable":true,"href":"https:\/\/hortis.co\/fr\/wp-json\/wp\/v2\/product_cat?post=22874"},{"taxonomy":"product_tag","embeddable":true,"href":"https:\/\/hortis.co\/fr\/wp-json\/wp\/v2\/product_tag?post=22874"}],"curies":[{"name":"wp","href":"https:\/\/api.w.org\/{rel}","templated":true}]}}