{"id":22892,"date":"2023-03-29T21:28:14","date_gmt":"2023-03-30T01:28:14","guid":{"rendered":"https:\/\/hortis.co\/product\/acer-saccharinum\/"},"modified":"2023-03-29T21:28:14","modified_gmt":"2023-03-30T01:28:14","slug":"acer-saccharinum-3","status":"publish","type":"product","link":"https:\/\/hortis.co\/fr\/produit\/acer-saccharinum-3\/","title":{"rendered":"Acer Saccharinum"},"content":{"rendered":"","protected":false},"excerpt":{"rendered":"<div class=\"col q-mt-md\">\n<div class=\"text-h6\">Description<\/div>\n<p>Arbre d&rsquo;ombrage tr\u00e8s polyvalent et populaire en raison de sa croissance rapide, il peut devenir tr\u00e8s grand, mais ne convient qu&rsquo;aux grands am\u00e9nagements paysagers. Feuilles de forme int\u00e9ressante dont le revers argent\u00e9 brille dans le vent, un bon choix pour les sites difficiles.<\/p>\n<\/div>\n<div class=\"col\">\n<div class=\"text-h6\">Attribut Ornamental<\/div>\n<p>L&rsquo;\u00e9rable argent\u00e9 a un beau feuillage vert avec le dessous argent\u00e9 pendant toute la saison. Les feuilles lob\u00e9es sont tr\u00e8s ornementales et deviennent jaune beurre \u00e0 l&rsquo;automne. Il pr\u00e9sente de belles grappes de fleurs rouges le long des branches au d\u00e9but du printemps, avant les feuilles. Le fruit n&rsquo;a pas d&rsquo;importance ornementale. L&rsquo;\u00e9corce argent\u00e9e sillonn\u00e9e et les branches rouge brique ajoutent une dimension int\u00e9ressante au paysage.<\/p>\n<\/div>\n<div class=\"col\">\n<div class=\"text-h6\">Attributes de paysagement<\/div>\n<p>L&rsquo;\u00e9rable argent\u00e9 est un arbre \u00e0 feuilles caduques de forme plus ou moins arrondie. Sa texture moyenne se fond dans le paysage, mais peut \u00eatre \u00e9quilibr\u00e9e par un ou deux arbres ou arbustes plus fins ou plus grossiers pour une composition efficace.<\/p>\n<p>Cet arbre n\u00e9cessite un entretien occasionnel et ne doit \u00eatre taill\u00e9 qu&rsquo;en \u00e9t\u00e9, apr\u00e8s le d\u00e9veloppement complet des feuilles, car il risque de perdre de la s\u00e8ve s&rsquo;il est taill\u00e9 \u00e0 la fin de l&rsquo;hiver ou au d\u00e9but du printemps. Sans aucune charateristique negative significante.<\/p>\n<p>L&rsquo;\u00e9rable argent\u00e9 est recommand\u00e9 pour les applications paysag\u00e8res suivantes ;<\/p>\n<\/div>\n<div class=\"col\">\n<div class=\"text-h6\">Plantation et Croissance<\/div>\n<p>L&rsquo;\u00e9rable argent\u00e9 atteindra une hauteur d&rsquo;environ 70 pieds \u00e0 maturit\u00e9, avec un \u00e9talement de 50 pieds. Le feuillage de l&rsquo;arbuste est tr\u00e8s haut, bien au-dessus du sol, et il ne faut pas le planter sous les lignes \u00e9lectriques. \u00c0 mesure qu&rsquo;il m\u00fbrit, les branches inf\u00e9rieures de cet arbre peuvent \u00eatre strat\u00e9giquement enlev\u00e9es pour cr\u00e9er une canop\u00e9e suffisamment haute pour permettre une circulation humaine sans entrave en dessous. Il cro\u00eet rapidement et, dans des conditions id\u00e9ales, il peut vivre 80 ans ou plus.<\/p>\n<p>Cet arbre ne doit \u00eatre cultiv\u00e9 qu&rsquo;en plein soleil. Il s&rsquo;agit d&rsquo;une plante \u00e9tonnamment adaptable, qui tol\u00e8re \u00e0 la fois des conditions s\u00e8ches et m\u00eame un peu d&rsquo;eau stagnante. Elle ne s&rsquo;int\u00e9resse pas au type de sol ou au pH. Elle est tr\u00e8s tol\u00e9rante \u00e0 la pollution urbaine et prosp\u00e8re m\u00eame dans les centres-villes. Cette esp\u00e8ce est originaire de certaines parties de l&rsquo;Am\u00e9rique du Nord.<\/p>\n<div class=\"q-item q-item-type row no-wrap\">\n<div class=\"q-item__section column text-primary q-item__section--main justify-center\">Hauteur : 18m<\/div>\n<\/div>\n<div class=\"q-item q-item-type row no-wrap\">\n<div class=\"q-item__section column text-primary q-item__section--main justify-center\">Port\u00e9e : 15m<\/div>\n<\/div>\n<div class=\"q-item q-item-type row no-wrap\">\n<div class=\"q-item__section column text-primary q-item__section--main justify-center\">Ensoleilment: Soleil<\/div>\n<div class=\"q-item__section column q-item__section--side justify-center\">\n<div><span style=\"font-size: 16px;\">Humidit\u00e9 du sol : <\/span><span style=\"font-size: 16px;\">Sec \u00e0 humide<\/span><\/div>\n<\/div>\n<\/div>\n<div class=\"q-item q-item-type row no-wrap\">\n<div class=\"q-item__section column text-primary q-item__section--main justify-center\">Hardiness Zone: 2<\/div>\n<\/div>\n<div class=\"q-item q-item-type row no-wrap\">\n<div class=\"q-item__section column text-primary q-item__section--main justify-center\">Couleur de la fleur : Rouge<\/div>\n<\/div>\n<div class=\"q-item q-item-type row no-wrap\">\n<div class=\"q-item__section column text-primary q-item__section--main justify-center\">Feuillage: Vert<\/div>\n<\/div>\n<div class=\"q-item q-item-type row no-wrap\">\n<div class=\"q-item__section column text-primary q-item__section--main justify-center\">Couleur d&rsquo;automne : jaune<\/div>\n<\/div>\n<\/div>\n","protected":false},"featured_media":23033,"template":"","meta":{"site-sidebar-layout":"default","site-content-layout":"default","ast-site-content-layout":"default","site-content-style":"default","site-sidebar-style":"default","ast-global-header-display":"","ast-banner-title-visibility":"","ast-main-header-display":"","ast-hfb-above-header-display":"","ast-hfb-below-header-display":"","ast-hfb-mobile-header-display":"","site-post-title":"","ast-breadcrumbs-content":"","ast-featured-img":"","footer-sml-layout":"","ast-disable-related-posts":"","theme-transparent-header-meta":"default","adv-header-id-meta":"","stick-header-meta":"default","header-above-stick-meta":"","header-main-stick-meta":"","header-below-stick-meta":"","astra-migrate-meta-layouts":"default","ast-page-background-enabled":"default","ast-page-background-meta":{"desktop":{"background-color":"","background-image":"","background-repeat":"repeat","background-position":"center center","background-size":"auto","background-attachment":"scroll","background-type":"","background-media":"","overlay-type":"","overlay-color":"","overlay-opacity":"","overlay-gradient":""},"tablet":{"background-color":"","background-image":"","background-repeat":"repeat","background-position":"center center","background-size":"auto","background-attachment":"scroll","background-type":"","background-media":"","overlay-type":"","overlay-color":"","overlay-opacity":"","overlay-gradient":""},"mobile":{"background-color":"","background-image":"","background-repeat":"repeat","background-position":"center center","background-size":"auto","background-attachment":"scroll","background-type":"","background-media":"","overlay-type":"","overlay-color":"","overlay-opacity":"","overlay-gradient":""}},"ast-content-background-meta":{"desktop":{"background-color":"var(--ast-global-color-5)","background-image":"","background-repeat":"repeat","background-position":"center center","background-size":"auto","background-attachment":"scroll","background-type":"","background-media":"","overlay-type":"","overlay-color":"","overlay-opacity":"","overlay-gradient":""},"tablet":{"background-color":"var(--ast-global-color-5)","background-image":"","background-repeat":"repeat","background-position":"center center","background-size":"auto","background-attachment":"scroll","background-type":"","background-media":"","overlay-type":"","overlay-color":"","overlay-opacity":"","overlay-gradient":""},"mobile":{"background-color":"var(--ast-global-color-5)","background-image":"","background-repeat":"repeat","background-position":"center center","background-size":"auto","background-attachment":"scroll","background-type":"","background-media":"","overlay-type":"","overlay-color":"","overlay-opacity":"","overlay-gradient":""}}},"product_brand":[],"product_cat":[425],"product_tag":[],"class_list":{"0":"post-22892","1":"product","2":"type-product","3":"status-publish","4":"has-post-thumbnail","6":"product_cat-arbres-fr","7":"desktop-align-left","8":"tablet-align-left","9":"mobile-align-left","10":"ast-product-gallery-layout-horizontal-slider","11":"ast-product-gallery-with-no-image","12":"ast-product-single-variable","13":"ast-product-tabs-layout-horizontal","15":"first","16":"instock","17":"taxable","18":"shipping-taxable","19":"purchasable","20":"product-type-variable"},"_links":{"self":[{"href":"https:\/\/hortis.co\/fr\/wp-json\/wp\/v2\/product\/22892","targetHints":{"allow":["GET"]}}],"collection":[{"href":"https:\/\/hortis.co\/fr\/wp-json\/wp\/v2\/product"}],"about":[{"href":"https:\/\/hortis.co\/fr\/wp-json\/wp\/v2\/types\/product"}],"wp:featuredmedia":[{"embeddable":true,"href":"https:\/\/hortis.co\/fr\/wp-json\/wp\/v2\/media\/23033"}],"wp:attachment":[{"href":"https:\/\/hortis.co\/fr\/wp-json\/wp\/v2\/media?parent=22892"}],"wp:term":[{"taxonomy":"product_brand","embeddable":true,"href":"https:\/\/hortis.co\/fr\/wp-json\/wp\/v2\/product_brand?post=22892"},{"taxonomy":"product_cat","embeddable":true,"href":"https:\/\/hortis.co\/fr\/wp-json\/wp\/v2\/product_cat?post=22892"},{"taxonomy":"product_tag","embeddable":true,"href":"https:\/\/hortis.co\/fr\/wp-json\/wp\/v2\/product_tag?post=22892"}],"curies":[{"name":"wp","href":"https:\/\/api.w.org\/{rel}","templated":true}]}}