{"id":22894,"date":"2023-03-29T21:28:14","date_gmt":"2023-03-30T01:28:14","guid":{"rendered":"https:\/\/hortis.co\/product\/acer-saccharum-temple\/"},"modified":"2023-03-29T21:28:14","modified_gmt":"2023-03-30T01:28:14","slug":"acer-saccharum-temple-3","status":"publish","type":"product","link":"https:\/\/hortis.co\/fr\/produit\/acer-saccharum-temple-3\/","title":{"rendered":"Acer Saccharum &lsquo;Temple&rsquo;"},"content":{"rendered":"","protected":false},"excerpt":{"rendered":"<div class=\"col q-mt-md\">\n<div class=\"text-h6\">Description<\/div>\n<p>Arbre extr\u00eamement \u00e9troit au port \u00e9rig\u00e9, id\u00e9al pour articuler la silhouette du paysage ou pour former une haie ou une all\u00e9e d&rsquo;arbres formels ; s&rsquo;adapte \u00e0 divers sols, mais n&rsquo;aime pas la pollution de l&rsquo;air et le compactage.<\/p>\n<\/div>\n<div class=\"col\">\n<div class=\"text-h6\">Attribut Ornamental<\/div>\n<p>L&rsquo;\u00e9rable \u00e0 sucre Newton Sentry a un feuillage vert pendant toute la saison. Les feuilles lob\u00e9es prennent des teintes exceptionnelles d&rsquo;or, d&rsquo;orange et de rouge \u00e0 l&rsquo;automne. Les fleurs et les fruits n&rsquo;ont pas de valeur ornamental.<\/p>\n<\/div>\n<div class=\"col\">\n<div class=\"text-h6\">Attributes de paysagement<\/div>\n<p>L&rsquo;\u00e9rable \u00e0 sucre Newton Sentry est un arbre \u00e0 feuilles caduques dense avec une forte t\u00eate centrale et un port \u00e9troitement dress\u00e9 et colonnaire. Sa texture moyenne se fond dans le paysage, mais peut \u00eatre \u00e9quilibr\u00e9e par un ou deux arbres ou arbustes plus fins ou plus grossiers pour une composition efficace.<\/p>\n<p>C&rsquo;est un arbre qui demande relativement peu d&rsquo;entretien et qui ne devrait pas n\u00e9cessiter beaucoup de taille, sauf en cas de n\u00e9cessit\u00e9, par exemple pour \u00e9liminer le d\u00e9p\u00e9rissement. Sans aucune charateristique negative significante.<\/p>\n<p>L&rsquo;\u00e9rable \u00e0 sucre Newton Sentry est recommand\u00e9 pour les applications paysag\u00e8res suivantes ;<\/p>\n<\/div>\n<div class=\"col\">\n<div class=\"text-h6\">Plantation et Croissance<\/div>\n<p>L&rsquo;\u00e9rable \u00e0 sucre Newton Sentry atteindra une hauteur d&rsquo;environ 50 pieds \u00e0 maturit\u00e9, avec un \u00e9talement de 15 pieds. Le feuillage est haut, avec une hauteur typique de 6 pieds \u00e0 partir du sol, et ne doit pas \u00eatre plant\u00e9 sous des lignes \u00e9lectriques. \u00c0 mesure qu&rsquo;il m\u00fbrit, les branches inf\u00e9rieures de cet arbre peuvent \u00eatre strat\u00e9giquement enlev\u00e9es pour cr\u00e9er une canop\u00e9e suffisamment haute pour permettre une circulation humaine sans entrave en dessous. Il pousse lentement et, dans des conditions id\u00e9ales, on peut s&rsquo;attendre \u00e0 ce qu&rsquo;il vive jusqu&rsquo;\u00e0 l&rsquo;\u00e2ge m\u00fbr de 100 ans ou plus ; consid\u00e9rez-le comme un arbre patrimonial pour les g\u00e9n\u00e9rations futures !<\/p>\n<p>Cet arbre ne doit \u00eatre cultiv\u00e9 qu&rsquo;en plein soleil. Preferables dans un endroit dont le sol est humide. Elle n&rsquo;est pas sensible au pH du sol, mais pousse mieux dans les sols riches. Il tol\u00e8re assez bien la pollution urbaine. Un selection Nord Americaine.<\/p>\n<div class=\"q-item q-item-type row no-wrap\">\n<div class=\"q-item__section column text-primary q-item__section--main justify-center\">Hauteur : 23m<\/div>\n<\/div>\n<div class=\"q-item q-item-type row no-wrap\">\n<div class=\"q-item__section column text-primary q-item__section--main justify-center\">Port\u00e9e : 3m<\/div>\n<\/div>\n<div class=\"q-item q-item-type row no-wrap\">\n<div class=\"q-item__section column text-primary q-item__section--main justify-center\">Ensoleilment: Soleil<\/div>\n<\/div>\n<div class=\"q-item q-item-type row no-wrap\">\n<div class=\"q-item__section column text-primary q-item__section--main justify-center\">Humidit\u00e9 du sol : Moyenne \u00e0 humide<\/div>\n<\/div>\n<div class=\"q-item q-item-type row no-wrap\">\n<div class=\"q-item__section column text-primary q-item__section--main justify-center\">Zone de rusticite: 4<\/div>\n<\/div>\n<div class=\"q-item q-item-type row no-wrap\">\n<div class=\"q-item__section column text-primary q-item__section--main justify-center\">Feuillage: Vert<\/div>\n<\/div>\n<div class=\"q-item q-item-type row no-wrap\">\n<div class=\"q-item__section column text-primary q-item__section--main justify-center\">Couleur d&rsquo;automne : jaune<\/div>\n<\/div>\n<\/div>\n","protected":false},"featured_media":23037,"template":"","meta":{"site-sidebar-layout":"default","site-content-layout":"default","ast-site-content-layout":"default","site-content-style":"default","site-sidebar-style":"default","ast-global-header-display":"","ast-banner-title-visibility":"","ast-main-header-display":"","ast-hfb-above-header-display":"","ast-hfb-below-header-display":"","ast-hfb-mobile-header-display":"","site-post-title":"","ast-breadcrumbs-content":"","ast-featured-img":"","footer-sml-layout":"","ast-disable-related-posts":"","theme-transparent-header-meta":"default","adv-header-id-meta":"","stick-header-meta":"default","header-above-stick-meta":"","header-main-stick-meta":"","header-below-stick-meta":"","astra-migrate-meta-layouts":"default","ast-page-background-enabled":"default","ast-page-background-meta":{"desktop":{"background-color":"","background-image":"","background-repeat":"repeat","background-position":"center center","background-size":"auto","background-attachment":"scroll","background-type":"","background-media":"","overlay-type":"","overlay-color":"","overlay-opacity":"","overlay-gradient":""},"tablet":{"background-color":"","background-image":"","background-repeat":"repeat","background-position":"center center","background-size":"auto","background-attachment":"scroll","background-type":"","background-media":"","overlay-type":"","overlay-color":"","overlay-opacity":"","overlay-gradient":""},"mobile":{"background-color":"","background-image":"","background-repeat":"repeat","background-position":"center center","background-size":"auto","background-attachment":"scroll","background-type":"","background-media":"","overlay-type":"","overlay-color":"","overlay-opacity":"","overlay-gradient":""}},"ast-content-background-meta":{"desktop":{"background-color":"var(--ast-global-color-5)","background-image":"","background-repeat":"repeat","background-position":"center center","background-size":"auto","background-attachment":"scroll","background-type":"","background-media":"","overlay-type":"","overlay-color":"","overlay-opacity":"","overlay-gradient":""},"tablet":{"background-color":"var(--ast-global-color-5)","background-image":"","background-repeat":"repeat","background-position":"center center","background-size":"auto","background-attachment":"scroll","background-type":"","background-media":"","overlay-type":"","overlay-color":"","overlay-opacity":"","overlay-gradient":""},"mobile":{"background-color":"var(--ast-global-color-5)","background-image":"","background-repeat":"repeat","background-position":"center center","background-size":"auto","background-attachment":"scroll","background-type":"","background-media":"","overlay-type":"","overlay-color":"","overlay-opacity":"","overlay-gradient":""}}},"product_brand":[],"product_cat":[425],"product_tag":[],"class_list":{"0":"post-22894","1":"product","2":"type-product","3":"status-publish","4":"has-post-thumbnail","6":"product_cat-arbres-fr","7":"desktop-align-left","8":"tablet-align-left","9":"mobile-align-left","10":"ast-product-gallery-layout-horizontal-slider","11":"ast-product-gallery-with-no-image","12":"ast-product-tabs-layout-horizontal","14":"first","15":"instock","16":"taxable","17":"shipping-taxable","18":"product-type-simple"},"_links":{"self":[{"href":"https:\/\/hortis.co\/fr\/wp-json\/wp\/v2\/product\/22894","targetHints":{"allow":["GET"]}}],"collection":[{"href":"https:\/\/hortis.co\/fr\/wp-json\/wp\/v2\/product"}],"about":[{"href":"https:\/\/hortis.co\/fr\/wp-json\/wp\/v2\/types\/product"}],"wp:featuredmedia":[{"embeddable":true,"href":"https:\/\/hortis.co\/fr\/wp-json\/wp\/v2\/media\/23037"}],"wp:attachment":[{"href":"https:\/\/hortis.co\/fr\/wp-json\/wp\/v2\/media?parent=22894"}],"wp:term":[{"taxonomy":"product_brand","embeddable":true,"href":"https:\/\/hortis.co\/fr\/wp-json\/wp\/v2\/product_brand?post=22894"},{"taxonomy":"product_cat","embeddable":true,"href":"https:\/\/hortis.co\/fr\/wp-json\/wp\/v2\/product_cat?post=22894"},{"taxonomy":"product_tag","embeddable":true,"href":"https:\/\/hortis.co\/fr\/wp-json\/wp\/v2\/product_tag?post=22894"}],"curies":[{"name":"wp","href":"https:\/\/api.w.org\/{rel}","templated":true}]}}