{"id":22909,"date":"2023-03-29T21:29:01","date_gmt":"2023-03-30T01:29:01","guid":{"rendered":"https:\/\/hortis.co\/product\/cornus-alba-aurea\/"},"modified":"2023-03-29T21:29:01","modified_gmt":"2023-03-30T01:29:01","slug":"cornus-alba-aurea-2","status":"publish","type":"product","link":"https:\/\/hortis.co\/fr\/produit\/cornus-alba-aurea-2\/","title":{"rendered":"Cornus Alba Aurea"},"content":{"rendered":"","protected":false},"excerpt":{"rendered":"<div class=\"woocommerce-product-details__short-description\">\n<p>Une belle plante en toutes saisons avec des branches rouge fonc\u00e9 qui se dressent pendant les mois d&rsquo;hiver et des feuilles jaunes douces qui apparaissent au printemps et s&rsquo;assombrissent jusqu&rsquo;\u00e0 devenir jaune d&rsquo;or. Des grappes de fleurs blanches s&rsquo;\u00e9panouissent pendant les mois d&rsquo;\u00e9t\u00e9 et sont parfois accompagn\u00e9es de baies bleu-blanc. Le cornouiller dor\u00e9 est un arbuste \u00e0 feuilles caduques. Ils peuvent atteindre une hauteur et une largeur de 2,5 m\u00e8tres.<\/p>\n<p>Int\u00e9r\u00eat principal : Les branches rouges d\u00e9nud\u00e9es ajoutent de la couleur en hiver.<\/p>\n<p>Exposition:Plein soleil, mi-ombre, argile, sable, loam, bien drain\u00e9 ou moyen.<\/p>\n<p>Couleur des fleurs : blanches, de juin \u00e0 ao\u00fbt<\/p>\n<p>Feuillage : feuilles jaunes devenant jaune orang\u00e9 \u00e0 l&rsquo;automne.<\/p>\n<p>Rusticit\u00e9 : Zone 3 : -40 \u00b0 C<\/p>\n<p>Hauteur : 2,5 m,<\/p>\n<p>Largeur : 2,5 m (8 ft)<\/p>\n<p>Utilisation : Bordures et massifs floraux<\/p>\n<\/div>\n","protected":false},"featured_media":22907,"template":"","meta":{"site-sidebar-layout":"default","site-content-layout":"default","ast-site-content-layout":"default","site-content-style":"default","site-sidebar-style":"default","ast-global-header-display":"","ast-banner-title-visibility":"","ast-main-header-display":"","ast-hfb-above-header-display":"","ast-hfb-below-header-display":"","ast-hfb-mobile-header-display":"","site-post-title":"","ast-breadcrumbs-content":"","ast-featured-img":"","footer-sml-layout":"","ast-disable-related-posts":"","theme-transparent-header-meta":"default","adv-header-id-meta":"","stick-header-meta":"default","header-above-stick-meta":"","header-main-stick-meta":"","header-below-stick-meta":"","astra-migrate-meta-layouts":"default","ast-page-background-enabled":"default","ast-page-background-meta":{"desktop":{"background-color":"","background-image":"","background-repeat":"repeat","background-position":"center center","background-size":"auto","background-attachment":"scroll","background-type":"","background-media":"","overlay-type":"","overlay-color":"","overlay-opacity":"","overlay-gradient":""},"tablet":{"background-color":"","background-image":"","background-repeat":"repeat","background-position":"center center","background-size":"auto","background-attachment":"scroll","background-type":"","background-media":"","overlay-type":"","overlay-color":"","overlay-opacity":"","overlay-gradient":""},"mobile":{"background-color":"","background-image":"","background-repeat":"repeat","background-position":"center center","background-size":"auto","background-attachment":"scroll","background-type":"","background-media":"","overlay-type":"","overlay-color":"","overlay-opacity":"","overlay-gradient":""}},"ast-content-background-meta":{"desktop":{"background-color":"var(--ast-global-color-5)","background-image":"","background-repeat":"repeat","background-position":"center center","background-size":"auto","background-attachment":"scroll","background-type":"","background-media":"","overlay-type":"","overlay-color":"","overlay-opacity":"","overlay-gradient":""},"tablet":{"background-color":"var(--ast-global-color-5)","background-image":"","background-repeat":"repeat","background-position":"center center","background-size":"auto","background-attachment":"scroll","background-type":"","background-media":"","overlay-type":"","overlay-color":"","overlay-opacity":"","overlay-gradient":""},"mobile":{"background-color":"var(--ast-global-color-5)","background-image":"","background-repeat":"repeat","background-position":"center center","background-size":"auto","background-attachment":"scroll","background-type":"","background-media":"","overlay-type":"","overlay-color":"","overlay-opacity":"","overlay-gradient":""}}},"product_brand":[],"product_cat":[341],"product_tag":[],"class_list":{"0":"post-22909","1":"product","2":"type-product","3":"status-publish","4":"has-post-thumbnail","6":"product_cat-arbustes","7":"desktop-align-left","8":"tablet-align-left","9":"mobile-align-left","10":"ast-product-gallery-layout-horizontal-slider","11":"ast-product-gallery-with-no-image","12":"ast-product-tabs-layout-horizontal","14":"first","15":"instock","16":"taxable","17":"shipping-taxable","18":"product-type-simple"},"_links":{"self":[{"href":"https:\/\/hortis.co\/fr\/wp-json\/wp\/v2\/product\/22909","targetHints":{"allow":["GET"]}}],"collection":[{"href":"https:\/\/hortis.co\/fr\/wp-json\/wp\/v2\/product"}],"about":[{"href":"https:\/\/hortis.co\/fr\/wp-json\/wp\/v2\/types\/product"}],"wp:featuredmedia":[{"embeddable":true,"href":"https:\/\/hortis.co\/fr\/wp-json\/wp\/v2\/media\/22907"}],"wp:attachment":[{"href":"https:\/\/hortis.co\/fr\/wp-json\/wp\/v2\/media?parent=22909"}],"wp:term":[{"taxonomy":"product_brand","embeddable":true,"href":"https:\/\/hortis.co\/fr\/wp-json\/wp\/v2\/product_brand?post=22909"},{"taxonomy":"product_cat","embeddable":true,"href":"https:\/\/hortis.co\/fr\/wp-json\/wp\/v2\/product_cat?post=22909"},{"taxonomy":"product_tag","embeddable":true,"href":"https:\/\/hortis.co\/fr\/wp-json\/wp\/v2\/product_tag?post=22909"}],"curies":[{"name":"wp","href":"https:\/\/api.w.org\/{rel}","templated":true}]}}