{"id":22913,"date":"2023-03-29T21:29:02","date_gmt":"2023-03-30T01:29:02","guid":{"rendered":"https:\/\/hortis.co\/product\/cornus-buds-yellow\/"},"modified":"2023-03-29T21:29:02","modified_gmt":"2023-03-30T01:29:02","slug":"cornus-buds-yellow-2","status":"publish","type":"product","link":"https:\/\/hortis.co\/fr\/produit\/cornus-buds-yellow-2\/","title":{"rendered":"Cornus Bud&rsquo;s Yellow"},"content":{"rendered":"","protected":false},"excerpt":{"rendered":"<p id=\"NetPS-PlantCommentsHeader\"><span class=\"NetPS-PlantDescHeader\">Description :<\/span><\/p>\n<p id=\"NetPS-PlantComments\">Grand arbuste \u00e9tal\u00e9 aux tiges jaune vif qui se d\u00e9tachent bien de la neige hivernale, avec une belle couleur jaune \u00e0 l&rsquo;automne ; un arbuste tr\u00e8s rustique \u00e0 usage g\u00e9n\u00e9ral.<\/p>\n<p id=\"NetPS-PlantOFHeader\" class=\"NetPS-PlantDescHeader\">Attribut Ornamental<\/p>\n<p id=\"NetPS-PlantOFPara1\">Le cornouiller de Budd pr\u00e9sente des grappes de fleurs blanc cr\u00e8me \u00e0 l&rsquo;extr\u00e9mit\u00e9 des branches \u00e0 la fin du printemps. Son feuillage est vert et caduc. Les feuilles pointues deviennent jaunes \u00e0 l&rsquo;automne. Il produit des baies blanches au milieu de l&rsquo;\u00e9t\u00e9. Les branches jaunes sont extr\u00eamement voyantes et ajoutent un int\u00e9r\u00eat important en hiver.<\/p>\n<p id=\"NetPS-PlantLAHeader\" class=\"NetPS-PlantDescHeader\">Attributes de paysagement<\/p>\n<p id=\"NetPS-PlantLAPara1\">Le cornouiller de Budd est un arbuste \u00e0 feuilles caduques \u00e0 plusieurs tiges, de forme plus ou moins arrondie. Sa texture moyenne se fond dans le paysage, mais peut \u00eatre \u00e9quilibr\u00e9e par un ou deux arbres ou arbustes plus fins ou plus grossiers pour une composition efficace.<\/p>\n<p id=\"NetPS-PlantLAPara2\">Un conifere de peut d&rsquo;entretient qui peut etre tailler a n&rsquo;importe quel temps de l&rsquo;ann\u00e9e. Sans aucune charateristique negative significante.<\/p>\n<p id=\"NetPS-PlantLAPara3\">Le cornouiller de Budd est recommand\u00e9 pour les applications paysag\u00e8res suivantes ;<\/p>\n<ul id=\"NetPS-LAPara3-ap\">\n<li>Plantation en masse<\/li>\n<li>Haies\/criblage<\/li>\n<li>Utilisation g\u00e9n\u00e9rale dans le jardin<\/li>\n<\/ul>\n<p id=\"NetPS-PlantPGHeader\" class=\"NetPS-PlantDescHeader\">Plantation et Croissance<\/p>\n<p id=\"NetPS-PlantPGPara1\">Le cornouiller jaune de Budd atteindra une hauteur d&rsquo;environ 2,5 m\u00e8tres \u00e0 maturit\u00e9, avec un \u00e9talement de 2,5 m\u00e8tres. Il a tendance \u00e0 s&rsquo;\u00e9toffer jusqu&rsquo;au sol et n&rsquo;a donc pas n\u00e9cessairement besoin de plantes de fa\u00e7ade, et il convient \u00e0 la plantation sous les lignes \u00e9lectriques. Il se d\u00e9veloppe rapidement et, dans des conditions id\u00e9ales, il peut vivre environ 20 ans.<\/p>\n<p id=\"NetPS-PlantPGPara2\">Pousse mieux dans un endroit ensoleiller ou mi ombre. Il s&rsquo;agit d&rsquo;une plante \u00e9tonnamment adaptable, qui tol\u00e8re \u00e0 la fois des conditions s\u00e8ches et m\u00eame un peu d&rsquo;eau stagnante. Elle ne s&rsquo;int\u00e9resse pas au type de sol ou au pH. Elle est tr\u00e8s tol\u00e9rante \u00e0 la pollution urbaine et prosp\u00e8re m\u00eame dans les centres-villes. Il s&rsquo;agit d&rsquo;une vari\u00e9t\u00e9 s\u00e9lectionn\u00e9e d&rsquo;une esp\u00e8ce qui n&rsquo;est pas originaire d&rsquo;Am\u00e9rique du Nord.<\/p>\n<p id=\"NetPS-PlantHeight\"><span class=\"NetPS-PlantQuickFactsHeader\">Hauteur :<\/span> 8 pieds<\/p>\n<p id=\"NetPS-PlantSpread\"><span class=\"NetPS-PlantQuickFactsHeader\">Port\u00e9e :<\/span> 7 pieds<\/p>\n<p id=\"NetPS-PlantSunlight\">Ensoleilment: Soleil a <span class=\"NetPS-PlantQuickFactsHeader\">MI Ombre<\/span><\/p>\n<p id=\"NetPS-PlantHardiness\"><span class=\"NetPS-PlantQuickFactsHeader\">Zone de rusticit\u00e9 :<\/span> 2b<\/p>\n","protected":false},"featured_media":0,"template":"","meta":{"site-sidebar-layout":"default","site-content-layout":"default","ast-site-content-layout":"default","site-content-style":"default","site-sidebar-style":"default","ast-global-header-display":"","ast-banner-title-visibility":"","ast-main-header-display":"","ast-hfb-above-header-display":"","ast-hfb-below-header-display":"","ast-hfb-mobile-header-display":"","site-post-title":"","ast-breadcrumbs-content":"","ast-featured-img":"","footer-sml-layout":"","ast-disable-related-posts":"","theme-transparent-header-meta":"default","adv-header-id-meta":"","stick-header-meta":"default","header-above-stick-meta":"","header-main-stick-meta":"","header-below-stick-meta":"","astra-migrate-meta-layouts":"default","ast-page-background-enabled":"default","ast-page-background-meta":{"desktop":{"background-color":"","background-image":"","background-repeat":"repeat","background-position":"center center","background-size":"auto","background-attachment":"scroll","background-type":"","background-media":"","overlay-type":"","overlay-color":"","overlay-opacity":"","overlay-gradient":""},"tablet":{"background-color":"","background-image":"","background-repeat":"repeat","background-position":"center center","background-size":"auto","background-attachment":"scroll","background-type":"","background-media":"","overlay-type":"","overlay-color":"","overlay-opacity":"","overlay-gradient":""},"mobile":{"background-color":"","background-image":"","background-repeat":"repeat","background-position":"center center","background-size":"auto","background-attachment":"scroll","background-type":"","background-media":"","overlay-type":"","overlay-color":"","overlay-opacity":"","overlay-gradient":""}},"ast-content-background-meta":{"desktop":{"background-color":"var(--ast-global-color-5)","background-image":"","background-repeat":"repeat","background-position":"center center","background-size":"auto","background-attachment":"scroll","background-type":"","background-media":"","overlay-type":"","overlay-color":"","overlay-opacity":"","overlay-gradient":""},"tablet":{"background-color":"var(--ast-global-color-5)","background-image":"","background-repeat":"repeat","background-position":"center center","background-size":"auto","background-attachment":"scroll","background-type":"","background-media":"","overlay-type":"","overlay-color":"","overlay-opacity":"","overlay-gradient":""},"mobile":{"background-color":"var(--ast-global-color-5)","background-image":"","background-repeat":"repeat","background-position":"center center","background-size":"auto","background-attachment":"scroll","background-type":"","background-media":"","overlay-type":"","overlay-color":"","overlay-opacity":"","overlay-gradient":""}}},"product_brand":[],"product_cat":[341],"product_tag":[],"class_list":{"0":"post-22913","1":"product","2":"type-product","3":"status-publish","5":"product_cat-arbustes","6":"desktop-align-left","7":"tablet-align-left","8":"mobile-align-left","9":"ast-product-gallery-layout-horizontal-slider","10":"ast-product-gallery-with-no-image","11":"ast-product-tabs-layout-horizontal","13":"first","14":"instock","15":"taxable","16":"shipping-taxable","17":"product-type-simple"},"_links":{"self":[{"href":"https:\/\/hortis.co\/fr\/wp-json\/wp\/v2\/product\/22913","targetHints":{"allow":["GET"]}}],"collection":[{"href":"https:\/\/hortis.co\/fr\/wp-json\/wp\/v2\/product"}],"about":[{"href":"https:\/\/hortis.co\/fr\/wp-json\/wp\/v2\/types\/product"}],"wp:attachment":[{"href":"https:\/\/hortis.co\/fr\/wp-json\/wp\/v2\/media?parent=22913"}],"wp:term":[{"taxonomy":"product_brand","embeddable":true,"href":"https:\/\/hortis.co\/fr\/wp-json\/wp\/v2\/product_brand?post=22913"},{"taxonomy":"product_cat","embeddable":true,"href":"https:\/\/hortis.co\/fr\/wp-json\/wp\/v2\/product_cat?post=22913"},{"taxonomy":"product_tag","embeddable":true,"href":"https:\/\/hortis.co\/fr\/wp-json\/wp\/v2\/product_tag?post=22913"}],"curies":[{"name":"wp","href":"https:\/\/api.w.org\/{rel}","templated":true}]}}