{"id":22923,"date":"2023-03-29T21:29:03","date_gmt":"2023-03-30T01:29:03","guid":{"rendered":"https:\/\/hortis.co\/product\/cotoneaster-dammeri-coral-beauty\/"},"modified":"2023-03-29T21:29:03","modified_gmt":"2023-03-30T01:29:03","slug":"cotoneastert-dammeri-coral-beauty-2","status":"publish","type":"product","link":"https:\/\/hortis.co\/fr\/produit\/cotoneastert-dammeri-coral-beauty-2\/","title":{"rendered":"Cotoneaster Dammeri Coral Beauty"},"content":{"rendered":"","protected":false},"excerpt":{"rendered":"<div class=\"col q-mt-md\">\n<div class=\"text-h6\">Description<\/div>\n<p>L&rsquo;une des meilleures plantes couvre-sol \u00e0 faible d\u00e9ploiement, avec des fleurs blanches au printemps et des fruits rose corail \u00e0 l&rsquo;automne. Les feuilles persistantes n\u00e9cessitent une couverture de neige ad\u00e9quate ou une protection contre le soleil et le vent en hiver dans les endroits expos\u00e9s.<\/p>\n<\/div>\n<div class=\"col\">\n<div class=\"text-h6\">Attribut Ornamental<\/div>\n<p>Le cotoneaster Coral Beauty est principalement cultiv\u00e9 pour ses fruits tr\u00e8s ornementaux. Il pr\u00e9sente une abondance de magnifiques baies rose corail de la fin de l&rsquo;\u00e9t\u00e9 \u00e0 la fin de l&rsquo;automne. Il pr\u00e9sente de minuscules grappes de fleurs blanches le long des branches \u00e0 la fin du printemps. Son feuillage est vert fonc\u00e9. Les petites feuilles ovales et brillantes prennent une couleur rouge brique exceptionnelle \u00e0 l&rsquo;automne.<\/p>\n<\/div>\n<div class=\"col\">\n<div class=\"text-h6\">Attributes de paysagement<\/div>\n<p>Le cotoneaster Coral Beauty est un arbuste \u00e0 plusieurs tiges \u00e0 feuilles persistantes, \u00e0 la forme galb\u00e9e et aux branches gracieusement arqu\u00e9es. Il conf\u00e8re \u00e0 la composition du paysage une texture extr\u00eamement fine et d\u00e9licate qu&rsquo;il convient d&rsquo;utiliser \u00e0 bon escient.<\/p>\n<p>Cet arbuste n\u00e9cessite un entretien occasionnel et ne devrait pas n\u00e9cessiter de taille importante, sauf en cas de n\u00e9cessit\u00e9, par exemple pour \u00e9liminer le d\u00e9p\u00e9rissement. Les cerfs ne s&rsquo;int\u00e9ressent pas particuli\u00e8rement \u00e0 cette plante et la laissent g\u00e9n\u00e9ralement tranquille au profit de g\u00e2teries plus savoureuses. Les jardiniers doivent \u00eatre conscients des caract\u00e9ristiques suivantes qui peuvent justifier une attention particuli\u00e8re ;<\/p>\n<p>Coral Beauty Cotoneaster est recommand\u00e9 pour les applications paysag\u00e8res suivantes ;<\/p>\n<\/div>\n<div class=\"col\">\n<div class=\"text-h6\">Plantation et Croissance<\/div>\n<p>Le cotoneaster Coral Beauty atteindra une hauteur d&rsquo;environ 12 pouces \u00e0 maturit\u00e9, avec un \u00e9talement de 5 pieds. Il a tendance \u00e0 s&rsquo;\u00e9toffer jusqu&rsquo;au sol et n&rsquo;a donc pas n\u00e9cessairement besoin de plantes en fa\u00e7ade. Il se d\u00e9veloppe rapidement et, dans des conditions id\u00e9ales, il peut vivre environ 30 ans.<\/p>\n<p>Pousse mieux dans un endroit ensoleiller ou mi ombre. Il s&rsquo;adapte tr\u00e8s bien aux conditions de croissance s\u00e8ches et humides, mais ne tol\u00e8re pas l&rsquo;eau stagnante. Elle n&rsquo;est pas sensible au pH du sol, mais pousse mieux dans les sols riches et supporte le sel de l&rsquo;environnement. Il est tr\u00e8s tol\u00e9rant \u00e0 la pollution urbaine et peut m\u00eame prosp\u00e9rer dans les centres-villes. Il s&rsquo;agit d&rsquo;une vari\u00e9t\u00e9 s\u00e9lectionn\u00e9e d&rsquo;une esp\u00e8ce qui n&rsquo;est pas originaire d&rsquo;Am\u00e9rique du Nord.<\/p>\n<div class=\"q-item q-item-type row no-wrap\">\n<div class=\"q-item__section column text-primary q-item__section--main justify-center\">Hauteur : 50 cm<\/div>\n<\/div>\n<div class=\"q-item q-item-type row no-wrap\">\n<div class=\"q-item__section column text-primary q-item__section--main justify-center\">Largeur: 1.5m<\/div>\n<\/div>\n<div class=\"q-item q-item-type row no-wrap\">\n<div class=\"q-item__section column text-primary q-item__section--main justify-center\">Ensoleilment: Soleil a MI Ombre<\/div>\n<\/div>\n<div class=\"q-item q-item-type row no-wrap\">\n<div class=\"q-item__section column text-primary q-item__section--main justify-center\">Humidit\u00e9 du sol : Sec \u00e0 humide<\/div>\n<\/div>\n<div class=\"q-item q-item-type row no-wrap\">\n<div class=\"q-item__section column text-primary q-item__section--main justify-center\">Zone de rusticit\u00e9 : 6<\/div>\n<\/div>\n<div class=\"q-item q-item-type row no-wrap\">\n<div class=\"q-item__section column text-primary q-item__section--main justify-center\">Couleur de la fleur : blanc<\/div>\n<\/div>\n<div class=\"q-item q-item-type row no-wrap\">\n<div class=\"q-item__section column text-primary q-item__section--main justify-center\">Feuillage: Vert<\/div>\n<\/div>\n<div class=\"q-item q-item-type row no-wrap\">\n<div class=\"q-item__section column text-primary q-item__section--main justify-center\">Couleur d&rsquo;automne : Rouge<\/div>\n<\/div>\n<\/div>\n","protected":false},"featured_media":22922,"template":"","meta":{"site-sidebar-layout":"default","site-content-layout":"default","ast-site-content-layout":"default","site-content-style":"default","site-sidebar-style":"default","ast-global-header-display":"","ast-banner-title-visibility":"","ast-main-header-display":"","ast-hfb-above-header-display":"","ast-hfb-below-header-display":"","ast-hfb-mobile-header-display":"","site-post-title":"","ast-breadcrumbs-content":"","ast-featured-img":"","footer-sml-layout":"","ast-disable-related-posts":"","theme-transparent-header-meta":"default","adv-header-id-meta":"","stick-header-meta":"default","header-above-stick-meta":"","header-main-stick-meta":"","header-below-stick-meta":"","astra-migrate-meta-layouts":"default","ast-page-background-enabled":"default","ast-page-background-meta":{"desktop":{"background-color":"","background-image":"","background-repeat":"repeat","background-position":"center center","background-size":"auto","background-attachment":"scroll","background-type":"","background-media":"","overlay-type":"","overlay-color":"","overlay-opacity":"","overlay-gradient":""},"tablet":{"background-color":"","background-image":"","background-repeat":"repeat","background-position":"center center","background-size":"auto","background-attachment":"scroll","background-type":"","background-media":"","overlay-type":"","overlay-color":"","overlay-opacity":"","overlay-gradient":""},"mobile":{"background-color":"","background-image":"","background-repeat":"repeat","background-position":"center center","background-size":"auto","background-attachment":"scroll","background-type":"","background-media":"","overlay-type":"","overlay-color":"","overlay-opacity":"","overlay-gradient":""}},"ast-content-background-meta":{"desktop":{"background-color":"var(--ast-global-color-5)","background-image":"","background-repeat":"repeat","background-position":"center center","background-size":"auto","background-attachment":"scroll","background-type":"","background-media":"","overlay-type":"","overlay-color":"","overlay-opacity":"","overlay-gradient":""},"tablet":{"background-color":"var(--ast-global-color-5)","background-image":"","background-repeat":"repeat","background-position":"center center","background-size":"auto","background-attachment":"scroll","background-type":"","background-media":"","overlay-type":"","overlay-color":"","overlay-opacity":"","overlay-gradient":""},"mobile":{"background-color":"var(--ast-global-color-5)","background-image":"","background-repeat":"repeat","background-position":"center center","background-size":"auto","background-attachment":"scroll","background-type":"","background-media":"","overlay-type":"","overlay-color":"","overlay-opacity":"","overlay-gradient":""}}},"product_brand":[],"product_cat":[341],"product_tag":[],"class_list":{"0":"post-22923","1":"product","2":"type-product","3":"status-publish","4":"has-post-thumbnail","6":"product_cat-arbustes","7":"desktop-align-left","8":"tablet-align-left","9":"mobile-align-left","10":"ast-product-gallery-layout-horizontal-slider","11":"ast-product-gallery-with-no-image","12":"ast-product-tabs-layout-horizontal","14":"first","15":"instock","16":"taxable","17":"shipping-taxable","18":"product-type-simple"},"_links":{"self":[{"href":"https:\/\/hortis.co\/fr\/wp-json\/wp\/v2\/product\/22923","targetHints":{"allow":["GET"]}}],"collection":[{"href":"https:\/\/hortis.co\/fr\/wp-json\/wp\/v2\/product"}],"about":[{"href":"https:\/\/hortis.co\/fr\/wp-json\/wp\/v2\/types\/product"}],"wp:featuredmedia":[{"embeddable":true,"href":"https:\/\/hortis.co\/fr\/wp-json\/wp\/v2\/media\/22922"}],"wp:attachment":[{"href":"https:\/\/hortis.co\/fr\/wp-json\/wp\/v2\/media?parent=22923"}],"wp:term":[{"taxonomy":"product_brand","embeddable":true,"href":"https:\/\/hortis.co\/fr\/wp-json\/wp\/v2\/product_brand?post=22923"},{"taxonomy":"product_cat","embeddable":true,"href":"https:\/\/hortis.co\/fr\/wp-json\/wp\/v2\/product_cat?post=22923"},{"taxonomy":"product_tag","embeddable":true,"href":"https:\/\/hortis.co\/fr\/wp-json\/wp\/v2\/product_tag?post=22923"}],"curies":[{"name":"wp","href":"https:\/\/api.w.org\/{rel}","templated":true}]}}