{"id":22927,"date":"2023-03-29T21:29:03","date_gmt":"2023-03-30T01:29:03","guid":{"rendered":"https:\/\/hortis.co\/product\/diervilla-rivularis-kodiak-black\/"},"modified":"2023-03-29T21:29:03","modified_gmt":"2023-03-30T01:29:03","slug":"diervilla-rivularis-kodiak-black-pw-2","status":"publish","type":"product","link":"https:\/\/hortis.co\/fr\/produit\/diervilla-rivularis-kodiak-black-pw-2\/","title":{"rendered":"Diervilla rivularis Kodiak &lsquo;Black&rsquo;"},"content":{"rendered":"","protected":false},"excerpt":{"rendered":"<div class=\"col q-mt-md\">\n<div class=\"text-h6\">Description<\/div>\n<p>Cet arbuste se distingue par son feuillage noir bordeaux fonc\u00e9, plus intense au printemps et \u00e0 l&rsquo;automne ; les fleurs jaune vif au d\u00e9but de l&rsquo;\u00e9t\u00e9 ajoutent du contraste ; cette plante r\u00e9sistante et adaptable est id\u00e9ale pour les espaces paysagers difficiles.<\/p>\n<\/div>\n<div class=\"col\">\n<div class=\"text-h6\">Attribut Ornamental<\/div>\n<p>La Diervilla noire Kodiak\u00ae se caract\u00e9rise par des panicules de fleurs jaunes en forme de trompette le long des branches du d\u00e9but au milieu de l&rsquo;\u00e9t\u00e9. Son feuillage caduc bordeaux-vari\u00e9t\u00e9 est vert fonc\u00e9 avec des nuances de noir et devient rouge fonc\u00e9 au printemps. Les feuilles pointues prennent des teintes exceptionnelles de bordeaux et de noir \u00e0 l&rsquo;automne. Le fruit n&rsquo;a pas d&rsquo;importance ornementale.<\/p>\n<\/div>\n<div class=\"col\">\n<div class=\"text-h6\">Attributes de paysagement<\/div>\n<p>Le Kodiak\u00ae Black Diervilla est un arbuste \u00e0 feuilles caduques, dense et \u00e0 plusieurs tiges, de forme arrondie. Sa texture relativement grossi\u00e8re peut \u00eatre utilis\u00e9e pour la distinguer d&rsquo;autres plantes paysag\u00e8res au feuillage plus fin.<\/p>\n<p>Cet arbuste n\u00e9cessite une maintenance et un entretien occasionnels, et il est pr\u00e9f\u00e9rable de le tailler \u00e0 la fin de l&rsquo;hiver, une fois que les menaces de froid extr\u00eame sont pass\u00e9es. C&rsquo;est un bon choix pour attirer les papillons et les colibris dans votre jardin. Les jardiniers doivent \u00eatre conscients des caract\u00e9ristiques suivantes qui peuvent justifier une attention particuli\u00e8re ;<\/p>\n<p>Kodiak\u00ae Black Diervilla est recommand\u00e9 pour les applications paysag\u00e8res suivantes ;<\/p>\n<\/div>\n<div class=\"col\">\n<div class=\"text-h6\">Plantation et Croissance<\/div>\n<p>Le Kodiak\u00ae Black Diervilla atteindra une hauteur d&rsquo;environ 4 pieds \u00e0 maturit\u00e9, avec un \u00e9talement de 4 pieds. Il a tendance \u00e0 s&rsquo;\u00e9toffer jusqu&rsquo;au sol et n&rsquo;a donc pas n\u00e9cessairement besoin de plantes en fa\u00e7ade. Il pousse \u00e0 un rythme moyen et, dans des conditions id\u00e9ales, il peut vivre environ 20 ans.<\/p>\n<p>Pousse mieux dans un endroit ensoleiller ou mi ombre. Il s&rsquo;adapte tr\u00e8s bien aux conditions de croissance s\u00e8ches et humides, mais ne tol\u00e8re pas l&rsquo;eau stagnante. Elle n&rsquo;est pas sensible au type de sol ou au pH. Elle tol\u00e8re assez bien la pollution urbaine. Un selection Nord Americaine.<\/p>\n<p>La Diervilla noire Kodiak\u00ae est un excellent choix pour le paysage ext\u00e9rieur, mais elle est \u00e9galement bien adapt\u00e9e \u00e0 une utilisation dans des pots et des conteneurs ext\u00e9rieurs. En raison de sa hauteur, il est souvent utilis\u00e9 comme \u00ab\u00a0thriller\u00a0\u00bb dans la combinaison de conteneurs \u00ab\u00a0spiller-thriller-filler\u00a0\u00bb ; plantez-le pr\u00e8s du centre du pot, entour\u00e9 de plantes plus petites et de celles qui d\u00e9bordent sur les bords. Notez que lorsqu&rsquo;il est cultiv\u00e9 dans un conteneur, il peut ne pas se comporter exactement comme indiqu\u00e9 sur l&rsquo;\u00e9tiquette, ce qui est normal. Notez \u00e9galement que les plantes cultiv\u00e9es dans des conteneurs et des paniers ext\u00e9rieurs peuvent n\u00e9cessiter des arrosages plus fr\u00e9quents que dans la cour ou le jardin.<\/p>\n<div class=\"q-item q-item-type row no-wrap\">\n<div class=\"q-item__section column text-primary q-item__section--main justify-center\">Hauteur : 4&prime;<\/div>\n<\/div>\n<div class=\"q-item q-item-type row no-wrap\">\n<div class=\"q-item__section column text-primary q-item__section--main justify-center\">Port\u00e9e : 5&prime;<\/div>\n<\/div>\n<div class=\"q-item q-item-type row no-wrap\">\n<div class=\"q-item__section column text-primary q-item__section--main justify-center\">Ensoleilment: Soleil a MI Ombre<\/div>\n<div class=\"q-item__section column q-item__section--side justify-center\">\n<div><span style=\"font-size: 16px;\">Humidit\u00e9 du sol : <\/span><span style=\"font-size: 16px;\">Sec \u00e0 humide<\/span><\/div>\n<\/div>\n<\/div>\n<div class=\"q-item q-item-type row no-wrap\">\n<div class=\"q-item__section column text-primary q-item__section--main justify-center\">Zone de rusticite: 4<\/div>\n<\/div>\n<div class=\"q-item q-item-type row no-wrap\">\n<div class=\"q-item__section column text-primary q-item__section--main justify-center\">Couleur de la fleur : jaune<\/div>\n<\/div>\n<div class=\"q-item q-item-type row no-wrap\">\n<div class=\"q-item__section column text-primary q-item__section--main justify-center\">Feuillage: Vert<\/div>\n<\/div>\n<div class=\"q-item q-item-type row no-wrap\">\n<div class=\"q-item__section column text-primary q-item__section--main justify-center\">Couleur d&rsquo;automne : Rouge<\/div>\n<\/div>\n<\/div>\n","protected":false},"featured_media":22926,"template":"","meta":{"site-sidebar-layout":"default","site-content-layout":"default","ast-site-content-layout":"default","site-content-style":"default","site-sidebar-style":"default","ast-global-header-display":"","ast-banner-title-visibility":"","ast-main-header-display":"","ast-hfb-above-header-display":"","ast-hfb-below-header-display":"","ast-hfb-mobile-header-display":"","site-post-title":"","ast-breadcrumbs-content":"","ast-featured-img":"","footer-sml-layout":"","ast-disable-related-posts":"","theme-transparent-header-meta":"default","adv-header-id-meta":"","stick-header-meta":"default","header-above-stick-meta":"","header-main-stick-meta":"","header-below-stick-meta":"","astra-migrate-meta-layouts":"default","ast-page-background-enabled":"default","ast-page-background-meta":{"desktop":{"background-color":"","background-image":"","background-repeat":"repeat","background-position":"center center","background-size":"auto","background-attachment":"scroll","background-type":"","background-media":"","overlay-type":"","overlay-color":"","overlay-opacity":"","overlay-gradient":""},"tablet":{"background-color":"","background-image":"","background-repeat":"repeat","background-position":"center center","background-size":"auto","background-attachment":"scroll","background-type":"","background-media":"","overlay-type":"","overlay-color":"","overlay-opacity":"","overlay-gradient":""},"mobile":{"background-color":"","background-image":"","background-repeat":"repeat","background-position":"center center","background-size":"auto","background-attachment":"scroll","background-type":"","background-media":"","overlay-type":"","overlay-color":"","overlay-opacity":"","overlay-gradient":""}},"ast-content-background-meta":{"desktop":{"background-color":"var(--ast-global-color-5)","background-image":"","background-repeat":"repeat","background-position":"center center","background-size":"auto","background-attachment":"scroll","background-type":"","background-media":"","overlay-type":"","overlay-color":"","overlay-opacity":"","overlay-gradient":""},"tablet":{"background-color":"var(--ast-global-color-5)","background-image":"","background-repeat":"repeat","background-position":"center center","background-size":"auto","background-attachment":"scroll","background-type":"","background-media":"","overlay-type":"","overlay-color":"","overlay-opacity":"","overlay-gradient":""},"mobile":{"background-color":"var(--ast-global-color-5)","background-image":"","background-repeat":"repeat","background-position":"center center","background-size":"auto","background-attachment":"scroll","background-type":"","background-media":"","overlay-type":"","overlay-color":"","overlay-opacity":"","overlay-gradient":""}}},"product_brand":[],"product_cat":[341],"product_tag":[],"class_list":{"0":"post-22927","1":"product","2":"type-product","3":"status-publish","4":"has-post-thumbnail","6":"product_cat-arbustes","7":"desktop-align-left","8":"tablet-align-left","9":"mobile-align-left","10":"ast-product-gallery-layout-horizontal-slider","11":"ast-product-gallery-with-no-image","12":"ast-product-tabs-layout-horizontal","14":"first","15":"instock","16":"taxable","17":"shipping-taxable","18":"product-type-simple"},"_links":{"self":[{"href":"https:\/\/hortis.co\/fr\/wp-json\/wp\/v2\/product\/22927","targetHints":{"allow":["GET"]}}],"collection":[{"href":"https:\/\/hortis.co\/fr\/wp-json\/wp\/v2\/product"}],"about":[{"href":"https:\/\/hortis.co\/fr\/wp-json\/wp\/v2\/types\/product"}],"wp:featuredmedia":[{"embeddable":true,"href":"https:\/\/hortis.co\/fr\/wp-json\/wp\/v2\/media\/22926"}],"wp:attachment":[{"href":"https:\/\/hortis.co\/fr\/wp-json\/wp\/v2\/media?parent=22927"}],"wp:term":[{"taxonomy":"product_brand","embeddable":true,"href":"https:\/\/hortis.co\/fr\/wp-json\/wp\/v2\/product_brand?post=22927"},{"taxonomy":"product_cat","embeddable":true,"href":"https:\/\/hortis.co\/fr\/wp-json\/wp\/v2\/product_cat?post=22927"},{"taxonomy":"product_tag","embeddable":true,"href":"https:\/\/hortis.co\/fr\/wp-json\/wp\/v2\/product_tag?post=22927"}],"curies":[{"name":"wp","href":"https:\/\/api.w.org\/{rel}","templated":true}]}}