{"id":22936,"date":"2023-03-29T21:29:04","date_gmt":"2023-03-30T01:29:04","guid":{"rendered":"https:\/\/hortis.co\/product\/forsythia-show-off\/"},"modified":"2023-03-29T21:29:04","modified_gmt":"2023-03-30T01:29:04","slug":"forsythia-show-off-2","status":"publish","type":"product","link":"https:\/\/hortis.co\/fr\/produit\/forsythia-show-off-2\/","title":{"rendered":"Forsythia Show Off"},"content":{"rendered":"","protected":false},"excerpt":{"rendered":"<div class=\"col q-mt-md\">\n<div class=\"text-h6\">Description<\/div>\n<p>Arbuste compact convenant aux bordures ou au jardin ; les fleurs en forme de clochettes d&rsquo;un jaune brillant au printemps le long des branches et le feuillage vert fonc\u00e9 ont fait de cet arbuste un favori du jardin pour ses couleurs printani\u00e8res pr\u00e9coces.<\/p>\n<\/div>\n<div class=\"col\">\n<div class=\"text-h6\">Attribut Ornamental<\/div>\n<p>Le Forsythia Show Off\u00ae est recouvert de superbes fleurs en forme de clochettes jaune citron le long des branches au d\u00e9but du printemps, avant les feuilles. Les fleurs sont excellentes \u00e0 couper. Son feuillage est vert for\u00eat tout au long de la saison. Les feuilles dentel\u00e9es et pointues deviennent jaunes \u00e0 l&rsquo;automne. Le fruit n&rsquo;a pas d&rsquo;importance ornementale.<\/p>\n<\/div>\n<div class=\"col\">\n<div class=\"text-h6\">Attributes de paysagement<\/div>\n<p>Le Forsythia Show Off\u00ae est un arbuste \u00e0 feuilles caduques, dense et multi-tiges, au port dress\u00e9 et \u00e9tal\u00e9. Sa texture moyenne se fond dans le paysage, mais peut \u00eatre \u00e9quilibr\u00e9e par un ou deux arbres ou arbustes plus fins ou plus grossiers pour une composition efficace.<\/p>\n<p>C&rsquo;est un arbuste qui demande relativement peu d&rsquo;entretien et qui ne doit \u00eatre taill\u00e9 qu&rsquo;apr\u00e8s la floraison afin d&rsquo;\u00e9viter d&rsquo;enlever les fleurs de la saison en cours. Les cerfs ne s&rsquo;int\u00e9ressent pas particuli\u00e8rement \u00e0 cette plante et la laissent g\u00e9n\u00e9ralement tranquille au profit de g\u00e2teries plus savoureuses. Sans aucune charateristique negative significante.<\/p>\n<p>Show Off\u00ae Forsythia est recommand\u00e9 pour les applications paysag\u00e8res suivantes ;<\/p>\n<\/div>\n<div class=\"col\">\n<div class=\"text-h6\">Plantation et Croissance<\/div>\n<p>Le Forsythia Show Off\u00ae atteindra une hauteur d&rsquo;environ 6 pieds \u00e0 maturit\u00e9, avec un \u00e9talement de 6 pieds. Il a tendance \u00e0 s&rsquo;\u00e9toffer jusqu&rsquo;au sol et n&rsquo;a donc pas n\u00e9cessairement besoin de plantes de fa\u00e7ade, et il convient \u00e0 la plantation sous les lignes \u00e9lectriques. Il pousse \u00e0 un rythme moyen et, dans des conditions id\u00e9ales, il peut vivre environ 30 ans.<\/p>\n<p>Cet arbuste ne doit \u00eatre cultiv\u00e9 qu&rsquo;en plein soleil. Il s&rsquo;adapte tr\u00e8s bien aux endroits secs et humides, et devrait s&rsquo;accommoder tr\u00e8s bien des conditions moyennes d&rsquo;un am\u00e9nagement paysager. Elle ne d\u00e9pend pas du type de sol ou du pH et peut supporter le sel de l&rsquo;environnement. Il est tr\u00e8s tol\u00e9rant \u00e0 la pollution urbaine et peut m\u00eame prosp\u00e9rer dans les centres-villes. Cette vari\u00e9t\u00e9 particuli\u00e8re est un hybride intersp\u00e9cifique.<\/p>\n<p>Le Forsythia Show Off\u00ae est un excellent choix pour le paysage ext\u00e9rieur, mais il est \u00e9galement bien adapt\u00e9 \u00e0 une utilisation dans des pots et des conteneurs d&rsquo;ext\u00e9rieur. Avec son port \u00e9rig\u00e9, il convient mieux \u00e0 une utilisation en tant que \u00ab\u00a0thriller\u00a0\u00bb dans la combinaison de conteneurs \u00ab\u00a0spiller-thriller-filler\u00a0\u00bb ; plantez-le pr\u00e8s du centre du pot, entour\u00e9 de plantes plus petites et de celles qui d\u00e9bordent sur les bords. Notez que lorsqu&rsquo;il est cultiv\u00e9 dans un conteneur, il peut ne pas se comporter exactement comme indiqu\u00e9 sur l&rsquo;\u00e9tiquette, ce qui est normal. Notez \u00e9galement que les plantes cultiv\u00e9es dans des conteneurs et des paniers ext\u00e9rieurs peuvent n\u00e9cessiter des arrosages plus fr\u00e9quents que dans la cour ou le jardin.<\/p>\n<div class=\"q-item q-item-type row no-wrap\">\n<div class=\"q-item__section column text-primary q-item__section--main justify-center\">Hauteur : 6&prime;<\/div>\n<\/div>\n<div class=\"q-item q-item-type row no-wrap\">\n<div class=\"q-item__section column text-primary q-item__section--main justify-center\">Port\u00e9e : 6&prime;<\/div>\n<\/div>\n<div class=\"q-item q-item-type row no-wrap\">\n<div class=\"q-item__section column text-primary q-item__section--main justify-center\">Ensoleilment: Soleil<\/div>\n<\/div>\n<div class=\"q-item q-item-type row no-wrap\">\n<div class=\"q-item__section column text-primary q-item__section--main justify-center\">Humidit\u00e9 du sol : Sec \u00e0 humide<\/div>\n<\/div>\n<div class=\"q-item q-item-type row no-wrap\">\n<div class=\"q-item__section column text-primary q-item__section--main justify-center\">Zone de rusticite: 4<\/div>\n<\/div>\n<div class=\"q-item q-item-type row no-wrap\">\n<div class=\"q-item q-item-type row no-wrap\" style=\"font-size: 16px; font-style: normal; font-weight: 400;\">\n<div class=\"q-item__section column text-primary q-item__section--main justify-center\" style=\"font-size: 16px;\">Couleur de la fleur : jaune<\/div>\n<\/div>\n<div class=\"q-item q-item-type row no-wrap\" style=\"font-size: 16px; font-style: normal; font-weight: 400;\"><\/div>\n<div class=\"q-item__section column q-item__section--side justify-center\"><span style=\"font-size: 16px;\">Feuillage<\/span>: <span style=\"font-size: 16px;\">Vert<\/span><\/div>\n<\/div>\n<div class=\"q-item q-item-type row no-wrap\">\n<div class=\"q-item__section column text-primary q-item__section--main justify-center\">Couleur d&rsquo;automne : jaune<\/div>\n<\/div>\n<\/div>\n","protected":false},"featured_media":0,"template":"","meta":{"site-sidebar-layout":"default","site-content-layout":"default","ast-site-content-layout":"default","site-content-style":"default","site-sidebar-style":"default","ast-global-header-display":"","ast-banner-title-visibility":"","ast-main-header-display":"","ast-hfb-above-header-display":"","ast-hfb-below-header-display":"","ast-hfb-mobile-header-display":"","site-post-title":"","ast-breadcrumbs-content":"","ast-featured-img":"","footer-sml-layout":"","ast-disable-related-posts":"","theme-transparent-header-meta":"default","adv-header-id-meta":"","stick-header-meta":"default","header-above-stick-meta":"","header-main-stick-meta":"","header-below-stick-meta":"","astra-migrate-meta-layouts":"default","ast-page-background-enabled":"default","ast-page-background-meta":{"desktop":{"background-color":"","background-image":"","background-repeat":"repeat","background-position":"center center","background-size":"auto","background-attachment":"scroll","background-type":"","background-media":"","overlay-type":"","overlay-color":"","overlay-opacity":"","overlay-gradient":""},"tablet":{"background-color":"","background-image":"","background-repeat":"repeat","background-position":"center center","background-size":"auto","background-attachment":"scroll","background-type":"","background-media":"","overlay-type":"","overlay-color":"","overlay-opacity":"","overlay-gradient":""},"mobile":{"background-color":"","background-image":"","background-repeat":"repeat","background-position":"center center","background-size":"auto","background-attachment":"scroll","background-type":"","background-media":"","overlay-type":"","overlay-color":"","overlay-opacity":"","overlay-gradient":""}},"ast-content-background-meta":{"desktop":{"background-color":"var(--ast-global-color-5)","background-image":"","background-repeat":"repeat","background-position":"center center","background-size":"auto","background-attachment":"scroll","background-type":"","background-media":"","overlay-type":"","overlay-color":"","overlay-opacity":"","overlay-gradient":""},"tablet":{"background-color":"var(--ast-global-color-5)","background-image":"","background-repeat":"repeat","background-position":"center center","background-size":"auto","background-attachment":"scroll","background-type":"","background-media":"","overlay-type":"","overlay-color":"","overlay-opacity":"","overlay-gradient":""},"mobile":{"background-color":"var(--ast-global-color-5)","background-image":"","background-repeat":"repeat","background-position":"center center","background-size":"auto","background-attachment":"scroll","background-type":"","background-media":"","overlay-type":"","overlay-color":"","overlay-opacity":"","overlay-gradient":""}}},"product_brand":[],"product_cat":[341],"product_tag":[],"class_list":{"0":"post-22936","1":"product","2":"type-product","3":"status-publish","5":"product_cat-arbustes","6":"desktop-align-left","7":"tablet-align-left","8":"mobile-align-left","9":"ast-product-gallery-layout-horizontal-slider","10":"ast-product-gallery-with-no-image","11":"ast-product-tabs-layout-horizontal","13":"first","14":"instock","15":"taxable","16":"shipping-taxable","17":"product-type-simple"},"_links":{"self":[{"href":"https:\/\/hortis.co\/fr\/wp-json\/wp\/v2\/product\/22936","targetHints":{"allow":["GET"]}}],"collection":[{"href":"https:\/\/hortis.co\/fr\/wp-json\/wp\/v2\/product"}],"about":[{"href":"https:\/\/hortis.co\/fr\/wp-json\/wp\/v2\/types\/product"}],"wp:attachment":[{"href":"https:\/\/hortis.co\/fr\/wp-json\/wp\/v2\/media?parent=22936"}],"wp:term":[{"taxonomy":"product_brand","embeddable":true,"href":"https:\/\/hortis.co\/fr\/wp-json\/wp\/v2\/product_brand?post=22936"},{"taxonomy":"product_cat","embeddable":true,"href":"https:\/\/hortis.co\/fr\/wp-json\/wp\/v2\/product_cat?post=22936"},{"taxonomy":"product_tag","embeddable":true,"href":"https:\/\/hortis.co\/fr\/wp-json\/wp\/v2\/product_tag?post=22936"}],"curies":[{"name":"wp","href":"https:\/\/api.w.org\/{rel}","templated":true}]}}