{"id":22956,"date":"2023-03-29T21:27:43","date_gmt":"2023-03-30T01:27:43","guid":{"rendered":"https:\/\/hortis.co\/product\/hydrangea-arborescens-invincibelle-ruby\/"},"modified":"2023-03-29T21:27:43","modified_gmt":"2023-03-30T01:27:43","slug":"hydrangea-arborescens-invincibelle-ruby-2","status":"publish","type":"product","link":"https:\/\/hortis.co\/fr\/produit\/hydrangea-arborescens-invincibelle-ruby-2\/","title":{"rendered":"Hydrangea arborescens &lsquo;Invincibelle Ruby&rsquo;"},"content":{"rendered":"","protected":false},"excerpt":{"rendered":"<div class=\"q-item q-item-type row no-wrap\">\n<div>\n<div class=\"col q-mt-md\">\n<div class=\"text-h6\">Description<\/div>\n<p>Cette s\u00e9lection unique se caract\u00e9rise par d&rsquo;\u00e9normes fleurs rouge rubis et rose argent\u00e9 au milieu de l&rsquo;\u00e9t\u00e9, qui durent tr\u00e8s longtemps ; il est pr\u00e9f\u00e9rable de la traiter comme une plante vivace et de la tailler \u00e0 quelques centim\u00e8tres du sol au printemps, car elle fleurit sur les nouvelles pousses ; elle est un peu grossi\u00e8re.<\/p>\n<\/div>\n<div class=\"col\">\n<div class=\"text-h6\">Attribut Ornamental<\/div>\n<p>L&rsquo;hortensia Invincibelle\u00ae Ruby Smooth pr\u00e9sente, du d\u00e9but \u00e0 la fin de l&rsquo;\u00e9t\u00e9, d&rsquo;audacieuses boules de fleurs rouge rubis avec des nuances de rose coquille \u00e0 l&rsquo;extr\u00e9mit\u00e9 des branches, qui \u00e9mergent de bourgeons floraux bordeaux distinctifs. Les fleurs sont excellentes \u00e0 couper. Son feuillage est vert for\u00eat tout au long de la saison. Les feuilles en forme de c\u0153ur ne d\u00e9veloppent pas de couleur appr\u00e9ciable \u00e0 l&rsquo;automne. Le fruit n&rsquo;a pas d&rsquo;importance ornementale.<\/p>\n<\/div>\n<div class=\"col\">\n<div class=\"text-h6\">Attributes de paysagement<\/div>\n<p>Invincibelle\u00ae Ruby Smooth Hydrangea est un arbuste \u00e0 feuilles caduques \u00e0 plusieurs tiges, de forme plus ou moins arrondie. Sa texture audacieuse et grossi\u00e8re peut \u00eatre tr\u00e8s efficace dans une composition paysag\u00e8re \u00e9quilibr\u00e9e.<\/p>\n<p>Cet arbuste n\u00e9cessite une maintenance et un entretien occasionnels, et il est pr\u00e9f\u00e9rable de le tailler \u00e0 la fin de l&rsquo;hiver, une fois que les menaces de froid extr\u00eame sont pass\u00e9es. Sans aucune charateristique negative significante.<\/p>\n<p>Invincibelle\u00ae Ruby Smooth Hydrangea est recommand\u00e9 pour les applications paysag\u00e8res suivantes ;<\/p>\n<\/div>\n<div class=\"col\">\n<div class=\"text-h6\">Plantation et Croissance<\/div>\n<p>L&rsquo;hortensia Invincibelle\u00ae Ruby Smooth atteindra une hauteur d&rsquo;environ 4 pieds \u00e0 maturit\u00e9, avec un \u00e9talement de 4 pieds. Il a tendance \u00e0 \u00eatre un peu pataud, avec un d\u00e9gagement typique d&rsquo;un pied du sol. Il se d\u00e9veloppe rapidement et, dans des conditions id\u00e9ales, il peut vivre environ 20 ans.<\/p>\n<p>Cet arbuste se pla\u00eet aussi bien en plein soleil qu&rsquo;\u00e0 l&rsquo;ombre. Preferables dans un endroit dont le sol est humide. Elle ne s&rsquo;int\u00e9resse pas au type de sol ou au pH. Elle est tr\u00e8s tol\u00e9rante \u00e0 la pollution urbaine et prosp\u00e8re m\u00eame dans les centres-villes. Si vous le mettez dans un endroit a aire ouvert mettez y un bonne couche de paillis pour proteger sa racine. Un selection Nord Americaine.<\/p>\n<\/div>\n<\/div>\n<div class=\"q-item__section column text-primary q-item__section--main justify-center\">Hauteur : 3&prime;<\/div>\n<\/div>\n<div class=\"q-item q-item-type row no-wrap\">\n<div class=\"q-item__section column text-primary q-item__section--main justify-center\">Port\u00e9e : 4&prime;<\/div>\n<\/div>\n<div class=\"q-item q-item-type row no-wrap\">\n<div class=\"q-item__section column text-primary q-item__section--main justify-center\">Ensoleillement : Soleil, mi-ombre \u00e0 ombre<\/div>\n<\/div>\n<div class=\"q-item q-item-type row no-wrap\">\n<div class=\"q-item__section column text-primary q-item__section--main justify-center\">Humidit\u00e9 du sol : Moyenne \u00e0 humide<\/div>\n<\/div>\n<div class=\"q-item q-item-type row no-wrap\">\n<div class=\"q-item__section column text-primary q-item__section--main justify-center\">Zone de Rusticit\u00e9: 3<\/div>\n<\/div>\n<div class=\"q-item q-item-type row no-wrap\">\n<div class=\"q-item__section column text-primary q-item__section--main justify-center\">Couleur de la fleur : Rouge<\/div>\n<\/div>\n<div class=\"q-item q-item-type row no-wrap\">\n<div class=\"q-item__section column text-primary q-item__section--main justify-center\">Feuillage: Vert<\/div>\n<\/div>\n","protected":false},"featured_media":20569,"template":"","meta":{"site-sidebar-layout":"default","site-content-layout":"default","ast-site-content-layout":"default","site-content-style":"default","site-sidebar-style":"default","ast-global-header-display":"","ast-banner-title-visibility":"","ast-main-header-display":"","ast-hfb-above-header-display":"","ast-hfb-below-header-display":"","ast-hfb-mobile-header-display":"","site-post-title":"","ast-breadcrumbs-content":"","ast-featured-img":"","footer-sml-layout":"","ast-disable-related-posts":"","theme-transparent-header-meta":"default","adv-header-id-meta":"","stick-header-meta":"default","header-above-stick-meta":"","header-main-stick-meta":"","header-below-stick-meta":"","astra-migrate-meta-layouts":"default","ast-page-background-enabled":"default","ast-page-background-meta":{"desktop":{"background-color":"","background-image":"","background-repeat":"repeat","background-position":"center center","background-size":"auto","background-attachment":"scroll","background-type":"","background-media":"","overlay-type":"","overlay-color":"","overlay-opacity":"","overlay-gradient":""},"tablet":{"background-color":"","background-image":"","background-repeat":"repeat","background-position":"center center","background-size":"auto","background-attachment":"scroll","background-type":"","background-media":"","overlay-type":"","overlay-color":"","overlay-opacity":"","overlay-gradient":""},"mobile":{"background-color":"","background-image":"","background-repeat":"repeat","background-position":"center center","background-size":"auto","background-attachment":"scroll","background-type":"","background-media":"","overlay-type":"","overlay-color":"","overlay-opacity":"","overlay-gradient":""}},"ast-content-background-meta":{"desktop":{"background-color":"var(--ast-global-color-5)","background-image":"","background-repeat":"repeat","background-position":"center center","background-size":"auto","background-attachment":"scroll","background-type":"","background-media":"","overlay-type":"","overlay-color":"","overlay-opacity":"","overlay-gradient":""},"tablet":{"background-color":"var(--ast-global-color-5)","background-image":"","background-repeat":"repeat","background-position":"center center","background-size":"auto","background-attachment":"scroll","background-type":"","background-media":"","overlay-type":"","overlay-color":"","overlay-opacity":"","overlay-gradient":""},"mobile":{"background-color":"var(--ast-global-color-5)","background-image":"","background-repeat":"repeat","background-position":"center center","background-size":"auto","background-attachment":"scroll","background-type":"","background-media":"","overlay-type":"","overlay-color":"","overlay-opacity":"","overlay-gradient":""}}},"product_brand":[],"product_cat":[341],"product_tag":[],"class_list":{"0":"post-22956","1":"product","2":"type-product","3":"status-publish","4":"has-post-thumbnail","6":"product_cat-arbustes","7":"desktop-align-left","8":"tablet-align-left","9":"mobile-align-left","10":"ast-product-gallery-layout-horizontal-slider","11":"ast-product-gallery-with-no-image","12":"ast-product-tabs-layout-horizontal","14":"first","15":"instock","16":"taxable","17":"shipping-taxable","18":"product-type-simple"},"_links":{"self":[{"href":"https:\/\/hortis.co\/fr\/wp-json\/wp\/v2\/product\/22956","targetHints":{"allow":["GET"]}}],"collection":[{"href":"https:\/\/hortis.co\/fr\/wp-json\/wp\/v2\/product"}],"about":[{"href":"https:\/\/hortis.co\/fr\/wp-json\/wp\/v2\/types\/product"}],"wp:featuredmedia":[{"embeddable":true,"href":"https:\/\/hortis.co\/fr\/wp-json\/wp\/v2\/media\/20569"}],"wp:attachment":[{"href":"https:\/\/hortis.co\/fr\/wp-json\/wp\/v2\/media?parent=22956"}],"wp:term":[{"taxonomy":"product_brand","embeddable":true,"href":"https:\/\/hortis.co\/fr\/wp-json\/wp\/v2\/product_brand?post=22956"},{"taxonomy":"product_cat","embeddable":true,"href":"https:\/\/hortis.co\/fr\/wp-json\/wp\/v2\/product_cat?post=22956"},{"taxonomy":"product_tag","embeddable":true,"href":"https:\/\/hortis.co\/fr\/wp-json\/wp\/v2\/product_tag?post=22956"}],"curies":[{"name":"wp","href":"https:\/\/api.w.org\/{rel}","templated":true}]}}