{"id":22970,"date":"2023-03-29T21:27:45","date_gmt":"2023-03-30T01:27:45","guid":{"rendered":"https:\/\/hortis.co\/product\/hydrangea-macrophylla-nikko-blue\/"},"modified":"2023-03-29T21:27:45","modified_gmt":"2023-03-30T01:27:45","slug":"hydrangea-macrophylla-nikko-blue-5","status":"publish","type":"product","link":"https:\/\/hortis.co\/fr\/produit\/hydrangea-macrophylla-nikko-blue-5\/","title":{"rendered":"Hydrangea macrophylla &lsquo;Nikko Blue&rsquo;"},"content":{"rendered":"","protected":false},"excerpt":{"rendered":"<div class=\"col\">\n<div class=\"bg-grey-2 q-card q-card--flat no-shadow\">\n<div class=\"q-list q-list--dense\">\n<div class=\"q-item q-item-type row no-wrap\">\n<div>\n<div class=\"col q-mt-md\">\n<div class=\"text-h6\">Description<\/div>\n<p>C&rsquo;est l&rsquo;un des arbustes \u00e0 floraison estivale les plus beaux et les plus populaires, avec d&rsquo;\u00e9normes fleurs en forme de globe d&rsquo;un bleu profond. Il a besoin d&rsquo;un sol tr\u00e8s acide pour conserver sa couleur bleue ; il fleurit sur du vieux bois et il peut donc \u00eatre n\u00e9cessaire de prot\u00e9ger les boutons floraux en hiver.<\/p>\n<\/div>\n<div class=\"col\">\n<div class=\"text-h6\">Attribut Ornamental<\/div>\n<p>L&rsquo;hortensia Nikko Blue pr\u00e9sente des boules de fleurs bleues \u00e0 l&rsquo;extr\u00e9mit\u00e9 des branches du milieu de l&rsquo;\u00e9t\u00e9 au d\u00e9but de l&rsquo;automne. Les fleurs sont excellentes \u00e0 couper. Son feuillage est vert for\u00eat tout au long de la saison. Les feuilles pointues et brillantes ne d\u00e9veloppent pas de couleur appr\u00e9ciable \u00e0 l&rsquo;automne. Le fruit n&rsquo;a pas d&rsquo;importance ornementale.<\/p>\n<\/div>\n<div class=\"col\">\n<div class=\"text-h6\">Attributes de paysagement<\/div>\n<p>L&rsquo;hortensia Nikko Blue est un arbuste \u00e0 feuilles caduques \u00e0 plusieurs tiges, de forme plus ou moins arrondie. Sa texture relativement grossi\u00e8re peut \u00eatre utilis\u00e9e pour la distinguer d&rsquo;autres plantes paysag\u00e8res au feuillage plus fin.<\/p>\n<p>Cet arbuste n\u00e9cessite un entretien occasionnel et ne doit \u00eatre taill\u00e9 qu&rsquo;apr\u00e8s la floraison afin de ne pas supprimer les fleurs de la saison en cours. Sans aucune charateristique negative significante.<\/p>\n<p>L&rsquo;hortensia Nikko Blue est recommand\u00e9 pour les applications paysag\u00e8res suivantes ;<\/p>\n<\/div>\n<div class=\"col\">\n<div class=\"text-h6\">Plantation et Croissance<\/div>\n<p>L&rsquo;hortensia Nikko Blue atteindra une hauteur d&rsquo;environ 1,5 m\u00e8tre \u00e0 maturit\u00e9, avec un \u00e9talement de 1,5 m\u00e8tre. Il a tendance \u00e0 \u00eatre un peu pataud, avec un d\u00e9gagement typique d&rsquo;un pied du sol, et convient \u00e0 la plantation sous les lignes \u00e9lectriques. Il se d\u00e9veloppe rapidement et, dans des conditions id\u00e9ales, il peut vivre environ 20 ans.<\/p>\n<p>Pousse mieux dans un endroit ensoleiller ou mi ombre. Elle a besoin d&rsquo;un sol humide et bien drain\u00e9 pour une croissance optimale. Elle n&rsquo;est pas sensible au type de sol, mais a une nette pr\u00e9f\u00e9rence pour les sols acides. Elle est tr\u00e8s tol\u00e9rante \u00e0 la pollution urbaine et peut m\u00eame prosp\u00e9rer dans les centres-villes. Elle gagne \u00e0 \u00eatre plant\u00e9e dans un endroit relativement abrit\u00e9. Pensez \u00e0 appliquer un paillis \u00e9pais autour de la zone racinaire en \u00e9t\u00e9 et en hiver pour conserver l&rsquo;humidit\u00e9 du sol et la prot\u00e9ger dans les endroits expos\u00e9s ou dans les microclimats plus froids. Il s&rsquo;agit d&rsquo;une vari\u00e9t\u00e9 s\u00e9lectionn\u00e9e d&rsquo;une esp\u00e8ce qui n&rsquo;est pas originaire d&rsquo;Am\u00e9rique du Nord.<\/p>\n<p>L&rsquo;hortensia Nikko Blue est un excellent choix pour le paysage ext\u00e9rieur, mais il est \u00e9galement bien adapt\u00e9 \u00e0 une utilisation dans des pots et des conteneurs d&rsquo;ext\u00e9rieur. En raison de sa hauteur, il est souvent utilis\u00e9 comme \u00ab\u00a0thriller\u00a0\u00bb dans la combinaison de conteneurs \u00ab\u00a0spiller-thriller-filler\u00a0\u00bb ; plantez-le pr\u00e8s du centre du pot, entour\u00e9 de plantes plus petites et de celles qui d\u00e9bordent sur les bords. Notez que lorsqu&rsquo;il est cultiv\u00e9 dans un conteneur, il peut ne pas se comporter exactement comme indiqu\u00e9 sur l&rsquo;\u00e9tiquette, ce qui est normal. Notez \u00e9galement que les plantes cultiv\u00e9es dans des conteneurs et des paniers ext\u00e9rieurs peuvent n\u00e9cessiter des arrosages plus fr\u00e9quents que dans la cour ou le jardin. Il faut savoir que sous notre climat, cette plante peut \u00eatre trop tendre pour survivre \u00e0 l&rsquo;hiver si elle est laiss\u00e9e \u00e0 l&rsquo;ext\u00e9rieur dans un conteneur. Contactez notre magasin pour plus d&rsquo;informations sur la fa\u00e7on de le prot\u00e9ger pendant les mois d&rsquo;hiver.<\/p>\n<\/div>\n<\/div>\n<div class=\"q-item__section column text-primary q-item__section--main justify-center\">Hauteur : 1,2 m<\/div>\n<\/div>\n<div class=\"q-item q-item-type row no-wrap\">\n<div class=\"q-item__section column text-primary q-item__section--main justify-center\">Largeur : 1,2 m<\/div>\n<\/div>\n<div class=\"q-item q-item-type row no-wrap\">\n<div class=\"q-item__section column text-primary q-item__section--main justify-center\">Ensoleilment: Soleil a MI Ombre<\/div>\n<\/div>\n<div class=\"q-item q-item-type row no-wrap\">\n<div class=\"q-item__section column text-primary q-item__section--main justify-center\">Humidit\u00e9 du sol : Humide<\/div>\n<\/div>\n<div class=\"q-item q-item-type row no-wrap\">\n<div class=\"q-item__section column text-primary q-item__section--main justify-center\">Zone de rusticit\u00e9 : 6<\/div>\n<\/div>\n<div class=\"q-item q-item-type row no-wrap\">\n<div class=\"q-item__section column text-primary q-item__section--main justify-center\">Couleur de la fleur:Bleu<\/div>\n<\/div>\n<div class=\"q-item q-item-type row no-wrap\">\n<div class=\"q-item__section column text-primary q-item__section--main justify-center\">Feuillage: Vert<\/div>\n<\/div>\n<\/div>\n<\/div>\n<\/div>\n<div class=\"col q-mt-md\">\n<div class=\"q-banner row items-center bg-yellow-1 rounded-borders \" role=\"alert\">\n<div class=\"q-banner__avatar col-auto row items-center self-start\"><\/div>\n<\/div>\n<\/div>\n","protected":false},"featured_media":20576,"template":"","meta":{"site-sidebar-layout":"default","site-content-layout":"default","ast-site-content-layout":"default","site-content-style":"default","site-sidebar-style":"default","ast-global-header-display":"","ast-banner-title-visibility":"","ast-main-header-display":"","ast-hfb-above-header-display":"","ast-hfb-below-header-display":"","ast-hfb-mobile-header-display":"","site-post-title":"","ast-breadcrumbs-content":"","ast-featured-img":"","footer-sml-layout":"","ast-disable-related-posts":"","theme-transparent-header-meta":"default","adv-header-id-meta":"","stick-header-meta":"default","header-above-stick-meta":"","header-main-stick-meta":"","header-below-stick-meta":"","astra-migrate-meta-layouts":"default","ast-page-background-enabled":"default","ast-page-background-meta":{"desktop":{"background-color":"","background-image":"","background-repeat":"repeat","background-position":"center center","background-size":"auto","background-attachment":"scroll","background-type":"","background-media":"","overlay-type":"","overlay-color":"","overlay-opacity":"","overlay-gradient":""},"tablet":{"background-color":"","background-image":"","background-repeat":"repeat","background-position":"center center","background-size":"auto","background-attachment":"scroll","background-type":"","background-media":"","overlay-type":"","overlay-color":"","overlay-opacity":"","overlay-gradient":""},"mobile":{"background-color":"","background-image":"","background-repeat":"repeat","background-position":"center center","background-size":"auto","background-attachment":"scroll","background-type":"","background-media":"","overlay-type":"","overlay-color":"","overlay-opacity":"","overlay-gradient":""}},"ast-content-background-meta":{"desktop":{"background-color":"var(--ast-global-color-5)","background-image":"","background-repeat":"repeat","background-position":"center center","background-size":"auto","background-attachment":"scroll","background-type":"","background-media":"","overlay-type":"","overlay-color":"","overlay-opacity":"","overlay-gradient":""},"tablet":{"background-color":"var(--ast-global-color-5)","background-image":"","background-repeat":"repeat","background-position":"center center","background-size":"auto","background-attachment":"scroll","background-type":"","background-media":"","overlay-type":"","overlay-color":"","overlay-opacity":"","overlay-gradient":""},"mobile":{"background-color":"var(--ast-global-color-5)","background-image":"","background-repeat":"repeat","background-position":"center center","background-size":"auto","background-attachment":"scroll","background-type":"","background-media":"","overlay-type":"","overlay-color":"","overlay-opacity":"","overlay-gradient":""}}},"product_brand":[],"product_cat":[341],"product_tag":[],"class_list":{"0":"post-22970","1":"product","2":"type-product","3":"status-publish","4":"has-post-thumbnail","6":"product_cat-arbustes","7":"desktop-align-left","8":"tablet-align-left","9":"mobile-align-left","10":"ast-product-gallery-layout-horizontal-slider","11":"ast-product-gallery-with-no-image","12":"ast-product-tabs-layout-horizontal","14":"first","15":"instock","16":"taxable","17":"shipping-taxable","18":"product-type-simple"},"_links":{"self":[{"href":"https:\/\/hortis.co\/fr\/wp-json\/wp\/v2\/product\/22970","targetHints":{"allow":["GET"]}}],"collection":[{"href":"https:\/\/hortis.co\/fr\/wp-json\/wp\/v2\/product"}],"about":[{"href":"https:\/\/hortis.co\/fr\/wp-json\/wp\/v2\/types\/product"}],"wp:featuredmedia":[{"embeddable":true,"href":"https:\/\/hortis.co\/fr\/wp-json\/wp\/v2\/media\/20576"}],"wp:attachment":[{"href":"https:\/\/hortis.co\/fr\/wp-json\/wp\/v2\/media?parent=22970"}],"wp:term":[{"taxonomy":"product_brand","embeddable":true,"href":"https:\/\/hortis.co\/fr\/wp-json\/wp\/v2\/product_brand?post=22970"},{"taxonomy":"product_cat","embeddable":true,"href":"https:\/\/hortis.co\/fr\/wp-json\/wp\/v2\/product_cat?post=22970"},{"taxonomy":"product_tag","embeddable":true,"href":"https:\/\/hortis.co\/fr\/wp-json\/wp\/v2\/product_tag?post=22970"}],"curies":[{"name":"wp","href":"https:\/\/api.w.org\/{rel}","templated":true}]}}