{"id":22972,"date":"2023-03-29T21:27:47","date_gmt":"2023-03-30T01:27:47","guid":{"rendered":"https:\/\/hortis.co\/product\/hydrangea-paniculata-bobo\/"},"modified":"2023-03-29T21:27:47","modified_gmt":"2023-03-30T01:27:47","slug":"hydrangea-paniculata-bobo-2","status":"publish","type":"product","link":"https:\/\/hortis.co\/fr\/produit\/hydrangea-paniculata-bobo-2\/","title":{"rendered":"Hydrangea paniculata &lsquo;Bobo&rsquo;"},"content":{"rendered":"","protected":false},"excerpt":{"rendered":"<div class=\"q-item q-item-type row no-wrap\">\n<div>\n<div class=\"col q-mt-md\">\n<div class=\"text-h6\">Description<\/div>\n<p>Vari\u00e9t\u00e9 naine attrayante qui produit une abondance de fleurs coniques blanches \u00e0 l&rsquo;extr\u00e9mit\u00e9 des branches pendant une longue p\u00e9riode ; les fleurs commencent par \u00eatre blanches et s&rsquo;adoucissent pour devenir roses vers l&rsquo;automne ; b\u00e9n\u00e9ficie d&rsquo;un r\u00e9gime de taille r\u00e9gulier.<\/p>\n<\/div>\n<div class=\"col\">\n<div class=\"text-h6\">Attribut Ornamental<\/div>\n<p>L&rsquo;hortensia Bobo\u00ae pr\u00e9sente des fleurs coniques blanches \u00e0 l&rsquo;extr\u00e9mit\u00e9 des branches, du milieu de l&rsquo;\u00e9t\u00e9 au d\u00e9but de l&rsquo;automne, qui se teintent de rose avec le temps. Les fleurs sont excellentes \u00e0 couper. Son feuillage est vert tout au long de la saison. Les feuilles pointues ne d\u00e9veloppent pas de couleur automnale appr\u00e9ciable. Le fruit n&rsquo;a pas d&rsquo;importance ornementale.<\/p>\n<\/div>\n<div class=\"col\">\n<div class=\"text-h6\">Attributes de paysagement<\/div>\n<p>Bobo\u00ae Hydrangea est un arbuste \u00e0 feuilles caduques \u00e0 plusieurs tiges, de forme arrondie. Sa texture relativement grossi\u00e8re peut \u00eatre utilis\u00e9e pour la distinguer d&rsquo;autres plantes paysag\u00e8res au feuillage plus fin.<\/p>\n<p>Cet arbuste n\u00e9cessite une maintenance et un entretien occasionnels, et il est pr\u00e9f\u00e9rable de le tailler \u00e0 la fin de l&rsquo;hiver, une fois que les menaces de froid extr\u00eame sont pass\u00e9es. Sans aucune charateristique negative significante.<\/p>\n<p>Bobo\u00ae Hydrangea est recommand\u00e9 pour les applications paysag\u00e8res suivantes ;<\/p>\n<\/div>\n<div class=\"col\">\n<div class=\"text-h6\">Plantation et Croissance<\/div>\n<p>L&rsquo;hortensia Bobo\u00ae atteindra une hauteur d&rsquo;environ 3 pieds \u00e0 maturit\u00e9, avec un \u00e9talement de 4 pieds. Il a tendance \u00e0 s&rsquo;\u00e9toffer jusqu&rsquo;au sol et n&rsquo;a donc pas n\u00e9cessairement besoin de plantes en fa\u00e7ade. Il pousse \u00e0 un rythme moyen et, dans des conditions id\u00e9ales, il peut vivre 40 ans ou plus.<\/p>\n<p>Cet arbuste se pla\u00eet aussi bien en plein soleil qu&rsquo;\u00e0 l&rsquo;ombre. Preferables dans un endroit dont le sol est humide. Elle ne s&rsquo;int\u00e9resse pas au type de sol ou au pH. Elle est tr\u00e8s tol\u00e9rante \u00e0 la pollution urbaine et prosp\u00e8re m\u00eame dans les centres-villes. Si vous le mettez dans un endroit a aire ouvert mettez y un bonne couche de paillis pour proteger sa racine. Il s&rsquo;agit d&rsquo;une vari\u00e9t\u00e9 s\u00e9lectionn\u00e9e d&rsquo;une esp\u00e8ce qui n&rsquo;est pas originaire d&rsquo;Am\u00e9rique du Nord.<\/p>\n<\/div>\n<\/div>\n<div class=\"q-item__section column text-primary q-item__section--main justify-center\">Hauteur : 36<\/div>\n<\/div>\n<div class=\"q-item q-item-type row no-wrap\">\n<div class=\"q-item__section column text-primary q-item__section--main justify-center\">Ecartement : 48&Prime;.<\/div>\n<\/div>\n<div class=\"q-item q-item-type row no-wrap\">\n<div class=\"q-item__section column text-primary q-item__section--main justify-center\">Ensoleillement : Soleil, mi-ombre \u00e0 ombre<\/div>\n<\/div>\n<div class=\"q-item q-item-type row no-wrap\">\n<div class=\"q-item__section column text-primary q-item__section--main justify-center\">Humidit\u00e9 du sol : Moyenne \u00e0 humide<\/div>\n<\/div>\n<div class=\"q-item q-item-type row no-wrap\">\n<div class=\"q-item__section column text-primary q-item__section--main justify-center\">Zone de Rusticit\u00e9: 3<\/div>\n<\/div>\n<div class=\"q-item q-item-type row no-wrap\">\n<div class=\"q-item__section column text-primary q-item__section--main justify-center\">Couleur de la fleur : blanc<\/div>\n<\/div>\n<div class=\"q-item q-item-type row no-wrap\">\n<div class=\"q-item__section column text-primary q-item__section--main justify-center\">Feuillage: Vert<\/div>\n<\/div>\n","protected":false},"featured_media":20561,"template":"","meta":{"site-sidebar-layout":"default","site-content-layout":"default","ast-site-content-layout":"default","site-content-style":"default","site-sidebar-style":"default","ast-global-header-display":"","ast-banner-title-visibility":"","ast-main-header-display":"","ast-hfb-above-header-display":"","ast-hfb-below-header-display":"","ast-hfb-mobile-header-display":"","site-post-title":"","ast-breadcrumbs-content":"","ast-featured-img":"","footer-sml-layout":"","ast-disable-related-posts":"","theme-transparent-header-meta":"default","adv-header-id-meta":"","stick-header-meta":"default","header-above-stick-meta":"","header-main-stick-meta":"","header-below-stick-meta":"","astra-migrate-meta-layouts":"default","ast-page-background-enabled":"default","ast-page-background-meta":{"desktop":{"background-color":"","background-image":"","background-repeat":"repeat","background-position":"center center","background-size":"auto","background-attachment":"scroll","background-type":"","background-media":"","overlay-type":"","overlay-color":"","overlay-opacity":"","overlay-gradient":""},"tablet":{"background-color":"","background-image":"","background-repeat":"repeat","background-position":"center center","background-size":"auto","background-attachment":"scroll","background-type":"","background-media":"","overlay-type":"","overlay-color":"","overlay-opacity":"","overlay-gradient":""},"mobile":{"background-color":"","background-image":"","background-repeat":"repeat","background-position":"center center","background-size":"auto","background-attachment":"scroll","background-type":"","background-media":"","overlay-type":"","overlay-color":"","overlay-opacity":"","overlay-gradient":""}},"ast-content-background-meta":{"desktop":{"background-color":"var(--ast-global-color-5)","background-image":"","background-repeat":"repeat","background-position":"center center","background-size":"auto","background-attachment":"scroll","background-type":"","background-media":"","overlay-type":"","overlay-color":"","overlay-opacity":"","overlay-gradient":""},"tablet":{"background-color":"var(--ast-global-color-5)","background-image":"","background-repeat":"repeat","background-position":"center center","background-size":"auto","background-attachment":"scroll","background-type":"","background-media":"","overlay-type":"","overlay-color":"","overlay-opacity":"","overlay-gradient":""},"mobile":{"background-color":"var(--ast-global-color-5)","background-image":"","background-repeat":"repeat","background-position":"center center","background-size":"auto","background-attachment":"scroll","background-type":"","background-media":"","overlay-type":"","overlay-color":"","overlay-opacity":"","overlay-gradient":""}}},"product_brand":[],"product_cat":[341],"product_tag":[],"class_list":{"0":"post-22972","1":"product","2":"type-product","3":"status-publish","4":"has-post-thumbnail","6":"product_cat-arbustes","7":"desktop-align-left","8":"tablet-align-left","9":"mobile-align-left","10":"ast-product-gallery-layout-horizontal-slider","11":"ast-product-gallery-with-no-image","12":"ast-product-tabs-layout-horizontal","14":"first","15":"instock","16":"taxable","17":"shipping-taxable","18":"product-type-simple"},"_links":{"self":[{"href":"https:\/\/hortis.co\/fr\/wp-json\/wp\/v2\/product\/22972","targetHints":{"allow":["GET"]}}],"collection":[{"href":"https:\/\/hortis.co\/fr\/wp-json\/wp\/v2\/product"}],"about":[{"href":"https:\/\/hortis.co\/fr\/wp-json\/wp\/v2\/types\/product"}],"wp:featuredmedia":[{"embeddable":true,"href":"https:\/\/hortis.co\/fr\/wp-json\/wp\/v2\/media\/20561"}],"wp:attachment":[{"href":"https:\/\/hortis.co\/fr\/wp-json\/wp\/v2\/media?parent=22972"}],"wp:term":[{"taxonomy":"product_brand","embeddable":true,"href":"https:\/\/hortis.co\/fr\/wp-json\/wp\/v2\/product_brand?post=22972"},{"taxonomy":"product_cat","embeddable":true,"href":"https:\/\/hortis.co\/fr\/wp-json\/wp\/v2\/product_cat?post=22972"},{"taxonomy":"product_tag","embeddable":true,"href":"https:\/\/hortis.co\/fr\/wp-json\/wp\/v2\/product_tag?post=22972"}],"curies":[{"name":"wp","href":"https:\/\/api.w.org\/{rel}","templated":true}]}}