{"id":22986,"date":"2023-03-29T21:27:51","date_gmt":"2023-03-30T01:27:51","guid":{"rendered":"https:\/\/hortis.co\/product\/hydrangea-paniculata-pinky-winky\/"},"modified":"2023-03-29T21:27:51","modified_gmt":"2023-03-30T01:27:51","slug":"hydrangea-paniculata-pinky-winky-3","status":"publish","type":"product","link":"https:\/\/hortis.co\/fr\/produit\/hydrangea-paniculata-pinky-winky-3\/","title":{"rendered":"Hydrangea paniculata &lsquo;Pinky Winky&rsquo;"},"content":{"rendered":"","protected":false},"excerpt":{"rendered":"<div class=\"q-item q-item-type row no-wrap\">\n<div>\n<div class=\"col q-mt-md\">\n<div class=\"text-h6\">Description<\/div>\n<p>Une belle floraison de longue saison avec des c\u00f4nes de fleurs blanches st\u00e9riles et fertiles au milieu et \u00e0 la fin de l&rsquo;\u00e9t\u00e9, qui s&rsquo;estompent pour devenir rose fonc\u00e9. Une version plus forte et plus dense de son parent populaire, l&rsquo;hortensia Pink Diamond, avec des t\u00eates de fleurs plus pleines.<\/p>\n<\/div>\n<div class=\"col\">\n<div class=\"text-h6\">Attribut Ornamental<\/div>\n<p>L&rsquo;hortensia Pinky Winky\u00ae pr\u00e9sente des fleurs coniques blanches \u00e0 l&rsquo;extr\u00e9mit\u00e9 des branches, du milieu de l&rsquo;\u00e9t\u00e9 \u00e0 la fin de l&rsquo;automne, qui se teintent de rose avec le temps. Les fleurs sont excellentes \u00e0 couper. Son feuillage est vert tout au long de la saison. Les feuilles pointues ne d\u00e9veloppent pas de couleur automnale appr\u00e9ciable. Le fruit n&rsquo;a pas d&rsquo;importance ornementale.<\/p>\n<\/div>\n<div class=\"col\">\n<div class=\"text-h6\">Attributes de paysagement<\/div>\n<p>L&rsquo;hortensia Pinky Winky\u00ae est un arbuste \u00e0 feuilles caduques \u00e0 plusieurs tiges, au port dress\u00e9 et \u00e9tal\u00e9. Sa texture relativement grossi\u00e8re peut \u00eatre utilis\u00e9e pour la distinguer d&rsquo;autres plantes paysag\u00e8res au feuillage plus fin.<\/p>\n<p>Cet arbuste n\u00e9cessite une maintenance et un entretien occasionnels, et il est pr\u00e9f\u00e9rable de le tailler \u00e0 la fin de l&rsquo;hiver, une fois que les menaces de froid extr\u00eame sont pass\u00e9es. Sans aucune charateristique negative significante.<\/p>\n<p>L&rsquo;hortensia Pinky Winky\u00ae est recommand\u00e9 pour les applications paysag\u00e8res suivantes ;<\/p>\n<\/div>\n<div class=\"col\">\n<div class=\"text-h6\">Plantation et Croissance<\/div>\n<p>L&rsquo;hortensia Pinky Winky\u00ae atteindra une hauteur d&rsquo;environ 3 m\u00e8tres \u00e0 maturit\u00e9, avec un \u00e9talement de 3 m\u00e8tres. Il a tendance \u00e0 \u00eatre un peu pataud, avec un d\u00e9gagement typique de 2 pieds du sol, et convient \u00e0 la plantation sous les lignes \u00e9lectriques. Il pousse \u00e0 un rythme moyen et, dans des conditions id\u00e9ales, il peut vivre 40 ans ou plus.<\/p>\n<p>Cet arbuste se pla\u00eet aussi bien en plein soleil qu&rsquo;\u00e0 l&rsquo;ombre. Preferables dans un endroit dont le sol est humide. Elle ne s&rsquo;int\u00e9resse pas au type de sol ou au pH. Elle est tr\u00e8s tol\u00e9rante \u00e0 la pollution urbaine et prosp\u00e8re m\u00eame dans les centres-villes. Si vous le mettez dans un endroit a aire ouvert mettez y un bonne couche de paillis pour proteger sa racine. Il s&rsquo;agit d&rsquo;une vari\u00e9t\u00e9 s\u00e9lectionn\u00e9e d&rsquo;une esp\u00e8ce qui n&rsquo;est pas originaire d&rsquo;Am\u00e9rique du Nord.<\/p>\n<\/div>\n<\/div>\n<div class=\"q-item__section column text-primary q-item__section--main justify-center\">Hauteur: 1.5m<\/div>\n<\/div>\n<div class=\"q-item q-item-type row no-wrap\">\n<div class=\"q-item__section column text-primary q-item__section--main justify-center\">Largeur: 1m<\/div>\n<\/div>\n<div class=\"q-item q-item-type row no-wrap\">\n<div class=\"q-item__section column text-primary q-item__section--main justify-center\">Ensoleillement : Soleil, mi-ombre \u00e0 ombre<\/div>\n<\/div>\n<div class=\"q-item q-item-type row no-wrap\">\n<div class=\"q-item__section column text-primary q-item__section--main justify-center\">Humidit\u00e9 du sol : Moyenne \u00e0 humide<\/div>\n<\/div>\n<div class=\"q-item q-item-type row no-wrap\">\n<div class=\"q-item__section column text-primary q-item__section--main justify-center\">Zone de Rusticit\u00e9: 3<\/div>\n<\/div>\n<div class=\"q-item q-item-type row no-wrap\">\n<div class=\"q-item__section column text-primary q-item__section--main justify-center\">Couleur de la fleur : blanc<\/div>\n<\/div>\n<div class=\"q-item q-item-type row no-wrap\">\n<div class=\"q-item__section column text-primary q-item__section--main justify-center\">Feuillage: Vert<\/div>\n<\/div>\n","protected":false},"featured_media":20580,"template":"","meta":{"site-sidebar-layout":"default","site-content-layout":"default","ast-site-content-layout":"default","site-content-style":"default","site-sidebar-style":"default","ast-global-header-display":"","ast-banner-title-visibility":"","ast-main-header-display":"","ast-hfb-above-header-display":"","ast-hfb-below-header-display":"","ast-hfb-mobile-header-display":"","site-post-title":"","ast-breadcrumbs-content":"","ast-featured-img":"","footer-sml-layout":"","ast-disable-related-posts":"","theme-transparent-header-meta":"default","adv-header-id-meta":"","stick-header-meta":"default","header-above-stick-meta":"","header-main-stick-meta":"","header-below-stick-meta":"","astra-migrate-meta-layouts":"default","ast-page-background-enabled":"default","ast-page-background-meta":{"desktop":{"background-color":"","background-image":"","background-repeat":"repeat","background-position":"center center","background-size":"auto","background-attachment":"scroll","background-type":"","background-media":"","overlay-type":"","overlay-color":"","overlay-opacity":"","overlay-gradient":""},"tablet":{"background-color":"","background-image":"","background-repeat":"repeat","background-position":"center center","background-size":"auto","background-attachment":"scroll","background-type":"","background-media":"","overlay-type":"","overlay-color":"","overlay-opacity":"","overlay-gradient":""},"mobile":{"background-color":"","background-image":"","background-repeat":"repeat","background-position":"center center","background-size":"auto","background-attachment":"scroll","background-type":"","background-media":"","overlay-type":"","overlay-color":"","overlay-opacity":"","overlay-gradient":""}},"ast-content-background-meta":{"desktop":{"background-color":"var(--ast-global-color-5)","background-image":"","background-repeat":"repeat","background-position":"center center","background-size":"auto","background-attachment":"scroll","background-type":"","background-media":"","overlay-type":"","overlay-color":"","overlay-opacity":"","overlay-gradient":""},"tablet":{"background-color":"var(--ast-global-color-5)","background-image":"","background-repeat":"repeat","background-position":"center center","background-size":"auto","background-attachment":"scroll","background-type":"","background-media":"","overlay-type":"","overlay-color":"","overlay-opacity":"","overlay-gradient":""},"mobile":{"background-color":"var(--ast-global-color-5)","background-image":"","background-repeat":"repeat","background-position":"center center","background-size":"auto","background-attachment":"scroll","background-type":"","background-media":"","overlay-type":"","overlay-color":"","overlay-opacity":"","overlay-gradient":""}}},"product_brand":[],"product_cat":[341],"product_tag":[],"class_list":{"0":"post-22986","1":"product","2":"type-product","3":"status-publish","4":"has-post-thumbnail","6":"product_cat-arbustes","7":"desktop-align-left","8":"tablet-align-left","9":"mobile-align-left","10":"ast-product-gallery-layout-horizontal-slider","11":"ast-product-gallery-with-no-image","12":"ast-product-tabs-layout-horizontal","14":"first","15":"instock","16":"taxable","17":"shipping-taxable","18":"purchasable","19":"product-type-simple"},"_links":{"self":[{"href":"https:\/\/hortis.co\/fr\/wp-json\/wp\/v2\/product\/22986","targetHints":{"allow":["GET"]}}],"collection":[{"href":"https:\/\/hortis.co\/fr\/wp-json\/wp\/v2\/product"}],"about":[{"href":"https:\/\/hortis.co\/fr\/wp-json\/wp\/v2\/types\/product"}],"wp:featuredmedia":[{"embeddable":true,"href":"https:\/\/hortis.co\/fr\/wp-json\/wp\/v2\/media\/20580"}],"wp:attachment":[{"href":"https:\/\/hortis.co\/fr\/wp-json\/wp\/v2\/media?parent=22986"}],"wp:term":[{"taxonomy":"product_brand","embeddable":true,"href":"https:\/\/hortis.co\/fr\/wp-json\/wp\/v2\/product_brand?post=22986"},{"taxonomy":"product_cat","embeddable":true,"href":"https:\/\/hortis.co\/fr\/wp-json\/wp\/v2\/product_cat?post=22986"},{"taxonomy":"product_tag","embeddable":true,"href":"https:\/\/hortis.co\/fr\/wp-json\/wp\/v2\/product_tag?post=22986"}],"curies":[{"name":"wp","href":"https:\/\/api.w.org\/{rel}","templated":true}]}}