{"id":22991,"date":"2023-03-29T21:27:52","date_gmt":"2023-03-30T01:27:52","guid":{"rendered":"https:\/\/hortis.co\/product\/hydrangea-paniculata-sundae-fraise\/"},"modified":"2023-03-29T21:27:52","modified_gmt":"2023-03-30T01:27:52","slug":"hydrangea-paniculata-sundae-fraise-5","status":"publish","type":"product","link":"https:\/\/hortis.co\/fr\/produit\/hydrangea-paniculata-sundae-fraise-5\/","title":{"rendered":"Hydrangea paniculata &lsquo;Sundae Fraise&rsquo;"},"content":{"rendered":"<div id=\"NetPS-PlantBox\">\n<p id=\"NetPS-PlantCommentsHeader\"><span class=\"NetPS-PlantDescHeader\">Description :<\/span><\/p>\n<p id=\"NetPS-PlantComments\">Une vari\u00e9t\u00e9 compacte avec de grandes t\u00eates de fleurs coniques qui \u00e9mergent en blanc, passent au rose, et finalement m\u00fbrissent en rouge fraise ; id\u00e9al pour les petits espaces et les conteneurs.<\/p>\n<p id=\"NetPS-PlantOFHeader\" class=\"NetPS-PlantDescHeader\">Attribut Ornamental<\/p>\n<p id=\"NetPS-PlantOFPara1\">L&rsquo;hortensia Strawberry Sundae\u00ae pr\u00e9sente du d\u00e9but de l&rsquo;\u00e9t\u00e9 au d\u00e9but de l&rsquo;automne des fleurs coniques blanches avec des nuances de rose \u00e0 l&rsquo;extr\u00e9mit\u00e9 des branches. Les fleurs sont excellentes \u00e0 couper. Son feuillage est vert et caduc. Les feuilles pointues ne d\u00e9veloppent pas de couleur automnale appr\u00e9ciable.<\/p>\n<p id=\"NetPS-PlantLAHeader\" class=\"NetPS-PlantDescHeader\">Attributes de paysagement<\/p>\n<p id=\"NetPS-PlantLAPara1\">L&rsquo;hortensia Strawberry Sundae\u00ae est un arbuste \u00e0 feuilles caduques \u00e0 plusieurs tiges, au port \u00e9rig\u00e9 et \u00e9tal\u00e9. Sa texture relativement grossi\u00e8re peut \u00eatre utilis\u00e9e pour la distinguer d&rsquo;autres plantes paysag\u00e8res au feuillage plus fin.<\/p>\n<p id=\"NetPS-PlantLAPara2\">Cet arbuste n\u00e9cessite une maintenance et un entretien occasionnels, et il est pr\u00e9f\u00e9rable de le tailler \u00e0 la fin de l&rsquo;hiver, une fois que les menaces de froid extr\u00eame sont pass\u00e9es. Sans aucune charateristique negative significante.<\/p>\n<p id=\"NetPS-PlantLAPara3\">Strawberry Sundae\u00ae Hydrangea est recommand\u00e9 pour les applications paysag\u00e8res suivantes ;<\/p>\n<ul id=\"NetPS-LAPara3-ap\">\n<li>Accent<\/li>\n<li>Plantation en masse<\/li>\n<li>Utilisation g\u00e9n\u00e9rale dans le jardin<\/li>\n<li>Plantation en conteneur<\/li>\n<\/ul>\n<p id=\"NetPS-PlantPGHeader\" class=\"NetPS-PlantDescHeader\">Plantation et Croissance<\/p>\n<p id=\"NetPS-PlantPGPara1\">L&rsquo;hortensia Strawberry Sundae\u00ae atteindra une hauteur d&rsquo;environ 5 pieds \u00e0 maturit\u00e9, avec un \u00e9talement de 4 pieds. Il a tendance \u00e0 \u00eatre un peu pataud, avec un d\u00e9gagement typique de 2 pieds du sol, et convient \u00e0 la plantation sous les lignes \u00e9lectriques. Il pousse \u00e0 un rythme moyen et, dans des conditions id\u00e9ales, il peut vivre 40 ans ou plus.<\/p>\n<p id=\"NetPS-PlantPGPara2\">Cet arbuste se pla\u00eet aussi bien en plein soleil qu&rsquo;\u00e0 l&rsquo;ombre. Preferables dans un endroit dont le sol est humide. Elle ne s&rsquo;int\u00e9resse pas au type de sol ou au pH. Elle est tr\u00e8s tol\u00e9rante \u00e0 la pollution urbaine et prosp\u00e8re m\u00eame dans les centres-villes. Si vous le mettez dans un endroit a aire ouvert mettez y un bonne couche de paillis pour proteger sa racine. Il s&rsquo;agit d&rsquo;une vari\u00e9t\u00e9 s\u00e9lectionn\u00e9e d&rsquo;une esp\u00e8ce qui n&rsquo;est pas originaire d&rsquo;Am\u00e9rique du Nord.<\/p>\n<p id=\"NetPS-PlantPGPara3\">L&rsquo;hortensia Strawberry Sundae\u00ae est un excellent choix pour le paysage ext\u00e9rieur, mais il est \u00e9galement bien adapt\u00e9 \u00e0 une utilisation dans des pots et des conteneurs ext\u00e9rieurs. Avec son port \u00e9rig\u00e9, il convient mieux \u00e0 une utilisation en tant que \u00ab\u00a0thriller\u00a0\u00bb dans la combinaison de conteneurs \u00ab\u00a0spiller-thriller-filler\u00a0\u00bb ; plantez-le pr\u00e8s du centre du pot, entour\u00e9 de plantes plus petites et de celles qui d\u00e9bordent sur les bords. Elle est m\u00eame suffisamment grande pour \u00eatre cultiv\u00e9e seule dans un conteneur adapt\u00e9. Notez que lorsqu&rsquo;il est cultiv\u00e9 dans un conteneur, il peut ne pas se comporter exactement comme indiqu\u00e9 sur l&rsquo;\u00e9tiquette, ce qui est normal. Notez \u00e9galement que les plantes cultiv\u00e9es dans des conteneurs et des paniers ext\u00e9rieurs peuvent n\u00e9cessiter des arrosages plus fr\u00e9quents que dans la cour ou le jardin. Sachez que sous notre climat, la plupart des plantes ne peuvent pas survivre \u00e0 l&rsquo;hiver si elles sont laiss\u00e9es dans des conteneurs \u00e0 l&rsquo;ext\u00e9rieur, et cette plante ne fait pas exception \u00e0 la r\u00e8gle. Contactez nos experts pour plus d&rsquo;informations sur la fa\u00e7on de le prot\u00e9ger pendant les mois d&rsquo;hiver.<\/p>\n<\/div>\n<div class=\"NetPS-Clear\"><\/div>\n<p id=\"NetPS-PlantHeight\"><span class=\"NetPS-PlantQuickFactsHeader\">Hauteur :<\/span> 5 pieds<\/p>\n<p id=\"NetPS-PlantSpread\"><span class=\"NetPS-PlantQuickFactsHeader\">Port\u00e9e<\/span> : 4 pieds<\/p>\n<p id=\"NetPS-PlantSunlight\"><span class=\"NetPS-PlantQuickFactsHeader\">Ensoleillement<\/span> : Soleil, mi-ombre \u00e0 ombre<\/p>\n<p id=\"NetPS-PlantHardiness\"><span class=\"NetPS-PlantQuickFactsHeader\">Zone<\/span> de rusticit\u00e9 : 3b<\/p>\n","protected":false},"excerpt":{"rendered":"<p>Description : Une vari\u00e9t\u00e9 compacte avec de grandes t\u00eates de fleurs coniques qui \u00e9mergent en blanc, passent au rose, et finalement m\u00fbrissent en rouge fraise ; id\u00e9al pour les petits espaces et les conteneurs. Attribut Ornamental L&rsquo;hortensia Strawberry Sundae\u00ae pr\u00e9sente du d\u00e9but de l&rsquo;\u00e9t\u00e9 au d\u00e9but de l&rsquo;automne des fleurs coniques blanches avec des nuances [&hellip;]<\/p>\n","protected":false},"featured_media":20585,"template":"","meta":{"site-sidebar-layout":"default","site-content-layout":"default","ast-site-content-layout":"default","site-content-style":"default","site-sidebar-style":"default","ast-global-header-display":"","ast-banner-title-visibility":"","ast-main-header-display":"","ast-hfb-above-header-display":"","ast-hfb-below-header-display":"","ast-hfb-mobile-header-display":"","site-post-title":"","ast-breadcrumbs-content":"","ast-featured-img":"","footer-sml-layout":"","ast-disable-related-posts":"","theme-transparent-header-meta":"default","adv-header-id-meta":"","stick-header-meta":"default","header-above-stick-meta":"","header-main-stick-meta":"","header-below-stick-meta":"","astra-migrate-meta-layouts":"default","ast-page-background-enabled":"default","ast-page-background-meta":{"desktop":{"background-color":"","background-image":"","background-repeat":"repeat","background-position":"center center","background-size":"auto","background-attachment":"scroll","background-type":"","background-media":"","overlay-type":"","overlay-color":"","overlay-opacity":"","overlay-gradient":""},"tablet":{"background-color":"","background-image":"","background-repeat":"repeat","background-position":"center center","background-size":"auto","background-attachment":"scroll","background-type":"","background-media":"","overlay-type":"","overlay-color":"","overlay-opacity":"","overlay-gradient":""},"mobile":{"background-color":"","background-image":"","background-repeat":"repeat","background-position":"center center","background-size":"auto","background-attachment":"scroll","background-type":"","background-media":"","overlay-type":"","overlay-color":"","overlay-opacity":"","overlay-gradient":""}},"ast-content-background-meta":{"desktop":{"background-color":"var(--ast-global-color-5)","background-image":"","background-repeat":"repeat","background-position":"center center","background-size":"auto","background-attachment":"scroll","background-type":"","background-media":"","overlay-type":"","overlay-color":"","overlay-opacity":"","overlay-gradient":""},"tablet":{"background-color":"var(--ast-global-color-5)","background-image":"","background-repeat":"repeat","background-position":"center center","background-size":"auto","background-attachment":"scroll","background-type":"","background-media":"","overlay-type":"","overlay-color":"","overlay-opacity":"","overlay-gradient":""},"mobile":{"background-color":"var(--ast-global-color-5)","background-image":"","background-repeat":"repeat","background-position":"center center","background-size":"auto","background-attachment":"scroll","background-type":"","background-media":"","overlay-type":"","overlay-color":"","overlay-opacity":"","overlay-gradient":""}}},"product_brand":[],"product_cat":[341],"product_tag":[],"class_list":{"0":"post-22991","1":"product","2":"type-product","3":"status-publish","4":"has-post-thumbnail","6":"product_cat-arbustes","7":"desktop-align-left","8":"tablet-align-left","9":"mobile-align-left","10":"ast-product-gallery-layout-horizontal-slider","11":"ast-product-gallery-with-no-image","12":"ast-product-tabs-layout-horizontal","14":"first","15":"instock","16":"taxable","17":"shipping-taxable","18":"purchasable","19":"product-type-simple"},"_links":{"self":[{"href":"https:\/\/hortis.co\/fr\/wp-json\/wp\/v2\/product\/22991","targetHints":{"allow":["GET"]}}],"collection":[{"href":"https:\/\/hortis.co\/fr\/wp-json\/wp\/v2\/product"}],"about":[{"href":"https:\/\/hortis.co\/fr\/wp-json\/wp\/v2\/types\/product"}],"wp:featuredmedia":[{"embeddable":true,"href":"https:\/\/hortis.co\/fr\/wp-json\/wp\/v2\/media\/20585"}],"wp:attachment":[{"href":"https:\/\/hortis.co\/fr\/wp-json\/wp\/v2\/media?parent=22991"}],"wp:term":[{"taxonomy":"product_brand","embeddable":true,"href":"https:\/\/hortis.co\/fr\/wp-json\/wp\/v2\/product_brand?post=22991"},{"taxonomy":"product_cat","embeddable":true,"href":"https:\/\/hortis.co\/fr\/wp-json\/wp\/v2\/product_cat?post=22991"},{"taxonomy":"product_tag","embeddable":true,"href":"https:\/\/hortis.co\/fr\/wp-json\/wp\/v2\/product_tag?post=22991"}],"curies":[{"name":"wp","href":"https:\/\/api.w.org\/{rel}","templated":true}]}}