{"id":23008,"date":"2023-03-29T21:28:53","date_gmt":"2023-03-30T01:28:53","guid":{"rendered":"https:\/\/hortis.co\/product\/syringa-prestoniae-james-macfarlane\/"},"modified":"2023-03-29T21:28:53","modified_gmt":"2023-03-30T01:28:53","slug":"syringa-prestoniae-james-macfarlane-6","status":"publish","type":"product","link":"https:\/\/hortis.co\/fr\/produit\/syringa-prestoniae-james-macfarlane-6\/","title":{"rendered":"Syringa prestoniae &lsquo;James MacFarlane&rsquo;"},"content":{"rendered":"","protected":false},"excerpt":{"rendered":"<div class=\"q-item q-item-type row no-wrap\">\n<div>\n<div class=\"col q-mt-md\">\n<div class=\"text-h6\">Description<\/div>\n<p>Arbuste d&rsquo;accent tr\u00e8s attrayant et rustique, avec des panicules de fleurs roses l\u00e9g\u00e8rement parfum\u00e9es \u00e0 la fin du printemps ; \u00e0 plusieurs tiges et droit, forme une grande boule ; superbe plante sp\u00e9cimen ; plein soleil et sol bien drain\u00e9 ; ne drageonne pas.<\/p>\n<\/div>\n<div class=\"col\">\n<div class=\"text-h6\">Attribut Ornamental<\/div>\n<p>Le lilas James MacFarlane pr\u00e9sente de belles panicules de fleurs rose vif l\u00e9g\u00e8rement parfum\u00e9es qui s&rsquo;\u00e9l\u00e8vent au-dessus du feuillage \u00e0 la fin du printemps. Son feuillage est vert for\u00eat tout au long de la saison. Les feuilles pointues deviennent jaune beurre \u00e0 l&rsquo;automne. Le fruit n&rsquo;a pas d&rsquo;importance ornementale.<\/p>\n<\/div>\n<div class=\"col\">\n<div class=\"text-h6\">Attributes de paysagement<\/div>\n<p>Le lilas James MacFarlane est un arbuste \u00e0 feuilles caduques \u00e0 plusieurs tiges, au port \u00e9rig\u00e9 et \u00e9tal\u00e9. Sa texture relativement grossi\u00e8re peut \u00eatre utilis\u00e9e pour la distinguer d&rsquo;autres plantes paysag\u00e8res au feuillage plus fin.<\/p>\n<p>C&rsquo;est un arbuste qui demande relativement peu d&rsquo;entretien et qui ne doit \u00eatre taill\u00e9 qu&rsquo;apr\u00e8s la floraison afin d&rsquo;\u00e9viter d&rsquo;enlever les fleurs de la saison en cours. C&rsquo;est un bon choix pour attirer les papillons dans votre jardin. Sans aucune charateristique negative significante.<\/p>\n<p>James MacFarlane Lilas est recommand\u00e9 pour les applications paysag\u00e8res suivantes ;<\/p>\n<\/div>\n<div class=\"col\">\n<div class=\"text-h6\">Plantation et Croissance<\/div>\n<p>Le lilas James MacFarlane atteindra une hauteur d&rsquo;environ 10 pieds \u00e0 maturit\u00e9, avec un \u00e9talement de 8 pieds. Il a tendance \u00e0 \u00eatre un peu pataud, avec un d\u00e9gagement typique de 3 pieds du sol, et convient \u00e0 la plantation sous les lignes \u00e9lectriques. Il pousse \u00e0 un rythme moyen et, dans des conditions id\u00e9ales, il peut vivre environ 30 ans.<\/p>\n<p>Cet arbuste ne doit \u00eatre cultiv\u00e9 qu&rsquo;en plein soleil. Il s&rsquo;adapte tr\u00e8s bien aux endroits secs et humides, et devrait s&rsquo;accommoder tr\u00e8s bien des conditions moyennes d&rsquo;un am\u00e9nagement paysager. Elle ne s&rsquo;int\u00e9resse pas au type de sol ou au pH. Elle est tr\u00e8s tol\u00e9rante \u00e0 la pollution urbaine et prosp\u00e8re m\u00eame dans les centres-villes. Cette vari\u00e9t\u00e9 particuli\u00e8re est un hybride intersp\u00e9cifique.<\/p>\n<\/div>\n<\/div>\n<div class=\"q-item__section column text-primary q-item__section--main justify-center\">Hauteur : 2,5 m<\/div>\n<\/div>\n<div class=\"q-item q-item-type row no-wrap\">\n<div class=\"q-item__section column text-primary q-item__section--main justify-center\">\u00c9cart : 2,5 m<\/div>\n<\/div>\n<div class=\"q-item q-item-type row no-wrap\">\n<div class=\"q-item__section column text-primary q-item__section--main justify-center\">Ensoleilment: Soleil<\/div>\n<\/div>\n<div class=\"q-item q-item-type row no-wrap\">\n<div class=\"q-item__section column text-primary q-item__section--main justify-center\">Humidit\u00e9 du sol : Sec \u00e0 humide<\/div>\n<\/div>\n<div class=\"q-item q-item-type row no-wrap\">\n<div class=\"q-item__section column text-primary q-item__section--main justify-center\">Hardiness Zone: 2<\/div>\n<\/div>\n<div class=\"q-item q-item-type row no-wrap\">\n<div class=\"q-item__section column text-primary q-item__section--main justify-center\">Couleur des fleurs : rose<\/div>\n<\/div>\n<div class=\"q-item q-item-type row no-wrap\">\n<div class=\"q-item__section column text-primary q-item__section--main justify-center\">Feuillage: Vert<\/div>\n<\/div>\n<div class=\"q-item q-item-type row no-wrap\">\n<div class=\"q-item__section column text-primary q-item__section--main justify-center\">Couleur d&rsquo;automne : jaune<\/div>\n<\/div>\n","protected":false},"featured_media":20597,"template":"","meta":{"site-sidebar-layout":"default","site-content-layout":"default","ast-site-content-layout":"default","site-content-style":"default","site-sidebar-style":"default","ast-global-header-display":"","ast-banner-title-visibility":"","ast-main-header-display":"","ast-hfb-above-header-display":"","ast-hfb-below-header-display":"","ast-hfb-mobile-header-display":"","site-post-title":"","ast-breadcrumbs-content":"","ast-featured-img":"","footer-sml-layout":"","ast-disable-related-posts":"","theme-transparent-header-meta":"default","adv-header-id-meta":"","stick-header-meta":"default","header-above-stick-meta":"","header-main-stick-meta":"","header-below-stick-meta":"","astra-migrate-meta-layouts":"default","ast-page-background-enabled":"default","ast-page-background-meta":{"desktop":{"background-color":"","background-image":"","background-repeat":"repeat","background-position":"center center","background-size":"auto","background-attachment":"scroll","background-type":"","background-media":"","overlay-type":"","overlay-color":"","overlay-opacity":"","overlay-gradient":""},"tablet":{"background-color":"","background-image":"","background-repeat":"repeat","background-position":"center center","background-size":"auto","background-attachment":"scroll","background-type":"","background-media":"","overlay-type":"","overlay-color":"","overlay-opacity":"","overlay-gradient":""},"mobile":{"background-color":"","background-image":"","background-repeat":"repeat","background-position":"center center","background-size":"auto","background-attachment":"scroll","background-type":"","background-media":"","overlay-type":"","overlay-color":"","overlay-opacity":"","overlay-gradient":""}},"ast-content-background-meta":{"desktop":{"background-color":"var(--ast-global-color-5)","background-image":"","background-repeat":"repeat","background-position":"center center","background-size":"auto","background-attachment":"scroll","background-type":"","background-media":"","overlay-type":"","overlay-color":"","overlay-opacity":"","overlay-gradient":""},"tablet":{"background-color":"var(--ast-global-color-5)","background-image":"","background-repeat":"repeat","background-position":"center center","background-size":"auto","background-attachment":"scroll","background-type":"","background-media":"","overlay-type":"","overlay-color":"","overlay-opacity":"","overlay-gradient":""},"mobile":{"background-color":"var(--ast-global-color-5)","background-image":"","background-repeat":"repeat","background-position":"center center","background-size":"auto","background-attachment":"scroll","background-type":"","background-media":"","overlay-type":"","overlay-color":"","overlay-opacity":"","overlay-gradient":""}}},"product_brand":[],"product_cat":[341],"product_tag":[],"class_list":{"0":"post-23008","1":"product","2":"type-product","3":"status-publish","4":"has-post-thumbnail","6":"product_cat-arbustes","7":"desktop-align-left","8":"tablet-align-left","9":"mobile-align-left","10":"ast-product-gallery-layout-horizontal-slider","11":"ast-product-gallery-with-no-image","12":"ast-product-tabs-layout-horizontal","14":"first","15":"instock","16":"taxable","17":"shipping-taxable","18":"purchasable","19":"product-type-simple"},"_links":{"self":[{"href":"https:\/\/hortis.co\/fr\/wp-json\/wp\/v2\/product\/23008","targetHints":{"allow":["GET"]}}],"collection":[{"href":"https:\/\/hortis.co\/fr\/wp-json\/wp\/v2\/product"}],"about":[{"href":"https:\/\/hortis.co\/fr\/wp-json\/wp\/v2\/types\/product"}],"wp:featuredmedia":[{"embeddable":true,"href":"https:\/\/hortis.co\/fr\/wp-json\/wp\/v2\/media\/20597"}],"wp:attachment":[{"href":"https:\/\/hortis.co\/fr\/wp-json\/wp\/v2\/media?parent=23008"}],"wp:term":[{"taxonomy":"product_brand","embeddable":true,"href":"https:\/\/hortis.co\/fr\/wp-json\/wp\/v2\/product_brand?post=23008"},{"taxonomy":"product_cat","embeddable":true,"href":"https:\/\/hortis.co\/fr\/wp-json\/wp\/v2\/product_cat?post=23008"},{"taxonomy":"product_tag","embeddable":true,"href":"https:\/\/hortis.co\/fr\/wp-json\/wp\/v2\/product_tag?post=23008"}],"curies":[{"name":"wp","href":"https:\/\/api.w.org\/{rel}","templated":true}]}}