{"id":23024,"date":"2023-03-29T21:27:36","date_gmt":"2023-03-30T01:27:36","guid":{"rendered":"https:\/\/hortis.co\/product\/syringa-x-bloomerang-dark-purple\/"},"modified":"2023-03-29T21:27:36","modified_gmt":"2023-03-30T01:27:36","slug":"syringa-x-bloomerang-dark-purple-4","status":"publish","type":"product","link":"https:\/\/hortis.co\/fr\/produit\/syringa-x-bloomerang-dark-purple-4\/","title":{"rendered":"Syringa x &lsquo;Bloomerang Dark Purple&rsquo;"},"content":{"rendered":"","protected":false},"excerpt":{"rendered":"<div class=\"q-item q-item-type row no-wrap\">\n<div>\n<div class=\"col q-mt-md\">\n<div class=\"text-h6\">Description<\/div>\n<p>Ce lilas hybride nain, de taille id\u00e9ale pour le jardin, produit une pl\u00e9thore de fleurs rose vif d\u00e9licieusement parfum\u00e9es \u00e0 la fin du printemps et refleurit constamment tout au long de l&rsquo;\u00e9t\u00e9, affichant des couleurs jusqu&rsquo;\u00e0 l&rsquo;automne. Il d\u00e9passe pratiquement toutes les autres vari\u00e9t\u00e9s.<\/p>\n<\/div>\n<div class=\"col\">\n<div class=\"text-h6\">Attribut Ornamental<\/div>\n<p>De la fin du printemps au d\u00e9but de l&rsquo;automne, le lilas Bloomerang\u00ae est couvert d&rsquo;\u00e9tonnantes panicules de fleurs parfum\u00e9es rose vif avec des nuances de lavande \u00e0 l&rsquo;extr\u00e9mit\u00e9 des branches, qui \u00e9mergent de boutons floraux roses distinctifs. Les fleurs sont excellentes \u00e0 couper. Son feuillage est vert fonc\u00e9 pendant toute la saison. Les petites feuilles pointues ne d\u00e9veloppent pas de couleur appr\u00e9ciable \u00e0 l&rsquo;automne. Le fruit n&rsquo;a pas d&rsquo;importance ornementale.<\/p>\n<\/div>\n<div class=\"col\">\n<div class=\"text-h6\">Attributes de paysagement<\/div>\n<p>Bloomerang\u00ae Lilas est un arbuste \u00e0 feuilles caduques, dense et multi-tiges, de forme plus ou moins arrondie. Un arbuste avec un feuillage a texture fin.<\/p>\n<p>C&rsquo;est un arbuste qui demande relativement peu d&rsquo;entretien et qui ne doit \u00eatre taill\u00e9 qu&rsquo;apr\u00e8s la floraison afin d&rsquo;\u00e9viter d&rsquo;enlever les fleurs de la saison en cours. C&rsquo;est un bon choix pour attirer les papillons dans votre jardin. Sans aucune charateristique negative significante.<\/p>\n<p>Bloomerang\u00ae Lilas est recommand\u00e9 pour les applications paysag\u00e8res suivantes ;<\/p>\n<\/div>\n<div class=\"col\">\n<div class=\"text-h6\">Plantation et Croissance<\/div>\n<p>Bloomerang\u00ae Lilas atteindra une hauteur d&rsquo;environ 4 pieds \u00e0 maturit\u00e9, avec un \u00e9talement de 5 pieds. Il a tendance \u00e0 s&rsquo;\u00e9toffer jusqu&rsquo;au sol et n&rsquo;a donc pas n\u00e9cessairement besoin de plantes en fa\u00e7ade. Il pousse a un croissance lente et peut vivre jusqu&rsquo;a 30 ans.<\/p>\n<p>Cet arbuste ne doit \u00eatre cultiv\u00e9 qu&rsquo;en plein soleil. Elle se pla\u00eet dans des conditions d&rsquo;humidit\u00e9 moyenne \u00e0 r\u00e9guli\u00e8re, mais ne tol\u00e8re pas l&rsquo;eau stagnante. Elle ne s&rsquo;int\u00e9resse pas au type de sol ou au pH. Elle est tr\u00e8s tol\u00e9rante \u00e0 la pollution urbaine et prosp\u00e8re m\u00eame dans les centres-villes. Cette vari\u00e9t\u00e9 particuli\u00e8re est un hybride intersp\u00e9cifique.<\/p>\n<\/div>\n<\/div>\n<div class=\"q-item__section column text-primary q-item__section--main justify-center\">Hauteur: 1.5m<\/div>\n<\/div>\n<div class=\"q-item q-item-type row no-wrap\">\n<div class=\"q-item__section column text-primary q-item__section--main justify-center\">Largeur: 1.5m<\/div>\n<\/div>\n<div class=\"q-item q-item-type row no-wrap\">\n<div class=\"q-item__section column text-primary q-item__section--main justify-center\">Ensoleilment: Soleil<\/div>\n<\/div>\n<div class=\"q-item q-item-type row no-wrap\">\n<div class=\"q-item__section column text-primary q-item__section--main justify-center\">Humidit\u00e9 du sol : Moyenne \u00e0 humide<\/div>\n<\/div>\n<div class=\"q-item q-item-type row no-wrap\">\n<div class=\"q-item__section column text-primary q-item__section--main justify-center\">Zone de rusticite: 4<\/div>\n<\/div>\n<div class=\"q-item q-item-type row no-wrap\">\n<div class=\"q-item__section column text-primary q-item__section--main justify-center\">Couleur des fleurs : rose<\/div>\n<\/div>\n<div class=\"q-item q-item-type row no-wrap\">\n<div class=\"q-item__section column text-primary q-item__section--main justify-center\">Feuillage: Vert<\/div>\n<\/div>\n","protected":false},"featured_media":20592,"template":"","meta":{"site-sidebar-layout":"default","site-content-layout":"default","ast-site-content-layout":"default","site-content-style":"default","site-sidebar-style":"default","ast-global-header-display":"","ast-banner-title-visibility":"","ast-main-header-display":"","ast-hfb-above-header-display":"","ast-hfb-below-header-display":"","ast-hfb-mobile-header-display":"","site-post-title":"","ast-breadcrumbs-content":"","ast-featured-img":"","footer-sml-layout":"","ast-disable-related-posts":"","theme-transparent-header-meta":"default","adv-header-id-meta":"","stick-header-meta":"default","header-above-stick-meta":"","header-main-stick-meta":"","header-below-stick-meta":"","astra-migrate-meta-layouts":"default","ast-page-background-enabled":"default","ast-page-background-meta":{"desktop":{"background-color":"","background-image":"","background-repeat":"repeat","background-position":"center center","background-size":"auto","background-attachment":"scroll","background-type":"","background-media":"","overlay-type":"","overlay-color":"","overlay-opacity":"","overlay-gradient":""},"tablet":{"background-color":"","background-image":"","background-repeat":"repeat","background-position":"center center","background-size":"auto","background-attachment":"scroll","background-type":"","background-media":"","overlay-type":"","overlay-color":"","overlay-opacity":"","overlay-gradient":""},"mobile":{"background-color":"","background-image":"","background-repeat":"repeat","background-position":"center center","background-size":"auto","background-attachment":"scroll","background-type":"","background-media":"","overlay-type":"","overlay-color":"","overlay-opacity":"","overlay-gradient":""}},"ast-content-background-meta":{"desktop":{"background-color":"var(--ast-global-color-5)","background-image":"","background-repeat":"repeat","background-position":"center center","background-size":"auto","background-attachment":"scroll","background-type":"","background-media":"","overlay-type":"","overlay-color":"","overlay-opacity":"","overlay-gradient":""},"tablet":{"background-color":"var(--ast-global-color-5)","background-image":"","background-repeat":"repeat","background-position":"center center","background-size":"auto","background-attachment":"scroll","background-type":"","background-media":"","overlay-type":"","overlay-color":"","overlay-opacity":"","overlay-gradient":""},"mobile":{"background-color":"var(--ast-global-color-5)","background-image":"","background-repeat":"repeat","background-position":"center center","background-size":"auto","background-attachment":"scroll","background-type":"","background-media":"","overlay-type":"","overlay-color":"","overlay-opacity":"","overlay-gradient":""}}},"product_brand":[],"product_cat":[341],"product_tag":[],"class_list":{"0":"post-23024","1":"product","2":"type-product","3":"status-publish","4":"has-post-thumbnail","6":"product_cat-arbustes","7":"desktop-align-left","8":"tablet-align-left","9":"mobile-align-left","10":"ast-product-gallery-layout-horizontal-slider","11":"ast-product-gallery-with-no-image","12":"ast-product-tabs-layout-horizontal","14":"first","15":"instock","16":"taxable","17":"shipping-taxable","18":"purchasable","19":"product-type-simple"},"_links":{"self":[{"href":"https:\/\/hortis.co\/fr\/wp-json\/wp\/v2\/product\/23024","targetHints":{"allow":["GET"]}}],"collection":[{"href":"https:\/\/hortis.co\/fr\/wp-json\/wp\/v2\/product"}],"about":[{"href":"https:\/\/hortis.co\/fr\/wp-json\/wp\/v2\/types\/product"}],"wp:featuredmedia":[{"embeddable":true,"href":"https:\/\/hortis.co\/fr\/wp-json\/wp\/v2\/media\/20592"}],"wp:attachment":[{"href":"https:\/\/hortis.co\/fr\/wp-json\/wp\/v2\/media?parent=23024"}],"wp:term":[{"taxonomy":"product_brand","embeddable":true,"href":"https:\/\/hortis.co\/fr\/wp-json\/wp\/v2\/product_brand?post=23024"},{"taxonomy":"product_cat","embeddable":true,"href":"https:\/\/hortis.co\/fr\/wp-json\/wp\/v2\/product_cat?post=23024"},{"taxonomy":"product_tag","embeddable":true,"href":"https:\/\/hortis.co\/fr\/wp-json\/wp\/v2\/product_tag?post=23024"}],"curies":[{"name":"wp","href":"https:\/\/api.w.org\/{rel}","templated":true}]}}