{"id":23030,"date":"2023-03-29T21:28:59","date_gmt":"2023-03-30T01:28:59","guid":{"rendered":"https:\/\/hortis.co\/product\/weigela-florida-polka\/"},"modified":"2023-03-29T21:28:59","modified_gmt":"2023-03-30T01:28:59","slug":"weigela-florida-polka-6","status":"publish","type":"product","link":"https:\/\/hortis.co\/fr\/produit\/weigela-florida-polka-6\/","title":{"rendered":"Weigela florida &lsquo;Polka&rsquo;"},"content":{"rendered":"","protected":false},"excerpt":{"rendered":"<div class=\"q-item q-item-type row no-wrap\">\n<div>\n<div class=\"col q-mt-md\">\n<div class=\"text-h6\">Description<\/div>\n<p>Arbuste \u00e0 floraison printani\u00e8re exceptionnelle, couvert de jolies fleurs roses en forme de trompettes \u00e0 gorge jaune, attirant les colibris ; arbuste r\u00e9serv\u00e9 le reste de l&rsquo;ann\u00e9e, un peu grossier, port \u00e9tal\u00e9, beau en groupe ; n\u00e9cessite le plein soleil.<\/p>\n<\/div>\n<div class=\"col\">\n<div class=\"text-h6\">Attribut Ornamental<\/div>\n<p>Le Weigela Polka pr\u00e9sente de belles grappes de fleurs roses en forme de trompettes \u00e0 gorge jaune le long des branches de la fin du printemps au milieu de l&rsquo;\u00e9t\u00e9. Son feuillage est vert for\u00eat tout au long de la saison. Les feuilles pointues ne d\u00e9veloppent pas de couleur automnale appr\u00e9ciable. Le fruit n&rsquo;a pas d&rsquo;importance ornementale.<\/p>\n<\/div>\n<div class=\"col\">\n<div class=\"text-h6\">Attributes de paysagement<\/div>\n<p>Le Weigela Polka est un arbuste \u00e0 feuilles caduques \u00e0 plusieurs tiges, au port \u00e9rig\u00e9 et \u00e9tal\u00e9. Sa texture moyenne se fond dans le paysage, mais peut \u00eatre \u00e9quilibr\u00e9e par un ou deux arbres ou arbustes plus fins ou plus grossiers pour une composition efficace.<\/p>\n<p>Cet arbuste n\u00e9cessite un entretien occasionnel et ne doit \u00eatre taill\u00e9 qu&rsquo;apr\u00e8s la floraison afin de ne pas supprimer les fleurs de la saison en cours. C&rsquo;est un bon choix pour attirer les colibris dans votre jardin. Sans aucune charateristique negative significante.<\/p>\n<p>Polka Weigela est recommand\u00e9 pour les applications paysag\u00e8res suivantes ;<\/p>\n<\/div>\n<div class=\"col\">\n<div class=\"text-h6\">Plantation et Croissance<\/div>\n<p>La Weigela Polka atteindra une hauteur d&rsquo;environ 1,5m \u00e0 maturit\u00e9, avec un \u00e9talement de 1,5m. Il a tendance \u00e0 s&rsquo;\u00e9toffer jusqu&rsquo;au sol et n&rsquo;a donc pas n\u00e9cessairement besoin de plantes en fa\u00e7ade. Il pousse \u00e0 un rythme moyen et, dans des conditions id\u00e9ales, il peut vivre environ 30 ans.<\/p>\n<p>Cet arbuste ne doit \u00eatre cultiv\u00e9 qu&rsquo;en plein soleil. Preferables dans un endroit dont le sol est humide. Elle ne s&rsquo;int\u00e9resse pas au type de sol ou au pH. Elle est tr\u00e8s tol\u00e9rante \u00e0 la pollution urbaine et prosp\u00e8re m\u00eame dans les centres-villes. Il s&rsquo;agit d&rsquo;une vari\u00e9t\u00e9 s\u00e9lectionn\u00e9e d&rsquo;une esp\u00e8ce qui n&rsquo;est pas originaire d&rsquo;Am\u00e9rique du Nord.<\/p>\n<\/div>\n<\/div>\n<div class=\"q-item__section column text-primary q-item__section--main justify-center\">Hauteur: 1.5m<\/div>\n<\/div>\n<div class=\"q-item q-item-type row no-wrap\">\n<div class=\"q-item__section column text-primary q-item__section--main justify-center\">Largeur: 1.5m<\/div>\n<\/div>\n<div class=\"q-item q-item-type row no-wrap\">\n<div class=\"q-item__section column text-primary q-item__section--main justify-center\">Ensoleilment: Soleil<\/div>\n<\/div>\n<div class=\"q-item q-item-type row no-wrap\">\n<div class=\"q-item__section column text-primary q-item__section--main justify-center\">Humidit\u00e9 du sol : Moyenne \u00e0 humide<\/div>\n<\/div>\n<div class=\"q-item q-item-type row no-wrap\">\n<div class=\"q-item__section column text-primary q-item__section--main justify-center\">Zone de Rusticit\u00e9: 3<\/div>\n<\/div>\n<div class=\"q-item q-item-type row no-wrap\">\n<div class=\"q-item__section column text-primary q-item__section--main justify-center\">Couleur des fleurs : rose<\/div>\n<\/div>\n<div class=\"q-item q-item-type row no-wrap\">\n<div class=\"q-item__section column text-primary q-item__section--main justify-center\">Couleur du feuillage:Vert<\/div>\n<\/div>\n","protected":false},"featured_media":20654,"template":"","meta":{"site-sidebar-layout":"default","site-content-layout":"default","ast-site-content-layout":"default","site-content-style":"default","site-sidebar-style":"default","ast-global-header-display":"","ast-banner-title-visibility":"","ast-main-header-display":"","ast-hfb-above-header-display":"","ast-hfb-below-header-display":"","ast-hfb-mobile-header-display":"","site-post-title":"","ast-breadcrumbs-content":"","ast-featured-img":"","footer-sml-layout":"","ast-disable-related-posts":"","theme-transparent-header-meta":"default","adv-header-id-meta":"","stick-header-meta":"default","header-above-stick-meta":"","header-main-stick-meta":"","header-below-stick-meta":"","astra-migrate-meta-layouts":"default","ast-page-background-enabled":"default","ast-page-background-meta":{"desktop":{"background-color":"","background-image":"","background-repeat":"repeat","background-position":"center center","background-size":"auto","background-attachment":"scroll","background-type":"","background-media":"","overlay-type":"","overlay-color":"","overlay-opacity":"","overlay-gradient":""},"tablet":{"background-color":"","background-image":"","background-repeat":"repeat","background-position":"center center","background-size":"auto","background-attachment":"scroll","background-type":"","background-media":"","overlay-type":"","overlay-color":"","overlay-opacity":"","overlay-gradient":""},"mobile":{"background-color":"","background-image":"","background-repeat":"repeat","background-position":"center center","background-size":"auto","background-attachment":"scroll","background-type":"","background-media":"","overlay-type":"","overlay-color":"","overlay-opacity":"","overlay-gradient":""}},"ast-content-background-meta":{"desktop":{"background-color":"var(--ast-global-color-5)","background-image":"","background-repeat":"repeat","background-position":"center center","background-size":"auto","background-attachment":"scroll","background-type":"","background-media":"","overlay-type":"","overlay-color":"","overlay-opacity":"","overlay-gradient":""},"tablet":{"background-color":"var(--ast-global-color-5)","background-image":"","background-repeat":"repeat","background-position":"center center","background-size":"auto","background-attachment":"scroll","background-type":"","background-media":"","overlay-type":"","overlay-color":"","overlay-opacity":"","overlay-gradient":""},"mobile":{"background-color":"var(--ast-global-color-5)","background-image":"","background-repeat":"repeat","background-position":"center center","background-size":"auto","background-attachment":"scroll","background-type":"","background-media":"","overlay-type":"","overlay-color":"","overlay-opacity":"","overlay-gradient":""}}},"product_brand":[],"product_cat":[341],"product_tag":[],"class_list":{"0":"post-23030","1":"product","2":"type-product","3":"status-publish","4":"has-post-thumbnail","6":"product_cat-arbustes","7":"desktop-align-left","8":"tablet-align-left","9":"mobile-align-left","10":"ast-product-gallery-layout-horizontal-slider","11":"ast-product-gallery-with-no-image","12":"ast-product-tabs-layout-horizontal","14":"first","15":"instock","16":"taxable","17":"shipping-taxable","18":"purchasable","19":"product-type-simple"},"_links":{"self":[{"href":"https:\/\/hortis.co\/fr\/wp-json\/wp\/v2\/product\/23030","targetHints":{"allow":["GET"]}}],"collection":[{"href":"https:\/\/hortis.co\/fr\/wp-json\/wp\/v2\/product"}],"about":[{"href":"https:\/\/hortis.co\/fr\/wp-json\/wp\/v2\/types\/product"}],"wp:featuredmedia":[{"embeddable":true,"href":"https:\/\/hortis.co\/fr\/wp-json\/wp\/v2\/media\/20654"}],"wp:attachment":[{"href":"https:\/\/hortis.co\/fr\/wp-json\/wp\/v2\/media?parent=23030"}],"wp:term":[{"taxonomy":"product_brand","embeddable":true,"href":"https:\/\/hortis.co\/fr\/wp-json\/wp\/v2\/product_brand?post=23030"},{"taxonomy":"product_cat","embeddable":true,"href":"https:\/\/hortis.co\/fr\/wp-json\/wp\/v2\/product_cat?post=23030"},{"taxonomy":"product_tag","embeddable":true,"href":"https:\/\/hortis.co\/fr\/wp-json\/wp\/v2\/product_tag?post=23030"}],"curies":[{"name":"wp","href":"https:\/\/api.w.org\/{rel}","templated":true}]}}