{"id":23415,"date":"2023-07-01T19:36:15","date_gmt":"2023-07-01T23:36:15","guid":{"rendered":"https:\/\/hortis.co\/?post_type=product&#038;p=23415"},"modified":"2024-06-10T21:18:41","modified_gmt":"2024-06-11T01:18:41","slug":"gants-enduits-de-polyurethane-379-showa","status":"publish","type":"product","link":"https:\/\/hortis.co\/fr\/produit\/gants-enduits-de-polyurethane-379-showa\/","title":{"rendered":"Gants enduits de polyur\u00e9thane 379 SHOWA"},"content":{"rendered":"","protected":false},"excerpt":{"rendered":"<p><strong>CARACT\u00c9RISTIQUES<\/strong><\/p>\n<p>Parfaitement adapt\u00e9 aux environnements humides, le gant SHOWA 379 est r\u00e9sistant aux produits chimiques. Il constitue un bouclier efficace contre les huiles et les liquides glissants gr\u00e2ce \u00e0 son rev\u00eatement \u00e0 double trempage de nitrile.<\/p>\n<ul>\n<li>Rev\u00eatement \u00e0 double trempage de nitrile offre une protection contre les produits chimiques, huiles, hydrocarbures, graisses et le chrome hexavalent<\/li>\n<li>Couche de fini suppl\u00e9mentaire de mousse de nitrile sur la paume<\/li>\n<li>Tricot sans couture<\/li>\n<li>Doublure tricot\u00e9e, jauge 13<\/li>\n<li>\u00c9tanche aux liquides<\/li>\n<li>Fini \u00e0 base de mousse de nitrile<\/li>\n<li>Imite les courbures naturelles<\/li>\n<li>Prise:\u00a0mousse<\/li>\n<li>Longueur: 12\u00a0\u00bb (305 mm)<\/li>\n<li>Couleur: vert, paume noire<\/li>\n<li>Utilisation sugg\u00e9r\u00e9e: agriculture, chimie, p\u00eache, construction, services municipaux, services publics, entreposage et distribution<\/li>\n<\/ul>\n<p><strong>AVANTAGES<\/strong><\/p>\n<ul>\n<li>Gant souple et robuste<\/li>\n<li>Grande dext\u00e9rit\u00e9<\/li>\n<li>\u00c9tanche<\/li>\n<li>R\u00e9sistant aux produits chimiques<\/li>\n<\/ul>\n","protected":false},"featured_media":23425,"template":"","meta":{"site-sidebar-layout":"default","site-content-layout":"default","ast-site-content-layout":"default","site-content-style":"default","site-sidebar-style":"default","ast-global-header-display":"","ast-banner-title-visibility":"","ast-main-header-display":"","ast-hfb-above-header-display":"","ast-hfb-below-header-display":"","ast-hfb-mobile-header-display":"","site-post-title":"","ast-breadcrumbs-content":"","ast-featured-img":"","footer-sml-layout":"","ast-disable-related-posts":"","theme-transparent-header-meta":"default","adv-header-id-meta":"","stick-header-meta":"default","header-above-stick-meta":"","header-main-stick-meta":"","header-below-stick-meta":"","astra-migrate-meta-layouts":"set","ast-page-background-enabled":"default","ast-page-background-meta":{"desktop":{"background-color":"","background-image":"","background-repeat":"repeat","background-position":"center center","background-size":"auto","background-attachment":"scroll","background-type":"","background-media":"","overlay-type":"","overlay-color":"","overlay-opacity":"","overlay-gradient":""},"tablet":{"background-color":"","background-image":"","background-repeat":"repeat","background-position":"center center","background-size":"auto","background-attachment":"scroll","background-type":"","background-media":"","overlay-type":"","overlay-color":"","overlay-opacity":"","overlay-gradient":""},"mobile":{"background-color":"","background-image":"","background-repeat":"repeat","background-position":"center center","background-size":"auto","background-attachment":"scroll","background-type":"","background-media":"","overlay-type":"","overlay-color":"","overlay-opacity":"","overlay-gradient":""}},"ast-content-background-meta":{"desktop":{"background-color":"var(--ast-global-color-5)","background-image":"","background-repeat":"repeat","background-position":"center center","background-size":"auto","background-attachment":"scroll","background-type":"","background-media":"","overlay-type":"","overlay-color":"","overlay-opacity":"","overlay-gradient":""},"tablet":{"background-color":"var(--ast-global-color-5)","background-image":"","background-repeat":"repeat","background-position":"center center","background-size":"auto","background-attachment":"scroll","background-type":"","background-media":"","overlay-type":"","overlay-color":"","overlay-opacity":"","overlay-gradient":""},"mobile":{"background-color":"var(--ast-global-color-5)","background-image":"","background-repeat":"repeat","background-position":"center center","background-size":"auto","background-attachment":"scroll","background-type":"","background-media":"","overlay-type":"","overlay-color":"","overlay-opacity":"","overlay-gradient":""}}},"product_brand":[],"product_cat":[531],"product_tag":[],"class_list":{"0":"post-23415","1":"product","2":"type-product","3":"status-publish","4":"has-post-thumbnail","6":"product_cat-gants","7":"desktop-align-left","8":"tablet-align-left","9":"mobile-align-left","10":"ast-product-gallery-layout-horizontal-slider","11":"ast-product-gallery-with-no-image","12":"ast-product-single-variable","13":"ast-product-tabs-layout-horizontal","15":"first","16":"instock","17":"taxable","18":"shipping-taxable","19":"purchasable","20":"product-type-variable"},"_links":{"self":[{"href":"https:\/\/hortis.co\/fr\/wp-json\/wp\/v2\/product\/23415","targetHints":{"allow":["GET"]}}],"collection":[{"href":"https:\/\/hortis.co\/fr\/wp-json\/wp\/v2\/product"}],"about":[{"href":"https:\/\/hortis.co\/fr\/wp-json\/wp\/v2\/types\/product"}],"wp:featuredmedia":[{"embeddable":true,"href":"https:\/\/hortis.co\/fr\/wp-json\/wp\/v2\/media\/23425"}],"wp:attachment":[{"href":"https:\/\/hortis.co\/fr\/wp-json\/wp\/v2\/media?parent=23415"}],"wp:term":[{"taxonomy":"product_brand","embeddable":true,"href":"https:\/\/hortis.co\/fr\/wp-json\/wp\/v2\/product_brand?post=23415"},{"taxonomy":"product_cat","embeddable":true,"href":"https:\/\/hortis.co\/fr\/wp-json\/wp\/v2\/product_cat?post=23415"},{"taxonomy":"product_tag","embeddable":true,"href":"https:\/\/hortis.co\/fr\/wp-json\/wp\/v2\/product_tag?post=23415"}],"curies":[{"name":"wp","href":"https:\/\/api.w.org\/{rel}","templated":true}]}}