{"id":23493,"date":"2023-07-02T20:35:34","date_gmt":"2023-07-03T00:35:34","guid":{"rendered":"https:\/\/hortis.co\/?post_type=product&#038;p=23493"},"modified":"2024-06-10T21:17:21","modified_gmt":"2024-06-11T01:17:21","slug":"gants-enduits-de-pvc-600-showa","status":"publish","type":"product","link":"https:\/\/hortis.co\/fr\/produit\/gants-enduits-de-pvc-600-showa\/","title":{"rendered":"Gants enduits de PVC 600 SHOWA"},"content":{"rendered":"","protected":false},"excerpt":{"rendered":"<p><strong>CARACT\u00c9RISTIQUES<\/strong><\/p>\n<div class=\"descProduct\"><span class=\"textSingle\">Imperm\u00e9able et parfait pour travailler en milieux humides ou graisseux, le gant SHOWA ATLAS 600 permet une prise s\u00e9curis\u00e9e des objets tout en restant souple et confortable pour une utilisation prolong\u00e9e.<\/span><\/div>\n<div class=\"blockBtnProduct\"><\/div>\n<ul>\n<li>Imperm\u00e9able<\/li>\n<li>Flexible<\/li>\n<li>Doublure souple<\/li>\n<li>R\u00e9siste aux produits chimiques<\/li>\n<li>R\u00e9siste \u00e0 l\u2019eau<\/li>\n<li>Excellente pr\u00e9hension<\/li>\n<li>S\u2019adapte \u00e0 la forme de la main<\/li>\n<li>Sans couture<\/li>\n<li>Surface de pr\u00e9hension rugueuse<\/li>\n<li>Doublure en coton<\/li>\n<li>Poignet \u00e9lastique<\/li>\n<li>Ergonomique<\/li>\n<li>Rev\u00eatement int\u00e9gral en PVC<\/li>\n<li>Couleur:\u00a0vert<\/li>\n<li>Tailles offertes: de P(7), M(8), G(9) et TG(10)<\/li>\n<li>Utilisation sugg\u00e9r\u00e9e: agriculture, horticulture, travaux publics, p\u00eache, construction<\/li>\n<li>Mod\u00e8le du fabricant:\u00a0 600<\/li>\n<\/ul>\n","protected":false},"featured_media":23497,"template":"","meta":{"site-sidebar-layout":"default","site-content-layout":"default","ast-site-content-layout":"default","site-content-style":"default","site-sidebar-style":"default","ast-global-header-display":"","ast-banner-title-visibility":"","ast-main-header-display":"","ast-hfb-above-header-display":"","ast-hfb-below-header-display":"","ast-hfb-mobile-header-display":"","site-post-title":"","ast-breadcrumbs-content":"","ast-featured-img":"","footer-sml-layout":"","ast-disable-related-posts":"","theme-transparent-header-meta":"default","adv-header-id-meta":"","stick-header-meta":"default","header-above-stick-meta":"","header-main-stick-meta":"","header-below-stick-meta":"","astra-migrate-meta-layouts":"set","ast-page-background-enabled":"default","ast-page-background-meta":{"desktop":{"background-color":"","background-image":"","background-repeat":"repeat","background-position":"center center","background-size":"auto","background-attachment":"scroll","background-type":"","background-media":"","overlay-type":"","overlay-color":"","overlay-opacity":"","overlay-gradient":""},"tablet":{"background-color":"","background-image":"","background-repeat":"repeat","background-position":"center center","background-size":"auto","background-attachment":"scroll","background-type":"","background-media":"","overlay-type":"","overlay-color":"","overlay-opacity":"","overlay-gradient":""},"mobile":{"background-color":"","background-image":"","background-repeat":"repeat","background-position":"center center","background-size":"auto","background-attachment":"scroll","background-type":"","background-media":"","overlay-type":"","overlay-color":"","overlay-opacity":"","overlay-gradient":""}},"ast-content-background-meta":{"desktop":{"background-color":"var(--ast-global-color-5)","background-image":"","background-repeat":"repeat","background-position":"center center","background-size":"auto","background-attachment":"scroll","background-type":"","background-media":"","overlay-type":"","overlay-color":"","overlay-opacity":"","overlay-gradient":""},"tablet":{"background-color":"var(--ast-global-color-5)","background-image":"","background-repeat":"repeat","background-position":"center center","background-size":"auto","background-attachment":"scroll","background-type":"","background-media":"","overlay-type":"","overlay-color":"","overlay-opacity":"","overlay-gradient":""},"mobile":{"background-color":"var(--ast-global-color-5)","background-image":"","background-repeat":"repeat","background-position":"center center","background-size":"auto","background-attachment":"scroll","background-type":"","background-media":"","overlay-type":"","overlay-color":"","overlay-opacity":"","overlay-gradient":""}}},"product_brand":[],"product_cat":[531],"product_tag":[],"class_list":{"0":"post-23493","1":"product","2":"type-product","3":"status-publish","4":"has-post-thumbnail","6":"product_cat-gants","7":"desktop-align-left","8":"tablet-align-left","9":"mobile-align-left","10":"ast-product-gallery-layout-horizontal-slider","11":"ast-product-gallery-with-no-image","12":"ast-product-single-variable","13":"ast-product-tabs-layout-horizontal","15":"first","16":"instock","17":"taxable","18":"shipping-taxable","19":"purchasable","20":"product-type-variable"},"_links":{"self":[{"href":"https:\/\/hortis.co\/fr\/wp-json\/wp\/v2\/product\/23493","targetHints":{"allow":["GET"]}}],"collection":[{"href":"https:\/\/hortis.co\/fr\/wp-json\/wp\/v2\/product"}],"about":[{"href":"https:\/\/hortis.co\/fr\/wp-json\/wp\/v2\/types\/product"}],"wp:featuredmedia":[{"embeddable":true,"href":"https:\/\/hortis.co\/fr\/wp-json\/wp\/v2\/media\/23497"}],"wp:attachment":[{"href":"https:\/\/hortis.co\/fr\/wp-json\/wp\/v2\/media?parent=23493"}],"wp:term":[{"taxonomy":"product_brand","embeddable":true,"href":"https:\/\/hortis.co\/fr\/wp-json\/wp\/v2\/product_brand?post=23493"},{"taxonomy":"product_cat","embeddable":true,"href":"https:\/\/hortis.co\/fr\/wp-json\/wp\/v2\/product_cat?post=23493"},{"taxonomy":"product_tag","embeddable":true,"href":"https:\/\/hortis.co\/fr\/wp-json\/wp\/v2\/product_tag?post=23493"}],"curies":[{"name":"wp","href":"https:\/\/api.w.org\/{rel}","templated":true}]}}