{"id":23681,"date":"2023-06-19T22:54:27","date_gmt":"2023-06-20T02:54:27","guid":{"rendered":"https:\/\/hortis.co\/product\/gants-showa-380\/"},"modified":"2024-06-10T21:21:04","modified_gmt":"2024-06-11T01:21:04","slug":"showa-380-gants","status":"publish","type":"product","link":"https:\/\/hortis.co\/fr\/produit\/showa-380-gants\/","title":{"rendered":"Gants Showa 380"},"content":{"rendered":"","protected":false},"excerpt":{"rendered":"<p><strong>Caract\u00e9ristiques<\/strong><\/p>\n<p>Con\u00e7u pour offrir un confort durable et une pr\u00e9hension optimale pour toute une s\u00e9rie d&rsquo;applications, le gant SHOWA 380 offre une excellente protection pour les travaux effectu\u00e9s dans des conditions s\u00e8ches et humides.<\/p>\n<ul>\n<li>Paume recouverte de mousse nitril noire<\/li>\n<li>Poign\u00e9e finie froiss\u00e9e<\/li>\n<li>Le poignet s&rsquo;\u00e9tire facilement<\/li>\n<li>Doublure en tricot sans couture<\/li>\n<li>Longueur : 220 \u00e0 260 mm<\/li>\n<li>Taille : S, M, L, XL<\/li>\n<li>Couleurs : bleu (dos), noir (paume)<\/li>\n<\/ul>\n","protected":false},"featured_media":23163,"template":"","meta":{"site-sidebar-layout":"default","site-content-layout":"default","ast-site-content-layout":"default","site-content-style":"default","site-sidebar-style":"default","ast-global-header-display":"","ast-banner-title-visibility":"","ast-main-header-display":"","ast-hfb-above-header-display":"","ast-hfb-below-header-display":"","ast-hfb-mobile-header-display":"","site-post-title":"","ast-breadcrumbs-content":"","ast-featured-img":"","footer-sml-layout":"","ast-disable-related-posts":"","theme-transparent-header-meta":"default","adv-header-id-meta":"","stick-header-meta":"default","header-above-stick-meta":"","header-main-stick-meta":"","header-below-stick-meta":"","astra-migrate-meta-layouts":"default","ast-page-background-enabled":"default","ast-page-background-meta":{"desktop":{"background-color":"","background-image":"","background-repeat":"repeat","background-position":"center center","background-size":"auto","background-attachment":"scroll","background-type":"","background-media":"","overlay-type":"","overlay-color":"","overlay-opacity":"","overlay-gradient":""},"tablet":{"background-color":"","background-image":"","background-repeat":"repeat","background-position":"center center","background-size":"auto","background-attachment":"scroll","background-type":"","background-media":"","overlay-type":"","overlay-color":"","overlay-opacity":"","overlay-gradient":""},"mobile":{"background-color":"","background-image":"","background-repeat":"repeat","background-position":"center center","background-size":"auto","background-attachment":"scroll","background-type":"","background-media":"","overlay-type":"","overlay-color":"","overlay-opacity":"","overlay-gradient":""}},"ast-content-background-meta":{"desktop":{"background-color":"var(--ast-global-color-5)","background-image":"","background-repeat":"repeat","background-position":"center center","background-size":"auto","background-attachment":"scroll","background-type":"","background-media":"","overlay-type":"","overlay-color":"","overlay-opacity":"","overlay-gradient":""},"tablet":{"background-color":"var(--ast-global-color-5)","background-image":"","background-repeat":"repeat","background-position":"center center","background-size":"auto","background-attachment":"scroll","background-type":"","background-media":"","overlay-type":"","overlay-color":"","overlay-opacity":"","overlay-gradient":""},"mobile":{"background-color":"var(--ast-global-color-5)","background-image":"","background-repeat":"repeat","background-position":"center center","background-size":"auto","background-attachment":"scroll","background-type":"","background-media":"","overlay-type":"","overlay-color":"","overlay-opacity":"","overlay-gradient":""}}},"product_brand":[],"product_cat":[531,530],"product_tag":[],"class_list":{"0":"post-23681","1":"product","2":"type-product","3":"status-publish","4":"has-post-thumbnail","6":"product_cat-gants","7":"product_cat-vetements","8":"desktop-align-left","9":"tablet-align-left","10":"mobile-align-left","11":"ast-product-gallery-layout-horizontal-slider","12":"ast-product-gallery-with-no-image","13":"ast-product-single-variable","14":"ast-product-tabs-layout-horizontal","16":"first","17":"instock","18":"taxable","19":"shipping-taxable","20":"purchasable","21":"product-type-variable"},"_links":{"self":[{"href":"https:\/\/hortis.co\/fr\/wp-json\/wp\/v2\/product\/23681","targetHints":{"allow":["GET"]}}],"collection":[{"href":"https:\/\/hortis.co\/fr\/wp-json\/wp\/v2\/product"}],"about":[{"href":"https:\/\/hortis.co\/fr\/wp-json\/wp\/v2\/types\/product"}],"wp:featuredmedia":[{"embeddable":true,"href":"https:\/\/hortis.co\/fr\/wp-json\/wp\/v2\/media\/23163"}],"wp:attachment":[{"href":"https:\/\/hortis.co\/fr\/wp-json\/wp\/v2\/media?parent=23681"}],"wp:term":[{"taxonomy":"product_brand","embeddable":true,"href":"https:\/\/hortis.co\/fr\/wp-json\/wp\/v2\/product_brand?post=23681"},{"taxonomy":"product_cat","embeddable":true,"href":"https:\/\/hortis.co\/fr\/wp-json\/wp\/v2\/product_cat?post=23681"},{"taxonomy":"product_tag","embeddable":true,"href":"https:\/\/hortis.co\/fr\/wp-json\/wp\/v2\/product_tag?post=23681"}],"curies":[{"name":"wp","href":"https:\/\/api.w.org\/{rel}","templated":true}]}}