{"id":23723,"date":"2023-07-03T22:23:44","date_gmt":"2023-07-04T02:23:44","guid":{"rendered":"https:\/\/hortis.co\/?post_type=product&#038;p=23723"},"modified":"2024-06-10T21:46:43","modified_gmt":"2024-06-11T01:46:43","slug":"bottes-de-pluie-maximum-safety-toe-plate-baffin","status":"publish","type":"product","link":"https:\/\/hortis.co\/fr\/produit\/bottes-de-pluie-maximum-safety-toe-plate-baffin\/","title":{"rendered":"Bottes de Pluie MAXIMUM (Safety Toe &#038; Plate) Baffin"},"content":{"rendered":"","protected":false},"excerpt":{"rendered":"<p><strong>CARACT\u00c9RISTIQUES<\/strong><\/p>\n<p>Durabilit\u00e9 fiable, performances sans failles. Les bottes de la MAXIMUM (EPS) de Baffin offrent polyvalence et confort, elles requierent peu d&rsquo;entretien et durent longtemps. Compos\u00e9e de mat\u00e9riaux r\u00e9sistants aux huiles et aux acides, la MAXIMUM (EPS) est dot\u00e9e d&rsquo;une technologie permettant d&rsquo;absorber les chocs et de rebondir pour que vous puissiez donner le meilleur de vous-m\u00eame, beau temps mauvais temps.<\/p>\n<ul>\n<li>Pour hommes<\/li>\n<li>Homologu\u00e9e CSA et ASTM<\/li>\n<li>Embout et plaque en acier (STP)<\/li>\n<li>R\u00e9sistante aux d\u00e9charges \u00e9lectriques et aux dangers \u00e9lectriques (ESR\/EH)<\/li>\n<\/ul>\n<p><strong>Haut\u00a0:<\/strong><\/p>\n<ul>\n<li>Compos\u00e9 d\u2019oarpr\u00e8ne r\u00e9sistant aux huiles et aux acides<\/li>\n<li>Largeur importante au mollet et au pied<\/li>\n<\/ul>\n<p><strong>Base\u00a0:<\/strong><\/p>\n<ul>\n<li>Embout et plaque de s\u00e9curit\u00e9 en acier<\/li>\n<li>Semelle interm\u00e9diaire antifatigue GelFlex qui absorbe les chocs et assure un effet de rebond<\/li>\n<li>Semelle premi\u00e8re antifatigue<\/li>\n<li>Semelle autonettoyante pratique<\/li>\n<li>Semelle r\u00e9sistante aux huiles et aux acides<\/li>\n<\/ul>\n<p><strong>Pr\u00e9cisions\u00a0:<\/strong><\/p>\n<ul>\n<li>Hauteur: 16\u201d<\/li>\n<li>Largeur externe de l\u2019avant-pied: 4.25\u201d<\/li>\n<li>Longuer externe: 11.5\u201d<\/li>\n<li>Poids de la paire: 4.57 lbs<\/li>\n<\/ul>\n<p><strong>Certifications :\u00a0<\/strong><\/p>\n<p><strong><img decoding=\"async\" class=\"img-responsive\" src=\"https:\/\/marvito.ca\/products\/image\/catalog\/Images%20MARVITO\/Chaussures\/Normes%20CSA%20soulier%20Vismo.PNG\" alt=\"\" width=\"667\" height=\"72\" \/><\/strong><\/p>\n<ul>\n<li>Triangle vert\n<ul>\n<li>Embout de protection et semelle antiperforation certifi\u00e9es\u00a0CSA Z195-14<\/li>\n<li>Protection contre les chocs \u00e9lectriques certifi\u00e9e CSA Z195-14\u00a0\u00a0(18 kV \/ 60 Hz\/ 1 min)<\/li>\n<\/ul>\n<\/li>\n<li>ASTM International\n<ul>\n<li>Embout de protection certifi\u00e9 ASTM F2413-18 (R\u00e9siste \u00e0 l&rsquo;impact de 75 pi-lbf)<\/li>\n<li>Embout de protection certifi\u00e9 ASTM F2413-18 (R\u00e9siste \u00e0 la compression de 2500 lbs)<\/li>\n<li>Semelle antiperforation certifi\u00e9e ASTM F2413-18 (1 200 newtons)<\/li>\n<li>Protection contre les chocs \u00e9lectriques certifi\u00e9e ASTM F2413-18 (18 kV \/ 60 Hz\/ 1 min)<\/li>\n<\/ul>\n<\/li>\n<li>CSA Omega\n<ul>\n<li>Semelle r\u00e9sistant aux d\u00e9charges \u00e9lectriques\u00a0et aux dangers \u00e9lectriques (ESR\/EH)<\/li>\n<\/ul>\n<\/li>\n<\/ul>\n<p>&nbsp;<\/p>\n<ul>\n<li>Couleur :\u00a0Noir et jaune<\/li>\n<li>Grandeurs offertes : 8, 9, 10, 11, 12, 13<\/li>\n<\/ul>\n","protected":false},"featured_media":23728,"template":"","meta":{"site-sidebar-layout":"default","site-content-layout":"default","ast-site-content-layout":"default","site-content-style":"default","site-sidebar-style":"default","ast-global-header-display":"","ast-banner-title-visibility":"","ast-main-header-display":"","ast-hfb-above-header-display":"","ast-hfb-below-header-display":"","ast-hfb-mobile-header-display":"","site-post-title":"","ast-breadcrumbs-content":"","ast-featured-img":"","footer-sml-layout":"","ast-disable-related-posts":"","theme-transparent-header-meta":"default","adv-header-id-meta":"","stick-header-meta":"default","header-above-stick-meta":"","header-main-stick-meta":"","header-below-stick-meta":"","astra-migrate-meta-layouts":"set","ast-page-background-enabled":"default","ast-page-background-meta":{"desktop":{"background-color":"","background-image":"","background-repeat":"repeat","background-position":"center center","background-size":"auto","background-attachment":"scroll","background-type":"","background-media":"","overlay-type":"","overlay-color":"","overlay-opacity":"","overlay-gradient":""},"tablet":{"background-color":"","background-image":"","background-repeat":"repeat","background-position":"center center","background-size":"auto","background-attachment":"scroll","background-type":"","background-media":"","overlay-type":"","overlay-color":"","overlay-opacity":"","overlay-gradient":""},"mobile":{"background-color":"","background-image":"","background-repeat":"repeat","background-position":"center center","background-size":"auto","background-attachment":"scroll","background-type":"","background-media":"","overlay-type":"","overlay-color":"","overlay-opacity":"","overlay-gradient":""}},"ast-content-background-meta":{"desktop":{"background-color":"var(--ast-global-color-5)","background-image":"","background-repeat":"repeat","background-position":"center center","background-size":"auto","background-attachment":"scroll","background-type":"","background-media":"","overlay-type":"","overlay-color":"","overlay-opacity":"","overlay-gradient":""},"tablet":{"background-color":"var(--ast-global-color-5)","background-image":"","background-repeat":"repeat","background-position":"center center","background-size":"auto","background-attachment":"scroll","background-type":"","background-media":"","overlay-type":"","overlay-color":"","overlay-opacity":"","overlay-gradient":""},"mobile":{"background-color":"var(--ast-global-color-5)","background-image":"","background-repeat":"repeat","background-position":"center center","background-size":"auto","background-attachment":"scroll","background-type":"","background-media":"","overlay-type":"","overlay-color":"","overlay-opacity":"","overlay-gradient":""}}},"product_brand":[],"product_cat":[537],"product_tag":[],"class_list":{"0":"post-23723","1":"product","2":"type-product","3":"status-publish","4":"has-post-thumbnail","6":"product_cat-bottes","7":"desktop-align-left","8":"tablet-align-left","9":"mobile-align-left","10":"ast-product-gallery-layout-horizontal-slider","11":"ast-product-gallery-with-no-image","12":"ast-product-single-variable","13":"ast-product-tabs-layout-horizontal","15":"first","16":"instock","17":"taxable","18":"shipping-taxable","19":"purchasable","20":"product-type-variable"},"_links":{"self":[{"href":"https:\/\/hortis.co\/fr\/wp-json\/wp\/v2\/product\/23723","targetHints":{"allow":["GET"]}}],"collection":[{"href":"https:\/\/hortis.co\/fr\/wp-json\/wp\/v2\/product"}],"about":[{"href":"https:\/\/hortis.co\/fr\/wp-json\/wp\/v2\/types\/product"}],"wp:featuredmedia":[{"embeddable":true,"href":"https:\/\/hortis.co\/fr\/wp-json\/wp\/v2\/media\/23728"}],"wp:attachment":[{"href":"https:\/\/hortis.co\/fr\/wp-json\/wp\/v2\/media?parent=23723"}],"wp:term":[{"taxonomy":"product_brand","embeddable":true,"href":"https:\/\/hortis.co\/fr\/wp-json\/wp\/v2\/product_brand?post=23723"},{"taxonomy":"product_cat","embeddable":true,"href":"https:\/\/hortis.co\/fr\/wp-json\/wp\/v2\/product_cat?post=23723"},{"taxonomy":"product_tag","embeddable":true,"href":"https:\/\/hortis.co\/fr\/wp-json\/wp\/v2\/product_tag?post=23723"}],"curies":[{"name":"wp","href":"https:\/\/api.w.org\/{rel}","templated":true}]}}