{"id":23730,"date":"2023-07-03T22:32:30","date_gmt":"2023-07-04T02:32:30","guid":{"rendered":"https:\/\/hortis.co\/?post_type=product&#038;p=23730"},"modified":"2024-06-10T21:39:48","modified_gmt":"2024-06-11T01:39:48","slug":"bottes-de-securite-947-7-j-audet-jr","status":"publish","type":"product","link":"https:\/\/hortis.co\/fr\/produit\/bottes-de-securite-947-7-j-audet-jr\/","title":{"rendered":"Bottes de Securit\u00e9 947 7&Prime; J.Audet JR"},"content":{"rendered":"","protected":false},"excerpt":{"rendered":"<p><strong>CARACT\u00c9RISTIQUES<\/strong><\/p>\n<p>Bottes de s\u00e9curit\u00e9 7\u00a0\u00bb hauteur.\u00a0Bottes d&rsquo;\u00e9t\u00e9,\u00a0sans m\u00e9tal et l\u00e9g\u00e8res.<\/p>\n<ul>\n<li>Cuir pleine fleur<\/li>\n<li>Triple coutures dans les zones flexibles<\/li>\n<li>Botte sans m\u00e9tal<\/li>\n<li>Cap en composite<\/li>\n<li>Fausse semelle int\u00e9rieure anti-fatigue CHASAIR : R\u00e9duit les chocs, augmente le confort.<\/li>\n<li>Oeillets en plastique cousu<\/li>\n<li>Technologie GRIPTEC:\n<ul>\n<li>Semelle l\u00e9g\u00e8re (25% plus l\u00e9g\u00e8re que les semelles de PU)<\/li>\n<li>Excellentes propri\u00e9t\u00e9s de flexion sur un large \u00e9cart de temp\u00e9rature<\/li>\n<li>Excellente r\u00e9sistance au glissement humide<\/li>\n<\/ul>\n<\/li>\n<li>Semelle BASF PU r\u00e9sistante \u00e0 l&rsquo;huile et au p\u00e9trole<\/li>\n<li>Semelle anti-perforation en kevlar<\/li>\n<li>Semelle ext\u00e9rieure qui offre une bonne adh\u00e9rence<\/li>\n<li>Semelle non marquante<\/li>\n<li>Fabriqu\u00e9es en Chine<\/li>\n<\/ul>\n<p>&nbsp;<\/p>\n<p><strong>Certifications\u00a0:\u00a0<\/strong><\/p>\n<p><strong><img decoding=\"async\" class=\"img-responsive\" src=\"https:\/\/marvito.ca\/products\/image\/catalog\/Images%20MARVITO\/Bottes\/R%C3%A9guli%C3%A8re\/Normes%20CSA%20VERT%20+%20ASTM%20INTERNATIONAL%20+%20OM%C3%89GA.PNG\" alt=\"\" width=\"664\" height=\"71\" \/><\/strong><\/p>\n<ul>\n<li>Triangle vert\n<ul>\n<li>Embout de protection et semelle antiperforation certifi\u00e9es\u00a0CSA Z195-14<\/li>\n<li>Protection contre les chocs \u00e9lectriques certifi\u00e9e CSA Z195-14\u00a0\u00a0(18 kV \/ 60 Hz\/ 1 min)<\/li>\n<\/ul>\n<\/li>\n<li>ASTM International\n<ul>\n<li>Embout de protection certifi\u00e9 ASTM F2413-11 (R\u00e9siste \u00e0 l&rsquo;impact de 75 pi-lbf)<\/li>\n<li>Embout de protection certifi\u00e9 ASTM F2413-11 (R\u00e9siste \u00e0 la compression de 2500 lbs)<\/li>\n<li>Semelle antiperforation certifi\u00e9e ASTM F2413-11 (1 200 newtons)<\/li>\n<li>Protection contre les chocs \u00e9lectriques certifi\u00e9e ASTM F2413-11 (18 kV \/ 60 Hz\/ 1 min)<\/li>\n<\/ul>\n<\/li>\n<li>CSA Omega\n<ul>\n<li>Le rectangle blanc orn\u00e9 de la lettre grecque om\u00e9ga, indique que la chaussure est munie d&rsquo;une semelle r\u00e9sistante aux chocs \u00e9lectriques. Ces chaussures certifi\u00e9es sont dot\u00e9es d&rsquo;une semelle et d&rsquo;un talon qui, au moment de la fabrication, poss\u00e8dent des propri\u00e9t\u00e9s isolantes leur permettant de r\u00e9sister \u00e0 une tension de 18 000 volts et \u00e0 un courant de fuite n&rsquo;exc\u00e9dant pas 1 mA durant 60 secondes<\/li>\n<\/ul>\n<\/li>\n<\/ul>\n<p>&nbsp;<\/p>\n<ul>\n<li>Couleur :\u00a0Beige<\/li>\n<li>Grandeurs offertes : 8, 9, 9.5, 10, 10.5, 11, 12<\/li>\n<\/ul>\n","protected":false},"featured_media":23726,"template":"","meta":{"site-sidebar-layout":"default","site-content-layout":"default","ast-site-content-layout":"default","site-content-style":"default","site-sidebar-style":"default","ast-global-header-display":"","ast-banner-title-visibility":"","ast-main-header-display":"","ast-hfb-above-header-display":"","ast-hfb-below-header-display":"","ast-hfb-mobile-header-display":"","site-post-title":"","ast-breadcrumbs-content":"","ast-featured-img":"","footer-sml-layout":"","ast-disable-related-posts":"","theme-transparent-header-meta":"default","adv-header-id-meta":"","stick-header-meta":"default","header-above-stick-meta":"","header-main-stick-meta":"","header-below-stick-meta":"","astra-migrate-meta-layouts":"set","ast-page-background-enabled":"default","ast-page-background-meta":{"desktop":{"background-color":"","background-image":"","background-repeat":"repeat","background-position":"center center","background-size":"auto","background-attachment":"scroll","background-type":"","background-media":"","overlay-type":"","overlay-color":"","overlay-opacity":"","overlay-gradient":""},"tablet":{"background-color":"","background-image":"","background-repeat":"repeat","background-position":"center center","background-size":"auto","background-attachment":"scroll","background-type":"","background-media":"","overlay-type":"","overlay-color":"","overlay-opacity":"","overlay-gradient":""},"mobile":{"background-color":"","background-image":"","background-repeat":"repeat","background-position":"center center","background-size":"auto","background-attachment":"scroll","background-type":"","background-media":"","overlay-type":"","overlay-color":"","overlay-opacity":"","overlay-gradient":""}},"ast-content-background-meta":{"desktop":{"background-color":"var(--ast-global-color-5)","background-image":"","background-repeat":"repeat","background-position":"center center","background-size":"auto","background-attachment":"scroll","background-type":"","background-media":"","overlay-type":"","overlay-color":"","overlay-opacity":"","overlay-gradient":""},"tablet":{"background-color":"var(--ast-global-color-5)","background-image":"","background-repeat":"repeat","background-position":"center center","background-size":"auto","background-attachment":"scroll","background-type":"","background-media":"","overlay-type":"","overlay-color":"","overlay-opacity":"","overlay-gradient":""},"mobile":{"background-color":"var(--ast-global-color-5)","background-image":"","background-repeat":"repeat","background-position":"center center","background-size":"auto","background-attachment":"scroll","background-type":"","background-media":"","overlay-type":"","overlay-color":"","overlay-opacity":"","overlay-gradient":""}}},"product_brand":[],"product_cat":[537],"product_tag":[],"class_list":{"0":"post-23730","1":"product","2":"type-product","3":"status-publish","4":"has-post-thumbnail","6":"product_cat-bottes","7":"desktop-align-left","8":"tablet-align-left","9":"mobile-align-left","10":"ast-product-gallery-layout-horizontal-slider","11":"ast-product-gallery-with-no-image","12":"ast-product-single-variable","13":"ast-product-tabs-layout-horizontal","15":"first","16":"instock","17":"taxable","18":"shipping-taxable","19":"purchasable","20":"product-type-variable"},"_links":{"self":[{"href":"https:\/\/hortis.co\/fr\/wp-json\/wp\/v2\/product\/23730","targetHints":{"allow":["GET"]}}],"collection":[{"href":"https:\/\/hortis.co\/fr\/wp-json\/wp\/v2\/product"}],"about":[{"href":"https:\/\/hortis.co\/fr\/wp-json\/wp\/v2\/types\/product"}],"wp:featuredmedia":[{"embeddable":true,"href":"https:\/\/hortis.co\/fr\/wp-json\/wp\/v2\/media\/23726"}],"wp:attachment":[{"href":"https:\/\/hortis.co\/fr\/wp-json\/wp\/v2\/media?parent=23730"}],"wp:term":[{"taxonomy":"product_brand","embeddable":true,"href":"https:\/\/hortis.co\/fr\/wp-json\/wp\/v2\/product_brand?post=23730"},{"taxonomy":"product_cat","embeddable":true,"href":"https:\/\/hortis.co\/fr\/wp-json\/wp\/v2\/product_cat?post=23730"},{"taxonomy":"product_tag","embeddable":true,"href":"https:\/\/hortis.co\/fr\/wp-json\/wp\/v2\/product_tag?post=23730"}],"curies":[{"name":"wp","href":"https:\/\/api.w.org\/{rel}","templated":true}]}}