{"id":23732,"date":"2023-07-03T22:38:07","date_gmt":"2023-07-04T02:38:07","guid":{"rendered":"https:\/\/hortis.co\/?post_type=product&#038;p=23732"},"modified":"2024-06-10T21:34:32","modified_gmt":"2024-06-11T01:34:32","slug":"souliers-de-securite-quentin-mellow-walk","status":"publish","type":"product","link":"https:\/\/hortis.co\/fr\/produit\/souliers-de-securite-quentin-mellow-walk\/","title":{"rendered":"Souliers de securit\u00e9 Quentin Mellow Walk"},"content":{"rendered":"","protected":false},"excerpt":{"rendered":"<p><strong>CARACT\u00c9RISTIQUES<\/strong><\/p>\n<p>La chaussure de s\u00e9curit\u00e9 Quentin enti\u00e8rement en cuir et sans m\u00e9tal au style classique Mellow Walk est\u00a0polyvalente et facile \u00e0 enfiler. Celle-ci offre un ajustement confortable et un look contemporain. Son\u00a0embout en composite et sa plaque de protection en font une chaussure de s\u00e9curit\u00e9 l\u00e9g\u00e8re et id\u00e9ale pour la fabrication l\u00e9g\u00e8re, l&rsquo;h\u00f4tellerie, la logistique et l&rsquo;entreposage, ainsi que les v\u00eatements de bureau.<strong><br \/>\n<\/strong><\/p>\n<p>&nbsp;<\/p>\n<p><strong>Tige\u00a0<\/strong><\/p>\n<ul>\n<li>Doublure en cuir<\/li>\n<\/ul>\n<p><strong>Semelle\u00a0<\/strong><\/p>\n<ul>\n<li><strong>Construit sur une forme orthop\u00e9dique confortable : Accepte les orth\u00e8ses<\/strong><\/li>\n<li>Mat\u00e9riau de la semelle ext\u00e9rieure synth\u00e9tique<\/li>\n<li>Embout en PU double densit\u00e9<\/li>\n<li>Semelle int\u00e9rieure en composite sans m\u00e9tal amovible Dreamfit Ultra-Confort<\/li>\n<li>Semelle cousue en ciment\/verrou<\/li>\n<\/ul>\n<p><strong>Certifications :<\/strong><\/p>\n<p><strong><img decoding=\"async\" class=\"img-responsive\" src=\"https:\/\/marvito.ca\/products\/image\/catalog\/Images%20MARVITO\/Chaussures\/Normes%20CSA%20soulier%20Vismo.PNG\" alt=\"\" width=\"667\" height=\"72\" \/><\/strong><\/p>\n<ul>\n<li>Triangle vert\n<ul>\n<li>Embout de protection et semelle antiperforation certifi\u00e9es\u00a0CSA Z195-14<\/li>\n<li>Protection contre les chocs \u00e9lectriques certifi\u00e9e CSA Z195-14\u00a0\u00a0(18 kV \/ 60 Hz\/ 1 min)<\/li>\n<\/ul>\n<\/li>\n<li>ASTM International\n<ul>\n<li>Embout de protection certifi\u00e9 ASTM F2413-18 (R\u00e9siste \u00e0 l&rsquo;impact de 75 pi-lbf)<\/li>\n<li>Embout de protection certifi\u00e9 ASTM F2413-18 (R\u00e9siste \u00e0 la compression de 2500 lbs)<\/li>\n<li>Semelle antiperforation certifi\u00e9e ASTM F2413-18 (1 200 newtons)<\/li>\n<li>Protection contre les chocs \u00e9lectriques certifi\u00e9e ASTM F2413-18 (18 kV \/ 60 Hz\/ 1 min)<\/li>\n<\/ul>\n<\/li>\n<li>CSA Omega\n<ul>\n<li>Semelle r\u00e9sistant aux chocs \u00e9lectriques\u00a018 000 volts<\/li>\n<\/ul>\n<\/li>\n<\/ul>\n<p>&nbsp;<\/p>\n<p><img decoding=\"async\" class=\"img-responsive\" src=\"https:\/\/marvito.ca\/products\/image\/catalog\/Images%20MARVITO\/Chaussures\/Coefficient%20de%20friction%20Mellow%20Walk-Quentin%20Brun.PNG\" alt=\"\" width=\"365\" height=\"83\" \/><\/p>\n<p>&nbsp;<\/p>\n<ul>\n<li><strong>Accepte les orth\u00e8ses<\/strong><\/li>\n<li>Largeur : EE (large)<\/li>\n<li>Non marquant<\/li>\n<li>Sans m\u00e9tal, ESR R\u00e9sistant\u00a0aux\u00a0chocs \u00e9lectriques 18 000 volts<\/li>\n<li>Embout en composite large et semelle anti-perforation en composite l\u00e9g\u00e8re<\/li>\n<li>Semelle antid\u00e9rapante et antiperforations<\/li>\n<li>Couleur : Brun<\/li>\n<li>Grandeurs offertes : 10, 10.5, 11<\/li>\n<li>Fabriqu\u00e9 au Canada<\/li>\n<\/ul>\n","protected":false},"featured_media":23733,"template":"","meta":{"site-sidebar-layout":"default","site-content-layout":"default","ast-site-content-layout":"default","site-content-style":"default","site-sidebar-style":"default","ast-global-header-display":"","ast-banner-title-visibility":"","ast-main-header-display":"","ast-hfb-above-header-display":"","ast-hfb-below-header-display":"","ast-hfb-mobile-header-display":"","site-post-title":"","ast-breadcrumbs-content":"","ast-featured-img":"","footer-sml-layout":"","ast-disable-related-posts":"","theme-transparent-header-meta":"default","adv-header-id-meta":"","stick-header-meta":"default","header-above-stick-meta":"","header-main-stick-meta":"","header-below-stick-meta":"","astra-migrate-meta-layouts":"set","ast-page-background-enabled":"default","ast-page-background-meta":{"desktop":{"background-color":"","background-image":"","background-repeat":"repeat","background-position":"center center","background-size":"auto","background-attachment":"scroll","background-type":"","background-media":"","overlay-type":"","overlay-color":"","overlay-opacity":"","overlay-gradient":""},"tablet":{"background-color":"","background-image":"","background-repeat":"repeat","background-position":"center center","background-size":"auto","background-attachment":"scroll","background-type":"","background-media":"","overlay-type":"","overlay-color":"","overlay-opacity":"","overlay-gradient":""},"mobile":{"background-color":"","background-image":"","background-repeat":"repeat","background-position":"center center","background-size":"auto","background-attachment":"scroll","background-type":"","background-media":"","overlay-type":"","overlay-color":"","overlay-opacity":"","overlay-gradient":""}},"ast-content-background-meta":{"desktop":{"background-color":"var(--ast-global-color-5)","background-image":"","background-repeat":"repeat","background-position":"center center","background-size":"auto","background-attachment":"scroll","background-type":"","background-media":"","overlay-type":"","overlay-color":"","overlay-opacity":"","overlay-gradient":""},"tablet":{"background-color":"var(--ast-global-color-5)","background-image":"","background-repeat":"repeat","background-position":"center center","background-size":"auto","background-attachment":"scroll","background-type":"","background-media":"","overlay-type":"","overlay-color":"","overlay-opacity":"","overlay-gradient":""},"mobile":{"background-color":"var(--ast-global-color-5)","background-image":"","background-repeat":"repeat","background-position":"center center","background-size":"auto","background-attachment":"scroll","background-type":"","background-media":"","overlay-type":"","overlay-color":"","overlay-opacity":"","overlay-gradient":""}}},"product_brand":[],"product_cat":[537],"product_tag":[],"class_list":{"0":"post-23732","1":"product","2":"type-product","3":"status-publish","4":"has-post-thumbnail","6":"product_cat-bottes","7":"desktop-align-left","8":"tablet-align-left","9":"mobile-align-left","10":"ast-product-gallery-layout-horizontal-slider","11":"ast-product-gallery-with-no-image","12":"ast-product-single-variable","13":"ast-product-tabs-layout-horizontal","15":"first","16":"instock","17":"taxable","18":"shipping-taxable","19":"purchasable","20":"product-type-variable"},"_links":{"self":[{"href":"https:\/\/hortis.co\/fr\/wp-json\/wp\/v2\/product\/23732","targetHints":{"allow":["GET"]}}],"collection":[{"href":"https:\/\/hortis.co\/fr\/wp-json\/wp\/v2\/product"}],"about":[{"href":"https:\/\/hortis.co\/fr\/wp-json\/wp\/v2\/types\/product"}],"wp:featuredmedia":[{"embeddable":true,"href":"https:\/\/hortis.co\/fr\/wp-json\/wp\/v2\/media\/23733"}],"wp:attachment":[{"href":"https:\/\/hortis.co\/fr\/wp-json\/wp\/v2\/media?parent=23732"}],"wp:term":[{"taxonomy":"product_brand","embeddable":true,"href":"https:\/\/hortis.co\/fr\/wp-json\/wp\/v2\/product_brand?post=23732"},{"taxonomy":"product_cat","embeddable":true,"href":"https:\/\/hortis.co\/fr\/wp-json\/wp\/v2\/product_cat?post=23732"},{"taxonomy":"product_tag","embeddable":true,"href":"https:\/\/hortis.co\/fr\/wp-json\/wp\/v2\/product_tag?post=23732"}],"curies":[{"name":"wp","href":"https:\/\/api.w.org\/{rel}","templated":true}]}}