{"id":23751,"date":"2023-07-05T20:55:44","date_gmt":"2023-07-06T00:55:44","guid":{"rendered":"https:\/\/hortis.co\/?post_type=product&#038;p=23751"},"modified":"2024-06-07T21:58:51","modified_gmt":"2024-06-08T01:58:51","slug":"casque-de-securite-mont-blanc-type-2","status":"publish","type":"product","link":"https:\/\/hortis.co\/fr\/produit\/casque-de-securite-mont-blanc-type-2\/","title":{"rendered":"Casque de s\u00e9curit\u00e9 MONT-BLANC Type 2"},"content":{"rendered":"","protected":false},"excerpt":{"rendered":"<p><strong>CARACT\u00c9RISTIQUES<\/strong><\/p>\n<p><strong>Type 2 Classe E &#8211;\u00a0<\/strong>Casque de s\u00e9curit\u00e9 de style casquette avec coque en PEHD, suspension en nylon \u00e0 4 points et r\u00e9glage de verrouillage \u00e0 goupille<\/p>\n<ul>\n<li>Design moderne attrayant<\/li>\n<li>Mat\u00e9riau en poly\u00e9thyl\u00e8ne haute densit\u00e9<\/li>\n<li>Bac \u00e0 pluie pour plus de commodit\u00e9<\/li>\n<li>Doublure en mousse pour une protection lat\u00e9rale suppl\u00e9mentaire \u00e0 l&rsquo;avant, sur les c\u00f4t\u00e9s et \u00e0 l&rsquo;arri\u00e8re<\/li>\n<li>Grandes surfaces d&rsquo;impression pour de superbes logos personnalis\u00e9s sur le devant, les c\u00f4t\u00e9s et le dos<\/li>\n<li>Suspension confortable \u00e0 r\u00e9glage par goupille<\/li>\n<li>Emplacements pour accessoires et attaches de mentonni\u00e8re<\/li>\n<li>Certifi\u00e9 CSA Z94.1-15 Type 2 Classe E<\/li>\n<li>Certifi\u00e9 ANSI Z89.1-2014 Type II Classe E<\/li>\n<li>Couleurs offertes: Beige, Blanc, Noir, Bleu, Bleu clair, Marine, Vert fonc\u00e9, Gris, Rouge, Rouge haute visibilit\u00e9, Orange et Jaune<\/li>\n<\/ul>\n","protected":false},"featured_media":23749,"template":"","meta":{"site-sidebar-layout":"default","site-content-layout":"default","ast-site-content-layout":"default","site-content-style":"default","site-sidebar-style":"default","ast-global-header-display":"","ast-banner-title-visibility":"","ast-main-header-display":"","ast-hfb-above-header-display":"","ast-hfb-below-header-display":"","ast-hfb-mobile-header-display":"","site-post-title":"","ast-breadcrumbs-content":"","ast-featured-img":"","footer-sml-layout":"","ast-disable-related-posts":"","theme-transparent-header-meta":"default","adv-header-id-meta":"","stick-header-meta":"default","header-above-stick-meta":"","header-main-stick-meta":"","header-below-stick-meta":"","astra-migrate-meta-layouts":"set","ast-page-background-enabled":"default","ast-page-background-meta":{"desktop":{"background-color":"","background-image":"","background-repeat":"repeat","background-position":"center center","background-size":"auto","background-attachment":"scroll","background-type":"","background-media":"","overlay-type":"","overlay-color":"","overlay-opacity":"","overlay-gradient":""},"tablet":{"background-color":"","background-image":"","background-repeat":"repeat","background-position":"center center","background-size":"auto","background-attachment":"scroll","background-type":"","background-media":"","overlay-type":"","overlay-color":"","overlay-opacity":"","overlay-gradient":""},"mobile":{"background-color":"","background-image":"","background-repeat":"repeat","background-position":"center center","background-size":"auto","background-attachment":"scroll","background-type":"","background-media":"","overlay-type":"","overlay-color":"","overlay-opacity":"","overlay-gradient":""}},"ast-content-background-meta":{"desktop":{"background-color":"var(--ast-global-color-5)","background-image":"","background-repeat":"repeat","background-position":"center center","background-size":"auto","background-attachment":"scroll","background-type":"","background-media":"","overlay-type":"","overlay-color":"","overlay-opacity":"","overlay-gradient":""},"tablet":{"background-color":"var(--ast-global-color-5)","background-image":"","background-repeat":"repeat","background-position":"center center","background-size":"auto","background-attachment":"scroll","background-type":"","background-media":"","overlay-type":"","overlay-color":"","overlay-opacity":"","overlay-gradient":""},"mobile":{"background-color":"var(--ast-global-color-5)","background-image":"","background-repeat":"repeat","background-position":"center center","background-size":"auto","background-attachment":"scroll","background-type":"","background-media":"","overlay-type":"","overlay-color":"","overlay-opacity":"","overlay-gradient":""}}},"product_brand":[],"product_cat":[540],"product_tag":[],"class_list":{"0":"post-23751","1":"product","2":"type-product","3":"status-publish","4":"has-post-thumbnail","6":"product_cat-protection-tete","7":"desktop-align-left","8":"tablet-align-left","9":"mobile-align-left","10":"ast-product-gallery-layout-horizontal-slider","11":"ast-product-gallery-with-no-image","12":"ast-product-tabs-layout-horizontal","14":"first","15":"instock","16":"taxable","17":"shipping-taxable","18":"purchasable","19":"product-type-simple"},"_links":{"self":[{"href":"https:\/\/hortis.co\/fr\/wp-json\/wp\/v2\/product\/23751","targetHints":{"allow":["GET"]}}],"collection":[{"href":"https:\/\/hortis.co\/fr\/wp-json\/wp\/v2\/product"}],"about":[{"href":"https:\/\/hortis.co\/fr\/wp-json\/wp\/v2\/types\/product"}],"wp:featuredmedia":[{"embeddable":true,"href":"https:\/\/hortis.co\/fr\/wp-json\/wp\/v2\/media\/23749"}],"wp:attachment":[{"href":"https:\/\/hortis.co\/fr\/wp-json\/wp\/v2\/media?parent=23751"}],"wp:term":[{"taxonomy":"product_brand","embeddable":true,"href":"https:\/\/hortis.co\/fr\/wp-json\/wp\/v2\/product_brand?post=23751"},{"taxonomy":"product_cat","embeddable":true,"href":"https:\/\/hortis.co\/fr\/wp-json\/wp\/v2\/product_cat?post=23751"},{"taxonomy":"product_tag","embeddable":true,"href":"https:\/\/hortis.co\/fr\/wp-json\/wp\/v2\/product_tag?post=23751"}],"curies":[{"name":"wp","href":"https:\/\/api.w.org\/{rel}","templated":true}]}}