{"id":23753,"date":"2023-07-05T21:00:46","date_gmt":"2023-07-06T01:00:46","guid":{"rendered":"https:\/\/hortis.co\/?post_type=product&#038;p=23753"},"modified":"2024-06-07T21:56:30","modified_gmt":"2024-06-08T01:56:30","slug":"chapeau-de-refroidissement-ez-cool","status":"publish","type":"product","link":"https:\/\/hortis.co\/fr\/produit\/chapeau-de-refroidissement-ez-cool\/","title":{"rendered":"Chapeau de refroidissement EZ-COOL"},"content":{"rendered":"","protected":false},"excerpt":{"rendered":"<p>Chapeau de Ranger \u00e0 refroidissement par \u00e9vaporation; polym\u00e8res rafra\u00eechissants \u00e0 la couronne.<\/p>\n<p><strong>CARACT\u00c9RISTIQUES<\/strong><\/p>\n<ul>\n<li>Tissu en m\u00e9lange de polyester et de coton avec des polym\u00e8res rafra\u00eechissants \u00e0 la couronne<\/li>\n<li>Pare-soleil allong\u00e9 pour bloquer le soleil<\/li>\n<li>Le refroidissement prolong\u00e9 dure de 1 \u00e0 7 jours, selon les conditions ambiantes<\/li>\n<li>Les propri\u00e9t\u00e9s de refroidissement peuvent \u00eatre r\u00e9activ\u00e9es pendant toute la dur\u00e9e de vie du produit; peut \u00eatre utilis\u00e9 maintes et maintes fois<\/li>\n<li>Temps d&rsquo;activation: 20-30 minutes<\/li>\n<li>Couleur: beige fonc\u00e9\/tan<\/li>\n<\/ul>\n","protected":false},"featured_media":23159,"template":"","meta":{"site-sidebar-layout":"default","site-content-layout":"default","ast-site-content-layout":"default","site-content-style":"default","site-sidebar-style":"default","ast-global-header-display":"","ast-banner-title-visibility":"","ast-main-header-display":"","ast-hfb-above-header-display":"","ast-hfb-below-header-display":"","ast-hfb-mobile-header-display":"","site-post-title":"","ast-breadcrumbs-content":"","ast-featured-img":"","footer-sml-layout":"","ast-disable-related-posts":"","theme-transparent-header-meta":"default","adv-header-id-meta":"","stick-header-meta":"default","header-above-stick-meta":"","header-main-stick-meta":"","header-below-stick-meta":"","astra-migrate-meta-layouts":"set","ast-page-background-enabled":"default","ast-page-background-meta":{"desktop":{"background-color":"","background-image":"","background-repeat":"repeat","background-position":"center center","background-size":"auto","background-attachment":"scroll","background-type":"","background-media":"","overlay-type":"","overlay-color":"","overlay-opacity":"","overlay-gradient":""},"tablet":{"background-color":"","background-image":"","background-repeat":"repeat","background-position":"center center","background-size":"auto","background-attachment":"scroll","background-type":"","background-media":"","overlay-type":"","overlay-color":"","overlay-opacity":"","overlay-gradient":""},"mobile":{"background-color":"","background-image":"","background-repeat":"repeat","background-position":"center center","background-size":"auto","background-attachment":"scroll","background-type":"","background-media":"","overlay-type":"","overlay-color":"","overlay-opacity":"","overlay-gradient":""}},"ast-content-background-meta":{"desktop":{"background-color":"var(--ast-global-color-5)","background-image":"","background-repeat":"repeat","background-position":"center center","background-size":"auto","background-attachment":"scroll","background-type":"","background-media":"","overlay-type":"","overlay-color":"","overlay-opacity":"","overlay-gradient":""},"tablet":{"background-color":"var(--ast-global-color-5)","background-image":"","background-repeat":"repeat","background-position":"center center","background-size":"auto","background-attachment":"scroll","background-type":"","background-media":"","overlay-type":"","overlay-color":"","overlay-opacity":"","overlay-gradient":""},"mobile":{"background-color":"var(--ast-global-color-5)","background-image":"","background-repeat":"repeat","background-position":"center center","background-size":"auto","background-attachment":"scroll","background-type":"","background-media":"","overlay-type":"","overlay-color":"","overlay-opacity":"","overlay-gradient":""}}},"product_brand":[],"product_cat":[540],"product_tag":[],"class_list":{"0":"post-23753","1":"product","2":"type-product","3":"status-publish","4":"has-post-thumbnail","6":"product_cat-protection-tete","7":"desktop-align-left","8":"tablet-align-left","9":"mobile-align-left","10":"ast-product-gallery-layout-horizontal-slider","11":"ast-product-gallery-with-no-image","12":"ast-product-single-variable","13":"ast-product-tabs-layout-horizontal","15":"first","16":"instock","17":"taxable","18":"shipping-taxable","19":"purchasable","20":"product-type-variable"},"_links":{"self":[{"href":"https:\/\/hortis.co\/fr\/wp-json\/wp\/v2\/product\/23753","targetHints":{"allow":["GET"]}}],"collection":[{"href":"https:\/\/hortis.co\/fr\/wp-json\/wp\/v2\/product"}],"about":[{"href":"https:\/\/hortis.co\/fr\/wp-json\/wp\/v2\/types\/product"}],"wp:featuredmedia":[{"embeddable":true,"href":"https:\/\/hortis.co\/fr\/wp-json\/wp\/v2\/media\/23159"}],"wp:attachment":[{"href":"https:\/\/hortis.co\/fr\/wp-json\/wp\/v2\/media?parent=23753"}],"wp:term":[{"taxonomy":"product_brand","embeddable":true,"href":"https:\/\/hortis.co\/fr\/wp-json\/wp\/v2\/product_brand?post=23753"},{"taxonomy":"product_cat","embeddable":true,"href":"https:\/\/hortis.co\/fr\/wp-json\/wp\/v2\/product_cat?post=23753"},{"taxonomy":"product_tag","embeddable":true,"href":"https:\/\/hortis.co\/fr\/wp-json\/wp\/v2\/product_tag?post=23753"}],"curies":[{"name":"wp","href":"https:\/\/api.w.org\/{rel}","templated":true}]}}